{"id":34976,"date":"2023-02-15T08:03:47","date_gmt":"2023-02-15T08:03:47","guid":{"rendered":"https:\/\/www.granapadano.it\/serving-suggestions\/pairings\/what-is-the-best-wine-to-pair-with-grana-padano-cheese\/trento-brut-rose-riserva\/"},"modified":"2023-03-24T19:54:05","modified_gmt":"2023-03-24T19:54:05","slug":"trento-brut-rose-riserva","status":"publish","type":"page","link":"https:\/\/www.granapadano.it\/en-en\/recipes\/what-is-the-best-wine-to-pair-with-grana-padano-cheese\/trento-brut-rose-riserva\/","title":{"rendered":"Trento Brut Ros\u00e8 Riserva"},"content":{"rendered":"<p>[et_pb_section fb_built=&#8221;1&#8243; fullwidth=&#8221;on&#8221; _builder_version=&#8221;4.19.5&#8243; _module_preset=&#8221;default&#8221; global_colors_info=&#8221;{}&#8221;][et_pb_fullwidth_code _builder_version=&#8221;4.19.5&#8243; _module_preset=&#8221;default&#8221; global_colors_info=&#8221;{}&#8221;][et_pb_section global_module=\"29631 \"][\/et_pb_section][\/et_pb_fullwidth_code][\/et_pb_section][et_pb_section fb_built=&#8221;1&#8243; module_class=&#8221;production_sub_hub_main_wrapper&#8221; _builder_version=&#8221;4.19.4&#8243; _module_preset=&#8221;default&#8221; custom_padding=&#8221;13px||0px|||&#8221; locked=&#8221;off&#8221; global_colors_info=&#8221;{}&#8221;][et_pb_row module_class=&#8221;recipe_filter_section&#8221; _builder_version=&#8221;4.19.2&#8243; _module_preset=&#8221;default&#8221; max_width=&#8221;90%&#8221; custom_padding=&#8221;||7px|||&#8221; global_colors_info=&#8221;{}&#8221;][et_pb_column type=&#8221;4_4&#8243; _builder_version=&#8221;4.19.2&#8243; _module_preset=&#8221;default&#8221; global_colors_info=&#8221;{}&#8221;][et_pb_code _builder_version=&#8221;4.19.2&#8243; _module_preset=&#8221;default&#8221; custom_margin=&#8221;||16px|||&#8221; global_colors_info=&#8221;{}&#8221;]<div class=\"breadcrumb\"><a href=\"https:\/\/www.granapadano.it\/en-en\/\">Home<\/a>  <  <\/div>[\/et_pb_code][\/et_pb_column][\/et_pb_row][\/et_pb_section][et_pb_section fb_built=&#8221;1&#8243; module_class=&#8221;giovani_sub_hub_title&#8221; _builder_version=&#8221;4.20.2&#8243; _module_preset=&#8221;default&#8221; custom_padding=&#8221;0px||1px||false|false&#8221; hover_enabled=&#8221;0&#8243; locked=&#8221;off&#8221; global_colors_info=&#8221;{}&#8221; sticky_enabled=&#8221;0&#8243;][et_pb_row module_class=&#8221;gp_producion_heading_wrapper&#8221; _builder_version=&#8221;4.19.5&#8243; _module_preset=&#8221;default&#8221; max_width=&#8221;90%&#8221; module_alignment=&#8221;center&#8221; custom_padding=&#8221;||||false|false&#8221; global_colors_info=&#8221;{}&#8221;][et_pb_column type=&#8221;4_4&#8243; _builder_version=&#8221;4.19.4&#8243; _module_preset=&#8221;default&#8221; global_colors_info=&#8221;{}&#8221;][et_pb_text module_class=&#8221;giovani_sub_hub_title_text&#8221; _builder_version=&#8221;4.19.5&#8243; _module_preset=&#8221;default&#8221; text_font=&#8221;Merriweather|700|||||||&#8221; text_text_color=&#8221;#0f0f0f&#8221; text_font_size=&#8221;80px&#8221; text_line_height=&#8221;70px&#8221; header_font=&#8221;Merriweather||||||||&#8221; header_text_color=&#8221;gcid-8696fd7e-29dd-4028-9d4d-981b208a53a9&#8243; header_font_size=&#8221;44px&#8221; header_line_height=&#8221;52px&#8221; text_orientation=&#8221;center&#8221; min_height=&#8221;83px&#8221; custom_margin=&#8221;||0px||false|false&#8221; custom_padding=&#8221;||0px||false|false&#8221; global_colors_info=&#8221;{%22gcid-8696fd7e-29dd-4028-9d4d-981b208a53a9%22:%91%22header_text_color%22%93}&#8221;]<\/p>\n<h1>Trento Brut Ros\u00e8 Riserva<\/h1>\n<p>[\/et_pb_text][\/et_pb_column][\/et_pb_row][et_pb_row column_structure=&#8221;1_4,3_4&#8243; module_class=&#8221;article_dates&#8221; _builder_version=&#8221;4.19.4&#8243; _module_preset=&#8221;default&#8221; max_width=&#8221;90%&#8221; custom_padding=&#8221;2px||6px||false|false&#8221; global_colors_info=&#8221;{}&#8221; theme_builder_area=&#8221;post_content&#8221;][et_pb_column type=&#8221;1_4&#8243; _builder_version=&#8221;4.19.3&#8243; _module_preset=&#8221;default&#8221; global_colors_info=&#8221;{}&#8221; theme_builder_area=&#8221;post_content&#8221;][et_pb_text module_class=&#8221;button_look&#8221; _builder_version=&#8221;4.20.2&#8243; _module_preset=&#8221;default&#8221; text_font=&#8221;FontPadano-Bold||||||||&#8221; text_text_color=&#8221;#000000&#8243; text_font_size=&#8221;26px&#8221; background_color=&#8221;RGBA(255,255,255,0)&#8221; hover_enabled=&#8221;0&#8243; global_colors_info=&#8221;{}&#8221; theme_builder_area=&#8221;post_content&#8221; sticky_enabled=&#8221;0&#8243;]<\/p>\n<p>Wine<\/p>\n<p>[\/et_pb_text][\/et_pb_column][et_pb_column type=&#8221;3_4&#8243; _builder_version=&#8221;4.19.4&#8243; _module_preset=&#8221;default&#8221; global_colors_info=&#8221;{}&#8221; theme_builder_area=&#8221;post_content&#8221;][\/et_pb_column][\/et_pb_row][et_pb_row column_structure=&#8221;2_5,3_5&#8243; module_class=&#8221;article_sub_img_text_content&#8221; _builder_version=&#8221;4.20.2&#8243; _module_preset=&#8221;default&#8221; max_width=&#8221;90%&#8221; module_alignment=&#8221;center&#8221; custom_margin=&#8221;-2px||||false|false&#8221; custom_padding=&#8221;0px||40px||false|false&#8221; hover_enabled=&#8221;0&#8243; global_colors_info=&#8221;{}&#8221; sticky_enabled=&#8221;0&#8243;][et_pb_column type=&#8221;2_5&#8243; _builder_version=&#8221;4.20.2&#8243; _module_preset=&#8221;default&#8221; hover_enabled=&#8221;0&#8243; global_colors_info=&#8221;{}&#8221; module_class=&#8221;article_sub_img_wrap&#8221; sticky_enabled=&#8221;0&#8243;][et_pb_image src=&#8221;https:\/\/www.granapadano.it\/wp-content\/uploads\/2023\/02\/GRANAPADANOTrentoBrutRos-43791.jpg&#8221; title_text=&#8221;GRANAPADANOTrentoBrutRos-43791&#8243; align=&#8221;center&#8221; _builder_version=&#8221;4.19.5&#8243; _module_preset=&#8221;default&#8221; positioning=&#8221;relative&#8221; vertical_offset=&#8221;52px&#8221; module_alignment=&#8221;center&#8221; border_radii=&#8221;on|20px|20px|20px|20px&#8221; global_colors_info=&#8221;{}&#8221;][\/et_pb_image][\/et_pb_column][et_pb_column type=&#8221;3_5&#8243; _builder_version=&#8221;4.20.2&#8243; _module_preset=&#8221;default&#8221; hover_enabled=&#8221;0&#8243; global_colors_info=&#8221;{}&#8221; module_class=&#8221;article_sub_text_wrap&#8221; sticky_enabled=&#8221;0&#8243;][et_pb_text _builder_version=&#8221;4.20.2&#8243; _module_preset=&#8221;default&#8221; text_text_color=&#8221;#0f0f0f&#8221; text_font_size=&#8221;18px&#8221; text_line_height=&#8221;26px&#8221; width=&#8221;100%&#8221; hover_enabled=&#8221;0&#8243; global_colors_info=&#8221;{}&#8221; sticky_enabled=&#8221;0&#8243;]<\/p>\n<p>This is a Controlled Designation of Origin (DOC) ros\u00e9 sparkling wine. Made with Chardonnay and\/or Pinot Blanc and\/or Pinot Noir and\/or Meunier. The base wine is mainly fermented in steel and remains on the lees in the bottle for at least 36 months.<\/p>\n<p>&#8211; Recommended ageing period: 2-4 years from the release date.<br \/>&#8211; Alcohol by volume: 12.5% Vol.<br \/>&#8211; Made in the province of Trento in the areas specified in the production specifications, at an altitude of from 200 to 800 metres.<br \/>&#8211; Store in the cellar at a constant temperature of 11-15\u00b0C for a few years or at room temperature for just a few weeks.<br \/>&#8211; Serve at 8\u00b0C in very tapered glasses to highlight its perlage, with a slight rim to concentrate its aromatic qualities.<\/p>\n<p><strong>Characteristics (visual, scent, flavour):<\/strong><br \/>Pale pink enhanced by a vivid and ultra-fine perlage. It presents rose hip, Fuji apple, raspberry juice, and redcurrant aromas with mild wild strawberry nuances. The initial crispness in taste is accompanied by an elegant tanginess and creamy bubbles.<br \/>The wine\u2019s long aromatic finish is the perfect match for the characteristics of this extra mature Grana Padano. In addition, the liveliness of the perlage and calibrated tanginess add an element of freshness to the drinking experience, without compromising the distinctive rich taste of the cheese.<\/p>\n<p><strong>Curious facts<\/strong><br \/>Recipient in 1993 of the first Controlled Designation of Origin awarded in Italy to a sparkling wine made using the second fermentation in the bottle following the classical &#8220;&#8221;m\u00e9thode champenoise&#8221;&#8221; . Scientific research carried out on a grand total of 43 samples of Trento DOC detected around 1700 volatile compounds, on a par with those of the great red wines.<br \/>It is fairly easy to source in both wine shops and at large-scale retailers.<\/p>\n<p><strong>Other full bodied ros\u00e9 sparkling wines recommended with extra-mature Grana Padano:<br \/><\/strong>&#8211; Franciacorta Brut Ros\u00e9 Riserva<br \/>&#8211; Alta Langa Brut Ros\u00e9 Riserva<\/p>\n<p>[\/et_pb_text][\/et_pb_column][\/et_pb_row][\/et_pb_section]<\/p>\n","protected":false},"excerpt":{"rendered":"<p><div class=\"et_pb_module et_pb_fullwidth_image et_pb_fullwidth_image_0\">\n\t\t\t\t\n\t\t\t\t\n\t\t\t\t\n\t\t\t\t\n\t\t\t\t<img decoding=\"async\" width=\"1920\" height=\"380\" src=\"https:\/\/granapadano.kleecks-cdn.com\/wp-content\/uploads\/2023\/02\/Abbinamenti-h-1.png\" alt=\"\" title=\"Abbinamenti-m\" srcset=\"https:\/\/granapadano.kleecks-cdn.com\/wp-content\/uploads\/2023\/02\/Abbinamenti-h-1.png%201920w,%20https:\/granapadano.kleecks-cdn.com\/wp-content\/uploads\/2023\/02\/Abbinamenti-h-1-1280x253.png%201280w,%20https:\/granapadano.kleecks-cdn.com\/wp-content\/uploads\/2023\/02\/Abbinamenti-h-1-980x194.png%20980w,%20https:\/granapadano.kleecks-cdn.com\/wp-content\/uploads\/2023\/02\/Abbinamenti-h-1-480x95.png%20480w\" sizes=\"(min-width: 0px) and (max-width: 480px) 480px, (min-width: 481px) and (max-width: 980px) 980px, (min-width: 981px) and (max-width: 1280px) 1280px, (min-width: 1281px) 1920px, 100vw\" class=\"wp-image-41915\" data-et-multi-view=\"{&quot;schema&quot;:{&quot;attrs&quot;:{&quot;desktop&quot;:{&quot;src&quot;:&quot;https:\\\/\\\/www.granapadano.it\\\/wp-content\\\/uploads\\\/2023\\\/02\\\/Abbinamenti-h-1.png&quot;,&quot;alt&quot;:&quot;&quot;,&quot;title&quot;:&quot;Abbinamenti-m&quot;,&quot;class&quot;:&quot;wp-image-41915&quot;,&quot;srcset&quot;:&quot;https:\\\/\\\/www.granapadano.it\\\/wp-content\\\/uploads\\\/2023\\\/02\\\/Abbinamenti-h-1.png 1920w, https:\\\/\\\/www.granapadano.it\\\/wp-content\\\/uploads\\\/2023\\\/02\\\/Abbinamenti-h-1-1280x253.png 1280w, https:\\\/\\\/www.granapadano.it\\\/wp-content\\\/uploads\\\/2023\\\/02\\\/Abbinamenti-h-1-980x194.png 980w, https:\\\/\\\/www.granapadano.it\\\/wp-content\\\/uploads\\\/2023\\\/02\\\/Abbinamenti-h-1-480x95.png 480w&quot;,&quot;sizes&quot;:&quot;(min-width: 0px) and (max-width: 480px) 480px, (min-width: 481px) and (max-width: 980px) 980px, (min-width: 981px) and (max-width: 1280px) 1280px, (min-width: 1281px) 1920px, 100vw&quot;},&quot;phone&quot;:{&quot;src&quot;:&quot;https:\\\/\\\/www.granapadano.it\\\/wp-content\\\/uploads\\\/2023\\\/02\\\/Abbinamenti-m-1.png&quot;,&quot;srcset&quot;:&quot;https:\\\/\\\/www.granapadano.it\\\/wp-content\\\/uploads\\\/2023\\\/02\\\/Abbinamenti-m-1.png 450w, https:\\\/\\\/www.granapadano.it\\\/wp-content\\\/uploads\\\/2023\\\/02\\\/Abbinamenti-m-1-300x133.png 300w&quot;,&quot;sizes&quot;:&quot;(max-width: 450px) 100vw, 450px&quot;}}},&quot;slug&quot;:&quot;et_pb_fullwidth_image&quot;}\" \/>\n\t\t\t\n\t\t\t<\/div><div class=\"breadcrumb\"><a href=\"https:\/\/www.granapadano.it\/en-en\/\">Home<\/a>  <  <\/div>Trento Brut Ros\u00e8 RiservaWineThis is a Controlled Designation of Origin (DOC) ros\u00e9 sparkling wine. Made with Chardonnay and\/or Pinot Blanc and\/or Pinot Noir and\/or Meunier. The base wine is mainly fermented in steel and remains on the lees in the bottle for at least 36 months. &#8211; Recommended ageing period: 2-4 years from the [&hellip;]<\/p>\n","protected":false},"author":6,"featured_media":0,"parent":32432,"menu_order":183,"comment_status":"closed","ping_status":"closed","template":"","meta":{"_acf_changed":false,"_et_pb_use_builder":"on","_et_pb_old_content":"","_et_gb_content_width":"","footnotes":""},"class_list":["post-34976","page","type-page","status-publish","hentry"],"acf":[],"yoast_head":"<!-- This site is optimized with the Yoast SEO plugin v27.4 - https:\/\/yoast.com\/product\/yoast-seo-wordpress\/ -->\n<title>Trento Brut Ros\u00e8 Riserva - Grana Padano<\/title>\n<meta name=\"robots\" content=\"index, follow, max-snippet:-1, max-image-preview:large, max-video-preview:-1\" \/>\n<link rel=\"canonical\" href=\"https:\/\/www.granapadano.it\/en-en\/recipes\/what-is-the-best-wine-to-pair-with-grana-padano-cheese\/trento-brut-rose-riserva\/\" \/>\n<meta property=\"og:locale\" content=\"en_US\" \/>\n<meta property=\"og:type\" content=\"article\" \/>\n<meta property=\"og:title\" content=\"Trento Brut Ros\u00e8 Riserva - Grana Padano\" \/>\n<meta property=\"og:description\" content=\"Trento Brut Ros\u00e8 RiservaWineThis is a Controlled Designation of Origin (DOC) ros\u00e9 sparkling wine. Made with Chardonnay and\/or Pinot Blanc and\/or Pinot Noir and\/or Meunier. The base wine is mainly fermented in steel and remains on the lees in the bottle for at least 36 months. - Recommended ageing period: 2-4 years from the [&hellip;]\" \/>\n<meta property=\"og:url\" content=\"https:\/\/www.granapadano.it\/en-en\/recipes\/what-is-the-best-wine-to-pair-with-grana-padano-cheese\/trento-brut-rose-riserva\/\" \/>\n<meta property=\"og:site_name\" content=\"Grana Padano\" \/>\n<meta property=\"article:modified_time\" content=\"2023-03-24T19:54:05+00:00\" \/>\n<meta name=\"twitter:card\" content=\"summary_large_image\" \/>\n<meta name=\"twitter:label1\" content=\"Est. reading time\" \/>\n\t<meta name=\"twitter:data1\" content=\"4 minutes\" \/>\n<script type=\"application\/ld+json\" class=\"yoast-schema-graph\">{\"@context\":\"https:\\\/\\\/schema.org\",\"@graph\":[{\"@type\":\"WebPage\",\"@id\":\"https:\\\/\\\/www.granapadano.it\\\/en-en\\\/recipes\\\/what-is-the-best-wine-to-pair-with-grana-padano-cheese\\\/trento-brut-rose-riserva\\\/\",\"url\":\"https:\\\/\\\/www.granapadano.it\\\/en-en\\\/recipes\\\/what-is-the-best-wine-to-pair-with-grana-padano-cheese\\\/trento-brut-rose-riserva\\\/\",\"name\":\"Trento Brut Ros\u00e8 Riserva - Grana Padano\",\"isPartOf\":{\"@id\":\"https:\\\/\\\/www.granapadano.it\\\/en-en\\\/#website\"},\"datePublished\":\"2023-02-15T08:03:47+00:00\",\"dateModified\":\"2023-03-24T19:54:05+00:00\",\"breadcrumb\":{\"@id\":\"https:\\\/\\\/www.granapadano.it\\\/en-en\\\/recipes\\\/what-is-the-best-wine-to-pair-with-grana-padano-cheese\\\/trento-brut-rose-riserva\\\/#breadcrumb\"},\"inLanguage\":\"en-us\",\"potentialAction\":[{\"@type\":\"ReadAction\",\"target\":[\"https:\\\/\\\/www.granapadano.it\\\/en-en\\\/recipes\\\/what-is-the-best-wine-to-pair-with-grana-padano-cheese\\\/trento-brut-rose-riserva\\\/\"]}]},{\"@type\":\"BreadcrumbList\",\"@id\":\"https:\\\/\\\/www.granapadano.it\\\/en-en\\\/recipes\\\/what-is-the-best-wine-to-pair-with-grana-padano-cheese\\\/trento-brut-rose-riserva\\\/#breadcrumb\",\"itemListElement\":[{\"@type\":\"ListItem\",\"position\":1,\"name\":\"Home\",\"item\":\"https:\\\/\\\/www.granapadano.it\\\/en-en\\\/\"},{\"@type\":\"ListItem\",\"position\":2,\"name\":\"Recipes\",\"item\":\"https:\\\/\\\/www.granapadano.it\\\/en-en\\\/recipes\\\/\"},{\"@type\":\"ListItem\",\"position\":3,\"name\":\"What is the best wine to pair with grana padano cheese?\",\"item\":\"https:\\\/\\\/www.granapadano.it\\\/en-en\\\/recipes\\\/what-is-the-best-wine-to-pair-with-grana-padano-cheese\\\/\"},{\"@type\":\"ListItem\",\"position\":4,\"name\":\"Trento Brut Ros\u00e8 Riserva\"}]},{\"@type\":\"WebSite\",\"@id\":\"https:\\\/\\\/www.granapadano.it\\\/en-en\\\/#website\",\"url\":\"https:\\\/\\\/www.granapadano.it\\\/en-en\\\/\",\"name\":\"Grana Padano\",\"description\":\"\",\"potentialAction\":[{\"@type\":\"SearchAction\",\"target\":{\"@type\":\"EntryPoint\",\"urlTemplate\":\"https:\\\/\\\/www.granapadano.it\\\/en-en\\\/?s={search_term_string}\"},\"query-input\":{\"@type\":\"PropertyValueSpecification\",\"valueRequired\":true,\"valueName\":\"search_term_string\"}}],\"inLanguage\":\"en-us\"}]}<\/script>\n<!-- \/ Yoast SEO plugin. -->","yoast_head_json":{"title":"Trento Brut Ros\u00e8 Riserva - Grana Padano","robots":{"index":"index","follow":"follow","max-snippet":"max-snippet:-1","max-image-preview":"max-image-preview:large","max-video-preview":"max-video-preview:-1"},"canonical":"https:\/\/www.granapadano.it\/en-en\/recipes\/what-is-the-best-wine-to-pair-with-grana-padano-cheese\/trento-brut-rose-riserva\/","og_locale":"en_US","og_type":"article","og_title":"Trento Brut Ros\u00e8 Riserva - Grana Padano","og_description":"Trento Brut Ros\u00e8 RiservaWineThis is a Controlled Designation of Origin (DOC) ros\u00e9 sparkling wine. Made with Chardonnay and\/or Pinot Blanc and\/or Pinot Noir and\/or Meunier. The base wine is mainly fermented in steel and remains on the lees in the bottle for at least 36 months. - Recommended ageing period: 2-4 years from the [&hellip;]","og_url":"https:\/\/www.granapadano.it\/en-en\/recipes\/what-is-the-best-wine-to-pair-with-grana-padano-cheese\/trento-brut-rose-riserva\/","og_site_name":"Grana Padano","article_modified_time":"2023-03-24T19:54:05+00:00","twitter_card":"summary_large_image","twitter_misc":{"Est. reading time":"4 minutes"},"schema":{"@context":"https:\/\/schema.org","@graph":[{"@type":"WebPage","@id":"https:\/\/www.granapadano.it\/en-en\/recipes\/what-is-the-best-wine-to-pair-with-grana-padano-cheese\/trento-brut-rose-riserva\/","url":"https:\/\/www.granapadano.it\/en-en\/recipes\/what-is-the-best-wine-to-pair-with-grana-padano-cheese\/trento-brut-rose-riserva\/","name":"Trento Brut Ros\u00e8 Riserva - Grana Padano","isPartOf":{"@id":"https:\/\/www.granapadano.it\/en-en\/#website"},"datePublished":"2023-02-15T08:03:47+00:00","dateModified":"2023-03-24T19:54:05+00:00","breadcrumb":{"@id":"https:\/\/www.granapadano.it\/en-en\/recipes\/what-is-the-best-wine-to-pair-with-grana-padano-cheese\/trento-brut-rose-riserva\/#breadcrumb"},"inLanguage":"en-us","potentialAction":[{"@type":"ReadAction","target":["https:\/\/www.granapadano.it\/en-en\/recipes\/what-is-the-best-wine-to-pair-with-grana-padano-cheese\/trento-brut-rose-riserva\/"]}]},{"@type":"BreadcrumbList","@id":"https:\/\/www.granapadano.it\/en-en\/recipes\/what-is-the-best-wine-to-pair-with-grana-padano-cheese\/trento-brut-rose-riserva\/#breadcrumb","itemListElement":[{"@type":"ListItem","position":1,"name":"Home","item":"https:\/\/www.granapadano.it\/en-en\/"},{"@type":"ListItem","position":2,"name":"Recipes","item":"https:\/\/www.granapadano.it\/en-en\/recipes\/"},{"@type":"ListItem","position":3,"name":"What is the best wine to pair with grana padano cheese?","item":"https:\/\/www.granapadano.it\/en-en\/recipes\/what-is-the-best-wine-to-pair-with-grana-padano-cheese\/"},{"@type":"ListItem","position":4,"name":"Trento Brut Ros\u00e8 Riserva"}]},{"@type":"WebSite","@id":"https:\/\/www.granapadano.it\/en-en\/#website","url":"https:\/\/www.granapadano.it\/en-en\/","name":"Grana Padano","description":"","potentialAction":[{"@type":"SearchAction","target":{"@type":"EntryPoint","urlTemplate":"https:\/\/www.granapadano.it\/en-en\/?s={search_term_string}"},"query-input":{"@type":"PropertyValueSpecification","valueRequired":true,"valueName":"search_term_string"}}],"inLanguage":"en-us"}]}},"_links":{"self":[{"href":"https:\/\/www.granapadano.it\/en-en\/wp-json\/wp\/v2\/pages\/34976","targetHints":{"allow":["GET"]}}],"collection":[{"href":"https:\/\/www.granapadano.it\/en-en\/wp-json\/wp\/v2\/pages"}],"about":[{"href":"https:\/\/www.granapadano.it\/en-en\/wp-json\/wp\/v2\/types\/page"}],"author":[{"embeddable":true,"href":"https:\/\/www.granapadano.it\/en-en\/wp-json\/wp\/v2\/users\/6"}],"replies":[{"embeddable":true,"href":"https:\/\/www.granapadano.it\/en-en\/wp-json\/wp\/v2\/comments?post=34976"}],"version-history":[{"count":0,"href":"https:\/\/www.granapadano.it\/en-en\/wp-json\/wp\/v2\/pages\/34976\/revisions"}],"up":[{"embeddable":true,"href":"https:\/\/www.granapadano.it\/en-en\/wp-json\/wp\/v2\/pages\/32432"}],"wp:attachment":[{"href":"https:\/\/www.granapadano.it\/en-en\/wp-json\/wp\/v2\/media?parent=34976"}],"curies":[{"name":"wp","href":"https:\/\/api.w.org\/{rel}","templated":true}]}}