{"id":91923,"date":"2023-04-18T10:37:11","date_gmt":"2023-04-18T10:37:11","guid":{"rendered":"https:\/\/www.granapadano.it\/vorschlage-zum-servieren\/kombinationen\/zu-welchen-biersorten-passt-der-grana-padano\/il-mondo-delle-birre\/"},"modified":"2023-04-19T08:49:46","modified_gmt":"2023-04-19T08:49:46","slug":"il-mondo-delle-birre","status":"publish","type":"page","link":"https:\/\/www.granapadano.it\/de-de\/vorschlage-zum-servieren\/kombinationen\/zu-welchen-biersorten-passt-der-grana-padano\/il-mondo-delle-birre\/","title":{"rendered":"Die welt der biere"},"content":{"rendered":"<p>[et_pb_section fb_built=&#8221;1&#8243; fullwidth=&#8221;on&#8221; _builder_version=&#8221;4.19.0&#8243; _module_preset=&#8221;default&#8221; global_colors_info=&#8221;{}&#8221;][et_pb_fullwidth_image src=&#8221;https:\/\/www.granapadano.it\/wp-content\/uploads\/2023\/02\/GRANAPADANOItalianGrape-43759-h.jpg&#8221; title_text=&#8221;GRANAPADANOItalianGrape-43759-m&#8221; src_tablet=&#8221;https:\/\/www.granapadano.it\/wp-content\/uploads\/2023\/02\/GRANAPADANOItalianGrape-43759-h.jpg&#8221; src_phone=&#8221;https:\/\/www.granapadano.it\/wp-content\/uploads\/2023\/02\/GRANAPADANOItalianGrape-43759-m.jpg&#8221; src_last_edited=&#8221;on|desktop&#8221; _builder_version=&#8221;4.20.4&#8243; _module_preset=&#8221;default&#8221; global_colors_info=&#8221;{}&#8221;][\/et_pb_fullwidth_image][\/et_pb_section][et_pb_section fb_built=&#8221;1&#8243; module_class=&#8221;production_sub_hub_main_wrapper&#8221; _builder_version=&#8221;4.19.4&#8243; _module_preset=&#8221;default&#8221; custom_padding=&#8221;13px||0px|||&#8221; locked=&#8221;off&#8221; global_colors_info=&#8221;{}&#8221;][et_pb_row module_class=&#8221;recipe_filter_section&#8221; _builder_version=&#8221;4.19.2&#8243; _module_preset=&#8221;default&#8221; max_width=&#8221;90%&#8221; custom_padding=&#8221;||7px|||&#8221; global_colors_info=&#8221;{}&#8221;][et_pb_column type=&#8221;4_4&#8243; _builder_version=&#8221;4.19.2&#8243; _module_preset=&#8221;default&#8221; global_colors_info=&#8221;{}&#8221;][et_pb_code _builder_version=&#8221;4.19.2&#8243; _module_preset=&#8221;default&#8221; custom_margin=&#8221;||16px|||&#8221; global_colors_info=&#8221;{}&#8221;]<div class=\"breadcrumb\"><a href=\"https:\/\/www.granapadano.it\/de-de\/\">Home<\/a>  <  <\/div>[\/et_pb_code][\/et_pb_column][\/et_pb_row][\/et_pb_section][et_pb_section fb_built=&#8221;1&#8243; module_class=&#8221;giovani_sub_hub_title&#8221; _builder_version=&#8221;4.19.5&#8243; _module_preset=&#8221;default&#8221; custom_padding=&#8221;0px||0px||false|false&#8221; locked=&#8221;off&#8221; global_colors_info=&#8221;{}&#8221;][et_pb_row module_class=&#8221;gp_producion_heading_wrapper&#8221; _builder_version=&#8221;4.19.5&#8243; _module_preset=&#8221;default&#8221; max_width=&#8221;90%&#8221; module_alignment=&#8221;center&#8221; custom_padding=&#8221;||||false|false&#8221; global_colors_info=&#8221;{}&#8221;][et_pb_column type=&#8221;4_4&#8243; _builder_version=&#8221;4.19.4&#8243; _module_preset=&#8221;default&#8221; global_colors_info=&#8221;{}&#8221;][et_pb_text _builder_version=&#8221;4.20.4&#8243; _module_preset=&#8221;default&#8221; text_font=&#8221;Merriweather|700|||||||&#8221; text_text_color=&#8221;#0f0f0f&#8221; text_font_size=&#8221;44px&#8221; text_line_height=&#8221;52px&#8221; header_text_color=&#8221;gcid-8696fd7e-29dd-4028-9d4d-981b208a53a9&#8243; header_font_size=&#8221;38px&#8221; header_line_height=&#8221;46px&#8221; text_orientation=&#8221;center&#8221; custom_margin=&#8221;-12px||7px|||&#8221; custom_padding=&#8221;25px|||||&#8221; hover_enabled=&#8221;0&#8243; locked=&#8221;off&#8221; global_colors_info=&#8221;{%22gcid-8696fd7e-29dd-4028-9d4d-981b208a53a9%22:%91%22header_text_color%22%93}&#8221; sticky_enabled=&#8221;0&#8243;]<\/p>\n<h1>Die welt der biere<\/h1>\n<p>[\/et_pb_text][\/et_pb_column][\/et_pb_row][et_pb_row column_structure=&#8221;3_5,2_5&#8243; module_class=&#8221;giovani_sub_hub_video_bottom_text grana_e_solo_text_para&#8221; _builder_version=&#8221;4.19.5&#8243; _module_preset=&#8221;default&#8221; max_width=&#8221;90%&#8221; module_alignment=&#8221;center&#8221; min_height=&#8221;90px&#8221; custom_margin=&#8221;-2px||||false|false&#8221; custom_padding=&#8221;0px||2px||false|false&#8221; global_colors_info=&#8221;{}&#8221;][et_pb_column type=&#8221;3_5&#8243; _builder_version=&#8221;4.19.4&#8243; _module_preset=&#8221;default&#8221; global_colors_info=&#8221;{}&#8221;][et_pb_text _builder_version=&#8221;4.20.4&#8243; _module_preset=&#8221;default&#8221; text_font=&#8221;FontPadano-Bold|300|||||||&#8221; text_text_color=&#8221;#0f0f0f&#8221; text_font_size=&#8221;26px&#8221; text_line_height=&#8221;27px&#8221; background_color=&#8221;gcid-26f0371c-74dd-4e63-bbf8-f8ec94f09a6d&#8221; text_orientation=&#8221;center&#8221; width=&#8221;44%&#8221; module_alignment=&#8221;left&#8221; custom_margin=&#8221;||30px||false|false&#8221; custom_padding=&#8221;10px||10px||false|false&#8221; hover_enabled=&#8221;0&#8243; border_radii=&#8221;on|30px|30px|30px|30px&#8221; global_colors_info=&#8221;{%22gcid-26f0371c-74dd-4e63-bbf8-f8ec94f09a6d%22:%91%22background_color%22%93}&#8221; sticky_enabled=&#8221;0&#8243;]<\/p>\n<p>Biere und K\u00e4se<\/p>\n<p>[\/et_pb_text][\/et_pb_column][et_pb_column type=&#8221;2_5&#8243; _builder_version=&#8221;4.19.5&#8243; _module_preset=&#8221;default&#8221; global_colors_info=&#8221;{}&#8221;][\/et_pb_column][\/et_pb_row][et_pb_row _builder_version=&#8221;4.19.5&#8243; _module_preset=&#8221;default&#8221; max_width=&#8221;90%&#8221; module_alignment=&#8221;center&#8221; custom_margin=&#8221;-2px||||false|false&#8221; custom_padding=&#8221;0px||60px||false|false&#8221; global_colors_info=&#8221;{}&#8221;][et_pb_column type=&#8221;4_4&#8243; _builder_version=&#8221;4.19.5&#8243; _module_preset=&#8221;default&#8221; global_colors_info=&#8221;{}&#8221;][et_pb_text _builder_version=&#8221;4.20.4&#8243; _module_preset=&#8221;default&#8221; text_text_color=&#8221;#0f0f0f&#8221; text_font_size=&#8221;18px&#8221; text_line_height=&#8221;26px&#8221; width=&#8221;100%&#8221; custom_padding=&#8221;|33px||||&#8221; hover_enabled=&#8221;0&#8243; global_colors_info=&#8221;{}&#8221; sticky_enabled=&#8221;0&#8243;]<\/p>\n<p>Im Durchschnitt besteht Bier aus 95 % Wasser und ist reich an Mineralien, wobei der Alkoholgehalt sehr unterschiedlich ausfallen kann (von Eisbock bis zu alkoholfreiem Bier). F\u00fcr das Geburtsland des Grana Padano ist Bier auf gewisse Weise ein \u201eneuer Klassiker\u201c und stellt heutzutage ein nicht zu vernachl\u00e4ssigendes Element f\u00fcr die Gewohnheiten der italienischen Verbraucher dar. Warum ein \u201eneuer Klassiker\u201c? Wenngleich der Gerstensaft in Italien schon fr\u00fch bekannt war, hat sein Konsum nicht so feste Wurzeln geschlagen, wie in anderen L\u00e4ndern \u2013 obwohl er im Mittelalter auch hier das Leben im Kloster mitgepr\u00e4gt hat. Erst aufgrund gezielter unternehmerischer Impulse im 19. Jahrhundert und mitteleurop\u00e4ischer Investitionsprojekte sollte sich diese Situation \u00e4ndern. Ab dann folgte das Biersegment der allgemeinen nationalen Fertigungsparabel, in deren Rahmen sich im 20. Jahrhundert ein m\u00e4\u00dfiges industrielles Profil entwickelte.<\/p>\n<p>Ende des 20. Jahrhunderts, genauer gesagt 1995 und 1996, kam durch die Craft-Beer-Szene v\u00f6llig neuer Schwung auf. Zuvor hatte es nur vereinzelte Belebungsversuche gegeben. Ab 1996 l\u00e4sst sich ein rasantes Wachstum kleiner und sehr kleiner Betriebe erkennen, deren Anzahl heute ungef\u00e4hr 1500 betr\u00e4gt: Dieses kleine Heer an Brauereien gesellt sich zu zwei unabh\u00e4ngig gebliebenen gr\u00f6\u00dferen Unternehmen und einer ansehnlichen Gruppe historischer Marken, die inzwischen jedoch gro\u00dfen multinationalen Konzernen geh\u00f6ren. Das Angebot ist dabei \u00e4u\u00dferst vielf\u00e4ltig, sowohl was die Produktionsarten und Rezepturen als auch die Frage der Pasteurisierung betrifft. Auf diese Weise hat sich die Einstellung der Italiener gegen\u00fcber Bier und dessen Verbrauchs Schritt f\u00fcr Schritt, aber relativ pl\u00f6tzlich, ver\u00e4ndert. Heute liegt der Pro-Kopf-Verbrauch im Bel Paese bei knapp 30 l pro Jahr. Die Bierbranche besch\u00e4ftigt \u00fcber 92.000 Menschen im Land und erreicht einen Produktionswert von ca. 9,2 Mrd. Euro sowie einem Anteil von 0,52 % am Bruttoinlandsprodukt. Zu den wohl interessantesten Aspekten geh\u00f6rt die wachsende Bedeutung des oben erw\u00e4hnten Craft-Beer-Segments, nicht (nur) was die Dimensionen betrifft (ca. 3,5 % Marktanteil), sondern auch die F\u00e4higkeit, Kaufeinstellung und -verhalten zu steuern.<br \/>\nDie Italiener haben gelernt, die Biersorten der historischen Bierbraunationen (Belgien, Deutschland und weitere mitteleurop\u00e4ische Staaten, Gro\u00dfbritannien und USA) zu unterscheiden, und stehen neuen Angeboten aus den unterschiedlichsten Teilen des Globus (hat die sogenannte craft revolution doch die gesamte Welt erobert) aufgeschlossen gegen\u00fcber. Au\u00dferdem wissen die Italiener den Erfindergeist ihrer eigenen Landsm\u00e4nner zu sch\u00e4tzen, was das Experimentieren mit den territorialen Spezialit\u00e4ten (Gew\u00fcrze, Zitrusfr\u00fcchte, Getreidesorten, Honigsorten, Esskastanien) betrifft, an denen das Bel Paese so reich ist. 2015 konnte Italien sogar die Anerkennung seiner ersten formell kodifizierten Biersorte feiern, die g\u00e4nzlich seiner charakteristischen kreativen Natur entsprungen ist: das Italian Grape Ale, dessen Rezeptur die Verwendung von Traubenmost vorsieht \u2013 ganz im Zeichen der unvergleichlichen \u00f6nologischen Traditionen dieses wundervollen Landes. Und wer wei\u00df, was die Zukunft sonst noch bereit h\u00e4lt \u2026<\/p>\n<p>[\/et_pb_text][\/et_pb_column][\/et_pb_row][\/et_pb_section]<\/p>\n","protected":false},"excerpt":{"rendered":"<p><div class=\"breadcrumb\"><a href=\"https:\/\/www.granapadano.it\/de-de\/\">Home<\/a>  <  <\/div>Die welt der biereBiere und K\u00e4seIm Durchschnitt besteht Bier aus 95 % Wasser und ist reich an Mineralien, wobei der Alkoholgehalt sehr unterschiedlich ausfallen kann (von Eisbock bis zu alkoholfreiem Bier). F\u00fcr das Geburtsland des Grana Padano ist Bier auf gewisse Weise ein \u201eneuer Klassiker\u201c und stellt heutzutage ein nicht zu vernachl\u00e4ssigendes Element f\u00fcr die [&hellip;]<\/p>\n","protected":false},"author":13,"featured_media":0,"parent":32928,"menu_order":278,"comment_status":"closed","ping_status":"closed","template":"","meta":{"_acf_changed":false,"_et_pb_use_builder":"on","_et_pb_old_content":"","_et_gb_content_width":"","footnotes":""},"class_list":["post-91923","page","type-page","status-publish","hentry"],"acf":[],"yoast_head":"<!-- This site is optimized with the Yoast SEO plugin v27.3 - https:\/\/yoast.com\/product\/yoast-seo-wordpress\/ -->\n<title>Die welt der biere - Grana Padano<\/title>\n<meta name=\"robots\" content=\"index, follow, max-snippet:-1, max-image-preview:large, max-video-preview:-1\" \/>\n<link rel=\"canonical\" href=\"https:\/\/www.granapadano.it\/de-de\/vorschlage-zum-servieren\/kombinationen\/zu-welchen-biersorten-passt-der-grana-padano\/il-mondo-delle-birre\/\" \/>\n<meta property=\"og:locale\" content=\"de_DE\" \/>\n<meta property=\"og:type\" content=\"article\" \/>\n<meta property=\"og:title\" content=\"Die welt der biere - Grana Padano\" \/>\n<meta property=\"og:description\" content=\"Die welt der biereBiere und K\u00e4seIm Durchschnitt besteht Bier aus 95 % Wasser und ist reich an Mineralien, wobei der Alkoholgehalt sehr unterschiedlich ausfallen kann (von Eisbock bis zu alkoholfreiem Bier). F\u00fcr das Geburtsland des Grana Padano ist Bier auf gewisse Weise ein \u201eneuer Klassiker\u201c und stellt heutzutage ein nicht zu vernachl\u00e4ssigendes Element f\u00fcr die [&hellip;]\" \/>\n<meta property=\"og:url\" content=\"https:\/\/www.granapadano.it\/de-de\/vorschlage-zum-servieren\/kombinationen\/zu-welchen-biersorten-passt-der-grana-padano\/il-mondo-delle-birre\/\" \/>\n<meta property=\"og:site_name\" content=\"Grana Padano\" \/>\n<meta property=\"article:modified_time\" content=\"2023-04-19T08:49:46+00:00\" \/>\n<meta name=\"twitter:card\" content=\"summary_large_image\" \/>\n<meta name=\"twitter:label1\" content=\"Est. reading time\" \/>\n\t<meta name=\"twitter:data1\" content=\"4 minutes\" \/>\n<script type=\"application\/ld+json\" class=\"yoast-schema-graph\">{\"@context\":\"https:\\\/\\\/schema.org\",\"@graph\":[{\"@type\":\"WebPage\",\"@id\":\"https:\\\/\\\/www.granapadano.it\\\/de-de\\\/vorschlage-zum-servieren\\\/kombinationen\\\/zu-welchen-biersorten-passt-der-grana-padano\\\/il-mondo-delle-birre\\\/\",\"url\":\"https:\\\/\\\/www.granapadano.it\\\/de-de\\\/vorschlage-zum-servieren\\\/kombinationen\\\/zu-welchen-biersorten-passt-der-grana-padano\\\/il-mondo-delle-birre\\\/\",\"name\":\"Die welt der biere - Grana Padano\",\"isPartOf\":{\"@id\":\"https:\\\/\\\/www.granapadano.it\\\/de-de\\\/#website\"},\"datePublished\":\"2023-04-18T10:37:11+00:00\",\"dateModified\":\"2023-04-19T08:49:46+00:00\",\"breadcrumb\":{\"@id\":\"https:\\\/\\\/www.granapadano.it\\\/de-de\\\/vorschlage-zum-servieren\\\/kombinationen\\\/zu-welchen-biersorten-passt-der-grana-padano\\\/il-mondo-delle-birre\\\/#breadcrumb\"},\"inLanguage\":\"de-de\",\"potentialAction\":[{\"@type\":\"ReadAction\",\"target\":[\"https:\\\/\\\/www.granapadano.it\\\/de-de\\\/vorschlage-zum-servieren\\\/kombinationen\\\/zu-welchen-biersorten-passt-der-grana-padano\\\/il-mondo-delle-birre\\\/\"]}]},{\"@type\":\"BreadcrumbList\",\"@id\":\"https:\\\/\\\/www.granapadano.it\\\/de-de\\\/vorschlage-zum-servieren\\\/kombinationen\\\/zu-welchen-biersorten-passt-der-grana-padano\\\/il-mondo-delle-birre\\\/#breadcrumb\",\"itemListElement\":[{\"@type\":\"ListItem\",\"position\":1,\"name\":\"Home\",\"item\":\"https:\\\/\\\/www.granapadano.it\\\/de-de\\\/\"},{\"@type\":\"ListItem\",\"position\":2,\"name\":\"Rezepte\",\"item\":\"https:\\\/\\\/www.granapadano.it\\\/de-de\\\/rezepte\\\/\"},{\"@type\":\"ListItem\",\"position\":3,\"name\":\"Kombinationen\",\"item\":\"https:\\\/\\\/www.granapadano.it\\\/de-de\\\/rezepte\\\/kombinationen\\\/\"},{\"@type\":\"ListItem\",\"position\":4,\"name\":\"Zu welchen biersorten passt der Grana Padano?\",\"item\":\"https:\\\/\\\/www.granapadano.it\\\/de-de\\\/vorschlage-zum-servieren\\\/kombinationen\\\/zu-welchen-biersorten-passt-der-grana-padano\\\/\"},{\"@type\":\"ListItem\",\"position\":5,\"name\":\"Die welt der biere\"}]},{\"@type\":\"WebSite\",\"@id\":\"https:\\\/\\\/www.granapadano.it\\\/de-de\\\/#website\",\"url\":\"https:\\\/\\\/www.granapadano.it\\\/de-de\\\/\",\"name\":\"Grana Padano\",\"description\":\"\",\"potentialAction\":[{\"@type\":\"SearchAction\",\"target\":{\"@type\":\"EntryPoint\",\"urlTemplate\":\"https:\\\/\\\/www.granapadano.it\\\/de-de\\\/?s={search_term_string}\"},\"query-input\":{\"@type\":\"PropertyValueSpecification\",\"valueRequired\":true,\"valueName\":\"search_term_string\"}}],\"inLanguage\":\"de-de\"}]}<\/script>\n<!-- \/ Yoast SEO plugin. -->","yoast_head_json":{"title":"Die welt der biere - Grana Padano","robots":{"index":"index","follow":"follow","max-snippet":"max-snippet:-1","max-image-preview":"max-image-preview:large","max-video-preview":"max-video-preview:-1"},"canonical":"https:\/\/www.granapadano.it\/de-de\/vorschlage-zum-servieren\/kombinationen\/zu-welchen-biersorten-passt-der-grana-padano\/il-mondo-delle-birre\/","og_locale":"de_DE","og_type":"article","og_title":"Die welt der biere - Grana Padano","og_description":"Die welt der biereBiere und K\u00e4seIm Durchschnitt besteht Bier aus 95 % Wasser und ist reich an Mineralien, wobei der Alkoholgehalt sehr unterschiedlich ausfallen kann (von Eisbock bis zu alkoholfreiem Bier). F\u00fcr das Geburtsland des Grana Padano ist Bier auf gewisse Weise ein \u201eneuer Klassiker\u201c und stellt heutzutage ein nicht zu vernachl\u00e4ssigendes Element f\u00fcr die [&hellip;]","og_url":"https:\/\/www.granapadano.it\/de-de\/vorschlage-zum-servieren\/kombinationen\/zu-welchen-biersorten-passt-der-grana-padano\/il-mondo-delle-birre\/","og_site_name":"Grana Padano","article_modified_time":"2023-04-19T08:49:46+00:00","twitter_card":"summary_large_image","twitter_misc":{"Est. reading time":"4 minutes"},"schema":{"@context":"https:\/\/schema.org","@graph":[{"@type":"WebPage","@id":"https:\/\/www.granapadano.it\/de-de\/vorschlage-zum-servieren\/kombinationen\/zu-welchen-biersorten-passt-der-grana-padano\/il-mondo-delle-birre\/","url":"https:\/\/www.granapadano.it\/de-de\/vorschlage-zum-servieren\/kombinationen\/zu-welchen-biersorten-passt-der-grana-padano\/il-mondo-delle-birre\/","name":"Die welt der biere - Grana Padano","isPartOf":{"@id":"https:\/\/www.granapadano.it\/de-de\/#website"},"datePublished":"2023-04-18T10:37:11+00:00","dateModified":"2023-04-19T08:49:46+00:00","breadcrumb":{"@id":"https:\/\/www.granapadano.it\/de-de\/vorschlage-zum-servieren\/kombinationen\/zu-welchen-biersorten-passt-der-grana-padano\/il-mondo-delle-birre\/#breadcrumb"},"inLanguage":"de-de","potentialAction":[{"@type":"ReadAction","target":["https:\/\/www.granapadano.it\/de-de\/vorschlage-zum-servieren\/kombinationen\/zu-welchen-biersorten-passt-der-grana-padano\/il-mondo-delle-birre\/"]}]},{"@type":"BreadcrumbList","@id":"https:\/\/www.granapadano.it\/de-de\/vorschlage-zum-servieren\/kombinationen\/zu-welchen-biersorten-passt-der-grana-padano\/il-mondo-delle-birre\/#breadcrumb","itemListElement":[{"@type":"ListItem","position":1,"name":"Home","item":"https:\/\/www.granapadano.it\/de-de\/"},{"@type":"ListItem","position":2,"name":"Rezepte","item":"https:\/\/www.granapadano.it\/de-de\/rezepte\/"},{"@type":"ListItem","position":3,"name":"Kombinationen","item":"https:\/\/www.granapadano.it\/de-de\/rezepte\/kombinationen\/"},{"@type":"ListItem","position":4,"name":"Zu welchen biersorten passt der Grana Padano?","item":"https:\/\/www.granapadano.it\/de-de\/vorschlage-zum-servieren\/kombinationen\/zu-welchen-biersorten-passt-der-grana-padano\/"},{"@type":"ListItem","position":5,"name":"Die welt der biere"}]},{"@type":"WebSite","@id":"https:\/\/www.granapadano.it\/de-de\/#website","url":"https:\/\/www.granapadano.it\/de-de\/","name":"Grana Padano","description":"","potentialAction":[{"@type":"SearchAction","target":{"@type":"EntryPoint","urlTemplate":"https:\/\/www.granapadano.it\/de-de\/?s={search_term_string}"},"query-input":{"@type":"PropertyValueSpecification","valueRequired":true,"valueName":"search_term_string"}}],"inLanguage":"de-de"}]}},"_links":{"self":[{"href":"https:\/\/www.granapadano.it\/de-de\/wp-json\/wp\/v2\/pages\/91923","targetHints":{"allow":["GET"]}}],"collection":[{"href":"https:\/\/www.granapadano.it\/de-de\/wp-json\/wp\/v2\/pages"}],"about":[{"href":"https:\/\/www.granapadano.it\/de-de\/wp-json\/wp\/v2\/types\/page"}],"author":[{"embeddable":true,"href":"https:\/\/www.granapadano.it\/de-de\/wp-json\/wp\/v2\/users\/13"}],"replies":[{"embeddable":true,"href":"https:\/\/www.granapadano.it\/de-de\/wp-json\/wp\/v2\/comments?post=91923"}],"version-history":[{"count":4,"href":"https:\/\/www.granapadano.it\/de-de\/wp-json\/wp\/v2\/pages\/91923\/revisions"}],"predecessor-version":[{"id":91975,"href":"https:\/\/www.granapadano.it\/de-de\/wp-json\/wp\/v2\/pages\/91923\/revisions\/91975"}],"up":[{"embeddable":true,"href":"https:\/\/www.granapadano.it\/de-de\/wp-json\/wp\/v2\/pages\/32928"}],"wp:attachment":[{"href":"https:\/\/www.granapadano.it\/de-de\/wp-json\/wp\/v2\/media?parent=91923"}],"curies":[{"name":"wp","href":"https:\/\/api.w.org\/{rel}","templated":true}]}}