{"id":8919,"date":"2023-01-16T21:46:47","date_gmt":"2023-01-16T21:46:47","guid":{"rendered":"https:\/\/www.granapadano.it\/privacy-policy\/"},"modified":"2023-04-14T15:29:50","modified_gmt":"2023-04-14T15:29:50","slug":"datenschutzerklarung","status":"publish","type":"page","link":"https:\/\/www.granapadano.it\/de-de\/datenschutzerklarung\/","title":{"rendered":"DATENSCHUTZERKL\u00c4RUNG"},"content":{"rendered":"<p>[et_pb_section fb_built=&#8221;1&#8243; fullwidth=&#8221;on&#8221; _builder_version=&#8221;4.19.0&#8243; _module_preset=&#8221;default&#8221; global_colors_info=&#8221;{}&#8221;][et_pb_fullwidth_image src=&#8221;https:\/\/www.granapadano.it\/wp-content\/uploads\/2022\/11\/002_img.png&#8221; title_text=&#8221;002_img&#8221; _builder_version=&#8221;4.19.0&#8243; _module_preset=&#8221;default&#8221; global_colors_info=&#8221;{}&#8221;][\/et_pb_fullwidth_image][\/et_pb_section][et_pb_section fb_built=&#8221;1&#8243; _builder_version=&#8221;4.19.3&#8243; _module_preset=&#8221;default&#8221; custom_padding=&#8221;||0px||false|false&#8221; global_colors_info=&#8221;{}&#8221;][et_pb_row _builder_version=&#8221;4.19.4&#8243; _module_preset=&#8221;default&#8221; min_height=&#8221;66.8px&#8221; custom_padding=&#8221;0px||0px||false|false&#8221; global_colors_info=&#8221;{}&#8221;][et_pb_column type=&#8221;4_4&#8243; _builder_version=&#8221;4.19.4&#8243; _module_preset=&#8221;default&#8221; global_colors_info=&#8221;{}&#8221;][et_pb_code _builder_version=&#8221;4.19.4&#8243; _module_preset=&#8221;default&#8221; global_colors_info=&#8221;{}&#8221;]<div class=\"breadcrumb\"><a href=\"https:\/\/www.granapadano.it\/de-de\/\">Home<\/a>  <  <\/div>[\/et_pb_code][\/et_pb_column][\/et_pb_row][\/et_pb_section][et_pb_section fb_built=&#8221;1&#8243; module_class=&#8221;privacy_page&#8221; _builder_version=&#8221;4.20.0&#8243; _module_preset=&#8221;default&#8221; custom_padding=&#8221;1px|||||&#8221; global_colors_info=&#8221;{}&#8221;][et_pb_row _builder_version=&#8221;4.19.4&#8243; _module_preset=&#8221;default&#8221; min_height=&#8221;139.4px&#8221; global_colors_info=&#8221;{}&#8221;][et_pb_column type=&#8221;4_4&#8243; _builder_version=&#8221;4.19.4&#8243; _module_preset=&#8221;default&#8221; global_colors_info=&#8221;{}&#8221;][et_pb_text module_class=&#8221;privacy_title&#8221; _builder_version=&#8221;4.20.1&#8243; _module_preset=&#8221;default&#8221; text_font=&#8221;Merriweather|700|||||||&#8221; text_text_color=&#8221;#0f0f0f&#8221; text_font_size=&#8221;38px&#8221; text_line_height=&#8221;46px&#8221; text_orientation=&#8221;center&#8221; min_height=&#8221;25px&#8221; custom_margin=&#8221;-12px||7px|||&#8221; global_colors_info=&#8221;{}&#8221;]<\/p>\n<p style=\"text-align: center;\">Informationen zur verarbeitung personenbezogener daten<\/p>\n<p>[\/et_pb_text][\/et_pb_column][\/et_pb_row][et_pb_row _builder_version=&#8221;4.19.4&#8243; _module_preset=&#8221;default&#8221; min_height=&#8221;12.2px&#8221; custom_margin=&#8221;-54px|auto|-19px|auto||&#8221; custom_padding=&#8221;||3px|||&#8221; global_colors_info=&#8221;{}&#8221;][et_pb_column type=&#8221;4_4&#8243; _builder_version=&#8221;4.19.4&#8243; _module_preset=&#8221;default&#8221; global_colors_info=&#8221;{}&#8221;][et_pb_text _builder_version=&#8221;4.20.1&#8243; _module_preset=&#8221;default&#8221; text_font=&#8221;Merriweather|700|||||||&#8221; text_text_color=&#8221;#0f0f0f&#8221; text_font_size=&#8221;20px&#8221; text_line_height=&#8221;26px&#8221; text_orientation=&#8221;center&#8221; custom_padding=&#8221;10px||10px||false|false&#8221; global_colors_info=&#8221;{}&#8221;]<\/p>\n<p style=\"text-align: left;\">im Sinne und kraft der Verordnung (EU) 2016\/679 bzw. DSGVO bereitgestellt<\/p>\n<p>[\/et_pb_text][\/et_pb_column][\/et_pb_row][et_pb_row _builder_version=&#8221;4.19.4&#8243; _module_preset=&#8221;default&#8221; min_height=&#8221;269.5px&#8221; global_colors_info=&#8221;{}&#8221;][et_pb_column type=&#8221;4_4&#8243; _builder_version=&#8221;4.19.4&#8243; _module_preset=&#8221;default&#8221; global_colors_info=&#8221;{}&#8221;][et_pb_text _builder_version=&#8221;4.20.4&#8243; _module_preset=&#8221;default&#8221; text_text_color=&#8221;#0f0f0f&#8221; text_font_size=&#8221;18px&#8221; text_line_height=&#8221;26px&#8221; min_height=&#8221;374px&#8221; custom_padding=&#8221;||86px||false|false&#8221; hover_enabled=&#8221;0&#8243; global_colors_info=&#8221;{}&#8221; sticky_enabled=&#8221;0&#8243;]<\/p>\n<p><strong>ZWECK DIESES DOKUMENTS<\/strong><br \/>Im Nachhinein werden die Modalit\u00e4ten der Verarbeitung der personenbezogenen Daten der Nutzer der Website <span style=\"color: #000000;\"><a style=\"color: #000000;\" href=\"https:\/\/www.granapadano.it\/\" target=\"_blank\" rel=\"noopener\">www.granapadano.it<\/a><\/span> veranschaulicht, die gegebenenfalls bei dem Besuch der Webseite gesammelt werden.<br \/>Die Datenschutzerkl\u00e4rung wird gem\u00e4\u00df Art.13 der Verordnung (EU) 2016\/679 und den nationalen Datenschutzbestimmungen denjenigen bereitgestellt, die \u00fcber Internet mit den unter folgender Adresse verf\u00fcgbaren Webdiensten interagieren: <span style=\"color: #000000;\"><strong><a style=\"color: #000000;\" href=\"https:\/\/www.granapadano.it\/\" target=\"_blank\" rel=\"noopener\">www.granapadano.it<\/a><\/strong><\/span>.\u00a0<br \/>Die nachstehenden Angaben st\u00fctzen sich ebenfalls auf die Bestimmungen der Richtlinie 2002\/58\/EG sowie auf die Ma\u00dfgaben der Regulierungsbeh\u00f6rde zum Schutz personenbezogener Daten im Zusammenhang mit Cookies.<br \/>Abgesehen von den f\u00fcr das Browsen erforderlichen Daten, steht es dem Benutzer frei, seine personenbezogenen Daten bereitzustellen. Die vers\u00e4umte Mitteilung der personenbezogenen Daten kann allerdings die Nichtnutzung bestimmter, vom Verantwortlichen der Datenverarbeitung angebotener Dienste zur Folge haben.<\/p>\n<p><strong>DER VERANTWORTLICHE DER DATENVERARBEITUNG<\/strong><br \/>Verantwortlicher der Datenverarbeitung ist Consorzio Tutela Grana Padano mit Firmensitz in Via XXIV Giugno, 8 PLZ 25025 San Martino della Battaglia &#8211; Desenzano del Garda (BS) und folgenden Kontaktdaten: <strong>Tel. 030\/9109811, FDax 030\/9910487, E-Mail: <span style=\"color: #000000;\"><a style=\"color: #000000;\" href=\"mailto:info@granapadano.it\" target=\"_blank\" rel=\"noopener\">info@granapadano.it<\/a><\/span>.<\/strong><\/p>\n<p><strong>ANWENDUNGSBEREICH<\/strong><br \/>Die Datenschutzerkl\u00e4rung hat nur f\u00fcr die betreffende Website G\u00fcltigkeit und nicht f\u00fcr andere externe Websites, die \u00fcber Links auf den Seiten der Website aufgerufen werden k\u00f6nnen und mit anderen Domains verlinkt sind, f\u00fcr die der Verantwortliche der Datenverarbeitung nicht verantwortlich ist.<\/p>\n<p><strong>ORT DER DATENVERARBEITUNG<\/strong><br \/>Die Verarbeitung im Zusammenhang mit den (physisch auf den vernetzten Servern hinterlegten) Webdiensten auf der Website erfolgt am Sitz des Verantwortlichen der Datenverarbeitung und wird nur von Angestellten, Mitarbeitern oder Beauftragten der Verarbeitung bzw. gegebenenfalls von Personen durchgef\u00fchrt, die mit gelegentlichen Wartungseingriffen beauftragt sind.\u00a0<\/p>\n<p><strong>ART DER VERARBEITETEN DATEN BROWSINGDATEN<\/strong><br \/>Die f\u00fcr die Funktion der Website zust\u00e4ndigen Informationssysteme und Softwareprozesse erheben im Zuge ihrer normalen Betriebsabl\u00e4ufe bestimmte personenbezogene Daten, deren \u00dcbertragung bei Internet-Kommunikationsprotokollen erforderlich ist. Es handelt sich um Daten, die nicht gesammelt werden, um mit den identifizierten betroffenen Personen in Verbindung gebracht zu werden, die aber aufgrund ihrer Art durch die Verarbeitung und die Zusammenf\u00fchrung mit Daten, die von Dritten gehalten werden, die Identifizierung der Benutzer erm\u00f6glichen k\u00f6nnen. Zu dieser Datenkategorie geh\u00f6ren beispielsweise die IP-Adressen bzw. die Domain-Namen der von den Besuchern der Website benutzten Computer, die URI-Adressen (Uniform Resource Identifier) der angeforderten Ressourcen, die Uhrzeit der Anfrage, die f\u00fcr die Anfrage an den Server verwendete Methode, die Gr\u00f6\u00dfe der Antwortdatei, der numerische Code, der den Status der Server-Antwort angibt (erfolgreich abgeschlossen, Fehler usw.) und weitere Parameter, die das Betriebssystem und die IT-Umgebung des Benutzers betreffen. Diese Daten werden nur dazu verwendet, um anonyme statistische Informationen \u00fcber die Benutzung der Website zu erheben und um deren korrekte Funktionsweise nachzuweisen. Der Verantwortliche der Datenverarbeitung kann die Daten zur Feststellung der Verantwortung bei hypothetischer Computerkriminalit\u00e4t oder anderen von den Justizbeh\u00f6rden genehmigten Antr\u00e4gen bereitstellen.<\/p>\n<p><strong>FREIWILLIG VON DEN NUTZERN DER WEBSEITE BEREITGESTELLTE DATEN\u00a0<\/strong><br \/>Das fakultative, ausdr\u00fcckliche und freiwillige Senden von E-Mail-Nachrichten an die in der Website angegebenen Adressen durch Ausf\u00fcllen von Antragsformularen oder durch andere Assistenten auf der Website beinhaltet die Erfassung der zur Beantwortung der Antr\u00e4ge notwendige Absenderadresse sowie der gegebenenfalls eingegebenen weiteren personenbezogenen Daten.<br \/>Dem Benutzer steht es frei, die in den Antragsformularen enthaltenen oder bei den Kontaktnahmen angegebenen personenbezogenen Daten bereitzustellen, um die Zusendung von Informationsmaterial oder anderen Mitteilungen anzufordern. Die vers\u00e4umte Mitteilung besagter Daten hat die Nichterf\u00fcllung der jeweiligen Anfrage zur Folge.<br \/>Spezifische Kurzinformationen finden sich auf den f\u00fcr besondere Abrufdienste eingerichteten Webseiten.<\/p>\n<p><strong>BENUTZERNAME UND PASSWORT<\/strong><br \/>Falls der Benutzer aufgefordert wird, einen &#8216;Benutzernamen&#8217; und\/oder ein &#8216;Passwort&#8217; f\u00fcr den Zugriff auf die reservierten Bereiche der Website einzugeben, ist der Benutzer daf\u00fcr verantwortlich, besagte Daten vertraulich zu behandeln und den Verantwortlichen der Datenverarbeitung umgehend \u00fcber deren Verwendung durch unbefugte Personen zu informieren.<\/p>\n<p><strong>COOKIES<\/strong><br \/>Cookies sind kleine Datens\u00e4tze, die beim Besuch einer Website auf das Ger\u00e4t des Benutzers abgelegt werden und anhand derer die Website das Benutzerger\u00e4t erkennt. Sie haben verschiedene Zwecke, wie z. B. das effiziente Browsen in den Seiten, das Merken der Favoriten und allgemein die Verbesserung des Nutzererlebnisses.<br \/>Je nach Funktion und Nutzungszweck k\u00f6nnen Cookies in technische Cookies, Profiling-Cookies und Drittanbieter-Cookies unterteilt werden.<br \/>N\u00e4here Informationen zu den von der Website verwendeten Cookies finden Sie im entsprechenden Abschnitt.<\/p>\n<p><strong>MODALIT\u00c4TEN DER DATENVERARBEITUNG<\/strong><br \/>Die personenbezogenen Daten werden mit und ohne elektronische oder jedenfalls automatisierte Verfahren verarbeitet. Gem\u00e4\u00df der von den europ\u00e4ischen und nationalen Vorschriften vorgesehenen Anpassungspflicht wurden spezifische Sicherheitsma\u00dfnahmen beachtet, um dem Verlust der Daten, einer widerrechtlichen oder nicht korrekten Nutzung derselben sowie nicht autorisierten Zug\u00e4ngen vorzubeugen.<br \/>Um einen vollst\u00e4ndigen Dienst bieten zu k\u00f6nnen, kann die Website Links zu anderen Webseiten enthalten, die nicht von dem Verantwortlichen der Datenverarbeitung betrieben werden, wobei dieser weder f\u00fcr deren Fehler, Inhalte, Cookies, Ver\u00f6ffentlichungen mit moralisch illegalen Inhalten, Werbung, Banner oder Dateien, die nicht den geltenden Bestimmungen entsprechen, noch f\u00fcr die Einhaltung der Datenschutzrichtlinie seitens besagter Websites verantwortlich ist.<\/p>\n<p><strong>ZWECK DER DATENVERARBEITUNG UND RECHTSGRUNDLAGE<\/strong><br \/>CONSORZIO DEL FORMAGGIO GRANA PADANO verarbeitet die personenbezogenen Daten nach den Grunds\u00e4tzen der Rechtm\u00e4\u00dfigkeit lt. Art. 6 der Verordnung (EU) 2016\/679 f\u00fcr folgende Zwecke:<br \/>a) die beim Browsen erfassten Daten werden f\u00fcr die Funktion der Website verarbeitet;<br \/>b) die von den Benutzern beim Einreichen von Antr\u00e4gen bereitgestellten personenbezogenen Daten werden ausschlie\u00dflich dazu verwendet, den jeweiligen Antr\u00e4gen nachzukommen;<br \/>c) nach freiwilliger und jederzeit widerrufbarer Zustimmung der betroffenen Person werden die von den Benutzern zur Anmeldung an bestimmte Dienste (z.B. Newsletter) bereitgestellten personenbezogenen Daten ausschlie\u00dflich zur Erbringung des gew\u00fcnschten Dienstes verwendet;<br \/>d) mit der Anmeldung an den Dienst stimmen die Benutzer der Verarbeitung ihrer personenbezogenen Daten gem\u00e4\u00df den spezifischen Informationen zum Dienst zu;<br \/>e) die gegebenenfalls f\u00fcr administrative-buchhalterische Zwecke bereitgestellten personenbezogenen Daten werden zur Erf\u00fcllung von vertraglichen Pflichten verwendet.<\/p>\n<p><strong>EMPF\u00c4NGER ODER EMPF\u00c4NGERKATEGORIEN DER DATEN<\/strong><br \/>F\u00fcr vorgenannte Zwecke k\u00f6nnen die erhobenen personenbezogenen Daten folgenden Empf\u00e4ngern offengelegt werden, wobei diese die Daten als Verantwortliche bzw. als auf Weisung des Verantwortlichen handelnde nat\u00fcrliche Personen verarbeiten:<br \/>\u2022 Personen, die Dienste zum Betreiben der Website, des Informationssystems sowie der Kommunikationsnetze bereitstellen;<br \/>\u2022 B\u00fcros und\/oder Gesellschaften im Rahmen von dem Verantwortlichen angebotenen Service- und Beratungsbeziehungen.<br \/>Die Daten k\u00f6nnen jedenfalls Personen offengelegt werden, die gem\u00e4\u00df gesetzlichen Bestimmungen oder nationalen bzw. europ\u00e4ischen Rechts- und Verwaltungsvorschriften (z.B. Kontroll- und Aufsichtsbeh\u00f6rde der \u00f6ffentlichen Sicherheit, Justizbeh\u00f6rde und Kriminalpolizei) zum Zugriff auf die Daten befugt sind.<\/p>\n<p><strong>\u00dcBERMITTLUNG DER DATEN AN DRITTL\u00c4NDER UND GARANTIEN<\/strong><br \/>F\u00fcr die Verfolgung der vorgenannten Zwecke k\u00f6nnen die erhobenen personenbezogenen Daten nach den Bestimmungen der Verordnung lt. Artikel 44 &#8211; Allgemeine Grunds\u00e4tze der Daten\u00fcbermittlung, Artikel 45 &#8211; Daten\u00fcbermittlung auf der Grundlage eines Angemessenheitsbeschlusses und Artikel 46 &#8211; Daten\u00fcbermittlung vorbehaltlich geeigneter Garantien an Informationssysteme in L\u00e4ndern der Europ\u00e4ischen Union oder in Nicht-EU-L\u00e4ndern \u00fcbermittelt werden.<\/p>\n<p><strong>SPEICHERFRIST<\/strong><br \/>Die erhobenen personenbezogenen Daten werden in einer Weise gespeichert, dass sie die betroffenen Personen nur f\u00fcr die unbedingt erforderliche Zeit identifizieren, um die Zwecke ihrer Verarbeitung sowie andere rechtm\u00e4\u00dfige und damit im Zusammenhang stehende Zwecke bzw. die Bestimmungen der Verordnung zu erf\u00fcllen.<br \/>Nach Ablauf der vorgenannten Speicherfristen werden die Daten im Rahmen der technischen L\u00f6sch- und Sicherungsverfahren vernichtet oder anonymisiert.<\/p>\n<p><strong>RECHTE DER BETROFFENEN PERSONEN<\/strong><br \/>Die betroffenen Personen k\u00f6nnen vom Verantwortlichen der Datenverarbeitung Zugang zu den sie betreffenden personenbezogenen Daten, die Berichtigung unrichtiger Daten oder die Erg\u00e4nzung unvollst\u00e4ndiger Daten verlangen. Soweit anwendbar, k\u00f6nnen die betroffenen Personen das Recht auf L\u00f6schung, Einschr\u00e4nkung der Verarbeitung, Widerspruch gegen die Verarbeitung und auf die Daten\u00fcbertragbarkeit aus\u00fcben (Artikel 15 bis 22 der DSGVO). Falls die Verarbeitung auf einer Einwilligung beruht, haben die betroffenen Personen das Recht, ihre Einwilligung jederzeit zu widerrufen.<br \/>Die Aus\u00fcbung besagter Rechte kann \u00fcber die weiter oben genannten Kontaktdaten beim Verantwortlichen der Datenverarbeitung beantragt werden.<\/p>\n<p><strong>BESCHWERDERECHT<\/strong><br \/>Die betroffenen Personen, die der Ansicht sind, dass die Verarbeitung der sie betreffenden personenbezogenen Daten durch diese Website gegen die Bestimmungen der Verordnung und die nationalen Rechtsvorschriften verst\u00f6\u00dft, haben das Recht, Beschwerde bei der Regulierungsbeh\u00f6rde zum Schutz personenbezogener Daten oder vor Gericht einzulegen.<\/p>\n<p><strong>\u00c4NDERUNGEN DIESER DATENSCHUTZRICHTLINIE<\/strong><br \/>Der Verantwortliche der Datenverarbeitung beh\u00e4lt sich das Recht vor, diese Datenschutzrichtlinie jederzeit auf die neuesten Bestimmungen zu aktualisieren und sie angesichts der von Kunden, Mitarbeitern und Nutzern eingereichten Vorschl\u00e4ge zu verbessern.<\/p>\n<p><strong>COOKIE<\/strong><\/p>\n<p>&nbsp;<\/p>\n<p>[\/et_pb_text][et_pb_code _builder_version=&#8221;4.20.4&#8243; _module_preset=&#8221;default&#8221; hover_enabled=&#8221;0&#8243; sticky_enabled=&#8221;0&#8243;]<script id=\"CookieDeclaration\" src=\"https:\/\/consent.cookiebot.com\/2f25e4ca-b580-40fa-9afb-ac6deef4bb83\/cd.js\" type=\"text\/javascript\" async><\/script>[\/et_pb_code][\/et_pb_column][\/et_pb_row][\/et_pb_section]<\/p>\n","protected":false},"excerpt":{"rendered":"<p><div class=\"breadcrumb\"><a href=\"https:\/\/www.granapadano.it\/de-de\/\">Home<\/a>  <  <\/div>Informationen zur verarbeitung personenbezogener datenim Sinne und kraft der Verordnung (EU) 2016\/679 bzw. DSGVO bereitgestelltZWECK DIESES DOKUMENTSIm Nachhinein werden die Modalit\u00e4ten der Verarbeitung der personenbezogenen Daten der Nutzer der Website www.granapadano.it veranschaulicht, die gegebenenfalls bei dem Besuch der Webseite gesammelt werden.Die Datenschutzerkl\u00e4rung wird gem\u00e4\u00df Art.13 der Verordnung (EU) 2016\/679 und den nationalen Datenschutzbestimmungen denjenigen bereitgestellt, [&hellip;]<\/p>\n","protected":false},"author":6,"featured_media":0,"parent":0,"menu_order":847,"comment_status":"closed","ping_status":"closed","template":"","meta":{"_acf_changed":false,"_et_pb_use_builder":"on","_et_pb_old_content":"","_et_gb_content_width":"","footnotes":""},"class_list":["post-8919","page","type-page","status-publish","hentry"],"acf":[],"yoast_head":"<!-- This site is optimized with the Yoast SEO plugin v27.4 - https:\/\/yoast.com\/product\/yoast-seo-wordpress\/ -->\n<title>DATENSCHUTZERKL\u00c4RUNG - Grana Padano<\/title>\n<meta name=\"robots\" content=\"index, follow, max-snippet:-1, max-image-preview:large, max-video-preview:-1\" \/>\n<link rel=\"canonical\" href=\"https:\/\/www.granapadano.it\/de-de\/datenschutzerklarung\/\" \/>\n<meta property=\"og:locale\" content=\"de_DE\" \/>\n<meta property=\"og:type\" content=\"article\" \/>\n<meta property=\"og:title\" content=\"DATENSCHUTZERKL\u00c4RUNG - Grana Padano\" \/>\n<meta property=\"og:description\" content=\"Informationen zur verarbeitung personenbezogener datenim Sinne und kraft der Verordnung (EU) 2016\/679 bzw. DSGVO bereitgestelltZWECK DIESES DOKUMENTSIm Nachhinein werden die Modalit\u00e4ten der Verarbeitung der personenbezogenen Daten der Nutzer der Website www.granapadano.it veranschaulicht, die gegebenenfalls bei dem Besuch der Webseite gesammelt werden.Die Datenschutzerkl\u00e4rung wird gem\u00e4\u00df Art.13 der Verordnung (EU) 2016\/679 und den nationalen Datenschutzbestimmungen denjenigen bereitgestellt, [&hellip;]\" \/>\n<meta property=\"og:url\" content=\"https:\/\/www.granapadano.it\/de-de\/datenschutzerklarung\/\" \/>\n<meta property=\"og:site_name\" content=\"Grana Padano\" \/>\n<meta property=\"article:modified_time\" content=\"2023-04-14T15:29:50+00:00\" \/>\n<meta name=\"twitter:card\" content=\"summary_large_image\" \/>\n<meta name=\"twitter:label1\" content=\"Est. reading time\" \/>\n\t<meta name=\"twitter:data1\" content=\"8 minutes\" \/>\n<script type=\"application\/ld+json\" class=\"yoast-schema-graph\">{\"@context\":\"https:\\\/\\\/schema.org\",\"@graph\":[{\"@type\":\"WebPage\",\"@id\":\"https:\\\/\\\/www.granapadano.it\\\/de-de\\\/datenschutzerklarung\\\/\",\"url\":\"https:\\\/\\\/www.granapadano.it\\\/de-de\\\/datenschutzerklarung\\\/\",\"name\":\"DATENSCHUTZERKL\u00c4RUNG - Grana Padano\",\"isPartOf\":{\"@id\":\"https:\\\/\\\/www.granapadano.it\\\/de-de\\\/#website\"},\"datePublished\":\"2023-01-16T21:46:47+00:00\",\"dateModified\":\"2023-04-14T15:29:50+00:00\",\"breadcrumb\":{\"@id\":\"https:\\\/\\\/www.granapadano.it\\\/de-de\\\/datenschutzerklarung\\\/#breadcrumb\"},\"inLanguage\":\"de-de\",\"potentialAction\":[{\"@type\":\"ReadAction\",\"target\":[\"https:\\\/\\\/www.granapadano.it\\\/de-de\\\/datenschutzerklarung\\\/\"]}]},{\"@type\":\"BreadcrumbList\",\"@id\":\"https:\\\/\\\/www.granapadano.it\\\/de-de\\\/datenschutzerklarung\\\/#breadcrumb\",\"itemListElement\":[{\"@type\":\"ListItem\",\"position\":1,\"name\":\"Home\",\"item\":\"https:\\\/\\\/www.granapadano.it\\\/de-de\\\/\"},{\"@type\":\"ListItem\",\"position\":2,\"name\":\"DATENSCHUTZERKL\u00c4RUNG\"}]},{\"@type\":\"WebSite\",\"@id\":\"https:\\\/\\\/www.granapadano.it\\\/de-de\\\/#website\",\"url\":\"https:\\\/\\\/www.granapadano.it\\\/de-de\\\/\",\"name\":\"Grana Padano\",\"description\":\"\",\"potentialAction\":[{\"@type\":\"SearchAction\",\"target\":{\"@type\":\"EntryPoint\",\"urlTemplate\":\"https:\\\/\\\/www.granapadano.it\\\/de-de\\\/?s={search_term_string}\"},\"query-input\":{\"@type\":\"PropertyValueSpecification\",\"valueRequired\":true,\"valueName\":\"search_term_string\"}}],\"inLanguage\":\"de-de\"}]}<\/script>\n<!-- \/ Yoast SEO plugin. -->","yoast_head_json":{"title":"DATENSCHUTZERKL\u00c4RUNG - Grana Padano","robots":{"index":"index","follow":"follow","max-snippet":"max-snippet:-1","max-image-preview":"max-image-preview:large","max-video-preview":"max-video-preview:-1"},"canonical":"https:\/\/www.granapadano.it\/de-de\/datenschutzerklarung\/","og_locale":"de_DE","og_type":"article","og_title":"DATENSCHUTZERKL\u00c4RUNG - Grana Padano","og_description":"Informationen zur verarbeitung personenbezogener datenim Sinne und kraft der Verordnung (EU) 2016\/679 bzw. DSGVO bereitgestelltZWECK DIESES DOKUMENTSIm Nachhinein werden die Modalit\u00e4ten der Verarbeitung der personenbezogenen Daten der Nutzer der Website www.granapadano.it veranschaulicht, die gegebenenfalls bei dem Besuch der Webseite gesammelt werden.Die Datenschutzerkl\u00e4rung wird gem\u00e4\u00df Art.13 der Verordnung (EU) 2016\/679 und den nationalen Datenschutzbestimmungen denjenigen bereitgestellt, [&hellip;]","og_url":"https:\/\/www.granapadano.it\/de-de\/datenschutzerklarung\/","og_site_name":"Grana Padano","article_modified_time":"2023-04-14T15:29:50+00:00","twitter_card":"summary_large_image","twitter_misc":{"Est. reading time":"8 minutes"},"schema":{"@context":"https:\/\/schema.org","@graph":[{"@type":"WebPage","@id":"https:\/\/www.granapadano.it\/de-de\/datenschutzerklarung\/","url":"https:\/\/www.granapadano.it\/de-de\/datenschutzerklarung\/","name":"DATENSCHUTZERKL\u00c4RUNG - Grana Padano","isPartOf":{"@id":"https:\/\/www.granapadano.it\/de-de\/#website"},"datePublished":"2023-01-16T21:46:47+00:00","dateModified":"2023-04-14T15:29:50+00:00","breadcrumb":{"@id":"https:\/\/www.granapadano.it\/de-de\/datenschutzerklarung\/#breadcrumb"},"inLanguage":"de-de","potentialAction":[{"@type":"ReadAction","target":["https:\/\/www.granapadano.it\/de-de\/datenschutzerklarung\/"]}]},{"@type":"BreadcrumbList","@id":"https:\/\/www.granapadano.it\/de-de\/datenschutzerklarung\/#breadcrumb","itemListElement":[{"@type":"ListItem","position":1,"name":"Home","item":"https:\/\/www.granapadano.it\/de-de\/"},{"@type":"ListItem","position":2,"name":"DATENSCHUTZERKL\u00c4RUNG"}]},{"@type":"WebSite","@id":"https:\/\/www.granapadano.it\/de-de\/#website","url":"https:\/\/www.granapadano.it\/de-de\/","name":"Grana Padano","description":"","potentialAction":[{"@type":"SearchAction","target":{"@type":"EntryPoint","urlTemplate":"https:\/\/www.granapadano.it\/de-de\/?s={search_term_string}"},"query-input":{"@type":"PropertyValueSpecification","valueRequired":true,"valueName":"search_term_string"}}],"inLanguage":"de-de"}]}},"_links":{"self":[{"href":"https:\/\/www.granapadano.it\/de-de\/wp-json\/wp\/v2\/pages\/8919","targetHints":{"allow":["GET"]}}],"collection":[{"href":"https:\/\/www.granapadano.it\/de-de\/wp-json\/wp\/v2\/pages"}],"about":[{"href":"https:\/\/www.granapadano.it\/de-de\/wp-json\/wp\/v2\/types\/page"}],"author":[{"embeddable":true,"href":"https:\/\/www.granapadano.it\/de-de\/wp-json\/wp\/v2\/users\/6"}],"replies":[{"embeddable":true,"href":"https:\/\/www.granapadano.it\/de-de\/wp-json\/wp\/v2\/comments?post=8919"}],"version-history":[{"count":1,"href":"https:\/\/www.granapadano.it\/de-de\/wp-json\/wp\/v2\/pages\/8919\/revisions"}],"predecessor-version":[{"id":91666,"href":"https:\/\/www.granapadano.it\/de-de\/wp-json\/wp\/v2\/pages\/8919\/revisions\/91666"}],"wp:attachment":[{"href":"https:\/\/www.granapadano.it\/de-de\/wp-json\/wp\/v2\/media?parent=8919"}],"curies":[{"name":"wp","href":"https:\/\/api.w.org\/{rel}","templated":true}]}}