{"id":69616,"date":"2023-03-10T15:37:27","date_gmt":"2023-03-10T15:37:27","guid":{"rendered":"https:\/\/www.granapadano.it\/die-kunst-der-herstellung\/ein-produkt-mit-kultstatus\/die-eigenschaften\/grana-padano-naturalmente-privo-di-lattosio\/"},"modified":"2026-03-31T14:25:47","modified_gmt":"2026-03-31T14:25:47","slug":"grana-padano-naturlich-laktosefrei","status":"publish","type":"page","link":"https:\/\/www.granapadano.it\/de-de\/die-form-des-wohlbefindens\/nahrwerte\/grana-padano-naturlich-laktosefrei\/","title":{"rendered":"Grana Padano nat\u00fcrlich laktosefrei"},"content":{"rendered":"<p>[et_pb_section fb_built=&#8221;1&#8243; fullwidth=&#8221;on&#8221; _builder_version=&#8221;4.19.0&#8243; _module_preset=&#8221;default&#8221; global_colors_info=&#8221;{}&#8221;][et_pb_fullwidth_image src=&#8221;https:\/\/www.granapadano.it\/wp-content\/uploads\/2026\/03\/GP_header-Privo-di-lattosio-NO-SCritta.jpg&#8221; title_text=&#8221;GP_header-Privo-di-lattosio-NO-SCritta&#8221; src_tablet=&#8221;https:\/\/www.granapadano.it\/wp-content\/uploads\/2023\/03\/header.jpg&#8221; src_phone=&#8221;https:\/\/www.granapadano.it\/wp-content\/uploads\/2023\/03\/mobile.jpg&#8221; src_last_edited=&#8221;on|phone&#8221; _builder_version=&#8221;4.27.6&#8243; _module_preset=&#8221;default&#8221; global_colors_info=&#8221;{}&#8221;][\/et_pb_fullwidth_image][\/et_pb_section][et_pb_section fb_built=&#8221;1&#8243; module_class=&#8221;production_sub_hub_main_wrapper&#8221; _builder_version=&#8221;4.19.3&#8243; _module_preset=&#8221;default&#8221; custom_padding=&#8221;13px||0px|||&#8221; global_colors_info=&#8221;{}&#8221;][et_pb_row module_class=&#8221;recipe_filter_section&#8221; _builder_version=&#8221;4.19.4&#8243; _module_preset=&#8221;default&#8221; max_width=&#8221;90%&#8221; custom_padding=&#8221;||7px|||&#8221; global_colors_info=&#8221;{}&#8221;][et_pb_column type=&#8221;4_4&#8243; _builder_version=&#8221;4.19.4&#8243; _module_preset=&#8221;default&#8221; global_colors_info=&#8221;{}&#8221;][et_pb_code _builder_version=&#8221;4.19.4&#8243; _module_preset=&#8221;default&#8221; global_colors_info=&#8221;{}&#8221;]<div class=\"breadcrumb\"><a href=\"https:\/\/www.granapadano.it\/de-de\/\">Home<\/a>  <  <\/div>[\/et_pb_code][\/et_pb_column][\/et_pb_row][\/et_pb_section][et_pb_section fb_built=&#8221;1&#8243; _builder_version=&#8221;4.19.5&#8243; _module_preset=&#8221;default&#8221; custom_padding=&#8221;50px|||||&#8221; global_colors_info=&#8221;{}&#8221;][et_pb_row column_structure=&#8221;3_5,2_5&#8243; _builder_version=&#8221;4.20.2&#8243; _module_preset=&#8221;default&#8221; global_colors_info=&#8221;{}&#8221;][et_pb_column type=&#8221;3_5&#8243; _builder_version=&#8221;4.20.2&#8243; _module_preset=&#8221;default&#8221; global_colors_info=&#8221;{}&#8221;][et_pb_text module_class=&#8221;eventi_ambascitori_top_sec_title&#8221; _builder_version=&#8221;4.27.6&#8243; _module_preset=&#8221;default&#8221; text_font=&#8221;Merriweather|700|||||||&#8221; text_text_color=&#8221;#0f0f0f&#8221; text_font_size=&#8221;44px&#8221; text_line_height=&#8221;62px&#8221; header_text_color=&#8221;gcid-8696fd7e-29dd-4028-9d4d-981b208a53a9&#8243; header_font_size=&#8221;44px&#8221; header_line_height=&#8221;52px&#8221; text_orientation=&#8221;center&#8221; custom_margin=&#8221;10px||7px||false|false&#8221; global_colors_info=&#8221;{%22gcid-8696fd7e-29dd-4028-9d4d-981b208a53a9%22:%91%22header_text_color%22%93}&#8221;]<\/p>\n<h1 style=\"text-align: left;\">Grana Padano nat\u00fcrlich laktosefrei<\/h1>\n<p>[\/et_pb_text][et_pb_text _builder_version=&#8221;4.27.6&#8243; _module_preset=&#8221;default&#8221; text_font=&#8221;|300|||||||&#8221; text_text_color=&#8221;#000000&#8243; text_font_size=&#8221;16px&#8221; text_line_height=&#8221;26px&#8221; text_orientation=&#8221;center&#8221; custom_padding=&#8221;|15px||||&#8221; global_colors_info=&#8221;{}&#8221;]<\/p>\n<p style=\"text-align: left;\">Grana Padano ist von Haus aus laktosefrei durch den nat\u00fcrlichen Herstellungsprozess des Grana Padano DOP.<\/p>\n<p style=\"text-align: left;\">Galaktosegehalt unter 10 mg pro 100 g<br \/>(Ca. Min. Memo des italienischen Gesundheitsministeriums DGISAN 16.06.2016)<\/p>\n<p style=\"text-align: left;\">Das grunds\u00e4tzliche Fehlen von Laktose im Grana Padano DOP &#8211; eine Folge des nat\u00fcrlichen Produktionsprozesses, wie er in den Produktions Reglungen festgelegt ist &#8211; bedeutet, dass Laktoseintolerante problemlos Laktose aufnehmen k\u00f6nnen, so dass sie von dem au\u00dfergew\u00f6hnlichen N\u00e4hrstoffgehalt der Milch und den bioaktiven Eigenschaften des K\u00e4ses profitieren k\u00f6nnen. Nach 9 Monaten Reifezeit (die in den DOP-Spezifikationsvorschriften festgelegte Mindestzeit) ist dieser K\u00e4se im Wesentlichen laktosefrei und kann von Erwachsenen und Kindern konsumiert werden, die eine Intoleranz gegen\u00fcber diesem Zucker zeigen, d.h. ohne das Enzym Laktase.<\/p>\n<p style=\"text-align: left;\">Dar\u00fcber hinaus weist Grana Padano PDO einen Restgalaktosegehalt von weniger als 10 mg\/100g auf. Dank dieser Eigenschaften wird dieser K\u00e4se f\u00fcr Di\u00e4ten mit niedrigem FODMAP-Gehalt (fermentierbare Oligo-di- und Monosaccharide sowie Polyole) empfohlen (P.R. Gibson &amp; S.J. Shepherd, 2005).<\/p>\n<p>[\/et_pb_text][\/et_pb_column][et_pb_column type=&#8221;2_5&#8243; _builder_version=&#8221;4.20.2&#8243; _module_preset=&#8221;default&#8221; global_colors_info=&#8221;{}&#8221;][et_pb_image _builder_version=&#8221;4.20.2&#8243; _module_preset=&#8221;default&#8221; global_colors_info=&#8221;{}&#8221;][\/et_pb_image][et_pb_image src=&#8221;https:\/\/www.granapadano.it\/wp-content\/uploads\/2023\/03\/locandina-28054.jpg&#8221; _builder_version=&#8221;4.27.6&#8243; _module_preset=&#8221;default&#8221; global_colors_info=&#8221;{}&#8221;][\/et_pb_image][\/et_pb_column][\/et_pb_row][\/et_pb_section][et_pb_section fb_built=&#8221;1&#8243; _builder_version=&#8221;4.19.5&#8243; _module_preset=&#8221;default&#8221; custom_padding=&#8221;0px||5px|||&#8221; locked=&#8221;off&#8221; global_colors_info=&#8221;{}&#8221;][et_pb_row _builder_version=&#8221;4.19.5&#8243; _module_preset=&#8221;default&#8221; custom_padding=&#8221;||2px|||&#8221; locked=&#8221;off&#8221; global_colors_info=&#8221;{}&#8221;][et_pb_column type=&#8221;4_4&#8243; _builder_version=&#8221;4.19.5&#8243; _module_preset=&#8221;default&#8221; global_colors_info=&#8221;{}&#8221;][et_pb_text module_class=&#8221;prodotto_scopri_heading  &#8221; _builder_version=&#8221;4.20.2&#8243; _module_preset=&#8221;default&#8221; text_font=&#8221;Merriweather|700|||||||&#8221; text_text_color=&#8221;#0f0f0f&#8221; text_font_size=&#8221;44px&#8221; text_line_height=&#8221;52px&#8221; header_text_color=&#8221;gcid-8696fd7e-29dd-4028-9d4d-981b208a53a9&#8243; header_font_size=&#8221;38px&#8221; header_line_height=&#8221;44px&#8221; text_orientation=&#8221;center&#8221; custom_margin=&#8221;-12px||7px|||&#8221; custom_padding=&#8221;0px|||||&#8221; global_colors_info=&#8221;{%22gcid-8696fd7e-29dd-4028-9d4d-981b208a53a9%22:%91%22header_text_color%22%93}&#8221;]<\/p>\n<h1>See also<\/h1>\n<p>[\/et_pb_text][\/et_pb_column][\/et_pb_row][et_pb_row column_structure=&#8221;1_2,1_2&#8243; use_custom_gutter=&#8221;on&#8221; gutter_width=&#8221;3&#8243; module_class=&#8221;consorzio_saprate_section consorzio_vini_abbinare_page&#8221; _builder_version=&#8221;4.27.6&#8243; _module_preset=&#8221;default&#8221; transform_scale=&#8221;94%|94%&#8221; max_width=&#8221;90%&#8221; custom_padding=&#8221;0px||50px|||&#8221; global_colors_info=&#8221;{}&#8221;][et_pb_column type=&#8221;1_2&#8243; _builder_version=&#8221;4.27.6&#8243; _module_preset=&#8221;default&#8221; link_option_url=&#8221;\/it-it\/larte-della-produzione\/il-prodotto-iconico\/le-proprieta\/valori-nutrizionali-e-calorie-del-grana-padano\/&#8221; custom_css_free_form=&#8221;    .et_pb_gutters3 .et_pb_column_1_2, .et_pb_gutters3.et_pb_row .et_pb_column_1_2 {||    border-radius: 0px 0px 0px 0px !important; background-color: #F9F1E4 !important;||}&#8221; global_colors_info=&#8221;{}&#8221;][et_pb_image title_text=&#8221;A Cow grazing in a field&#8221; url=&#8221;https:\/\/www.granapadano.it\/de-de\/die-form-des-wohlbefindens\/nahrwerte\/nahrwerte-und-kalorien-von-grana-padano\/&#8221; align=&#8221;center&#8221; _builder_version=&#8221;4.27.6&#8243; _module_preset=&#8221;default&#8221; background_color=&#8221;RGBA(255,255,255,0)&#8221; background_image=&#8221;https:\/\/www.granapadano.it\/wp-content\/uploads\/2023\/03\/Valori-nutrizionali.jpg&#8221; min_height=&#8221;89px&#8221; custom_padding=&#8221;209px|0px||2px|false|false&#8221; global_colors_info=&#8221;{}&#8221;][\/et_pb_image][et_pb_text _builder_version=&#8221;4.27.6&#8243; _module_preset=&#8221;default&#8221; header_3_font=&#8221;Merriweather|700|||||||&#8221; header_3_text_color=&#8221;#0f0f0f&#8221; header_3_font_size=&#8221;23px&#8221; header_3_line_height=&#8221;31px&#8221; global_colors_info=&#8221;{}&#8221;]<\/p>\n<h3>N\u00e4hrwerte und kalorien von Grana Padano<\/h3>\n<p>[\/et_pb_text][et_pb_text _builder_version=&#8221;4.19.5&#8243; _module_preset=&#8221;default&#8221; text_text_color=&#8221;#0f0f0f&#8221; text_font_size=&#8221;18px&#8221; text_line_height=&#8221;26px&#8221; global_colors_info=&#8221;{}&#8221;]<\/p>\n<p>Mithilfe der Rohstoffe, die in Grana Padano enthalten sind, (&#8230;) gro\u00dfartige Ern\u00e4hrungsphysiologische Eigenschaften.<\/p>\n<p>[\/et_pb_text][et_pb_image src=&#8221;https:\/\/www.granapadano.it\/wp-content\/uploads\/2022\/11\/Path-20171.png&#8221; title_text=&#8221;Path 20171&#8243; url=&#8221;https:\/\/www.granapadano.it\/de-de\/die-form-des-wohlbefindens\/nahrwerte\/nahrwerte-und-kalorien-von-grana-padano\/&#8221; align=&#8221;right&#8221; _builder_version=&#8221;4.27.6&#8243; _module_preset=&#8221;default&#8221; global_colors_info=&#8221;{}&#8221;][\/et_pb_image][\/et_pb_column][et_pb_column type=&#8221;1_2&#8243; _builder_version=&#8221;4.20.2&#8243; _module_preset=&#8221;default&#8221; link_option_url=&#8221;\/it-it\/larte-della-produzione\/il-prodotto-iconico\/le-proprieta\/tabella-valori-nutrizionali-del-grana-padano\/&#8221; global_colors_info=&#8221;{}&#8221;][et_pb_image title_text=&#8221;A Cow grazing in a field&#8221; url=&#8221;https:\/\/www.granapadano.it\/de-de\/die-form-des-wohlbefindens\/nahrwerte\/ernahrungstabelle-fur-grana-padano\/&#8221; align=&#8221;center&#8221; _builder_version=&#8221;4.27.6&#8243; _module_preset=&#8221;default&#8221; background_color=&#8221;RGBA(255,255,255,0)&#8221; background_image=&#8221;https:\/\/www.granapadano.it\/wp-content\/uploads\/2023\/03\/Tabella-nutrizionale.jpg&#8221; min_height=&#8221;89px&#8221; custom_padding=&#8221;209px|0px||2px|false|false&#8221; global_colors_info=&#8221;{}&#8221;][\/et_pb_image][et_pb_text _builder_version=&#8221;4.20.2&#8243; _module_preset=&#8221;default&#8221; header_3_font=&#8221;Merriweather|700|||||||&#8221; header_3_text_color=&#8221;#0f0f0f&#8221; header_3_font_size=&#8221;23px&#8221; header_3_line_height=&#8221;31px&#8221; locked=&#8221;off&#8221; global_colors_info=&#8221;{}&#8221;]<\/p>\n<h3>Ern\u00e4hrungstabelle f\u00fcr Grana Padano<\/h3>\n<p>[\/et_pb_text][et_pb_text _builder_version=&#8221;4.20.2&#8243; _module_preset=&#8221;default&#8221; text_text_color=&#8221;#0f0f0f&#8221; text_font_size=&#8221;18px&#8221; text_line_height=&#8221;26px&#8221; locked=&#8221;off&#8221; global_colors_info=&#8221;{}&#8221;]<\/p>\n<p>100 Gramm Grana Padano haben einen N\u00e4hrwert von 398 Kalorien. Mehr erfahren&#8230;<\/p>\n<p>[\/et_pb_text][et_pb_image src=&#8221;https:\/\/www.granapadano.it\/wp-content\/uploads\/2022\/11\/Path-20171.png&#8221; title_text=&#8221;Path 20171&#8243; url=&#8221;https:\/\/www.granapadano.it\/de-de\/die-form-des-wohlbefindens\/nahrwerte\/ernahrungstabelle-fur-grana-padano\/&#8221; align=&#8221;right&#8221; _builder_version=&#8221;4.27.6&#8243; _module_preset=&#8221;default&#8221; locked=&#8221;off&#8221; global_colors_info=&#8221;{}&#8221;][\/et_pb_image][\/et_pb_column][\/et_pb_row][\/et_pb_section]<\/p>\n","protected":false},"excerpt":{"rendered":"<p><div class=\"breadcrumb\"><a href=\"https:\/\/www.granapadano.it\/de-de\/\">Home<\/a>  <  <\/div>Grana Padano nat\u00fcrlich laktosefreiGrana Padano ist von Haus aus laktosefrei durch den nat\u00fcrlichen Herstellungsprozess des Grana Padano DOP. Galaktosegehalt unter 10 mg pro 100 g(Ca. Min. Memo des italienischen Gesundheitsministeriums DGISAN 16.06.2016) Das grunds\u00e4tzliche Fehlen von Laktose im Grana Padano DOP &#8211; eine Folge des nat\u00fcrlichen Produktionsprozesses, wie er in den Produktions Reglungen festgelegt ist [&hellip;]<\/p>\n","protected":false},"author":6,"featured_media":0,"parent":41535,"menu_order":873,"comment_status":"closed","ping_status":"closed","template":"","meta":{"_acf_changed":false,"_et_pb_use_builder":"on","_et_pb_old_content":"","_et_gb_content_width":"","footnotes":""},"class_list":["post-69616","page","type-page","status-publish","hentry"],"acf":[],"yoast_head":"<!-- This site is optimized with the Yoast SEO plugin v27.4 - https:\/\/yoast.com\/product\/yoast-seo-wordpress\/ -->\n<title>Grana Padano nat\u00fcrlich laktosefrei - Grana Padano<\/title>\n<meta name=\"robots\" content=\"index, follow, max-snippet:-1, max-image-preview:large, max-video-preview:-1\" \/>\n<link rel=\"canonical\" href=\"https:\/\/www.granapadano.it\/de-de\/die-form-des-wohlbefindens\/nahrwerte\/grana-padano-naturlich-laktosefrei\/\" \/>\n<meta property=\"og:locale\" content=\"de_DE\" \/>\n<meta property=\"og:type\" content=\"article\" \/>\n<meta property=\"og:title\" content=\"Grana Padano nat\u00fcrlich laktosefrei - Grana Padano\" \/>\n<meta property=\"og:description\" content=\"Grana Padano nat\u00fcrlich laktosefreiGrana Padano ist von Haus aus laktosefrei durch den nat\u00fcrlichen Herstellungsprozess des Grana Padano DOP. Galaktosegehalt unter 10 mg pro 100 g(Ca. Min. Memo des italienischen Gesundheitsministeriums DGISAN 16.06.2016) Das grunds\u00e4tzliche Fehlen von Laktose im Grana Padano DOP - eine Folge des nat\u00fcrlichen Produktionsprozesses, wie er in den Produktions Reglungen festgelegt ist [&hellip;]\" \/>\n<meta property=\"og:url\" content=\"https:\/\/www.granapadano.it\/de-de\/die-form-des-wohlbefindens\/nahrwerte\/grana-padano-naturlich-laktosefrei\/\" \/>\n<meta property=\"og:site_name\" content=\"Grana Padano\" \/>\n<meta property=\"article:modified_time\" content=\"2026-03-31T14:25:47+00:00\" \/>\n<meta name=\"twitter:card\" content=\"summary_large_image\" \/>\n<meta name=\"twitter:label1\" content=\"Est. reading time\" \/>\n\t<meta name=\"twitter:data1\" content=\"2 minutes\" \/>\n<script type=\"application\/ld+json\" class=\"yoast-schema-graph\">{\"@context\":\"https:\\\/\\\/schema.org\",\"@graph\":[{\"@type\":\"WebPage\",\"@id\":\"https:\\\/\\\/www.granapadano.it\\\/de-de\\\/die-form-des-wohlbefindens\\\/nahrwerte\\\/grana-padano-naturlich-laktosefrei\\\/\",\"url\":\"https:\\\/\\\/www.granapadano.it\\\/de-de\\\/die-form-des-wohlbefindens\\\/nahrwerte\\\/grana-padano-naturlich-laktosefrei\\\/\",\"name\":\"Grana Padano nat\u00fcrlich laktosefrei - Grana Padano\",\"isPartOf\":{\"@id\":\"https:\\\/\\\/www.granapadano.it\\\/de-de\\\/#website\"},\"datePublished\":\"2023-03-10T15:37:27+00:00\",\"dateModified\":\"2026-03-31T14:25:47+00:00\",\"breadcrumb\":{\"@id\":\"https:\\\/\\\/www.granapadano.it\\\/de-de\\\/die-form-des-wohlbefindens\\\/nahrwerte\\\/grana-padano-naturlich-laktosefrei\\\/#breadcrumb\"},\"inLanguage\":\"de-de\",\"potentialAction\":[{\"@type\":\"ReadAction\",\"target\":[\"https:\\\/\\\/www.granapadano.it\\\/de-de\\\/die-form-des-wohlbefindens\\\/nahrwerte\\\/grana-padano-naturlich-laktosefrei\\\/\"]}]},{\"@type\":\"BreadcrumbList\",\"@id\":\"https:\\\/\\\/www.granapadano.it\\\/de-de\\\/die-form-des-wohlbefindens\\\/nahrwerte\\\/grana-padano-naturlich-laktosefrei\\\/#breadcrumb\",\"itemListElement\":[{\"@type\":\"ListItem\",\"position\":1,\"name\":\"Home\",\"item\":\"https:\\\/\\\/www.granapadano.it\\\/de-de\\\/\"},{\"@type\":\"ListItem\",\"position\":2,\"name\":\"Die Form des Wohlbefindens\",\"item\":\"https:\\\/\\\/www.granapadano.it\\\/de-de\\\/ie-form-des-wohlbefindens\\\/\"},{\"@type\":\"ListItem\",\"position\":3,\"name\":\"N\u00e4hrwerte\",\"item\":\"https:\\\/\\\/www.granapadano.it\\\/de-de\\\/die-form-des-wohlbefindens\\\/nahrwerte\\\/\"},{\"@type\":\"ListItem\",\"position\":4,\"name\":\"Grana Padano nat\u00fcrlich laktosefrei\"}]},{\"@type\":\"WebSite\",\"@id\":\"https:\\\/\\\/www.granapadano.it\\\/de-de\\\/#website\",\"url\":\"https:\\\/\\\/www.granapadano.it\\\/de-de\\\/\",\"name\":\"Grana Padano\",\"description\":\"\",\"potentialAction\":[{\"@type\":\"SearchAction\",\"target\":{\"@type\":\"EntryPoint\",\"urlTemplate\":\"https:\\\/\\\/www.granapadano.it\\\/de-de\\\/?s={search_term_string}\"},\"query-input\":{\"@type\":\"PropertyValueSpecification\",\"valueRequired\":true,\"valueName\":\"search_term_string\"}}],\"inLanguage\":\"de-de\"}]}<\/script>\n<!-- \/ Yoast SEO plugin. -->","yoast_head_json":{"title":"Grana Padano nat\u00fcrlich laktosefrei - Grana Padano","robots":{"index":"index","follow":"follow","max-snippet":"max-snippet:-1","max-image-preview":"max-image-preview:large","max-video-preview":"max-video-preview:-1"},"canonical":"https:\/\/www.granapadano.it\/de-de\/die-form-des-wohlbefindens\/nahrwerte\/grana-padano-naturlich-laktosefrei\/","og_locale":"de_DE","og_type":"article","og_title":"Grana Padano nat\u00fcrlich laktosefrei - Grana Padano","og_description":"Grana Padano nat\u00fcrlich laktosefreiGrana Padano ist von Haus aus laktosefrei durch den nat\u00fcrlichen Herstellungsprozess des Grana Padano DOP. Galaktosegehalt unter 10 mg pro 100 g(Ca. Min. Memo des italienischen Gesundheitsministeriums DGISAN 16.06.2016) Das grunds\u00e4tzliche Fehlen von Laktose im Grana Padano DOP - eine Folge des nat\u00fcrlichen Produktionsprozesses, wie er in den Produktions Reglungen festgelegt ist [&hellip;]","og_url":"https:\/\/www.granapadano.it\/de-de\/die-form-des-wohlbefindens\/nahrwerte\/grana-padano-naturlich-laktosefrei\/","og_site_name":"Grana Padano","article_modified_time":"2026-03-31T14:25:47+00:00","twitter_card":"summary_large_image","twitter_misc":{"Est. reading time":"2 minutes"},"schema":{"@context":"https:\/\/schema.org","@graph":[{"@type":"WebPage","@id":"https:\/\/www.granapadano.it\/de-de\/die-form-des-wohlbefindens\/nahrwerte\/grana-padano-naturlich-laktosefrei\/","url":"https:\/\/www.granapadano.it\/de-de\/die-form-des-wohlbefindens\/nahrwerte\/grana-padano-naturlich-laktosefrei\/","name":"Grana Padano nat\u00fcrlich laktosefrei - Grana Padano","isPartOf":{"@id":"https:\/\/www.granapadano.it\/de-de\/#website"},"datePublished":"2023-03-10T15:37:27+00:00","dateModified":"2026-03-31T14:25:47+00:00","breadcrumb":{"@id":"https:\/\/www.granapadano.it\/de-de\/die-form-des-wohlbefindens\/nahrwerte\/grana-padano-naturlich-laktosefrei\/#breadcrumb"},"inLanguage":"de-de","potentialAction":[{"@type":"ReadAction","target":["https:\/\/www.granapadano.it\/de-de\/die-form-des-wohlbefindens\/nahrwerte\/grana-padano-naturlich-laktosefrei\/"]}]},{"@type":"BreadcrumbList","@id":"https:\/\/www.granapadano.it\/de-de\/die-form-des-wohlbefindens\/nahrwerte\/grana-padano-naturlich-laktosefrei\/#breadcrumb","itemListElement":[{"@type":"ListItem","position":1,"name":"Home","item":"https:\/\/www.granapadano.it\/de-de\/"},{"@type":"ListItem","position":2,"name":"Die Form des Wohlbefindens","item":"https:\/\/www.granapadano.it\/de-de\/ie-form-des-wohlbefindens\/"},{"@type":"ListItem","position":3,"name":"N\u00e4hrwerte","item":"https:\/\/www.granapadano.it\/de-de\/die-form-des-wohlbefindens\/nahrwerte\/"},{"@type":"ListItem","position":4,"name":"Grana Padano nat\u00fcrlich laktosefrei"}]},{"@type":"WebSite","@id":"https:\/\/www.granapadano.it\/de-de\/#website","url":"https:\/\/www.granapadano.it\/de-de\/","name":"Grana Padano","description":"","potentialAction":[{"@type":"SearchAction","target":{"@type":"EntryPoint","urlTemplate":"https:\/\/www.granapadano.it\/de-de\/?s={search_term_string}"},"query-input":{"@type":"PropertyValueSpecification","valueRequired":true,"valueName":"search_term_string"}}],"inLanguage":"de-de"}]}},"_links":{"self":[{"href":"https:\/\/www.granapadano.it\/de-de\/wp-json\/wp\/v2\/pages\/69616","targetHints":{"allow":["GET"]}}],"collection":[{"href":"https:\/\/www.granapadano.it\/de-de\/wp-json\/wp\/v2\/pages"}],"about":[{"href":"https:\/\/www.granapadano.it\/de-de\/wp-json\/wp\/v2\/types\/page"}],"author":[{"embeddable":true,"href":"https:\/\/www.granapadano.it\/de-de\/wp-json\/wp\/v2\/users\/6"}],"replies":[{"embeddable":true,"href":"https:\/\/www.granapadano.it\/de-de\/wp-json\/wp\/v2\/comments?post=69616"}],"version-history":[{"count":4,"href":"https:\/\/www.granapadano.it\/de-de\/wp-json\/wp\/v2\/pages\/69616\/revisions"}],"predecessor-version":[{"id":153612,"href":"https:\/\/www.granapadano.it\/de-de\/wp-json\/wp\/v2\/pages\/69616\/revisions\/153612"}],"up":[{"embeddable":true,"href":"https:\/\/www.granapadano.it\/de-de\/wp-json\/wp\/v2\/pages\/41535"}],"wp:attachment":[{"href":"https:\/\/www.granapadano.it\/de-de\/wp-json\/wp\/v2\/media?parent=69616"}],"curies":[{"name":"wp","href":"https:\/\/api.w.org\/{rel}","templated":true}]}}