{"id":45904,"date":"2023-02-16T13:21:16","date_gmt":"2023-02-16T13:21:16","guid":{"rendered":"https:\/\/www.granapadano.it\/vorschlage-zum-servieren\/kombinationen\/zu-welchen-biersorten-passt-der-grana-padano\/belgian-dark-strong-ale\/"},"modified":"2023-03-24T15:34:18","modified_gmt":"2023-03-24T15:34:18","slug":"belgian-dark-strong-ale","status":"publish","type":"page","link":"https:\/\/www.granapadano.it\/de-de\/vorschlage-zum-servieren\/kombinationen\/zu-welchen-biersorten-passt-der-grana-padano\/belgian-dark-strong-ale\/","title":{"rendered":"Belgian Dark Strong Ale"},"content":{"rendered":"<p>[et_pb_section fb_built=&#8221;1&#8243; fullwidth=&#8221;on&#8221; _builder_version=&#8221;4.19.5&#8243; _module_preset=&#8221;default&#8221; global_colors_info=&#8221;{}&#8221;][et_pb_fullwidth_code _builder_version=&#8221;4.20.0&#8243; _module_preset=&#8221;default&#8221; global_colors_info=&#8221;{}&#8221;][et_pb_section global_module=\"41908 \"][\/et_pb_section][\/et_pb_fullwidth_code][\/et_pb_section][et_pb_section fb_built=&#8221;1&#8243; module_class=&#8221;production_sub_hub_main_wrapper&#8221; _builder_version=&#8221;4.19.4&#8243; _module_preset=&#8221;default&#8221; custom_padding=&#8221;13px||0px|||&#8221; locked=&#8221;off&#8221; global_colors_info=&#8221;{}&#8221;][et_pb_row module_class=&#8221;recipe_filter_section&#8221; _builder_version=&#8221;4.19.2&#8243; _module_preset=&#8221;default&#8221; max_width=&#8221;90%&#8221; custom_padding=&#8221;||7px|||&#8221; global_colors_info=&#8221;{}&#8221;][et_pb_column type=&#8221;4_4&#8243; _builder_version=&#8221;4.19.2&#8243; _module_preset=&#8221;default&#8221; global_colors_info=&#8221;{}&#8221;][et_pb_code _builder_version=&#8221;4.19.2&#8243; _module_preset=&#8221;default&#8221; custom_margin=&#8221;||16px|||&#8221; global_colors_info=&#8221;{}&#8221;]<div class=\"breadcrumb\"><a href=\"https:\/\/www.granapadano.it\/de-de\/\">Home<\/a>  <  <\/div>[\/et_pb_code][\/et_pb_column][\/et_pb_row][\/et_pb_section][et_pb_section fb_built=&#8221;1&#8243; module_class=&#8221;giovani_sub_hub_title&#8221; _builder_version=&#8221;4.19.5&#8243; _module_preset=&#8221;default&#8221; width=&#8221;99.9%&#8221; custom_padding=&#8221;0px||0px||false|false&#8221; locked=&#8221;off&#8221; global_colors_info=&#8221;{}&#8221;][et_pb_row module_class=&#8221;gp_producion_heading_wrapper&#8221; _builder_version=&#8221;4.19.5&#8243; _module_preset=&#8221;default&#8221; max_width=&#8221;90%&#8221; module_alignment=&#8221;center&#8221; custom_padding=&#8221;||||false|false&#8221; global_colors_info=&#8221;{}&#8221;][et_pb_column type=&#8221;4_4&#8243; _builder_version=&#8221;4.19.4&#8243; _module_preset=&#8221;default&#8221; global_colors_info=&#8221;{}&#8221;][et_pb_text module_class=&#8221;giovani_sub_hub_title_text&#8221; _builder_version=&#8221;4.20.0&#8243; _module_preset=&#8221;default&#8221; text_font=&#8221;Merriweather|700|||||||&#8221; text_text_color=&#8221;#0f0f0f&#8221; text_font_size=&#8221;80px&#8221; text_line_height=&#8221;70px&#8221; header_font=&#8221;Merriweather||||||||&#8221; header_text_color=&#8221;gcid-8696fd7e-29dd-4028-9d4d-981b208a53a9&#8243; header_font_size=&#8221;44px&#8221; header_line_height=&#8221;52px&#8221; text_orientation=&#8221;center&#8221; min_height=&#8221;83px&#8221; custom_margin=&#8221;||0px||false|false&#8221; custom_padding=&#8221;||0px||false|false&#8221; global_colors_info=&#8221;{%22gcid-8696fd7e-29dd-4028-9d4d-981b208a53a9%22:%91%22header_text_color%22%93}&#8221;]<\/p>\n<h1><span>Belgian Dark Strong Ale<\/span><\/h1>\n<p>[\/et_pb_text][\/et_pb_column][\/et_pb_row][et_pb_row column_structure=&#8221;2_5,3_5&#8243; module_class=&#8221;article_sub_img_text_content&#8221; _builder_version=&#8221;4.20.2&#8243; _module_preset=&#8221;default&#8221; max_width=&#8221;90%&#8221; module_alignment=&#8221;center&#8221; custom_margin=&#8221;-2px||||false|false&#8221; custom_padding=&#8221;0px||60px||false|false&#8221; global_colors_info=&#8221;{}&#8221;][et_pb_column type=&#8221;2_5&#8243; module_class=&#8221;article_sub_img_wrap&#8221; _builder_version=&#8221;4.20.2&#8243; _module_preset=&#8221;default&#8221; global_colors_info=&#8221;{}&#8221;][et_pb_image src=&#8221;https:\/\/www.granapadano.it\/wp-content\/uploads\/2023\/02\/GRANAPADANOBelgianDarkStrong-43807.jpg&#8221; title_text=&#8221;GRANAPADANOBelgianDarkStrong-43807&#8243; align=&#8221;center&#8221; _builder_version=&#8221;4.19.5&#8243; _module_preset=&#8221;default&#8221; positioning=&#8221;relative&#8221; vertical_offset=&#8221;63px&#8221; module_alignment=&#8221;center&#8221; border_radii=&#8221;on|20px|20px|20px|20px&#8221; global_colors_info=&#8221;{}&#8221;][\/et_pb_image][\/et_pb_column][et_pb_column type=&#8221;3_5&#8243; module_class=&#8221;article_sub_text_wrap&#8221; _builder_version=&#8221;4.20.2&#8243; _module_preset=&#8221;default&#8221; global_colors_info=&#8221;{}&#8221;][et_pb_text _builder_version=&#8221;4.20.2&#8243; _module_preset=&#8221;default&#8221; text_font=&#8221;|700|||||||&#8221; text_text_color=&#8221;#0f0f0f&#8221; text_font_size=&#8221;18px&#8221; text_line_height=&#8221;27px&#8221; background_color=&#8221;gcid-26f0371c-74dd-4e63-bbf8-f8ec94f09a6d&#8221; text_orientation=&#8221;center&#8221; width=&#8221;17%&#8221; module_alignment=&#8221;left&#8221; custom_margin=&#8221;||30px||false|false&#8221; custom_padding=&#8221;10px||10px||false|false&#8221; hover_enabled=&#8221;0&#8243; border_radii=&#8221;on|30px|30px|30px|30px&#8221; global_colors_info=&#8221;{%22gcid-26f0371c-74dd-4e63-bbf8-f8ec94f09a6d%22:%91%22background_color%22%93}&#8221; sticky_enabled=&#8221;0&#8243;]<\/p>\n<p>Bier<\/p>\n<p>[\/et_pb_text][et_pb_text _builder_version=&#8221;4.20.2&#8243; _module_preset=&#8221;default&#8221; text_text_color=&#8221;#0f0f0f&#8221; text_font_size=&#8221;18px&#8221; text_line_height=&#8221;26px&#8221; width=&#8221;100%&#8221; global_colors_info=&#8221;{}&#8221;]<\/p>\n<p>Der Name dieses Stils l\u00e4sst dessen geografischen Ursprung klar erkennen. Der Reiz und die Potenz dieser Sorte haben die Herzen weit \u00fcber die Grenzen von Flandern und der Wallonie hinaus erobert, so sehr, dass sie heute weltweit gebraut und genossen wird.<\/p>\n<p>&#8211;<strong> Aufbewahrung:<\/strong> da es sich um einen hochg\u00e4rigen Stil handelt, ist die Einhaltung der K\u00fchlkette nicht zwingend erforderlich. Dennoch ist es wichtig, dass die Temperatur zwischen 18 und 20 \u00b0C gehalten wird, da dar\u00fcber hinaus (bei nicht pasteurisierten Bieren) eine erneute G\u00e4rung in der Flasche mit unerw\u00fcnschten sensorischen Resultaten ausgel\u00f6st werden k\u00f6nnte.<\/p>\n<p>&#8211; <strong>Ausschanktemperatur:<\/strong> zwischen 10 und 16 \u00b0C, serviert in einem Glas weiter \u00d6ffnung, beispielsweise einem Kelch. Das Glas wird zu Beginn um 45 Grad geneigt und anschlie\u00dfend gerade gehalten, um die Bildung einer sch\u00f6nen Schaumkrone zu beg\u00fcnstigen. Aufgrund des Hefegehalts kann es in der Neige \u2013 bei den nicht vollst\u00e4ndig filtrierten Varianten \u2013 zu einer erh\u00f6hten Menge von sedimentierten Hefestoffen kommen, weshalb das Ende des Ausschanks aus der Flasche besondere Aufmerksamkeit erfordert. Ein Fingerbreit Neige kann jedoch auch in der Flasche belassen werden, die dann um ihre L\u00e4ngsachse geschwenkt wird. Anschlie\u00dfend wird die Neige in ein zweites Glas geschenkt, damit die Charakteristika der Hefestoffe gezielt gekostet werden k\u00f6nnen.<\/p>\n<p>&#8211; <strong>Alkoholgehalt:<\/strong> 8-12% alc.<\/p>\n<p><strong>Charakteristika (Optik, Geschmack, Aroma):<\/strong> die Farbe reicht von sattem Bernstein bis zu Braun mit Granatreflexen, die Optik ist in der Regel blank bis leicht opal und die cappuccino- bis beigefarbene Schaumkrone ist \u00fcppig, stabil und cremig und so anhaftend, dass sie h\u00e4ufig im Glas zu dem als \u201eBr\u00fcsseler Spitze\u201c bekannten Ph\u00e4nomen f\u00fchrt. Der Duftcharakter ist dominant, was dessen Intensit\u00e4t und Komplexit\u00e4t betrifft: Er offenbart Motive, die an Karamell, Honig, ger\u00f6stete Haseln\u00fcsse und Mandeln, Amaretto sowie Fr\u00fcchte, genauer gesagt, reife Bananen, Susinen, Rosinen, Pflaumen und Trockenfeigen erinnern, durchwoben von W\u00fcrze in Form von Gew\u00fcrznelken, Pfeffer und Lakritz mit zarten grasigen und krautigen Akzenten. Konsequent am Gaumen, mit mittelstarkem K\u00f6rper, mittelhohem Kohlens\u00e4uregehalt und einem schlank-trockenen Finale, die tendenziell zu \u2013 kontrolliert \u2013 bitteren Nuancen neigen, die eine wichtige Rolle f\u00fcr die vorherrschende (alkoholische und zuckrige) Weichheit spielen, die auch tatkr\u00e4ftig von der angenehmen alkoholischen W\u00e4rme unterst\u00fctzt wird. Angesichts des soeben erw\u00e4hnten Alkoholgehalts harmonieren Belgian Dark Strong Ales gekonnt mit den letzten G\u00e4ngen des Men\u00fcs.<br \/>Die strukturelle und gustatorisch-olfaktorische Stabilit\u00e4t dieses Stils eignet sich ausgezeichnet f\u00fcr \u00fcber 20 Monate gereiften Grana Padano Riserva. Insbesondere wirken sich der gro\u00dfz\u00fcgige Alkohol- und Kohlens\u00e4uregehalt harmonisierend auf das Fett im K\u00e4se aus. Die Rundheit am Gaumen wiederum interagiert mit der W\u00fcrze und die R\u00f6staromen verschmelzen mit den verwandten Duftnoten des K\u00e4ses. Eine besonders harmonische und \u00e4u\u00dferst gef\u00e4llige Zusammenkunft.<\/p>\n<p><strong>Besonderheiten<\/strong><\/p>\n<p>Das Belgian Dark Strong Ale ist auch unter dem Namen Quadrupel bekannt. Letzterer ist noch relativ jung und wurde 1991 von der niederl\u00e4ndischen Trappistenbrauerei von Koningshoeven gepr\u00e4gt (die ihre Biere unter dem Namen \u201eLa Trappe\u201c vermarktet), und zwar, um die traditionelle Logik von Enkel, Dubbel und Tripel mit einem noch st\u00e4rkeren Bier fortzusetzen.<\/p>\n<p>[\/et_pb_text][\/et_pb_column][\/et_pb_row][\/et_pb_section]<\/p>\n","protected":false},"excerpt":{"rendered":"<p><div class=\"et_pb_module et_pb_fullwidth_image et_pb_fullwidth_image_0\">\n\t\t\t\t\n\t\t\t\t\n\t\t\t\t\n\t\t\t\t\n\t\t\t\t<img decoding=\"async\" width=\"1920\" height=\"380\" src=\"https:\/\/granapadano.kleecks-cdn.com\/wp-content\/uploads\/2023\/02\/GRANAPADANOItalianGrape-43759-h.jpg\" alt=\"\" title=\"GRANAPADANOItalianGrape-43759-m\" srcset=\"https:\/\/granapadano.kleecks-cdn.com\/wp-content\/uploads\/2023\/02\/GRANAPADANOItalianGrape-43759-h.jpg%201920w,%20https:\/granapadano.kleecks-cdn.com\/wp-content\/uploads\/2023\/02\/GRANAPADANOItalianGrape-43759-h-1280x253.jpg%201280w,%20https:\/granapadano.kleecks-cdn.com\/wp-content\/uploads\/2023\/02\/GRANAPADANOItalianGrape-43759-h-980x194.jpg%20980w,%20https:\/granapadano.kleecks-cdn.com\/wp-content\/uploads\/2023\/02\/GRANAPADANOItalianGrape-43759-h-480x95.jpg%20480w\" sizes=\"(min-width: 0px) and (max-width: 480px) 480px, (min-width: 481px) and (max-width: 980px) 980px, (min-width: 981px) and (max-width: 1280px) 1280px, (min-width: 1281px) 1920px, 100vw\" class=\"wp-image-41771\" data-et-multi-view=\"{&quot;schema&quot;:{&quot;attrs&quot;:{&quot;desktop&quot;:{&quot;src&quot;:&quot;https:\\\/\\\/www.granapadano.it\\\/wp-content\\\/uploads\\\/2023\\\/02\\\/GRANAPADANOItalianGrape-43759-h.jpg&quot;,&quot;alt&quot;:&quot;&quot;,&quot;title&quot;:&quot;GRANAPADANOItalianGrape-43759-m&quot;,&quot;class&quot;:&quot;wp-image-41771&quot;,&quot;srcset&quot;:&quot;https:\\\/\\\/www.granapadano.it\\\/wp-content\\\/uploads\\\/2023\\\/02\\\/GRANAPADANOItalianGrape-43759-h.jpg 1920w, https:\\\/\\\/www.granapadano.it\\\/wp-content\\\/uploads\\\/2023\\\/02\\\/GRANAPADANOItalianGrape-43759-h-1280x253.jpg 1280w, https:\\\/\\\/www.granapadano.it\\\/wp-content\\\/uploads\\\/2023\\\/02\\\/GRANAPADANOItalianGrape-43759-h-980x194.jpg 980w, https:\\\/\\\/www.granapadano.it\\\/wp-content\\\/uploads\\\/2023\\\/02\\\/GRANAPADANOItalianGrape-43759-h-480x95.jpg 480w&quot;,&quot;sizes&quot;:&quot;(min-width: 0px) and (max-width: 480px) 480px, (min-width: 481px) and (max-width: 980px) 980px, (min-width: 981px) and (max-width: 1280px) 1280px, (min-width: 1281px) 1920px, 100vw&quot;},&quot;phone&quot;:{&quot;src&quot;:&quot;https:\\\/\\\/www.granapadano.it\\\/wp-content\\\/uploads\\\/2023\\\/02\\\/GRANAPADANOItalianGrape-43759-m.jpg&quot;,&quot;srcset&quot;:&quot;https:\\\/\\\/www.granapadano.it\\\/wp-content\\\/uploads\\\/2023\\\/02\\\/GRANAPADANOItalianGrape-43759-m.jpg 450w, https:\\\/\\\/www.granapadano.it\\\/wp-content\\\/uploads\\\/2023\\\/02\\\/GRANAPADANOItalianGrape-43759-m-300x133.jpg 300w&quot;,&quot;sizes&quot;:&quot;(max-width: 450px) 100vw, 450px&quot;}}},&quot;slug&quot;:&quot;et_pb_fullwidth_image&quot;}\" \/>\n\t\t\t\n\t\t\t<\/div><div class=\"breadcrumb\"><a href=\"https:\/\/www.granapadano.it\/de-de\/\">Home<\/a>  <  <\/div>Belgian Dark Strong AleBierDer Name dieses Stils l\u00e4sst dessen geografischen Ursprung klar erkennen. Der Reiz und die Potenz dieser Sorte haben die Herzen weit \u00fcber die Grenzen von Flandern und der Wallonie hinaus erobert, so sehr, dass sie heute weltweit gebraut und genossen wird. &#8211; Aufbewahrung: da es sich um einen hochg\u00e4rigen Stil handelt, [&hellip;]<\/p>\n","protected":false},"author":6,"featured_media":0,"parent":32928,"menu_order":226,"comment_status":"closed","ping_status":"closed","template":"","meta":{"_acf_changed":false,"_et_pb_use_builder":"on","_et_pb_old_content":"","_et_gb_content_width":"","footnotes":""},"class_list":["post-45904","page","type-page","status-publish","hentry"],"acf":[],"yoast_head":"<!-- This site is optimized with the Yoast SEO plugin v27.3 - https:\/\/yoast.com\/product\/yoast-seo-wordpress\/ -->\n<title>Belgian Dark Strong Ale - Grana Padano<\/title>\n<meta name=\"robots\" content=\"index, follow, max-snippet:-1, max-image-preview:large, max-video-preview:-1\" \/>\n<link rel=\"canonical\" href=\"https:\/\/www.granapadano.it\/de-de\/vorschlage-zum-servieren\/kombinationen\/zu-welchen-biersorten-passt-der-grana-padano\/belgian-dark-strong-ale\/\" \/>\n<meta property=\"og:locale\" content=\"de_DE\" \/>\n<meta property=\"og:type\" content=\"article\" \/>\n<meta property=\"og:title\" content=\"Belgian Dark Strong Ale - Grana Padano\" \/>\n<meta property=\"og:description\" content=\"Belgian Dark Strong AleBierDer Name dieses Stils l\u00e4sst dessen geografischen Ursprung klar erkennen. Der Reiz und die Potenz dieser Sorte haben die Herzen weit \u00fcber die Grenzen von Flandern und der Wallonie hinaus erobert, so sehr, dass sie heute weltweit gebraut und genossen wird. - Aufbewahrung: da es sich um einen hochg\u00e4rigen Stil handelt, [&hellip;]\" \/>\n<meta property=\"og:url\" content=\"https:\/\/www.granapadano.it\/de-de\/vorschlage-zum-servieren\/kombinationen\/zu-welchen-biersorten-passt-der-grana-padano\/belgian-dark-strong-ale\/\" \/>\n<meta property=\"og:site_name\" content=\"Grana Padano\" \/>\n<meta property=\"article:modified_time\" content=\"2023-03-24T15:34:18+00:00\" \/>\n<meta name=\"twitter:card\" content=\"summary_large_image\" \/>\n<meta name=\"twitter:label1\" content=\"Est. reading time\" \/>\n\t<meta name=\"twitter:data1\" content=\"5 minutes\" \/>\n<script type=\"application\/ld+json\" class=\"yoast-schema-graph\">{\"@context\":\"https:\\\/\\\/schema.org\",\"@graph\":[{\"@type\":\"WebPage\",\"@id\":\"https:\\\/\\\/www.granapadano.it\\\/de-de\\\/vorschlage-zum-servieren\\\/kombinationen\\\/zu-welchen-biersorten-passt-der-grana-padano\\\/belgian-dark-strong-ale\\\/\",\"url\":\"https:\\\/\\\/www.granapadano.it\\\/de-de\\\/vorschlage-zum-servieren\\\/kombinationen\\\/zu-welchen-biersorten-passt-der-grana-padano\\\/belgian-dark-strong-ale\\\/\",\"name\":\"Belgian Dark Strong Ale - Grana Padano\",\"isPartOf\":{\"@id\":\"https:\\\/\\\/www.granapadano.it\\\/de-de\\\/#website\"},\"datePublished\":\"2023-02-16T13:21:16+00:00\",\"dateModified\":\"2023-03-24T15:34:18+00:00\",\"breadcrumb\":{\"@id\":\"https:\\\/\\\/www.granapadano.it\\\/de-de\\\/vorschlage-zum-servieren\\\/kombinationen\\\/zu-welchen-biersorten-passt-der-grana-padano\\\/belgian-dark-strong-ale\\\/#breadcrumb\"},\"inLanguage\":\"de-de\",\"potentialAction\":[{\"@type\":\"ReadAction\",\"target\":[\"https:\\\/\\\/www.granapadano.it\\\/de-de\\\/vorschlage-zum-servieren\\\/kombinationen\\\/zu-welchen-biersorten-passt-der-grana-padano\\\/belgian-dark-strong-ale\\\/\"]}]},{\"@type\":\"BreadcrumbList\",\"@id\":\"https:\\\/\\\/www.granapadano.it\\\/de-de\\\/vorschlage-zum-servieren\\\/kombinationen\\\/zu-welchen-biersorten-passt-der-grana-padano\\\/belgian-dark-strong-ale\\\/#breadcrumb\",\"itemListElement\":[{\"@type\":\"ListItem\",\"position\":1,\"name\":\"Home\",\"item\":\"https:\\\/\\\/www.granapadano.it\\\/de-de\\\/\"},{\"@type\":\"ListItem\",\"position\":2,\"name\":\"Rezepte\",\"item\":\"https:\\\/\\\/www.granapadano.it\\\/de-de\\\/rezepte\\\/\"},{\"@type\":\"ListItem\",\"position\":3,\"name\":\"Kombinationen\",\"item\":\"https:\\\/\\\/www.granapadano.it\\\/de-de\\\/rezepte\\\/kombinationen\\\/\"},{\"@type\":\"ListItem\",\"position\":4,\"name\":\"Zu welchen biersorten passt der Grana Padano?\",\"item\":\"https:\\\/\\\/www.granapadano.it\\\/de-de\\\/vorschlage-zum-servieren\\\/kombinationen\\\/zu-welchen-biersorten-passt-der-grana-padano\\\/\"},{\"@type\":\"ListItem\",\"position\":5,\"name\":\"Belgian Dark Strong Ale\"}]},{\"@type\":\"WebSite\",\"@id\":\"https:\\\/\\\/www.granapadano.it\\\/de-de\\\/#website\",\"url\":\"https:\\\/\\\/www.granapadano.it\\\/de-de\\\/\",\"name\":\"Grana Padano\",\"description\":\"\",\"potentialAction\":[{\"@type\":\"SearchAction\",\"target\":{\"@type\":\"EntryPoint\",\"urlTemplate\":\"https:\\\/\\\/www.granapadano.it\\\/de-de\\\/?s={search_term_string}\"},\"query-input\":{\"@type\":\"PropertyValueSpecification\",\"valueRequired\":true,\"valueName\":\"search_term_string\"}}],\"inLanguage\":\"de-de\"}]}<\/script>\n<!-- \/ Yoast SEO plugin. -->","yoast_head_json":{"title":"Belgian Dark Strong Ale - Grana Padano","robots":{"index":"index","follow":"follow","max-snippet":"max-snippet:-1","max-image-preview":"max-image-preview:large","max-video-preview":"max-video-preview:-1"},"canonical":"https:\/\/www.granapadano.it\/de-de\/vorschlage-zum-servieren\/kombinationen\/zu-welchen-biersorten-passt-der-grana-padano\/belgian-dark-strong-ale\/","og_locale":"de_DE","og_type":"article","og_title":"Belgian Dark Strong Ale - Grana Padano","og_description":"Belgian Dark Strong AleBierDer Name dieses Stils l\u00e4sst dessen geografischen Ursprung klar erkennen. Der Reiz und die Potenz dieser Sorte haben die Herzen weit \u00fcber die Grenzen von Flandern und der Wallonie hinaus erobert, so sehr, dass sie heute weltweit gebraut und genossen wird. - Aufbewahrung: da es sich um einen hochg\u00e4rigen Stil handelt, [&hellip;]","og_url":"https:\/\/www.granapadano.it\/de-de\/vorschlage-zum-servieren\/kombinationen\/zu-welchen-biersorten-passt-der-grana-padano\/belgian-dark-strong-ale\/","og_site_name":"Grana Padano","article_modified_time":"2023-03-24T15:34:18+00:00","twitter_card":"summary_large_image","twitter_misc":{"Est. reading time":"5 minutes"},"schema":{"@context":"https:\/\/schema.org","@graph":[{"@type":"WebPage","@id":"https:\/\/www.granapadano.it\/de-de\/vorschlage-zum-servieren\/kombinationen\/zu-welchen-biersorten-passt-der-grana-padano\/belgian-dark-strong-ale\/","url":"https:\/\/www.granapadano.it\/de-de\/vorschlage-zum-servieren\/kombinationen\/zu-welchen-biersorten-passt-der-grana-padano\/belgian-dark-strong-ale\/","name":"Belgian Dark Strong Ale - Grana Padano","isPartOf":{"@id":"https:\/\/www.granapadano.it\/de-de\/#website"},"datePublished":"2023-02-16T13:21:16+00:00","dateModified":"2023-03-24T15:34:18+00:00","breadcrumb":{"@id":"https:\/\/www.granapadano.it\/de-de\/vorschlage-zum-servieren\/kombinationen\/zu-welchen-biersorten-passt-der-grana-padano\/belgian-dark-strong-ale\/#breadcrumb"},"inLanguage":"de-de","potentialAction":[{"@type":"ReadAction","target":["https:\/\/www.granapadano.it\/de-de\/vorschlage-zum-servieren\/kombinationen\/zu-welchen-biersorten-passt-der-grana-padano\/belgian-dark-strong-ale\/"]}]},{"@type":"BreadcrumbList","@id":"https:\/\/www.granapadano.it\/de-de\/vorschlage-zum-servieren\/kombinationen\/zu-welchen-biersorten-passt-der-grana-padano\/belgian-dark-strong-ale\/#breadcrumb","itemListElement":[{"@type":"ListItem","position":1,"name":"Home","item":"https:\/\/www.granapadano.it\/de-de\/"},{"@type":"ListItem","position":2,"name":"Rezepte","item":"https:\/\/www.granapadano.it\/de-de\/rezepte\/"},{"@type":"ListItem","position":3,"name":"Kombinationen","item":"https:\/\/www.granapadano.it\/de-de\/rezepte\/kombinationen\/"},{"@type":"ListItem","position":4,"name":"Zu welchen biersorten passt der Grana Padano?","item":"https:\/\/www.granapadano.it\/de-de\/vorschlage-zum-servieren\/kombinationen\/zu-welchen-biersorten-passt-der-grana-padano\/"},{"@type":"ListItem","position":5,"name":"Belgian Dark Strong Ale"}]},{"@type":"WebSite","@id":"https:\/\/www.granapadano.it\/de-de\/#website","url":"https:\/\/www.granapadano.it\/de-de\/","name":"Grana Padano","description":"","potentialAction":[{"@type":"SearchAction","target":{"@type":"EntryPoint","urlTemplate":"https:\/\/www.granapadano.it\/de-de\/?s={search_term_string}"},"query-input":{"@type":"PropertyValueSpecification","valueRequired":true,"valueName":"search_term_string"}}],"inLanguage":"de-de"}]}},"_links":{"self":[{"href":"https:\/\/www.granapadano.it\/de-de\/wp-json\/wp\/v2\/pages\/45904","targetHints":{"allow":["GET"]}}],"collection":[{"href":"https:\/\/www.granapadano.it\/de-de\/wp-json\/wp\/v2\/pages"}],"about":[{"href":"https:\/\/www.granapadano.it\/de-de\/wp-json\/wp\/v2\/types\/page"}],"author":[{"embeddable":true,"href":"https:\/\/www.granapadano.it\/de-de\/wp-json\/wp\/v2\/users\/6"}],"replies":[{"embeddable":true,"href":"https:\/\/www.granapadano.it\/de-de\/wp-json\/wp\/v2\/comments?post=45904"}],"version-history":[{"count":0,"href":"https:\/\/www.granapadano.it\/de-de\/wp-json\/wp\/v2\/pages\/45904\/revisions"}],"up":[{"embeddable":true,"href":"https:\/\/www.granapadano.it\/de-de\/wp-json\/wp\/v2\/pages\/32928"}],"wp:attachment":[{"href":"https:\/\/www.granapadano.it\/de-de\/wp-json\/wp\/v2\/media?parent=45904"}],"curies":[{"name":"wp","href":"https:\/\/api.w.org\/{rel}","templated":true}]}}