{"id":45011,"date":"2023-02-16T11:02:12","date_gmt":"2023-02-16T11:02:12","guid":{"rendered":"https:\/\/www.granapadano.it\/vorschlage-zum-servieren\/kombinationen\/zu-welchen-biersorten-passt-der-grana-padano\/belgian-blonde-ale\/"},"modified":"2023-03-26T14:38:07","modified_gmt":"2023-03-26T14:38:07","slug":"belgian-blonde-ale","status":"publish","type":"page","link":"https:\/\/www.granapadano.it\/de-de\/vorschlage-zum-servieren\/kombinationen\/zu-welchen-biersorten-passt-der-grana-padano\/belgian-blonde-ale\/","title":{"rendered":"Belgian Blonde Ale"},"content":{"rendered":"<p>[et_pb_section fb_built=&#8221;1&#8243; fullwidth=&#8221;on&#8221; _builder_version=&#8221;4.19.5&#8243; _module_preset=&#8221;default&#8221; global_colors_info=&#8221;{}&#8221;][et_pb_fullwidth_code _builder_version=&#8221;4.20.2&#8243; _module_preset=&#8221;default&#8221; hover_enabled=&#8221;0&#8243; global_colors_info=&#8221;{}&#8221; sticky_enabled=&#8221;0&#8243;][et_pb_section global_module=\"41908 \"][\/et_pb_section][\/et_pb_fullwidth_code][\/et_pb_section][et_pb_section fb_built=&#8221;1&#8243; module_class=&#8221;production_sub_hub_main_wrapper&#8221; _builder_version=&#8221;4.19.4&#8243; _module_preset=&#8221;default&#8221; custom_padding=&#8221;13px||0px|||&#8221; locked=&#8221;off&#8221; global_colors_info=&#8221;{}&#8221;][et_pb_row module_class=&#8221;recipe_filter_section&#8221; _builder_version=&#8221;4.19.2&#8243; _module_preset=&#8221;default&#8221; max_width=&#8221;90%&#8221; custom_padding=&#8221;||7px|||&#8221; global_colors_info=&#8221;{}&#8221;][et_pb_column type=&#8221;4_4&#8243; _builder_version=&#8221;4.19.2&#8243; _module_preset=&#8221;default&#8221; global_colors_info=&#8221;{}&#8221;][et_pb_code _builder_version=&#8221;4.19.2&#8243; _module_preset=&#8221;default&#8221; custom_margin=&#8221;||16px|||&#8221; global_colors_info=&#8221;{}&#8221;]<div class=\"breadcrumb\"><a href=\"https:\/\/www.granapadano.it\/de-de\/\">Home<\/a>  <  <\/div>[\/et_pb_code][\/et_pb_column][\/et_pb_row][\/et_pb_section][et_pb_section fb_built=&#8221;1&#8243; module_class=&#8221;giovani_sub_hub_title&#8221; _builder_version=&#8221;4.19.5&#8243; _module_preset=&#8221;default&#8221; custom_padding=&#8221;0px||0px||false|false&#8221; locked=&#8221;off&#8221; global_colors_info=&#8221;{}&#8221;][et_pb_row module_class=&#8221;gp_producion_heading_wrapper&#8221; _builder_version=&#8221;4.19.5&#8243; _module_preset=&#8221;default&#8221; max_width=&#8221;90%&#8221; module_alignment=&#8221;center&#8221; custom_padding=&#8221;||||false|false&#8221; global_colors_info=&#8221;{}&#8221;][et_pb_column type=&#8221;4_4&#8243; _builder_version=&#8221;4.19.4&#8243; _module_preset=&#8221;default&#8221; global_colors_info=&#8221;{}&#8221;][et_pb_text module_class=&#8221;giovani_sub_hub_title_text&#8221; _builder_version=&#8221;4.20.0&#8243; _module_preset=&#8221;default&#8221; text_font=&#8221;Merriweather|700|||||||&#8221; text_text_color=&#8221;#0f0f0f&#8221; text_font_size=&#8221;44px&#8221; text_line_height=&#8221;52px&#8221; header_font=&#8221;Merriweather||||||||&#8221; header_text_color=&#8221;gcid-8696fd7e-29dd-4028-9d4d-981b208a53a9&#8243; header_font_size=&#8221;44px&#8221; header_line_height=&#8221;52px&#8221; text_orientation=&#8221;center&#8221; min_height=&#8221;83px&#8221; custom_margin=&#8221;||0px||false|false&#8221; custom_padding=&#8221;||0px||false|false&#8221; global_colors_info=&#8221;{%22gcid-8696fd7e-29dd-4028-9d4d-981b208a53a9%22:%91%22header_text_color%22%93}&#8221;]<\/p>\n<div class=\"row-fluid\">\n<h1>Belgian Blonde Ale<\/h1>\n<\/div>\n<p>[\/et_pb_text][\/et_pb_column][\/et_pb_row][et_pb_row column_structure=&#8221;1_4,3_4&#8243; module_class=&#8221;article_dates&#8221; _builder_version=&#8221;4.19.4&#8243; _module_preset=&#8221;default&#8221; max_width=&#8221;90%&#8221; custom_padding=&#8221;2px||6px||false|false&#8221; global_colors_info=&#8221;{}&#8221; theme_builder_area=&#8221;post_content&#8221;][et_pb_column type=&#8221;1_4&#8243; _builder_version=&#8221;4.19.3&#8243; _module_preset=&#8221;default&#8221; global_colors_info=&#8221;{}&#8221; theme_builder_area=&#8221;post_content&#8221;][et_pb_text module_class=&#8221;button_look&#8221; _builder_version=&#8221;4.20.2&#8243; _module_preset=&#8221;default&#8221; text_font=&#8221;FontPadano-Bold||||||||&#8221; text_text_color=&#8221;#000000&#8243; text_font_size=&#8221;26px&#8221; background_color=&#8221;RGBA(255,255,255,0)&#8221; hover_enabled=&#8221;0&#8243; global_colors_info=&#8221;{}&#8221; theme_builder_area=&#8221;post_content&#8221; sticky_enabled=&#8221;0&#8243;]<\/p>\n<p>Bier<\/p>\n<p>[\/et_pb_text][\/et_pb_column][et_pb_column type=&#8221;3_4&#8243; _builder_version=&#8221;4.19.4&#8243; _module_preset=&#8221;default&#8221; global_colors_info=&#8221;{}&#8221; theme_builder_area=&#8221;post_content&#8221;][\/et_pb_column][\/et_pb_row][et_pb_row column_structure=&#8221;2_5,3_5&#8243; module_class=&#8221;article_sub_img_text_content&#8221; _builder_version=&#8221;4.20.2&#8243; _module_preset=&#8221;default&#8221; max_width=&#8221;90%&#8221; module_alignment=&#8221;center&#8221; custom_margin=&#8221;-2px||||false|false&#8221; custom_padding=&#8221;0px||40px||false|false&#8221; hover_enabled=&#8221;0&#8243; global_colors_info=&#8221;{}&#8221; sticky_enabled=&#8221;0&#8243;][et_pb_column type=&#8221;2_5&#8243; _builder_version=&#8221;4.20.2&#8243; _module_preset=&#8221;default&#8221; hover_enabled=&#8221;0&#8243; global_colors_info=&#8221;{}&#8221; module_class=&#8221;article_sub_img_wrap&#8221; sticky_enabled=&#8221;0&#8243;][et_pb_image src=&#8221;https:\/\/www.granapadano.it\/wp-content\/uploads\/2023\/02\/GRANAPADANOBelgianBlonde-43799.jpg&#8221; title_text=&#8221;GRANAPADANOBelgianBlonde-43799&#8243; align=&#8221;center&#8221; _builder_version=&#8221;4.20.2&#8243; _module_preset=&#8221;default&#8221; positioning=&#8221;relative&#8221; vertical_offset=&#8221;63px&#8221; module_alignment=&#8221;center&#8221; hover_enabled=&#8221;0&#8243; border_radii=&#8221;on|20px|20px|20px|20px&#8221; global_colors_info=&#8221;{}&#8221; custom_padding=&#8221;||3px||false|false&#8221; sticky_enabled=&#8221;0&#8243;][\/et_pb_image][\/et_pb_column][et_pb_column type=&#8221;3_5&#8243; _builder_version=&#8221;4.20.2&#8243; _module_preset=&#8221;default&#8221; hover_enabled=&#8221;0&#8243; global_colors_info=&#8221;{}&#8221; module_class=&#8221;article_sub_text_wrap&#8221; sticky_enabled=&#8221;0&#8243;][et_pb_text _builder_version=&#8221;4.20.2&#8243; _module_preset=&#8221;default&#8221; text_text_color=&#8221;#0f0f0f&#8221; text_font_size=&#8221;18px&#8221; text_line_height=&#8221;26px&#8221; width=&#8221;100%&#8221; hover_enabled=&#8221;0&#8243; global_colors_info=&#8221;{}&#8221; sticky_enabled=&#8221;0&#8243;]<\/p>\n<p>Der Name dieses Stils l\u00e4sst dessen geografischen Ursprung klar erkennen: Angefangen hat er in den Landschaften zwischen der Wallonie und Flandern, inzwischen hat er jedoch nahezu \u00fcberall auf der Welt \u2013 auch auf den ungew\u00f6hnlichsten Fleckchen Erde \u2013 eine treue Anh\u00e4ngerschaft (sowohl unter Brauern als auch unter Genie\u00dfern) gefunden.<\/p>\n<p>&#8211; <strong>Aufbewahrung<\/strong>: Da es sich um einen hochg\u00e4rigen Stil handelt, ist die Einhaltung der K\u00fchlkette nicht zwingend erforderlich. Dennoch ist es wichtig, dass die Temperatur zwischen 18 und 20 \u00b0C gehalten wird, da dar\u00fcber hinaus (bei nicht pasteurisierten Bieren) eine erneute G\u00e4rung in der Flasche mit unerw\u00fcnschten Ergebnissen ausgel\u00f6st werden k\u00f6nnte.<\/p>\n<p>&#8211; <strong>Ausschanktemperatur<\/strong>: zwischen 10 und 12 \u00b0C, serviert in einem Bierkelch mit weiter \u00d6ffnung. Das Glas wird zu Beginn um 45 Grad geneigt und anschlie\u00dfend gerade gehalten, um die Bildung einer sch\u00f6nen Schaumkrone zu beg\u00fcnstigen. Aufgrund des Hefegehalts kann es in der Neige \u2013 bei den nicht vollst\u00e4ndig filtrierten Varianten \u2013 zu einer erh\u00f6hten Menge von sedimentierten Hefestoffen kommen, weshalb das Ende des Ausschanks aus der Flasche besondere Aufmerksamkeit erfordert. Ein Fingerbreit Neige kann jedoch auch in der Flasche belassen werden, die dann um ihre L\u00e4ngsachse geschwenkt wird. Anschlie\u00dfend wird die Neige in ein zweites Glas geschenkt, damit die Charakteristika der Hefestoffe gezielt gekostet werden k\u00f6nnen.<\/p>\n<p>&#8211; <strong>Alkoholgehalt<\/strong>: 6-7,5 % alc.<\/p>\n<p><strong>Charakteristika (Optik, Geschmack, Aroma):<\/strong> Die Farbe reicht von hellem bis zu sattem Gold, die Optik ist in der Regel ungetr\u00fcbt und die Schaumkrone markant, von dichter Beschaffenheit und ausgepr\u00e4gter Persistenz, wobei Letztere h\u00e4ufig im Glas zu dem als \u201eBr\u00fcsseler Spitze\u201c bekannten Ph\u00e4nomen f\u00fchrt. Der Duft ist, sowohl was die Intensit\u00e4t als auch die Komplexit\u00e4t betrifft, h\u00f6chst interessant: Es finden sich Motive von Malz (s\u00fc\u00dfes Kurzgeb\u00e4ck, heller Karamell, Honig), Hopfen (blumige, zuweilen erdige Noten) und Hefe (reife Fr\u00fcchte mit hellem Fleisch, Zitrusobst wie Orangen und Zitronen sowie w\u00fcrzige Noten, die beispielsweise an Gew\u00fcrznelken erinnern k\u00f6nnen). Am Gaumen spiegelt die Geschmacksabfolge den komplexen Duft und auch deren qualitative Richtung best\u00e4tigend wider, indem sie auf einem mittels\u00fcffigen K\u00f6rper aufbaut (gest\u00fctzt von einem relativ hohen Kohlens\u00e4uregehalt), der sich tendenziell in einem schlanken Finale ausdr\u00fcckt, ohne dabei die bitteren Nuancen zu betonen, welche die vorherrschende Weichheit des Alkohols und des Zuckers ausgleichen. Aufgrund des Alkoholgehalts und des mittels\u00fcffigen K\u00f6rpers empfiehlt sich dieses Bier zu den zentralen G\u00e4ngen des Men\u00fcs.<br \/>Die strukturelle und gustatorisch-olfaktorische Dichte dieses Stils macht ihn zu einem fantastischen Komplement f\u00fcr 16 bis 20 Monate gereiften Grana Padano: Insbesondere die Umdrehungen und die spritzige Rezenz wirken sich auf das Fett im K\u00e4se aus, w\u00e4hrend die malzige S\u00fc\u00dfe die W\u00fcrze des K\u00e4ses beeinflusst, wodurch ein besonders abgerundetes Gesamtbild entsteht. Bestimmte Varianten von h\u00f6herem Alkoholgehalt, dessen Ausma\u00df dem Brauer obliegt, k\u00f6nnen gewisse Asymmetrien in der Kombination sp\u00fcrbar machen, aber in der Regel bietet diese Kombination zuverl\u00e4ssigen Genuss.<\/p>\n<p><strong> Besonderheiten<br \/><\/strong>Diese Sorte ist durch ihre Geburt im fr\u00fchen 20. Jahrhundert vergleichsweise jung, und ihre Entstehungsgeschichte ist auf die Reaktion der traditionell auf hochg\u00e4rige Braumethoden eingeschworenen belgischen Brauer auf die wachsende Beliebtheit des mitteleurop\u00e4ischen Pils zur\u00fcckzuf\u00fchren.<\/p>\n<p>[\/et_pb_text][\/et_pb_column][\/et_pb_row][\/et_pb_section]<\/p>\n","protected":false},"excerpt":{"rendered":"<p><div class=\"et_pb_module et_pb_fullwidth_image et_pb_fullwidth_image_0\">\n\t\t\t\t\n\t\t\t\t\n\t\t\t\t\n\t\t\t\t\n\t\t\t\t<img decoding=\"async\" width=\"1920\" height=\"380\" src=\"https:\/\/granapadano.kleecks-cdn.com\/wp-content\/uploads\/2023\/02\/GRANAPADANOItalianGrape-43759-h.jpg\" alt=\"\" title=\"GRANAPADANOItalianGrape-43759-m\" srcset=\"https:\/\/granapadano.kleecks-cdn.com\/wp-content\/uploads\/2023\/02\/GRANAPADANOItalianGrape-43759-h.jpg%201920w,%20https:\/granapadano.kleecks-cdn.com\/wp-content\/uploads\/2023\/02\/GRANAPADANOItalianGrape-43759-h-1280x253.jpg%201280w,%20https:\/granapadano.kleecks-cdn.com\/wp-content\/uploads\/2023\/02\/GRANAPADANOItalianGrape-43759-h-980x194.jpg%20980w,%20https:\/granapadano.kleecks-cdn.com\/wp-content\/uploads\/2023\/02\/GRANAPADANOItalianGrape-43759-h-480x95.jpg%20480w\" sizes=\"(min-width: 0px) and (max-width: 480px) 480px, (min-width: 481px) and (max-width: 980px) 980px, (min-width: 981px) and (max-width: 1280px) 1280px, (min-width: 1281px) 1920px, 100vw\" class=\"wp-image-41771\" data-et-multi-view=\"{&quot;schema&quot;:{&quot;attrs&quot;:{&quot;desktop&quot;:{&quot;src&quot;:&quot;https:\\\/\\\/www.granapadano.it\\\/wp-content\\\/uploads\\\/2023\\\/02\\\/GRANAPADANOItalianGrape-43759-h.jpg&quot;,&quot;alt&quot;:&quot;&quot;,&quot;title&quot;:&quot;GRANAPADANOItalianGrape-43759-m&quot;,&quot;class&quot;:&quot;wp-image-41771&quot;,&quot;srcset&quot;:&quot;https:\\\/\\\/www.granapadano.it\\\/wp-content\\\/uploads\\\/2023\\\/02\\\/GRANAPADANOItalianGrape-43759-h.jpg 1920w, https:\\\/\\\/www.granapadano.it\\\/wp-content\\\/uploads\\\/2023\\\/02\\\/GRANAPADANOItalianGrape-43759-h-1280x253.jpg 1280w, https:\\\/\\\/www.granapadano.it\\\/wp-content\\\/uploads\\\/2023\\\/02\\\/GRANAPADANOItalianGrape-43759-h-980x194.jpg 980w, https:\\\/\\\/www.granapadano.it\\\/wp-content\\\/uploads\\\/2023\\\/02\\\/GRANAPADANOItalianGrape-43759-h-480x95.jpg 480w&quot;,&quot;sizes&quot;:&quot;(min-width: 0px) and (max-width: 480px) 480px, (min-width: 481px) and (max-width: 980px) 980px, (min-width: 981px) and (max-width: 1280px) 1280px, (min-width: 1281px) 1920px, 100vw&quot;},&quot;phone&quot;:{&quot;src&quot;:&quot;https:\\\/\\\/www.granapadano.it\\\/wp-content\\\/uploads\\\/2023\\\/02\\\/GRANAPADANOItalianGrape-43759-m.jpg&quot;,&quot;srcset&quot;:&quot;https:\\\/\\\/www.granapadano.it\\\/wp-content\\\/uploads\\\/2023\\\/02\\\/GRANAPADANOItalianGrape-43759-m.jpg 450w, https:\\\/\\\/www.granapadano.it\\\/wp-content\\\/uploads\\\/2023\\\/02\\\/GRANAPADANOItalianGrape-43759-m-300x133.jpg 300w&quot;,&quot;sizes&quot;:&quot;(max-width: 450px) 100vw, 450px&quot;}}},&quot;slug&quot;:&quot;et_pb_fullwidth_image&quot;}\" \/>\n\t\t\t\n\t\t\t<\/div><div class=\"breadcrumb\"><a href=\"https:\/\/www.granapadano.it\/de-de\/\">Home<\/a>  <  <\/div> Belgian Blonde Ale BierDer Name dieses Stils l\u00e4sst dessen geografischen Ursprung klar erkennen: Angefangen hat er in den Landschaften zwischen der Wallonie und Flandern, inzwischen hat er jedoch nahezu \u00fcberall auf der Welt \u2013 auch auf den ungew\u00f6hnlichsten Fleckchen Erde \u2013 eine treue Anh\u00e4ngerschaft (sowohl unter Brauern als auch unter Genie\u00dfern) gefunden. &#8211; [&hellip;]<\/p>\n","protected":false},"author":6,"featured_media":0,"parent":32928,"menu_order":232,"comment_status":"closed","ping_status":"closed","template":"","meta":{"_acf_changed":false,"_et_pb_use_builder":"on","_et_pb_old_content":"","_et_gb_content_width":"","footnotes":""},"class_list":["post-45011","page","type-page","status-publish","hentry"],"acf":[],"yoast_head":"<!-- This site is optimized with the Yoast SEO plugin v27.3 - https:\/\/yoast.com\/product\/yoast-seo-wordpress\/ -->\n<title>Belgian Blonde Ale - Grana Padano<\/title>\n<meta name=\"robots\" content=\"index, follow, max-snippet:-1, max-image-preview:large, max-video-preview:-1\" \/>\n<link rel=\"canonical\" href=\"https:\/\/www.granapadano.it\/de-de\/vorschlage-zum-servieren\/kombinationen\/zu-welchen-biersorten-passt-der-grana-padano\/belgian-blonde-ale\/\" \/>\n<meta property=\"og:locale\" content=\"de_DE\" \/>\n<meta property=\"og:type\" content=\"article\" \/>\n<meta property=\"og:title\" content=\"Belgian Blonde Ale - Grana Padano\" \/>\n<meta property=\"og:description\" content=\"Belgian Blonde Ale BierDer Name dieses Stils l\u00e4sst dessen geografischen Ursprung klar erkennen: Angefangen hat er in den Landschaften zwischen der Wallonie und Flandern, inzwischen hat er jedoch nahezu \u00fcberall auf der Welt \u2013 auch auf den ungew\u00f6hnlichsten Fleckchen Erde \u2013 eine treue Anh\u00e4ngerschaft (sowohl unter Brauern als auch unter Genie\u00dfern) gefunden. - [&hellip;]\" \/>\n<meta property=\"og:url\" content=\"https:\/\/www.granapadano.it\/de-de\/vorschlage-zum-servieren\/kombinationen\/zu-welchen-biersorten-passt-der-grana-padano\/belgian-blonde-ale\/\" \/>\n<meta property=\"og:site_name\" content=\"Grana Padano\" \/>\n<meta property=\"article:modified_time\" content=\"2023-03-26T14:38:07+00:00\" \/>\n<meta name=\"twitter:card\" content=\"summary_large_image\" \/>\n<meta name=\"twitter:label1\" content=\"Est. reading time\" \/>\n\t<meta name=\"twitter:data1\" content=\"4 minutes\" \/>\n<script type=\"application\/ld+json\" class=\"yoast-schema-graph\">{\"@context\":\"https:\\\/\\\/schema.org\",\"@graph\":[{\"@type\":\"WebPage\",\"@id\":\"https:\\\/\\\/www.granapadano.it\\\/de-de\\\/vorschlage-zum-servieren\\\/kombinationen\\\/zu-welchen-biersorten-passt-der-grana-padano\\\/belgian-blonde-ale\\\/\",\"url\":\"https:\\\/\\\/www.granapadano.it\\\/de-de\\\/vorschlage-zum-servieren\\\/kombinationen\\\/zu-welchen-biersorten-passt-der-grana-padano\\\/belgian-blonde-ale\\\/\",\"name\":\"Belgian Blonde Ale - Grana Padano\",\"isPartOf\":{\"@id\":\"https:\\\/\\\/www.granapadano.it\\\/de-de\\\/#website\"},\"datePublished\":\"2023-02-16T11:02:12+00:00\",\"dateModified\":\"2023-03-26T14:38:07+00:00\",\"breadcrumb\":{\"@id\":\"https:\\\/\\\/www.granapadano.it\\\/de-de\\\/vorschlage-zum-servieren\\\/kombinationen\\\/zu-welchen-biersorten-passt-der-grana-padano\\\/belgian-blonde-ale\\\/#breadcrumb\"},\"inLanguage\":\"de-de\",\"potentialAction\":[{\"@type\":\"ReadAction\",\"target\":[\"https:\\\/\\\/www.granapadano.it\\\/de-de\\\/vorschlage-zum-servieren\\\/kombinationen\\\/zu-welchen-biersorten-passt-der-grana-padano\\\/belgian-blonde-ale\\\/\"]}]},{\"@type\":\"BreadcrumbList\",\"@id\":\"https:\\\/\\\/www.granapadano.it\\\/de-de\\\/vorschlage-zum-servieren\\\/kombinationen\\\/zu-welchen-biersorten-passt-der-grana-padano\\\/belgian-blonde-ale\\\/#breadcrumb\",\"itemListElement\":[{\"@type\":\"ListItem\",\"position\":1,\"name\":\"Home\",\"item\":\"https:\\\/\\\/www.granapadano.it\\\/de-de\\\/\"},{\"@type\":\"ListItem\",\"position\":2,\"name\":\"Rezepte\",\"item\":\"https:\\\/\\\/www.granapadano.it\\\/de-de\\\/rezepte\\\/\"},{\"@type\":\"ListItem\",\"position\":3,\"name\":\"Kombinationen\",\"item\":\"https:\\\/\\\/www.granapadano.it\\\/de-de\\\/rezepte\\\/kombinationen\\\/\"},{\"@type\":\"ListItem\",\"position\":4,\"name\":\"Zu welchen biersorten passt der Grana Padano?\",\"item\":\"https:\\\/\\\/www.granapadano.it\\\/de-de\\\/vorschlage-zum-servieren\\\/kombinationen\\\/zu-welchen-biersorten-passt-der-grana-padano\\\/\"},{\"@type\":\"ListItem\",\"position\":5,\"name\":\"Belgian Blonde Ale\"}]},{\"@type\":\"WebSite\",\"@id\":\"https:\\\/\\\/www.granapadano.it\\\/de-de\\\/#website\",\"url\":\"https:\\\/\\\/www.granapadano.it\\\/de-de\\\/\",\"name\":\"Grana Padano\",\"description\":\"\",\"potentialAction\":[{\"@type\":\"SearchAction\",\"target\":{\"@type\":\"EntryPoint\",\"urlTemplate\":\"https:\\\/\\\/www.granapadano.it\\\/de-de\\\/?s={search_term_string}\"},\"query-input\":{\"@type\":\"PropertyValueSpecification\",\"valueRequired\":true,\"valueName\":\"search_term_string\"}}],\"inLanguage\":\"de-de\"}]}<\/script>\n<!-- \/ Yoast SEO plugin. -->","yoast_head_json":{"title":"Belgian Blonde Ale - Grana Padano","robots":{"index":"index","follow":"follow","max-snippet":"max-snippet:-1","max-image-preview":"max-image-preview:large","max-video-preview":"max-video-preview:-1"},"canonical":"https:\/\/www.granapadano.it\/de-de\/vorschlage-zum-servieren\/kombinationen\/zu-welchen-biersorten-passt-der-grana-padano\/belgian-blonde-ale\/","og_locale":"de_DE","og_type":"article","og_title":"Belgian Blonde Ale - Grana Padano","og_description":"Belgian Blonde Ale BierDer Name dieses Stils l\u00e4sst dessen geografischen Ursprung klar erkennen: Angefangen hat er in den Landschaften zwischen der Wallonie und Flandern, inzwischen hat er jedoch nahezu \u00fcberall auf der Welt \u2013 auch auf den ungew\u00f6hnlichsten Fleckchen Erde \u2013 eine treue Anh\u00e4ngerschaft (sowohl unter Brauern als auch unter Genie\u00dfern) gefunden. - [&hellip;]","og_url":"https:\/\/www.granapadano.it\/de-de\/vorschlage-zum-servieren\/kombinationen\/zu-welchen-biersorten-passt-der-grana-padano\/belgian-blonde-ale\/","og_site_name":"Grana Padano","article_modified_time":"2023-03-26T14:38:07+00:00","twitter_card":"summary_large_image","twitter_misc":{"Est. reading time":"4 minutes"},"schema":{"@context":"https:\/\/schema.org","@graph":[{"@type":"WebPage","@id":"https:\/\/www.granapadano.it\/de-de\/vorschlage-zum-servieren\/kombinationen\/zu-welchen-biersorten-passt-der-grana-padano\/belgian-blonde-ale\/","url":"https:\/\/www.granapadano.it\/de-de\/vorschlage-zum-servieren\/kombinationen\/zu-welchen-biersorten-passt-der-grana-padano\/belgian-blonde-ale\/","name":"Belgian Blonde Ale - Grana Padano","isPartOf":{"@id":"https:\/\/www.granapadano.it\/de-de\/#website"},"datePublished":"2023-02-16T11:02:12+00:00","dateModified":"2023-03-26T14:38:07+00:00","breadcrumb":{"@id":"https:\/\/www.granapadano.it\/de-de\/vorschlage-zum-servieren\/kombinationen\/zu-welchen-biersorten-passt-der-grana-padano\/belgian-blonde-ale\/#breadcrumb"},"inLanguage":"de-de","potentialAction":[{"@type":"ReadAction","target":["https:\/\/www.granapadano.it\/de-de\/vorschlage-zum-servieren\/kombinationen\/zu-welchen-biersorten-passt-der-grana-padano\/belgian-blonde-ale\/"]}]},{"@type":"BreadcrumbList","@id":"https:\/\/www.granapadano.it\/de-de\/vorschlage-zum-servieren\/kombinationen\/zu-welchen-biersorten-passt-der-grana-padano\/belgian-blonde-ale\/#breadcrumb","itemListElement":[{"@type":"ListItem","position":1,"name":"Home","item":"https:\/\/www.granapadano.it\/de-de\/"},{"@type":"ListItem","position":2,"name":"Rezepte","item":"https:\/\/www.granapadano.it\/de-de\/rezepte\/"},{"@type":"ListItem","position":3,"name":"Kombinationen","item":"https:\/\/www.granapadano.it\/de-de\/rezepte\/kombinationen\/"},{"@type":"ListItem","position":4,"name":"Zu welchen biersorten passt der Grana Padano?","item":"https:\/\/www.granapadano.it\/de-de\/vorschlage-zum-servieren\/kombinationen\/zu-welchen-biersorten-passt-der-grana-padano\/"},{"@type":"ListItem","position":5,"name":"Belgian Blonde Ale"}]},{"@type":"WebSite","@id":"https:\/\/www.granapadano.it\/de-de\/#website","url":"https:\/\/www.granapadano.it\/de-de\/","name":"Grana Padano","description":"","potentialAction":[{"@type":"SearchAction","target":{"@type":"EntryPoint","urlTemplate":"https:\/\/www.granapadano.it\/de-de\/?s={search_term_string}"},"query-input":{"@type":"PropertyValueSpecification","valueRequired":true,"valueName":"search_term_string"}}],"inLanguage":"de-de"}]}},"_links":{"self":[{"href":"https:\/\/www.granapadano.it\/de-de\/wp-json\/wp\/v2\/pages\/45011","targetHints":{"allow":["GET"]}}],"collection":[{"href":"https:\/\/www.granapadano.it\/de-de\/wp-json\/wp\/v2\/pages"}],"about":[{"href":"https:\/\/www.granapadano.it\/de-de\/wp-json\/wp\/v2\/types\/page"}],"author":[{"embeddable":true,"href":"https:\/\/www.granapadano.it\/de-de\/wp-json\/wp\/v2\/users\/6"}],"replies":[{"embeddable":true,"href":"https:\/\/www.granapadano.it\/de-de\/wp-json\/wp\/v2\/comments?post=45011"}],"version-history":[{"count":0,"href":"https:\/\/www.granapadano.it\/de-de\/wp-json\/wp\/v2\/pages\/45011\/revisions"}],"up":[{"embeddable":true,"href":"https:\/\/www.granapadano.it\/de-de\/wp-json\/wp\/v2\/pages\/32928"}],"wp:attachment":[{"href":"https:\/\/www.granapadano.it\/de-de\/wp-json\/wp\/v2\/media?parent=45011"}],"curies":[{"name":"wp","href":"https:\/\/api.w.org\/{rel}","templated":true}]}}