{"id":42934,"date":"2023-02-16T14:15:29","date_gmt":"2023-02-16T14:15:29","guid":{"rendered":"https:\/\/www.granapadano.it\/vorschlage-zum-servieren\/kombinationen\/zu-welchen-honigsorten-passt-der-grana-padano\/miele-di-agrumi\/"},"modified":"2023-04-13T13:04:30","modified_gmt":"2023-04-13T13:04:30","slug":"zitrushonig","status":"publish","type":"page","link":"https:\/\/www.granapadano.it\/de-de\/vorschlage-zum-servieren\/zu-welchen-honigsorten-passt-der-grana-padano\/zitrushonig\/","title":{"rendered":"Zitrushonig"},"content":{"rendered":"<p>[et_pb_section fb_built=&#8221;1&#8243; fullwidth=&#8221;on&#8221; _builder_version=&#8221;4.19.5&#8243; _module_preset=&#8221;default&#8221; global_colors_info=&#8221;{}&#8221;][et_pb_fullwidth_code _builder_version=&#8221;4.20.0&#8243; _module_preset=&#8221;default&#8221; global_colors_info=&#8221;{}&#8221;][et_pb_section global_module=\"41912 \"][\/et_pb_section][\/et_pb_fullwidth_code][\/et_pb_section][et_pb_section fb_built=&#8221;1&#8243; module_class=&#8221;production_sub_hub_main_wrapper&#8221; _builder_version=&#8221;4.19.4&#8243; _module_preset=&#8221;default&#8221; custom_padding=&#8221;13px||0px|||&#8221; locked=&#8221;off&#8221; global_colors_info=&#8221;{}&#8221;][et_pb_row module_class=&#8221;recipe_filter_section&#8221; _builder_version=&#8221;4.19.2&#8243; _module_preset=&#8221;default&#8221; max_width=&#8221;90%&#8221; custom_padding=&#8221;||7px|||&#8221; global_colors_info=&#8221;{}&#8221;][et_pb_column type=&#8221;4_4&#8243; _builder_version=&#8221;4.19.2&#8243; _module_preset=&#8221;default&#8221; global_colors_info=&#8221;{}&#8221;][et_pb_code _builder_version=&#8221;4.19.2&#8243; _module_preset=&#8221;default&#8221; custom_margin=&#8221;||16px|||&#8221; global_colors_info=&#8221;{}&#8221;]<div class=\"breadcrumb\"><a href=\"https:\/\/www.granapadano.it\/de-de\/\">Home<\/a>  <  <\/div>[\/et_pb_code][\/et_pb_column][\/et_pb_row][\/et_pb_section][et_pb_section fb_built=&#8221;1&#8243; module_class=&#8221;giovani_sub_hub_title&#8221; _builder_version=&#8221;4.19.5&#8243; _module_preset=&#8221;default&#8221; custom_padding=&#8221;0px||0px||false|false&#8221; locked=&#8221;off&#8221; global_colors_info=&#8221;{}&#8221;][et_pb_row module_class=&#8221;gp_producion_heading_wrapper&#8221; _builder_version=&#8221;4.19.5&#8243; _module_preset=&#8221;default&#8221; max_width=&#8221;90%&#8221; module_alignment=&#8221;center&#8221; custom_padding=&#8221;||||false|false&#8221; global_colors_info=&#8221;{}&#8221;][et_pb_column type=&#8221;4_4&#8243; _builder_version=&#8221;4.19.4&#8243; _module_preset=&#8221;default&#8221; global_colors_info=&#8221;{}&#8221;][et_pb_text module_class=&#8221;giovani_sub_hub_title_text&#8221; _builder_version=&#8221;4.20.0&#8243; _module_preset=&#8221;default&#8221; text_font=&#8221;Merriweather|700|||||||&#8221; text_text_color=&#8221;#0f0f0f&#8221; text_font_size=&#8221;80px&#8221; text_line_height=&#8221;70px&#8221; header_font=&#8221;Merriweather||||||||&#8221; header_text_color=&#8221;gcid-8696fd7e-29dd-4028-9d4d-981b208a53a9&#8243; header_font_size=&#8221;44px&#8221; header_line_height=&#8221;52px&#8221; text_orientation=&#8221;center&#8221; min_height=&#8221;83px&#8221; custom_margin=&#8221;||0px||false|false&#8221; custom_padding=&#8221;||0px||false|false&#8221; global_colors_info=&#8221;{%22gcid-8696fd7e-29dd-4028-9d4d-981b208a53a9%22:%91%22header_text_color%22%93}&#8221;]<\/p>\n<h1><span>Zitrushonig<\/span><\/h1>\n<p>[\/et_pb_text][\/et_pb_column][\/et_pb_row][et_pb_row column_structure=&#8221;1_4,3_4&#8243; module_class=&#8221;article_dates&#8221; _builder_version=&#8221;4.19.4&#8243; _module_preset=&#8221;default&#8221; max_width=&#8221;90%&#8221; custom_padding=&#8221;||6px||false|false&#8221; global_colors_info=&#8221;{}&#8221; theme_builder_area=&#8221;post_content&#8221;][et_pb_column type=&#8221;1_4&#8243; _builder_version=&#8221;4.19.3&#8243; _module_preset=&#8221;default&#8221; global_colors_info=&#8221;{}&#8221; theme_builder_area=&#8221;post_content&#8221;][et_pb_text module_class=&#8221;button_look&#8221; _builder_version=&#8221;4.20.4&#8243; _module_preset=&#8221;default&#8221; text_font=&#8221;FontPadano-Bold||||||||&#8221; text_text_color=&#8221;#000000&#8243; text_font_size=&#8221;26px&#8221; background_color=&#8221;RGBA(255,255,255,0)&#8221; hover_enabled=&#8221;0&#8243; global_colors_info=&#8221;{}&#8221; theme_builder_area=&#8221;post_content&#8221; sticky_enabled=&#8221;0&#8243;]<\/p>\n<p>Honig<\/p>\n<p>[\/et_pb_text][\/et_pb_column][et_pb_column type=&#8221;3_4&#8243; _builder_version=&#8221;4.19.4&#8243; _module_preset=&#8221;default&#8221; global_colors_info=&#8221;{}&#8221; theme_builder_area=&#8221;post_content&#8221;][\/et_pb_column][\/et_pb_row][et_pb_row column_structure=&#8221;2_5,3_5&#8243; module_class=&#8221;article_sub_img_text_content &#8221; _builder_version=&#8221;4.20.4&#8243; _module_preset=&#8221;default&#8221; max_width=&#8221;90%&#8221; module_alignment=&#8221;center&#8221; custom_margin=&#8221;-2px||||false|false&#8221; custom_padding=&#8221;0px||58px||false|false&#8221; hover_enabled=&#8221;0&#8243; global_colors_info=&#8221;{}&#8221; sticky_enabled=&#8221;0&#8243;][et_pb_column type=&#8221;2_5&#8243; _builder_version=&#8221;4.20.4&#8243; _module_preset=&#8221;default&#8221; hover_enabled=&#8221;0&#8243; global_colors_info=&#8221;{}&#8221; module_class=&#8221;article_sub_img_wrap&#8221; sticky_enabled=&#8221;0&#8243;][et_pb_image src=&#8221;https:\/\/www.granapadano.it\/wp-content\/uploads\/2023\/02\/GRANAPADANO200706999938-43817-1.jpg&#8221; title_text=&#8221;GRANAPADANO200706999938-43817&#8243; align=&#8221;center&#8221; _builder_version=&#8221;4.19.5&#8243; _module_preset=&#8221;default&#8221; positioning=&#8221;relative&#8221; vertical_offset=&#8221;63px&#8221; module_alignment=&#8221;center&#8221; border_radii=&#8221;on|20px|20px|20px|20px&#8221; global_colors_info=&#8221;{}&#8221;][\/et_pb_image][\/et_pb_column][et_pb_column type=&#8221;3_5&#8243; _builder_version=&#8221;4.20.4&#8243; _module_preset=&#8221;default&#8221; hover_enabled=&#8221;0&#8243; global_colors_info=&#8221;{}&#8221; module_class=&#8221;article_sub_text_wrap&#8221; sticky_enabled=&#8221;0&#8243;][et_pb_text _builder_version=&#8221;4.20.4&#8243; _module_preset=&#8221;default&#8221; text_text_color=&#8221;#0f0f0f&#8221; text_font_size=&#8221;18px&#8221; text_line_height=&#8221;26px&#8221; width=&#8221;100%&#8221; custom_padding=&#8221;|17px||||&#8221; hover_enabled=&#8221;0&#8243; global_colors_info=&#8221;{}&#8221; sticky_enabled=&#8221;0&#8243;]<\/p>\n<p><span>&#8220;Zitrushonig wird auf der italienischen Halbinsel und ihren Inselgebieten hergestellt.<\/span><br \/><span>Die verschiedenen Zitruspflanzenarten (Orange, Zitrone, Mandarine, Bergamotte, Zedrat, Pampelmuse etc.) sind immergr\u00fcne B\u00e4ume, die je nach Spezies zu unterschiedliche Zeiten im Jahr Bl\u00fcten von charakteristischem, intensiven Duft tragen, welche Hesperidien genannte Beerenfr\u00fcchte hervorbringen. Urspr\u00fcnglich stammen die Zitruspflanzen aus China und alle in Italien angebauten Exemplare dienen der Obsternte. Der Honig wird haupts\u00e4chlich zwischen April und Mai hergestellt, der Hauptbl\u00fctezeit. Zitruspflanzen werden in zahlreichen Nationen der Welt angebaut, Indien, Argentinien, Brasilien, China und den L\u00e4ndern des Mittelmeerraums.<\/span><\/p>\n<p>Obwohl Zitruspflanzen auch auf dem italienischen Festland vorkommen, wie am Ufer des Gardasees, wird dort kein Zitrus-Honig hergestellt, sowohl aus klimatischen Gr\u00fcnden als auch aufgrund der f\u00fcr die Sammlung von ausreichend Nektar zu geringen Menge von Exemplaren.&#8221;<\/p>\n<p><strong>Charakteristika:<\/strong><br \/>&#8211; <strong>Farbe:<\/strong> <span>sehr hell, von nahezu farblos bis strohgelb im fl\u00fcssigen Zustand, von wei\u00df bis elfenbeinfarben in kristallisierter Form.<\/span><br \/>&#8211; <strong>Duft:<\/strong> <span>zart, fein-blumig nach Zitrusbl\u00fcten, Orangenbl\u00fctenwasser, wei\u00dfen Bl\u00fcten, s\u00fc\u00dfen Duftbl\u00fcten.<\/span><br \/>&#8211; <strong>Aroma <span>und Geschmack<\/span>:<\/strong> <span>zart, mit einer aromatischen Komponente, die die olfaktorischen Merkmale \u00fcberlappen kann, \u00fcblicherweise s\u00fc\u00df.<\/span><br \/>D<span>iese Kombination ist originell, aber zart, leicht und ideal f\u00fcr alle, die neue Geschmackserlebnisse lieben. Das zarte Bukett des Zitrushonigs folgt den Butter- und Heunoten des jungen Grana Padano in einem gef\u00e4lligen Gleichgewicht zwischen s\u00fc\u00df und herzhaft.&#8221;<\/span><strong><\/strong><\/p>\n<p><strong>Serviervorschlag:<\/strong><br \/><span>Es empfiehlt sich, stets eine Auswahl an Honigsorten vorzustellen, eventuell zwei sehr unterschiedliche, damit die Tischg\u00e4ste nach Belieben experimentieren und ihre eigenen Lieblingsvariationen finden k\u00f6nnen. Der Honig sollte niemals vor dem Servieren auf den K\u00e4se gestrichen werden, nicht nur, weil die Wahl damit vorbestimmt ist, sondern auch da die im K\u00e4se enthaltenen salzigen Fl\u00fcssigkeiten durch den erh\u00f6hten osmotischen Druck des Honigs schon nach wenigen Minuten von diesem absorbiert werden k\u00f6nnen. Der Reiz besteht darin, die Produkte zuerst einzeln zu kosten und anschlie\u00dfend deren verschiedenen Kombinationen.\u00a0<\/span><br \/><span>Serviert werden kann in einem Sch\u00e4lchen mithilfe eines kleinen L\u00f6ffels, von dem man den Honig laufen l\u00e4sst. Fl\u00fcssige und cremige Honigsorten k\u00f6nnen so, wie sie sind, gereicht werden. Fest kristallisierte Honige k\u00f6nnen streichf\u00e4higer gemacht werden, indem man im Glas die n\u00f6tige Menge von der starren Oberfl\u00e4che abkratzt und umr\u00fchrt, bevor man dann den Honig in das Serviergeschirr f\u00fcllt.<\/span><\/p>\n<p><strong>Besonderheiten:<\/strong><br \/><span>Dieser Honig ist in der Regel in seinen Produktionsgebieten und in gro\u00dfen Handelsketten leicht erh\u00e4ltlich.<\/span><br \/><span>Der charakteristische Geruch stammt von einem einzigen Molek\u00fcl, Methylanthranilat, das sich je nach Produktionsgebiet in unterschiedlichen Mengen in Honig wiederfindet.<\/span><br \/><span>Zitronenhonig, Zitrusbl\u00fctenhonig, Orangenhonig, Mandarinenhonig \u2013 dies sind nur einige Beispiele der im Handel erh\u00e4ltlichen Varianten von Zitrushonig. \u00a0In Italien ist diese Sorte der Konditoreihonig par excellence und erinnert unmittelbar an den charakteristischen Duft der Pastiera Napoletana. Fantastisch auch zu Tee, Obst und in der Vinaigrette zum Salat.<\/span><\/p>\n<p>[\/et_pb_text][\/et_pb_column][\/et_pb_row][\/et_pb_section]<\/p>\n","protected":false},"excerpt":{"rendered":"<p><div class=\"et_pb_module et_pb_fullwidth_image et_pb_fullwidth_image_0\">\n\t\t\t\t\n\t\t\t\t\n\t\t\t\t\n\t\t\t\t\n\t\t\t\t<img decoding=\"async\" width=\"1920\" height=\"380\" src=\"https:\/\/granapadano.kleecks-cdn.com\/wp-content\/uploads\/2023\/02\/testata-miele-43669-h.jpg\" alt=\"\" title=\"testata-miele-43669-m\" srcset=\"https:\/\/granapadano.kleecks-cdn.com\/wp-content\/uploads\/2023\/02\/testata-miele-43669-h.jpg%201920w,%20https:\/granapadano.kleecks-cdn.com\/wp-content\/uploads\/2023\/02\/testata-miele-43669-h-1280x253.jpg%201280w,%20https:\/granapadano.kleecks-cdn.com\/wp-content\/uploads\/2023\/02\/testata-miele-43669-h-980x194.jpg%20980w,%20https:\/granapadano.kleecks-cdn.com\/wp-content\/uploads\/2023\/02\/testata-miele-43669-h-480x95.jpg%20480w\" sizes=\"(min-width: 0px) and (max-width: 480px) 480px, (min-width: 481px) and (max-width: 980px) 980px, (min-width: 981px) and (max-width: 1280px) 1280px, (min-width: 1281px) 1920px, 100vw\" class=\"wp-image-41844\" data-et-multi-view=\"{&quot;schema&quot;:{&quot;attrs&quot;:{&quot;desktop&quot;:{&quot;src&quot;:&quot;https:\\\/\\\/www.granapadano.it\\\/wp-content\\\/uploads\\\/2023\\\/02\\\/testata-miele-43669-h.jpg&quot;,&quot;alt&quot;:&quot;&quot;,&quot;title&quot;:&quot;testata-miele-43669-m&quot;,&quot;class&quot;:&quot;wp-image-41844&quot;,&quot;srcset&quot;:&quot;https:\\\/\\\/www.granapadano.it\\\/wp-content\\\/uploads\\\/2023\\\/02\\\/testata-miele-43669-h.jpg 1920w, https:\\\/\\\/www.granapadano.it\\\/wp-content\\\/uploads\\\/2023\\\/02\\\/testata-miele-43669-h-1280x253.jpg 1280w, https:\\\/\\\/www.granapadano.it\\\/wp-content\\\/uploads\\\/2023\\\/02\\\/testata-miele-43669-h-980x194.jpg 980w, https:\\\/\\\/www.granapadano.it\\\/wp-content\\\/uploads\\\/2023\\\/02\\\/testata-miele-43669-h-480x95.jpg 480w&quot;,&quot;sizes&quot;:&quot;(min-width: 0px) and (max-width: 480px) 480px, (min-width: 481px) and (max-width: 980px) 980px, (min-width: 981px) and (max-width: 1280px) 1280px, (min-width: 1281px) 1920px, 100vw&quot;},&quot;phone&quot;:{&quot;src&quot;:&quot;https:\\\/\\\/www.granapadano.it\\\/wp-content\\\/uploads\\\/2023\\\/02\\\/testata-miele-43669-m.jpg&quot;,&quot;srcset&quot;:&quot;https:\\\/\\\/www.granapadano.it\\\/wp-content\\\/uploads\\\/2023\\\/02\\\/testata-miele-43669-m.jpg 450w, https:\\\/\\\/www.granapadano.it\\\/wp-content\\\/uploads\\\/2023\\\/02\\\/testata-miele-43669-m-300x133.jpg 300w&quot;,&quot;sizes&quot;:&quot;(max-width: 450px) 100vw, 450px&quot;}}},&quot;slug&quot;:&quot;et_pb_fullwidth_image&quot;}\" \/>\n\t\t\t\n\t\t\t<\/div><div class=\"breadcrumb\"><a href=\"https:\/\/www.granapadano.it\/de-de\/\">Home<\/a>  <  <\/div>ZitrushonigHonig&#8221;Zitrushonig wird auf der italienischen Halbinsel und ihren Inselgebieten hergestellt.Die verschiedenen Zitruspflanzenarten (Orange, Zitrone, Mandarine, Bergamotte, Zedrat, Pampelmuse etc.) sind immergr\u00fcne B\u00e4ume, die je nach Spezies zu unterschiedliche Zeiten im Jahr Bl\u00fcten von charakteristischem, intensiven Duft tragen, welche Hesperidien genannte Beerenfr\u00fcchte hervorbringen. Urspr\u00fcnglich stammen die Zitruspflanzen aus China und alle in Italien angebauten Exemplare [&hellip;]<\/p>\n","protected":false},"author":6,"featured_media":0,"parent":32541,"menu_order":362,"comment_status":"closed","ping_status":"closed","template":"","meta":{"_acf_changed":false,"_et_pb_use_builder":"on","_et_pb_old_content":"","_et_gb_content_width":"","footnotes":""},"class_list":["post-42934","page","type-page","status-publish","hentry"],"acf":[],"yoast_head":"<!-- This site is optimized with the Yoast SEO plugin v27.2 - https:\/\/yoast.com\/product\/yoast-seo-wordpress\/ -->\n<title>Zitrushonig - Grana Padano<\/title>\n<meta name=\"robots\" content=\"index, follow, max-snippet:-1, max-image-preview:large, max-video-preview:-1\" \/>\n<link rel=\"canonical\" href=\"https:\/\/www.granapadano.it\/de-de\/vorschlage-zum-servieren\/zu-welchen-honigsorten-passt-der-grana-padano\/zitrushonig\/\" \/>\n<meta property=\"og:locale\" content=\"de_DE\" \/>\n<meta property=\"og:type\" content=\"article\" \/>\n<meta property=\"og:title\" content=\"Zitrushonig - Grana Padano\" \/>\n<meta property=\"og:description\" content=\"ZitrushonigHonig&quot;Zitrushonig wird auf der italienischen Halbinsel und ihren Inselgebieten hergestellt.Die verschiedenen Zitruspflanzenarten (Orange, Zitrone, Mandarine, Bergamotte, Zedrat, Pampelmuse etc.) sind immergr\u00fcne B\u00e4ume, die je nach Spezies zu unterschiedliche Zeiten im Jahr Bl\u00fcten von charakteristischem, intensiven Duft tragen, welche Hesperidien genannte Beerenfr\u00fcchte hervorbringen. Urspr\u00fcnglich stammen die Zitruspflanzen aus China und alle in Italien angebauten Exemplare [&hellip;]\" \/>\n<meta property=\"og:url\" content=\"https:\/\/www.granapadano.it\/de-de\/vorschlage-zum-servieren\/zu-welchen-honigsorten-passt-der-grana-padano\/zitrushonig\/\" \/>\n<meta property=\"og:site_name\" content=\"Grana Padano\" \/>\n<meta property=\"article:modified_time\" content=\"2023-04-13T13:04:30+00:00\" \/>\n<meta name=\"twitter:card\" content=\"summary_large_image\" \/>\n<meta name=\"twitter:label1\" content=\"Est. reading time\" \/>\n\t<meta name=\"twitter:data1\" content=\"4 minutes\" \/>\n<script type=\"application\/ld+json\" class=\"yoast-schema-graph\">{\"@context\":\"https:\/\/schema.org\",\"@graph\":[{\"@type\":\"WebPage\",\"@id\":\"https:\/\/www.granapadano.it\/de-de\/vorschlage-zum-servieren\/zu-welchen-honigsorten-passt-der-grana-padano\/zitrushonig\/\",\"url\":\"https:\/\/www.granapadano.it\/de-de\/vorschlage-zum-servieren\/zu-welchen-honigsorten-passt-der-grana-padano\/zitrushonig\/\",\"name\":\"Zitrushonig - Grana Padano\",\"isPartOf\":{\"@id\":\"https:\/\/www.granapadano.it\/de-de\/#website\"},\"datePublished\":\"2023-02-16T14:15:29+00:00\",\"dateModified\":\"2023-04-13T13:04:30+00:00\",\"breadcrumb\":{\"@id\":\"https:\/\/www.granapadano.it\/de-de\/vorschlage-zum-servieren\/zu-welchen-honigsorten-passt-der-grana-padano\/zitrushonig\/#breadcrumb\"},\"inLanguage\":\"de-de\",\"potentialAction\":[{\"@type\":\"ReadAction\",\"target\":[\"https:\/\/www.granapadano.it\/de-de\/vorschlage-zum-servieren\/zu-welchen-honigsorten-passt-der-grana-padano\/zitrushonig\/\"]}]},{\"@type\":\"BreadcrumbList\",\"@id\":\"https:\/\/www.granapadano.it\/de-de\/vorschlage-zum-servieren\/zu-welchen-honigsorten-passt-der-grana-padano\/zitrushonig\/#breadcrumb\",\"itemListElement\":[{\"@type\":\"ListItem\",\"position\":1,\"name\":\"Home\",\"item\":\"https:\/\/www.granapadano.it\/de-de\/\"},{\"@type\":\"ListItem\",\"position\":2,\"name\":\"Rezepte\",\"item\":\"https:\/\/www.granapadano.it\/de-de\/rezepte\/\"},{\"@type\":\"ListItem\",\"position\":3,\"name\":\"Zu welchen honigsorten passt der Grana Padano?\",\"item\":\"https:\/\/www.granapadano.it\/de-de\/vorschlage-zum-servieren\/zu-welchen-honigsorten-passt-der-grana-padano\/\"},{\"@type\":\"ListItem\",\"position\":4,\"name\":\"Zitrushonig\"}]},{\"@type\":\"WebSite\",\"@id\":\"https:\/\/www.granapadano.it\/de-de\/#website\",\"url\":\"https:\/\/www.granapadano.it\/de-de\/\",\"name\":\"Grana Padano\",\"description\":\"\",\"potentialAction\":[{\"@type\":\"SearchAction\",\"target\":{\"@type\":\"EntryPoint\",\"urlTemplate\":\"https:\/\/www.granapadano.it\/de-de\/?s={search_term_string}\"},\"query-input\":{\"@type\":\"PropertyValueSpecification\",\"valueRequired\":true,\"valueName\":\"search_term_string\"}}],\"inLanguage\":\"de-de\"}]}<\/script>\n<!-- \/ Yoast SEO plugin. -->","yoast_head_json":{"title":"Zitrushonig - Grana Padano","robots":{"index":"index","follow":"follow","max-snippet":"max-snippet:-1","max-image-preview":"max-image-preview:large","max-video-preview":"max-video-preview:-1"},"canonical":"https:\/\/www.granapadano.it\/de-de\/vorschlage-zum-servieren\/zu-welchen-honigsorten-passt-der-grana-padano\/zitrushonig\/","og_locale":"de_DE","og_type":"article","og_title":"Zitrushonig - Grana Padano","og_description":"ZitrushonigHonig\"Zitrushonig wird auf der italienischen Halbinsel und ihren Inselgebieten hergestellt.Die verschiedenen Zitruspflanzenarten (Orange, Zitrone, Mandarine, Bergamotte, Zedrat, Pampelmuse etc.) sind immergr\u00fcne B\u00e4ume, die je nach Spezies zu unterschiedliche Zeiten im Jahr Bl\u00fcten von charakteristischem, intensiven Duft tragen, welche Hesperidien genannte Beerenfr\u00fcchte hervorbringen. Urspr\u00fcnglich stammen die Zitruspflanzen aus China und alle in Italien angebauten Exemplare [&hellip;]","og_url":"https:\/\/www.granapadano.it\/de-de\/vorschlage-zum-servieren\/zu-welchen-honigsorten-passt-der-grana-padano\/zitrushonig\/","og_site_name":"Grana Padano","article_modified_time":"2023-04-13T13:04:30+00:00","twitter_card":"summary_large_image","twitter_misc":{"Est. reading time":"4 minutes"},"schema":{"@context":"https:\/\/schema.org","@graph":[{"@type":"WebPage","@id":"https:\/\/www.granapadano.it\/de-de\/vorschlage-zum-servieren\/zu-welchen-honigsorten-passt-der-grana-padano\/zitrushonig\/","url":"https:\/\/www.granapadano.it\/de-de\/vorschlage-zum-servieren\/zu-welchen-honigsorten-passt-der-grana-padano\/zitrushonig\/","name":"Zitrushonig - Grana Padano","isPartOf":{"@id":"https:\/\/www.granapadano.it\/de-de\/#website"},"datePublished":"2023-02-16T14:15:29+00:00","dateModified":"2023-04-13T13:04:30+00:00","breadcrumb":{"@id":"https:\/\/www.granapadano.it\/de-de\/vorschlage-zum-servieren\/zu-welchen-honigsorten-passt-der-grana-padano\/zitrushonig\/#breadcrumb"},"inLanguage":"de-de","potentialAction":[{"@type":"ReadAction","target":["https:\/\/www.granapadano.it\/de-de\/vorschlage-zum-servieren\/zu-welchen-honigsorten-passt-der-grana-padano\/zitrushonig\/"]}]},{"@type":"BreadcrumbList","@id":"https:\/\/www.granapadano.it\/de-de\/vorschlage-zum-servieren\/zu-welchen-honigsorten-passt-der-grana-padano\/zitrushonig\/#breadcrumb","itemListElement":[{"@type":"ListItem","position":1,"name":"Home","item":"https:\/\/www.granapadano.it\/de-de\/"},{"@type":"ListItem","position":2,"name":"Rezepte","item":"https:\/\/www.granapadano.it\/de-de\/rezepte\/"},{"@type":"ListItem","position":3,"name":"Zu welchen honigsorten passt der Grana Padano?","item":"https:\/\/www.granapadano.it\/de-de\/vorschlage-zum-servieren\/zu-welchen-honigsorten-passt-der-grana-padano\/"},{"@type":"ListItem","position":4,"name":"Zitrushonig"}]},{"@type":"WebSite","@id":"https:\/\/www.granapadano.it\/de-de\/#website","url":"https:\/\/www.granapadano.it\/de-de\/","name":"Grana Padano","description":"","potentialAction":[{"@type":"SearchAction","target":{"@type":"EntryPoint","urlTemplate":"https:\/\/www.granapadano.it\/de-de\/?s={search_term_string}"},"query-input":{"@type":"PropertyValueSpecification","valueRequired":true,"valueName":"search_term_string"}}],"inLanguage":"de-de"}]}},"_links":{"self":[{"href":"https:\/\/www.granapadano.it\/de-de\/wp-json\/wp\/v2\/pages\/42934","targetHints":{"allow":["GET"]}}],"collection":[{"href":"https:\/\/www.granapadano.it\/de-de\/wp-json\/wp\/v2\/pages"}],"about":[{"href":"https:\/\/www.granapadano.it\/de-de\/wp-json\/wp\/v2\/types\/page"}],"author":[{"embeddable":true,"href":"https:\/\/www.granapadano.it\/de-de\/wp-json\/wp\/v2\/users\/6"}],"replies":[{"embeddable":true,"href":"https:\/\/www.granapadano.it\/de-de\/wp-json\/wp\/v2\/comments?post=42934"}],"version-history":[{"count":5,"href":"https:\/\/www.granapadano.it\/de-de\/wp-json\/wp\/v2\/pages\/42934\/revisions"}],"predecessor-version":[{"id":91486,"href":"https:\/\/www.granapadano.it\/de-de\/wp-json\/wp\/v2\/pages\/42934\/revisions\/91486"}],"up":[{"embeddable":true,"href":"https:\/\/www.granapadano.it\/de-de\/wp-json\/wp\/v2\/pages\/32541"}],"wp:attachment":[{"href":"https:\/\/www.granapadano.it\/de-de\/wp-json\/wp\/v2\/media?parent=42934"}],"curies":[{"name":"wp","href":"https:\/\/api.w.org\/{rel}","templated":true}]}}