{"id":41516,"date":"2023-02-16T17:04:45","date_gmt":"2023-02-16T17:04:45","guid":{"rendered":"https:\/\/www.granapadano.it\/vorschlage-zum-servieren\/kombinationen\/zu-welchen-honigsorten-passt-der-grana-padano\/come-abbinare-mieli-e-formaggi\/"},"modified":"2023-02-19T13:43:57","modified_gmt":"2023-02-19T13:43:57","slug":"wie-kombiniert-man-honig-und-kase","status":"publish","type":"page","link":"https:\/\/www.granapadano.it\/de-de\/vorschlage-zum-servieren\/zu-welchen-honigsorten-passt-der-grana-padano\/wie-kombiniert-man-honig-und-kase\/","title":{"rendered":"wie kombiniert man honig und k\u00e4se?"},"content":{"rendered":"<p>[et_pb_section fb_built=&#8221;1&#8243; fullwidth=&#8221;on&#8221; theme_builder_area=&#8221;post_content&#8221; _builder_version=&#8221;4.20.0&#8243; _module_preset=&#8221;default&#8221;][et_pb_fullwidth_image src=&#8221;https:\/\/www.granapadano.it\/wp-content\/uploads\/2023\/02\/Miele-e-formaggi-h.jpg&#8221; title_text=&#8221;Miele-e-formaggi-m&#8221; src_tablet=&#8221;https:\/\/www.granapadano.it\/wp-content\/uploads\/2023\/02\/Miele-e-formaggi-h.jpg&#8221; src_phone=&#8221;https:\/\/www.granapadano.it\/wp-content\/uploads\/2023\/02\/Miele-e-formaggi-m.jpg&#8221; src_last_edited=&#8221;on|phone&#8221; _builder_version=&#8221;4.20.0&#8243; _module_preset=&#8221;default&#8221; hover_enabled=&#8221;0&#8243; global_colors_info=&#8221;{}&#8221; theme_builder_area=&#8221;post_content&#8221; sticky_enabled=&#8221;0&#8243;][\/et_pb_fullwidth_image][\/et_pb_section][et_pb_section fb_built=&#8221;1&#8243; module_class=&#8221;production_sub_hub_main_wrapper&#8221; _builder_version=&#8221;4.19.4&#8243; _module_preset=&#8221;default&#8221; custom_padding=&#8221;13px||0px|||&#8221; locked=&#8221;off&#8221; global_colors_info=&#8221;{}&#8221;][et_pb_row module_class=&#8221;recipe_filter_section&#8221; _builder_version=&#8221;4.19.2&#8243; _module_preset=&#8221;default&#8221; max_width=&#8221;90%&#8221; custom_padding=&#8221;||7px|||&#8221; global_colors_info=&#8221;{}&#8221;][et_pb_column type=&#8221;4_4&#8243; _builder_version=&#8221;4.19.2&#8243; _module_preset=&#8221;default&#8221; global_colors_info=&#8221;{}&#8221;][et_pb_code _builder_version=&#8221;4.19.2&#8243; _module_preset=&#8221;default&#8221; custom_margin=&#8221;||16px|||&#8221; global_colors_info=&#8221;{}&#8221;]<div class=\"breadcrumb\"><a href=\"https:\/\/www.granapadano.it\/de-de\/\">Home<\/a>  <  <\/div>[\/et_pb_code][\/et_pb_column][\/et_pb_row][\/et_pb_section][et_pb_section fb_built=&#8221;1&#8243; module_class=&#8221;giovani_sub_hub_title&#8221; _builder_version=&#8221;4.19.5&#8243; _module_preset=&#8221;default&#8221; custom_padding=&#8221;0px||0px||false|false&#8221; locked=&#8221;off&#8221; global_colors_info=&#8221;{}&#8221;][et_pb_row module_class=&#8221;gp_producion_heading_wrapper&#8221; _builder_version=&#8221;4.19.5&#8243; _module_preset=&#8221;default&#8221; max_width=&#8221;90%&#8221; module_alignment=&#8221;center&#8221; custom_padding=&#8221;||||false|false&#8221; global_colors_info=&#8221;{}&#8221;][et_pb_column type=&#8221;4_4&#8243; _builder_version=&#8221;4.19.4&#8243; _module_preset=&#8221;default&#8221; global_colors_info=&#8221;{}&#8221;][et_pb_text _builder_version=&#8221;4.20.0&#8243; _module_preset=&#8221;default&#8221; text_font=&#8221;Merriweather|700|||||||&#8221; text_text_color=&#8221;#000000&#8243; text_font_size=&#8221;44px&#8221; text_line_height=&#8221;52px&#8221; global_colors_info=&#8221;{}&#8221;]<\/p>\n<p style=\"text-align: center;\"><span>Wie kombiniert man honig und k\u00e4se?<\/span><\/p>\n<p>[\/et_pb_text][\/et_pb_column][\/et_pb_row][et_pb_row column_structure=&#8221;3_5,2_5&#8243; module_class=&#8221;giovani_sub_hub_video_bottom_text grana_e_solo_text_para&#8221; _builder_version=&#8221;4.19.5&#8243; _module_preset=&#8221;default&#8221; max_width=&#8221;90%&#8221; module_alignment=&#8221;center&#8221; min_height=&#8221;90px&#8221; custom_margin=&#8221;-2px||||false|false&#8221; custom_padding=&#8221;0px||2px||false|false&#8221; global_colors_info=&#8221;{}&#8221;][et_pb_column type=&#8221;3_5&#8243; _builder_version=&#8221;4.19.4&#8243; _module_preset=&#8221;default&#8221; global_colors_info=&#8221;{}&#8221;][et_pb_text _builder_version=&#8221;4.20.0&#8243; _module_preset=&#8221;default&#8221; text_font=&#8221;FontPadano-Bold|300|||||||&#8221; text_text_color=&#8221;#0f0f0f&#8221; text_font_size=&#8221;26px&#8221; text_line_height=&#8221;27px&#8221; background_color=&#8221;gcid-26f0371c-74dd-4e63-bbf8-f8ec94f09a6d&#8221; text_orientation=&#8221;center&#8221; width=&#8221;26%&#8221; module_alignment=&#8221;left&#8221; custom_margin=&#8221;|600px|30px||false|false&#8221; custom_padding=&#8221;10px||10px||false|false&#8221; border_radii=&#8221;on|30px|30px|30px|30px&#8221; global_colors_info=&#8221;{%22gcid-26f0371c-74dd-4e63-bbf8-f8ec94f09a6d%22:%91%22background_color%22%93}&#8221;]<\/p>\n<p>Honig und k\u00e4se<\/p>\n<p>[\/et_pb_text][\/et_pb_column][et_pb_column type=&#8221;2_5&#8243; _builder_version=&#8221;4.19.5&#8243; _module_preset=&#8221;default&#8221; global_colors_info=&#8221;{}&#8221;][\/et_pb_column][\/et_pb_row][et_pb_row _builder_version=&#8221;4.19.5&#8243; _module_preset=&#8221;default&#8221; max_width=&#8221;90%&#8221; module_alignment=&#8221;center&#8221; custom_margin=&#8221;-2px||||false|false&#8221; custom_padding=&#8221;0px||60px||false|false&#8221; global_colors_info=&#8221;{}&#8221;][et_pb_column type=&#8221;4_4&#8243; _builder_version=&#8221;4.19.5&#8243; _module_preset=&#8221;default&#8221; global_colors_info=&#8221;{}&#8221;][et_pb_text _builder_version=&#8221;4.20.0&#8243; _module_preset=&#8221;default&#8221; text_text_color=&#8221;#0f0f0f&#8221; text_font_size=&#8221;18px&#8221; text_line_height=&#8221;26px&#8221; width=&#8221;100%&#8221; custom_padding=&#8221;|33px||||&#8221; global_colors_info=&#8221;{}&#8221;]<\/p>\n<p><strong>Die hohe Kunst, Honig und K\u00e4se zu kombinieren<\/strong><\/p>\n<p>Dazu sollten wir etwas vorwegsagen: Per se kann die Kombination zweier Produkte nat\u00fcrlich unterschiedliche Zwecke verfolgen, einer davon ist es, durch Ausprobieren k\u00f6stliche neue olfaktorische und gustatorische Erlebnisse entstehen zu lassen. Manchmal ergibt sich so ein \u201eneues Ganzes\u201c, das mehr ist als nur die Summe beider, da es beide aufwertet, ohne einen davon zu benachteiligen.<\/p>\n<p>Hier steht der Grana Padano im Mittelpunkt, daher haben unsere Empfehlungen das Ziel, genau dieses Produkt in all seinen verschiedenen Reifephasen zu veredeln.<br \/>Den Verbrauchern stehen zahllose, h\u00f6chst unterschiedliche Honigsorten zur Verf\u00fcgung: Ihr Unterschied kann in der jeweiligen Intensit\u00e4t des Aromakomplexes liegen (schwach, mittel, stark), in den olfaktorisch-gustatorischen Noten (warm, fruchtig, blumig, aromatisch, animalisch, vegetabil, chemisch) oder auch im Vorhandensein von Bittere.<br \/>Alle Honigsorten, auch die mit bitterer Note, haben die gleiche charakteristische Zusammensetzung, bei der Einfachzucker (Fruktose und Glukose) \u00fcberwiegen. Durch diese Eigenschaft, die schlie\u00dflich immer S\u00fc\u00dfe bedeutet, bietet sich die Kombination mit stark gereiften K\u00e4sesorten, wie es der Grana Padano ist, besonders an.<\/p>\n<p>Die f\u00fcr die Begleitung von Grana Padano gedachte Honigmenge sollte dabei nie zu hoch sein, damit die aromatische Komponente des K\u00e4ses nicht \u00fcberdeckt wird. Da man bei j\u00fcngeren Varianten, in denen sich die Milchnoten (hei\u00dfe Milch, geschmolzene Butter) noch herausschmecken lassen, auf sehr zarte, nicht zu intensive Honige zur\u00fcckgreifen sollte, darf man sich hier nat\u00fcrlich trauen, etwas mehr Honig zu nehmen.<\/p>\n<p>K\u00e4se von mittlerer Reife lassen sich im Allgemeinen sehr gut von Honigsorten mit animalischen, eiwei\u00dfigen und schwefeligen gustatorisch-olfaktorischen Komponenten abrunden.<br \/>Bei Grana Padano von l\u00e4ngerer Reife mildert der Zuckerbeitrag des Honigs, der hier besser in geringen Mengen verwendet wird, die herzhaften und pikanten Komponenten des K\u00e4ses. Des Weiteren unterst\u00fctzt die Beschaffenheit des Honigs das Zergehen des K\u00e4ses im Mund, wodurch dessen edelsten durch die Reife hervorgerufenen Aromen freigesetzt werden. In diesem Fall k\u00f6nnen Honige von markanter gustatorisch-olfaktorischer Intensit\u00e4t, auch solche mit leichten Bitternoten, sich als perfekte Begleiter erweisen.<\/p>\n<p>Allgemein gesagt basieren die \u00fcblicherweise angewendeten Kombinationskriterien auf den Prinzipien von \u00c4hnlichkeit und Kontrast, sowohl was die aromatische Intensit\u00e4t als auch das Gesamtbild betrifft. Nennen wir ein Beispiel: Kastanienhonig harmoniert aufgrund seiner Intensit\u00e4t und seiner charakteristischen animalisch anmutenden Noten besonders gut mit sehr reifem Grana Padano, w\u00e4hrend Lindenhonig mit seinen frischen balsamischen Noten einen nicht minder gef\u00e4lligen Kontrast zu diesem bildet.<br \/>Nat\u00fcrlich lassen sich auch territoriale\/regionale Kriterien anwenden: Jedes geografische Gebiet hat eigene K\u00e4se- und Honigsorten, die bereits traditionell miteinander kombiniert werden, sodass deren Paarung sich allen durch die Macht der Gewohnheit als \u201etypisch\u201c durchgesetzt hat.<br \/>Von all diesen Richtlinien einmal abgesehen, sind Sie selbst nat\u00fcrlich letztendlich ma\u00dfgeblich, Ihr pers\u00f6nlicher Geschmack und der Genuss, den das Experimentieren mit neuen Kombinationen Ihnen schenkt. Aus diesem Grund empfehlen wir, stets eine Auswahl verschiedener Honigsorten zu servieren, gerne auch einmal zwei v\u00f6llig unterschiedliche, damit Sie und Ihre Tischg\u00e4ste eigene Lieblingsvariationen entdecken k\u00f6nnen. Wir laden dazu ein, die Produkte zuerst einzeln zu kosten und anschlie\u00dfend deren verschiedene Kombinationen.<\/p>\n<p>[\/et_pb_text][\/et_pb_column][\/et_pb_row][\/et_pb_section]<\/p>\n","protected":false},"excerpt":{"rendered":"<p><div class=\"breadcrumb\"><a href=\"https:\/\/www.granapadano.it\/de-de\/\">Home<\/a>  <  <\/div>Wie kombiniert man honig und k\u00e4se?Honig und k\u00e4seDie hohe Kunst, Honig und K\u00e4se zu kombinieren Dazu sollten wir etwas vorwegsagen: Per se kann die Kombination zweier Produkte nat\u00fcrlich unterschiedliche Zwecke verfolgen, einer davon ist es, durch Ausprobieren k\u00f6stliche neue olfaktorische und gustatorische Erlebnisse entstehen zu lassen. Manchmal ergibt sich so ein \u201eneues Ganzes\u201c, das mehr [&hellip;]<\/p>\n","protected":false},"author":6,"featured_media":0,"parent":32541,"menu_order":286,"comment_status":"closed","ping_status":"closed","template":"","meta":{"_acf_changed":false,"_et_pb_use_builder":"on","_et_pb_old_content":"","_et_gb_content_width":"","footnotes":""},"class_list":["post-41516","page","type-page","status-publish","hentry"],"acf":[],"yoast_head":"<!-- This site is optimized with the Yoast SEO plugin v27.3 - https:\/\/yoast.com\/product\/yoast-seo-wordpress\/ -->\n<title>wie kombiniert man honig und k\u00e4se? - Grana Padano<\/title>\n<meta name=\"robots\" content=\"index, follow, max-snippet:-1, max-image-preview:large, max-video-preview:-1\" \/>\n<link rel=\"canonical\" href=\"https:\/\/www.granapadano.it\/de-de\/vorschlage-zum-servieren\/zu-welchen-honigsorten-passt-der-grana-padano\/wie-kombiniert-man-honig-und-kase\/\" \/>\n<meta property=\"og:locale\" content=\"de_DE\" \/>\n<meta property=\"og:type\" content=\"article\" \/>\n<meta property=\"og:title\" content=\"wie kombiniert man honig und k\u00e4se? - Grana Padano\" \/>\n<meta property=\"og:description\" content=\"Wie kombiniert man honig und k\u00e4se?Honig und k\u00e4seDie hohe Kunst, Honig und K\u00e4se zu kombinieren Dazu sollten wir etwas vorwegsagen: Per se kann die Kombination zweier Produkte nat\u00fcrlich unterschiedliche Zwecke verfolgen, einer davon ist es, durch Ausprobieren k\u00f6stliche neue olfaktorische und gustatorische Erlebnisse entstehen zu lassen. Manchmal ergibt sich so ein \u201eneues Ganzes\u201c, das mehr [&hellip;]\" \/>\n<meta property=\"og:url\" content=\"https:\/\/www.granapadano.it\/de-de\/vorschlage-zum-servieren\/zu-welchen-honigsorten-passt-der-grana-padano\/wie-kombiniert-man-honig-und-kase\/\" \/>\n<meta property=\"og:site_name\" content=\"Grana Padano\" \/>\n<meta property=\"article:modified_time\" content=\"2023-02-19T13:43:57+00:00\" \/>\n<meta name=\"twitter:card\" content=\"summary_large_image\" \/>\n<meta name=\"twitter:label1\" content=\"Est. reading time\" \/>\n\t<meta name=\"twitter:data1\" content=\"5 minutes\" \/>\n<script type=\"application\/ld+json\" class=\"yoast-schema-graph\">{\"@context\":\"https:\\\/\\\/schema.org\",\"@graph\":[{\"@type\":\"WebPage\",\"@id\":\"https:\\\/\\\/www.granapadano.it\\\/de-de\\\/vorschlage-zum-servieren\\\/zu-welchen-honigsorten-passt-der-grana-padano\\\/wie-kombiniert-man-honig-und-kase\\\/\",\"url\":\"https:\\\/\\\/www.granapadano.it\\\/de-de\\\/vorschlage-zum-servieren\\\/zu-welchen-honigsorten-passt-der-grana-padano\\\/wie-kombiniert-man-honig-und-kase\\\/\",\"name\":\"wie kombiniert man honig und k\u00e4se? - Grana Padano\",\"isPartOf\":{\"@id\":\"https:\\\/\\\/www.granapadano.it\\\/de-de\\\/#website\"},\"datePublished\":\"2023-02-16T17:04:45+00:00\",\"dateModified\":\"2023-02-19T13:43:57+00:00\",\"breadcrumb\":{\"@id\":\"https:\\\/\\\/www.granapadano.it\\\/de-de\\\/vorschlage-zum-servieren\\\/zu-welchen-honigsorten-passt-der-grana-padano\\\/wie-kombiniert-man-honig-und-kase\\\/#breadcrumb\"},\"inLanguage\":\"de-de\",\"potentialAction\":[{\"@type\":\"ReadAction\",\"target\":[\"https:\\\/\\\/www.granapadano.it\\\/de-de\\\/vorschlage-zum-servieren\\\/zu-welchen-honigsorten-passt-der-grana-padano\\\/wie-kombiniert-man-honig-und-kase\\\/\"]}]},{\"@type\":\"BreadcrumbList\",\"@id\":\"https:\\\/\\\/www.granapadano.it\\\/de-de\\\/vorschlage-zum-servieren\\\/zu-welchen-honigsorten-passt-der-grana-padano\\\/wie-kombiniert-man-honig-und-kase\\\/#breadcrumb\",\"itemListElement\":[{\"@type\":\"ListItem\",\"position\":1,\"name\":\"Home\",\"item\":\"https:\\\/\\\/www.granapadano.it\\\/de-de\\\/\"},{\"@type\":\"ListItem\",\"position\":2,\"name\":\"Rezepte\",\"item\":\"https:\\\/\\\/www.granapadano.it\\\/de-de\\\/rezepte\\\/\"},{\"@type\":\"ListItem\",\"position\":3,\"name\":\"Zu welchen honigsorten passt der Grana Padano?\",\"item\":\"https:\\\/\\\/www.granapadano.it\\\/de-de\\\/vorschlage-zum-servieren\\\/zu-welchen-honigsorten-passt-der-grana-padano\\\/\"},{\"@type\":\"ListItem\",\"position\":4,\"name\":\"wie kombiniert man honig und k\u00e4se?\"}]},{\"@type\":\"WebSite\",\"@id\":\"https:\\\/\\\/www.granapadano.it\\\/de-de\\\/#website\",\"url\":\"https:\\\/\\\/www.granapadano.it\\\/de-de\\\/\",\"name\":\"Grana Padano\",\"description\":\"\",\"potentialAction\":[{\"@type\":\"SearchAction\",\"target\":{\"@type\":\"EntryPoint\",\"urlTemplate\":\"https:\\\/\\\/www.granapadano.it\\\/de-de\\\/?s={search_term_string}\"},\"query-input\":{\"@type\":\"PropertyValueSpecification\",\"valueRequired\":true,\"valueName\":\"search_term_string\"}}],\"inLanguage\":\"de-de\"}]}<\/script>\n<!-- \/ Yoast SEO plugin. -->","yoast_head_json":{"title":"wie kombiniert man honig und k\u00e4se? - Grana Padano","robots":{"index":"index","follow":"follow","max-snippet":"max-snippet:-1","max-image-preview":"max-image-preview:large","max-video-preview":"max-video-preview:-1"},"canonical":"https:\/\/www.granapadano.it\/de-de\/vorschlage-zum-servieren\/zu-welchen-honigsorten-passt-der-grana-padano\/wie-kombiniert-man-honig-und-kase\/","og_locale":"de_DE","og_type":"article","og_title":"wie kombiniert man honig und k\u00e4se? - Grana Padano","og_description":"Wie kombiniert man honig und k\u00e4se?Honig und k\u00e4seDie hohe Kunst, Honig und K\u00e4se zu kombinieren Dazu sollten wir etwas vorwegsagen: Per se kann die Kombination zweier Produkte nat\u00fcrlich unterschiedliche Zwecke verfolgen, einer davon ist es, durch Ausprobieren k\u00f6stliche neue olfaktorische und gustatorische Erlebnisse entstehen zu lassen. Manchmal ergibt sich so ein \u201eneues Ganzes\u201c, das mehr [&hellip;]","og_url":"https:\/\/www.granapadano.it\/de-de\/vorschlage-zum-servieren\/zu-welchen-honigsorten-passt-der-grana-padano\/wie-kombiniert-man-honig-und-kase\/","og_site_name":"Grana Padano","article_modified_time":"2023-02-19T13:43:57+00:00","twitter_card":"summary_large_image","twitter_misc":{"Est. reading time":"5 minutes"},"schema":{"@context":"https:\/\/schema.org","@graph":[{"@type":"WebPage","@id":"https:\/\/www.granapadano.it\/de-de\/vorschlage-zum-servieren\/zu-welchen-honigsorten-passt-der-grana-padano\/wie-kombiniert-man-honig-und-kase\/","url":"https:\/\/www.granapadano.it\/de-de\/vorschlage-zum-servieren\/zu-welchen-honigsorten-passt-der-grana-padano\/wie-kombiniert-man-honig-und-kase\/","name":"wie kombiniert man honig und k\u00e4se? - Grana Padano","isPartOf":{"@id":"https:\/\/www.granapadano.it\/de-de\/#website"},"datePublished":"2023-02-16T17:04:45+00:00","dateModified":"2023-02-19T13:43:57+00:00","breadcrumb":{"@id":"https:\/\/www.granapadano.it\/de-de\/vorschlage-zum-servieren\/zu-welchen-honigsorten-passt-der-grana-padano\/wie-kombiniert-man-honig-und-kase\/#breadcrumb"},"inLanguage":"de-de","potentialAction":[{"@type":"ReadAction","target":["https:\/\/www.granapadano.it\/de-de\/vorschlage-zum-servieren\/zu-welchen-honigsorten-passt-der-grana-padano\/wie-kombiniert-man-honig-und-kase\/"]}]},{"@type":"BreadcrumbList","@id":"https:\/\/www.granapadano.it\/de-de\/vorschlage-zum-servieren\/zu-welchen-honigsorten-passt-der-grana-padano\/wie-kombiniert-man-honig-und-kase\/#breadcrumb","itemListElement":[{"@type":"ListItem","position":1,"name":"Home","item":"https:\/\/www.granapadano.it\/de-de\/"},{"@type":"ListItem","position":2,"name":"Rezepte","item":"https:\/\/www.granapadano.it\/de-de\/rezepte\/"},{"@type":"ListItem","position":3,"name":"Zu welchen honigsorten passt der Grana Padano?","item":"https:\/\/www.granapadano.it\/de-de\/vorschlage-zum-servieren\/zu-welchen-honigsorten-passt-der-grana-padano\/"},{"@type":"ListItem","position":4,"name":"wie kombiniert man honig und k\u00e4se?"}]},{"@type":"WebSite","@id":"https:\/\/www.granapadano.it\/de-de\/#website","url":"https:\/\/www.granapadano.it\/de-de\/","name":"Grana Padano","description":"","potentialAction":[{"@type":"SearchAction","target":{"@type":"EntryPoint","urlTemplate":"https:\/\/www.granapadano.it\/de-de\/?s={search_term_string}"},"query-input":{"@type":"PropertyValueSpecification","valueRequired":true,"valueName":"search_term_string"}}],"inLanguage":"de-de"}]}},"_links":{"self":[{"href":"https:\/\/www.granapadano.it\/de-de\/wp-json\/wp\/v2\/pages\/41516","targetHints":{"allow":["GET"]}}],"collection":[{"href":"https:\/\/www.granapadano.it\/de-de\/wp-json\/wp\/v2\/pages"}],"about":[{"href":"https:\/\/www.granapadano.it\/de-de\/wp-json\/wp\/v2\/types\/page"}],"author":[{"embeddable":true,"href":"https:\/\/www.granapadano.it\/de-de\/wp-json\/wp\/v2\/users\/6"}],"replies":[{"embeddable":true,"href":"https:\/\/www.granapadano.it\/de-de\/wp-json\/wp\/v2\/comments?post=41516"}],"version-history":[{"count":0,"href":"https:\/\/www.granapadano.it\/de-de\/wp-json\/wp\/v2\/pages\/41516\/revisions"}],"up":[{"embeddable":true,"href":"https:\/\/www.granapadano.it\/de-de\/wp-json\/wp\/v2\/pages\/32541"}],"wp:attachment":[{"href":"https:\/\/www.granapadano.it\/de-de\/wp-json\/wp\/v2\/media?parent=41516"}],"curies":[{"name":"wp","href":"https:\/\/api.w.org\/{rel}","templated":true}]}}