{"id":39639,"date":"2023-02-02T13:12:31","date_gmt":"2023-02-02T13:12:31","guid":{"rendered":"https:\/\/www.granapadano.it\/nachhaltigkeit-und-wohlbefinden\/fondazione-csr\/"},"modified":"2026-03-27T14:30:07","modified_gmt":"2026-03-27T14:30:07","slug":"die-stiftung","status":"publish","type":"page","link":"https:\/\/www.granapadano.it\/de-de\/nachhaltigkeit\/die-stiftung\/","title":{"rendered":"Die stiftung"},"content":{"rendered":"<p>[et_pb_section fb_built=&#8221;1&#8243; disabled_on=&#8221;on|on|on&#8221; admin_label=&#8221;section&#8221; _builder_version=&#8221;4.16&#8243; disabled=&#8221;on&#8221; global_colors_info=&#8221;{}&#8221;][et_pb_row admin_label=&#8221;row&#8221; _builder_version=&#8221;4.16&#8243; background_size=&#8221;initial&#8221; background_position=&#8221;top_left&#8221; background_repeat=&#8221;repeat&#8221; global_colors_info=&#8221;{}&#8221;][et_pb_column type=&#8221;4_4&#8243; _builder_version=&#8221;4.16&#8243; custom_padding=&#8221;|||&#8221; global_colors_info=&#8221;{}&#8221; custom_padding__hover=&#8221;|||&#8221;][\/et_pb_column][\/et_pb_row][\/et_pb_section][et_pb_section fb_built=&#8221;1&#8243; fullwidth=&#8221;on&#8221; _builder_version=&#8221;4.19.4&#8243; _module_preset=&#8221;default&#8221; global_colors_info=&#8221;{}&#8221; locked=&#8221;off&#8221;][et_pb_fullwidth_image src=&#8221;https:\/\/www.granapadano.it\/wp-content\/uploads\/2023\/03\/Abazzia-h-.jpg&#8221; title_text=&#8221;Abazzia-h-&#8221; src_tablet=&#8221;https:\/\/www.granapadano.it\/wp-content\/uploads\/2023\/03\/Abazzia-h-.jpg&#8221; src_phone=&#8221;https:\/\/www.granapadano.it\/wp-content\/uploads\/2023\/03\/abazzia-m-1.jpg&#8221; src_last_edited=&#8221;on|tablet&#8221; _builder_version=&#8221;4.20.0&#8243; _module_preset=&#8221;default&#8221; global_colors_info=&#8221;{}&#8221;][\/et_pb_fullwidth_image][\/et_pb_section][et_pb_section fb_built=&#8221;1&#8243; _builder_version=&#8221;4.27.6&#8243; _module_preset=&#8221;default&#8221; min_height=&#8221;179.2px&#8221; locked=&#8221;off&#8221; global_colors_info=&#8221;{}&#8221;][et_pb_row column_structure=&#8221;1_3,2_3&#8243; custom_padding_last_edited=&#8221;on|tablet&#8221; _builder_version=&#8221;4.27.6&#8243; _module_preset=&#8221;default&#8221; custom_margin=&#8221;||0px||false|false&#8221; custom_padding=&#8221;0px||0px||false|false&#8221; custom_padding_tablet=&#8221;32px|32px|32px|32px|true|true&#8221; custom_padding_phone=&#8221;32px|0px|32px|0px|true|true&#8221; locked=&#8221;off&#8221; global_colors_info=&#8221;{}&#8221;][et_pb_column type=&#8221;1_3&#8243; _builder_version=&#8221;4.27.6&#8243; _module_preset=&#8221;default&#8221; global_colors_info=&#8221;{}&#8221;][et_pb_heading title=&#8221;Unsere Geschichte&#8221; admin_label=&#8221;Heading&#8221; module_class=&#8221;new-gp-h1-heading&#8221; _builder_version=&#8221;4.27.6&#8243; _module_preset=&#8221;default&#8221; title_font=&#8221;&#8211;et_global_heading_font|600|||||||&#8221; title_text_color=&#8221;gcid-cdd0517b-cb7c-4f63-9e4c-4eaf7d046da3&#8243; title_font_size=&#8221;45px&#8221; title_line_height=&#8221;1.6em&#8221; max_width=&#8221;100%&#8221; module_alignment=&#8221;left&#8221; custom_margin=&#8221;||0px|0px|false|false&#8221; custom_padding=&#8221;||0px|0px|false|false&#8221; title_font_size_tablet=&#8221;32px&#8221; title_font_size_phone=&#8221;32px&#8221; title_font_size_last_edited=&#8221;on|phone&#8221; locked=&#8221;off&#8221; global_colors_info=&#8221;{%22gcid-cdd0517b-cb7c-4f63-9e4c-4eaf7d046da3%22:%91%22title_text_color%22%93}&#8221;][\/et_pb_heading][et_pb_text _builder_version=&#8221;4.27.6&#8243; _module_preset=&#8221;default&#8221; text_font=&#8221;&#8211;et_global_body_font||||||||&#8221; text_text_color=&#8221;#876346&#8243; text_line_height=&#8221;1.6em&#8221; custom_margin=&#8221;0px|65px|30px||false|false&#8221; custom_padding_tablet=&#8221;&#8221; custom_padding_phone=&#8221;||||false|false&#8221; custom_padding_last_edited=&#8221;on|phone&#8221; global_colors_info=&#8221;{}&#8221;]<\/p>\n<p data-start=\"309\" data-end=\"516\">Die Qualit\u00e4t von Grana Padano zeigt sich auch im sozialen Engagement und in der Verantwortung gegen\u00fcber den Bed\u00fcrftigen.<br data-start=\"429\" data-end=\"432\" \/>Entdecken Sie die vom Konsortium zum Schutz des Grana Padano unterst\u00fctzten Projekte!<\/p>\n<p>[\/et_pb_text][\/et_pb_column][et_pb_column type=&#8221;2_3&#8243; _builder_version=&#8221;4.27.6&#8243; _module_preset=&#8221;default&#8221; custom_padding=&#8221;||0px||false|false&#8221; global_colors_info=&#8221;{}&#8221;][et_pb_text _builder_version=&#8221;4.27.6&#8243; _module_preset=&#8221;default&#8221; text_font=&#8221;&#8211;et_global_body_font||||||||&#8221; text_text_color=&#8221;#44392b&#8221; text_font_size=&#8221;16px&#8221; text_line_height=&#8221;1.6em&#8221; custom_margin=&#8221;20px||30px|1px|false|false&#8221; custom_padding_tablet=&#8221;&#8221; custom_padding_phone=&#8221;||||false|false&#8221; custom_padding_last_edited=&#8221;on|phone&#8221; global_colors_info=&#8221;{}&#8221;]<\/p>\n<p data-start=\"126\" data-end=\"362\">&#8220;Das Konsortium zum Schutz des Grana Padano hat viele Kapitel seiner Geschichte im Zeichen von Solidarit\u00e4t sowie einer starken und kontinuierlichen Unterst\u00fctzung der Welt des Ehrenamts durch Initiativen auf der ganzen Welt geschrieben. Es handelt sich um ein Engagement im Bereich der sozialen Verantwortung, das unsere Gemeinschaft tief empfindet und das auch in der Satzung des Konsortiums verankert ist. Stets im Interesse der Verbraucher immer besser zu produzieren und dabei Qualit\u00e4t als zentralen Wert zu verfolgen, ist eine Haltung und ein Handeln, das sich auch darin widerspiegelt, diejenigen zu unterst\u00fctzen, die Hilfe und Linderung f\u00fcr Leidende leisten.&#8221;<\/p>\n<p>[\/et_pb_text][et_pb_button button_url=&#8221;https:\/\/fondazionegranapadano.org\/&#8221; button_text=&#8221;Entdecken Sie die Stiftung&#8221; button_alignment=&#8221;left&#8221; module_class=&#8221;Brown-btn&#8221; _builder_version=&#8221;4.27.6&#8243; _module_preset=&#8221;default&#8221; custom_button=&#8221;on&#8221; button_text_color=&#8221;#f9f1e4&#8243; button_bg_color=&#8221;#876346&#8243; button_border_width=&#8221;0px&#8221; button_border_color=&#8221;RGBA(255,255,255,0)&#8221; button_border_radius=&#8221;0px&#8221; button_font=&#8221;&#8211;et_global_heading_font||||||||&#8221; button_icon=&#8221;&#x24;||divi||400&#8243; button_on_hover=&#8221;off&#8221; custom_margin=&#8221;40px|||-2px|false|false&#8221; custom_margin_tablet=&#8221;32px|||0px|false|false&#8221; custom_margin_phone=&#8221;32px|||0px|false|false&#8221; custom_margin_last_edited=&#8221;on|tablet&#8221; custom_padding=&#8221;16px|30px|16px|16px|true|false&#8221; locked=&#8221;off&#8221; global_colors_info=&#8221;{}&#8221;][\/et_pb_button][\/et_pb_column][\/et_pb_row][\/et_pb_section]<\/p>\n","protected":false},"excerpt":{"rendered":"<p>Die Qualit\u00e4t von Grana Padano zeigt sich auch im sozialen Engagement und in der Verantwortung gegen\u00fcber den Bed\u00fcrftigen.Entdecken Sie die vom Konsortium zum Schutz des Grana Padano unterst\u00fctzten Projekte!&#8221;Das Konsortium zum Schutz des Grana Padano hat viele Kapitel seiner Geschichte im Zeichen von Solidarit\u00e4t sowie einer starken und kontinuierlichen Unterst\u00fctzung der Welt des Ehrenamts durch [&hellip;]<\/p>\n","protected":false},"author":3,"featured_media":0,"parent":151781,"menu_order":449,"comment_status":"closed","ping_status":"closed","template":"","meta":{"_acf_changed":false,"_et_pb_use_builder":"on","_et_pb_old_content":"","_et_gb_content_width":"","footnotes":""},"class_list":["post-39639","page","type-page","status-publish","hentry"],"acf":[],"yoast_head":"<!-- This site is optimized with the Yoast SEO plugin v27.3 - https:\/\/yoast.com\/product\/yoast-seo-wordpress\/ -->\n<title>Die stiftung - Grana Padano<\/title>\n<meta name=\"robots\" content=\"index, follow, max-snippet:-1, max-image-preview:large, max-video-preview:-1\" \/>\n<link rel=\"canonical\" href=\"https:\/\/www.granapadano.it\/de-de\/nachhaltigkeit\/die-stiftung\/\" \/>\n<meta property=\"og:locale\" content=\"de_DE\" \/>\n<meta property=\"og:type\" content=\"article\" \/>\n<meta property=\"og:title\" content=\"Die stiftung - Grana Padano\" \/>\n<meta property=\"og:description\" content=\"Die Qualit\u00e4t von Grana Padano zeigt sich auch im sozialen Engagement und in der Verantwortung gegen\u00fcber den Bed\u00fcrftigen.Entdecken Sie die vom Konsortium zum Schutz des Grana Padano unterst\u00fctzten Projekte!&quot;Das Konsortium zum Schutz des Grana Padano hat viele Kapitel seiner Geschichte im Zeichen von Solidarit\u00e4t sowie einer starken und kontinuierlichen Unterst\u00fctzung der Welt des Ehrenamts durch [&hellip;]\" \/>\n<meta property=\"og:url\" content=\"https:\/\/www.granapadano.it\/de-de\/nachhaltigkeit\/die-stiftung\/\" \/>\n<meta property=\"og:site_name\" content=\"Grana Padano\" \/>\n<meta property=\"article:modified_time\" content=\"2026-03-27T14:30:07+00:00\" \/>\n<meta name=\"twitter:card\" content=\"summary_large_image\" \/>\n<meta name=\"twitter:label1\" content=\"Est. reading time\" \/>\n\t<meta name=\"twitter:data1\" content=\"1 minute\" \/>\n<script type=\"application\/ld+json\" class=\"yoast-schema-graph\">{\"@context\":\"https:\\\/\\\/schema.org\",\"@graph\":[{\"@type\":\"WebPage\",\"@id\":\"https:\\\/\\\/www.granapadano.it\\\/de-de\\\/nachhaltigkeit\\\/die-stiftung\\\/\",\"url\":\"https:\\\/\\\/www.granapadano.it\\\/de-de\\\/nachhaltigkeit\\\/die-stiftung\\\/\",\"name\":\"Die stiftung - Grana Padano\",\"isPartOf\":{\"@id\":\"https:\\\/\\\/www.granapadano.it\\\/de-de\\\/#website\"},\"datePublished\":\"2023-02-02T13:12:31+00:00\",\"dateModified\":\"2026-03-27T14:30:07+00:00\",\"breadcrumb\":{\"@id\":\"https:\\\/\\\/www.granapadano.it\\\/de-de\\\/nachhaltigkeit\\\/die-stiftung\\\/#breadcrumb\"},\"inLanguage\":\"de-de\",\"potentialAction\":[{\"@type\":\"ReadAction\",\"target\":[\"https:\\\/\\\/www.granapadano.it\\\/de-de\\\/nachhaltigkeit\\\/die-stiftung\\\/\"]}]},{\"@type\":\"BreadcrumbList\",\"@id\":\"https:\\\/\\\/www.granapadano.it\\\/de-de\\\/nachhaltigkeit\\\/die-stiftung\\\/#breadcrumb\",\"itemListElement\":[{\"@type\":\"ListItem\",\"position\":1,\"name\":\"Home\",\"item\":\"https:\\\/\\\/www.granapadano.it\\\/de-de\\\/\"},{\"@type\":\"ListItem\",\"position\":2,\"name\":\"Nachhaltigkeit\",\"item\":\"https:\\\/\\\/www.granapadano.it\\\/de-de\\\/nachhaltigkeit\\\/\"},{\"@type\":\"ListItem\",\"position\":3,\"name\":\"Die stiftung\"}]},{\"@type\":\"WebSite\",\"@id\":\"https:\\\/\\\/www.granapadano.it\\\/de-de\\\/#website\",\"url\":\"https:\\\/\\\/www.granapadano.it\\\/de-de\\\/\",\"name\":\"Grana Padano\",\"description\":\"\",\"potentialAction\":[{\"@type\":\"SearchAction\",\"target\":{\"@type\":\"EntryPoint\",\"urlTemplate\":\"https:\\\/\\\/www.granapadano.it\\\/de-de\\\/?s={search_term_string}\"},\"query-input\":{\"@type\":\"PropertyValueSpecification\",\"valueRequired\":true,\"valueName\":\"search_term_string\"}}],\"inLanguage\":\"de-de\"}]}<\/script>\n<!-- \/ Yoast SEO plugin. -->","yoast_head_json":{"title":"Die stiftung - Grana Padano","robots":{"index":"index","follow":"follow","max-snippet":"max-snippet:-1","max-image-preview":"max-image-preview:large","max-video-preview":"max-video-preview:-1"},"canonical":"https:\/\/www.granapadano.it\/de-de\/nachhaltigkeit\/die-stiftung\/","og_locale":"de_DE","og_type":"article","og_title":"Die stiftung - Grana Padano","og_description":"Die Qualit\u00e4t von Grana Padano zeigt sich auch im sozialen Engagement und in der Verantwortung gegen\u00fcber den Bed\u00fcrftigen.Entdecken Sie die vom Konsortium zum Schutz des Grana Padano unterst\u00fctzten Projekte!\"Das Konsortium zum Schutz des Grana Padano hat viele Kapitel seiner Geschichte im Zeichen von Solidarit\u00e4t sowie einer starken und kontinuierlichen Unterst\u00fctzung der Welt des Ehrenamts durch [&hellip;]","og_url":"https:\/\/www.granapadano.it\/de-de\/nachhaltigkeit\/die-stiftung\/","og_site_name":"Grana Padano","article_modified_time":"2026-03-27T14:30:07+00:00","twitter_card":"summary_large_image","twitter_misc":{"Est. reading time":"1 minute"},"schema":{"@context":"https:\/\/schema.org","@graph":[{"@type":"WebPage","@id":"https:\/\/www.granapadano.it\/de-de\/nachhaltigkeit\/die-stiftung\/","url":"https:\/\/www.granapadano.it\/de-de\/nachhaltigkeit\/die-stiftung\/","name":"Die stiftung - Grana Padano","isPartOf":{"@id":"https:\/\/www.granapadano.it\/de-de\/#website"},"datePublished":"2023-02-02T13:12:31+00:00","dateModified":"2026-03-27T14:30:07+00:00","breadcrumb":{"@id":"https:\/\/www.granapadano.it\/de-de\/nachhaltigkeit\/die-stiftung\/#breadcrumb"},"inLanguage":"de-de","potentialAction":[{"@type":"ReadAction","target":["https:\/\/www.granapadano.it\/de-de\/nachhaltigkeit\/die-stiftung\/"]}]},{"@type":"BreadcrumbList","@id":"https:\/\/www.granapadano.it\/de-de\/nachhaltigkeit\/die-stiftung\/#breadcrumb","itemListElement":[{"@type":"ListItem","position":1,"name":"Home","item":"https:\/\/www.granapadano.it\/de-de\/"},{"@type":"ListItem","position":2,"name":"Nachhaltigkeit","item":"https:\/\/www.granapadano.it\/de-de\/nachhaltigkeit\/"},{"@type":"ListItem","position":3,"name":"Die stiftung"}]},{"@type":"WebSite","@id":"https:\/\/www.granapadano.it\/de-de\/#website","url":"https:\/\/www.granapadano.it\/de-de\/","name":"Grana Padano","description":"","potentialAction":[{"@type":"SearchAction","target":{"@type":"EntryPoint","urlTemplate":"https:\/\/www.granapadano.it\/de-de\/?s={search_term_string}"},"query-input":{"@type":"PropertyValueSpecification","valueRequired":true,"valueName":"search_term_string"}}],"inLanguage":"de-de"}]}},"_links":{"self":[{"href":"https:\/\/www.granapadano.it\/de-de\/wp-json\/wp\/v2\/pages\/39639","targetHints":{"allow":["GET"]}}],"collection":[{"href":"https:\/\/www.granapadano.it\/de-de\/wp-json\/wp\/v2\/pages"}],"about":[{"href":"https:\/\/www.granapadano.it\/de-de\/wp-json\/wp\/v2\/types\/page"}],"author":[{"embeddable":true,"href":"https:\/\/www.granapadano.it\/de-de\/wp-json\/wp\/v2\/users\/3"}],"replies":[{"embeddable":true,"href":"https:\/\/www.granapadano.it\/de-de\/wp-json\/wp\/v2\/comments?post=39639"}],"version-history":[{"count":17,"href":"https:\/\/www.granapadano.it\/de-de\/wp-json\/wp\/v2\/pages\/39639\/revisions"}],"predecessor-version":[{"id":153078,"href":"https:\/\/www.granapadano.it\/de-de\/wp-json\/wp\/v2\/pages\/39639\/revisions\/153078"}],"up":[{"embeddable":true,"href":"https:\/\/www.granapadano.it\/de-de\/wp-json\/wp\/v2\/pages\/151781"}],"wp:attachment":[{"href":"https:\/\/www.granapadano.it\/de-de\/wp-json\/wp\/v2\/media?parent=39639"}],"curies":[{"name":"wp","href":"https:\/\/api.w.org\/{rel}","templated":true}]}}