{"id":38741,"date":"2023-02-16T16:09:02","date_gmt":"2023-02-16T16:09:02","guid":{"rendered":"https:\/\/www.granapadano.it\/das-konsortium\/aufgaben-schutz-und-forderung\/tutela\/"},"modified":"2023-04-12T16:23:05","modified_gmt":"2023-04-12T16:23:05","slug":"schutz","status":"publish","type":"page","link":"https:\/\/www.granapadano.it\/de-de\/das-konsortium\/aufgaben-schutz-und-forderung\/schutz\/","title":{"rendered":"Schutz"},"content":{"rendered":"<p>[et_pb_section fb_built=&#8221;1&#8243; fullwidth=&#8221;on&#8221; _builder_version=&#8221;4.19.0&#8243; _module_preset=&#8221;default&#8221; locked=&#8221;off&#8221; global_colors_info=&#8221;{}&#8221;][et_pb_fullwidth_image src=&#8221;https:\/\/www.granapadano.it\/wp-content\/uploads\/2023\/01\/Sostenibilita-ambientale-1h.jpg&#8221; title_text=&#8221;Sostenibilita-ambientale-1m&#8221; src_tablet=&#8221;https:\/\/www.granapadano.it\/wp-content\/uploads\/2023\/01\/Sostenibilita-ambientale-1h.jpg&#8221; src_phone=&#8221;https:\/\/www.granapadano.it\/wp-content\/uploads\/2023\/01\/Sostenibilita-ambientale-1m.jpg&#8221; src_last_edited=&#8221;on|phone&#8221; _builder_version=&#8221;4.19.5&#8243; _module_preset=&#8221;default&#8221; global_colors_info=&#8221;{}&#8221;][\/et_pb_fullwidth_image][\/et_pb_section][et_pb_section fb_built=&#8221;1&#8243; module_class=&#8221;production_sub_hub_main_wrapper&#8221; _builder_version=&#8221;4.19.5&#8243; _module_preset=&#8221;default&#8221; custom_padding=&#8221;13px||0px|||&#8221; locked=&#8221;off&#8221; global_colors_info=&#8221;{}&#8221;][et_pb_row module_class=&#8221;recipe_filter_section&#8221; _builder_version=&#8221;4.19.2&#8243; _module_preset=&#8221;default&#8221; max_width=&#8221;90%&#8221; custom_padding=&#8221;||7px|||&#8221; global_colors_info=&#8221;{}&#8221;][et_pb_column type=&#8221;4_4&#8243; _builder_version=&#8221;4.19.2&#8243; _module_preset=&#8221;default&#8221; global_colors_info=&#8221;{}&#8221;][et_pb_code _builder_version=&#8221;4.19.2&#8243; _module_preset=&#8221;default&#8221; custom_margin=&#8221;||16px|||&#8221; global_colors_info=&#8221;{}&#8221;]<div class=\"breadcrumb\"><a href=\"https:\/\/www.granapadano.it\/de-de\/\">Home<\/a>  <  <\/div>[\/et_pb_code][\/et_pb_column][\/et_pb_row][\/et_pb_section][et_pb_section fb_built=&#8221;1&#8243; module_class=&#8221;gp_production_sub_hub_main&#8221; _builder_version=&#8221;4.19.5&#8243; _module_preset=&#8221;default&#8221; custom_padding=&#8221;0px||4px||false|false&#8221; locked=&#8221;off&#8221; global_colors_info=&#8221;{}&#8221;][et_pb_row _builder_version=&#8221;4.19.4&#8243; _module_preset=&#8221;default&#8221; max_width=&#8221;90%&#8221; module_alignment=&#8221;center&#8221; custom_padding=&#8221;0px||0px|||&#8221; global_colors_info=&#8221;{}&#8221;][et_pb_column type=&#8221;4_4&#8243; _builder_version=&#8221;4.19.1&#8243; _module_preset=&#8221;default&#8221; global_colors_info=&#8221;{}&#8221;][et_pb_text _builder_version=&#8221;4.20.0&#8243; _module_preset=&#8221;default&#8221; header_font=&#8221;Merriweather||||||||&#8221; header_font_size=&#8221;44px&#8221; header_line_height=&#8221;52px&#8221; custom_margin=&#8221;0px||||false|false&#8221; custom_padding=&#8221;0px||||false|false&#8221; global_colors_info=&#8221;{}&#8221;]<\/p>\n<h1 style=\"text-align: center;\">Schutz<\/h1>\n<p>[\/et_pb_text][et_pb_text _builder_version=&#8221;4.20.0&#8243; _module_preset=&#8221;default&#8221; text_text_color=&#8221;#0f0f0f&#8221; text_font_size=&#8221;18px&#8221; text_line_height=&#8221;26px&#8221; width=&#8221;99.9%&#8221; min_height=&#8221;612.9px&#8221; custom_padding=&#8221;14px|1px|46px|||&#8221; global_colors_info=&#8221;{}&#8221;]<em>\u201eMit seiner T\u00e4tigkeit des Schutzes, der Aufsicht und der \u00dcberwachung stellt das Konsortium fest, dass jeder Schritt der Produktionskette des Grana Padano DOP (von der Herstellung der Rohstoffe \u00fcber die Verpackung bis hin zur Distribution) strenge Standards erf\u00fcllt, um h\u00f6chste Qualit\u00e4t zu gew\u00e4hrleisten.\u201c<\/em><br \/>\n<strong>(Satzung des Grana Padano Schutzkonsortiums)<\/strong><\/p>\n<p>Grana Padano zu sch\u00fctzen bedeutet, seine allgemeinen Interessen als anerkannter DOP-K\u00e4se wahrzunehmen.<br \/>\nDas Konsortium arbeitet unter anderem daran, Missbrauch, unfaire Handelspraktiken, F\u00e4lschungen, unsachgem\u00e4\u00dfe Verwendung der Bezeichnung oder andere illegale Praktiken bei der Herstellung, Verarbeitung oder Vermarktung des Grana Padano zu verhindern.<\/p>\n<p><strong>SCHUTZ BEDEUTET:<\/strong><br \/>\n<strong><\/strong><\/p>\n<p><strong>Einhaltung der Produktions Reglungenen<\/strong><br \/>\nSeit 1996 ist Grana Padano ein K\u00e4se mit Denominazione di Origine Protetta (DOP) (Deutsch: mit gesch\u00fctzter Ursprungsbezeichnung). In \u00dcbereinstimmung mit den Gesetzen, die diesen Status regeln, muss es die Anforderungen der vom Konsortium ausgearbeiteten Produktions Reglungenen erf\u00fcllen. Die Produktions Reglungenen legen die Standardverfahren f\u00fcr alle Stufen der Milchverarbeitung fest, die zur Herstellung des Grana Padano f\u00fchren.<br \/>\n<strong><\/strong><\/p>\n<p><strong>Qualit\u00e4tsgarantie<\/strong><br \/>\nDas Hauptziel des Konsortiums ist es, dem Verbraucher ein qualitativ hochwertiges, zertifiziertes Produkt mit einem reichen Erbe an Geschichte und Tradition zur Verf\u00fcgung zu stellen. Spezielle Kontrollen. Um sicherzustellen, dass jeder Hersteller die in den Spezifikationen festgelegten Regeln einh\u00e4lt und, dass jeder Grana Padano-Laib dem vorgeschriebenen Standard entspricht, f\u00fchrt das Konsortium selbst zahlreiche Kontrollen und Inspektionen in Zusammenarbeit mit einer zugelassenen externen Stelle, der CSQA, durch.<\/p>\n<p><strong>Authentizit\u00e4t ohne jeden Zweifel<\/strong><br \/>\nDas Grana Padano Schutzkonsortium f\u00fchrt regelm\u00e4\u00dfige Inspektionen durch, um sicherzustellen, dass die Hersteller, Reifungsanlagen, Verarbeitungsbetriebe, Verpackungsbetriebe und Einzelh\u00e4ndler die korrekten Verfahren befolgen und die Echtheit des DOP-Produkts nicht gef\u00e4hrden.<\/p>\n<p><strong>Abschreckung gegen illegale Praktiken<\/strong><br \/>\nSolche Kontrollen werden ohne Vorank\u00fcndigung durchgef\u00fchrt. Bei schweren Straftaten kann das Konsortium den Eingriff des Ufficio Repressione Frodi. Amtes f\u00fcr Betrugsbek\u00e4mpfung, sowie der Nuclei Antisofisticazione e Sanit\u00e0 dei Carabinieri, eine Sondereinheit gegen F\u00e4lscher anfordern.[\/et_pb_text][\/et_pb_column][\/et_pb_row][\/et_pb_section]<\/p>\n","protected":false},"excerpt":{"rendered":"<p><div class=\"breadcrumb\"><a href=\"https:\/\/www.granapadano.it\/de-de\/\">Home<\/a>  <  <\/div>Schutz\u201eMit seiner T\u00e4tigkeit des Schutzes, der Aufsicht und der \u00dcberwachung stellt das Konsortium fest, dass jeder Schritt der Produktionskette des Grana Padano DOP (von der Herstellung der Rohstoffe \u00fcber die Verpackung bis hin zur Distribution) strenge Standards erf\u00fcllt, um h\u00f6chste Qualit\u00e4t zu gew\u00e4hrleisten.\u201c (Satzung des Grana Padano Schutzkonsortiums) Grana Padano zu sch\u00fctzen bedeutet, seine allgemeinen [&hellip;]<\/p>\n","protected":false},"author":3,"featured_media":0,"parent":37028,"menu_order":620,"comment_status":"closed","ping_status":"closed","template":"","meta":{"_acf_changed":false,"_et_pb_use_builder":"on","_et_pb_old_content":"","_et_gb_content_width":"","footnotes":""},"class_list":["post-38741","page","type-page","status-publish","hentry"],"acf":[],"yoast_head":"<!-- This site is optimized with the Yoast SEO plugin v27.3 - https:\/\/yoast.com\/product\/yoast-seo-wordpress\/ -->\n<title>Schutz - Grana Padano<\/title>\n<meta name=\"robots\" content=\"index, follow, max-snippet:-1, max-image-preview:large, max-video-preview:-1\" \/>\n<link rel=\"canonical\" href=\"https:\/\/www.granapadano.it\/de-de\/das-konsortium\/aufgaben-schutz-und-forderung\/schutz\/\" \/>\n<meta property=\"og:locale\" content=\"de_DE\" \/>\n<meta property=\"og:type\" content=\"article\" \/>\n<meta property=\"og:title\" content=\"Schutz - Grana Padano\" \/>\n<meta property=\"og:description\" content=\"Schutz\u201eMit seiner T\u00e4tigkeit des Schutzes, der Aufsicht und der \u00dcberwachung stellt das Konsortium fest, dass jeder Schritt der Produktionskette des Grana Padano DOP (von der Herstellung der Rohstoffe \u00fcber die Verpackung bis hin zur Distribution) strenge Standards erf\u00fcllt, um h\u00f6chste Qualit\u00e4t zu gew\u00e4hrleisten.\u201c (Satzung des Grana Padano Schutzkonsortiums) Grana Padano zu sch\u00fctzen bedeutet, seine allgemeinen [&hellip;]\" \/>\n<meta property=\"og:url\" content=\"https:\/\/www.granapadano.it\/de-de\/das-konsortium\/aufgaben-schutz-und-forderung\/schutz\/\" \/>\n<meta property=\"og:site_name\" content=\"Grana Padano\" \/>\n<meta property=\"article:modified_time\" content=\"2023-04-12T16:23:05+00:00\" \/>\n<meta name=\"twitter:card\" content=\"summary_large_image\" \/>\n<meta name=\"twitter:label1\" content=\"Est. reading time\" \/>\n\t<meta name=\"twitter:data1\" content=\"3 minutes\" \/>\n<script type=\"application\/ld+json\" class=\"yoast-schema-graph\">{\"@context\":\"https:\\\/\\\/schema.org\",\"@graph\":[{\"@type\":\"WebPage\",\"@id\":\"https:\\\/\\\/www.granapadano.it\\\/de-de\\\/das-konsortium\\\/aufgaben-schutz-und-forderung\\\/schutz\\\/\",\"url\":\"https:\\\/\\\/www.granapadano.it\\\/de-de\\\/das-konsortium\\\/aufgaben-schutz-und-forderung\\\/schutz\\\/\",\"name\":\"Schutz - Grana Padano\",\"isPartOf\":{\"@id\":\"https:\\\/\\\/www.granapadano.it\\\/de-de\\\/#website\"},\"datePublished\":\"2023-02-16T16:09:02+00:00\",\"dateModified\":\"2023-04-12T16:23:05+00:00\",\"breadcrumb\":{\"@id\":\"https:\\\/\\\/www.granapadano.it\\\/de-de\\\/das-konsortium\\\/aufgaben-schutz-und-forderung\\\/schutz\\\/#breadcrumb\"},\"inLanguage\":\"de-de\",\"potentialAction\":[{\"@type\":\"ReadAction\",\"target\":[\"https:\\\/\\\/www.granapadano.it\\\/de-de\\\/das-konsortium\\\/aufgaben-schutz-und-forderung\\\/schutz\\\/\"]}]},{\"@type\":\"BreadcrumbList\",\"@id\":\"https:\\\/\\\/www.granapadano.it\\\/de-de\\\/das-konsortium\\\/aufgaben-schutz-und-forderung\\\/schutz\\\/#breadcrumb\",\"itemListElement\":[{\"@type\":\"ListItem\",\"position\":1,\"name\":\"Home\",\"item\":\"https:\\\/\\\/www.granapadano.it\\\/de-de\\\/\"},{\"@type\":\"ListItem\",\"position\":2,\"name\":\"Das Schutzkonsortium\",\"item\":\"https:\\\/\\\/www.granapadano.it\\\/de-de\\\/das-schutzkonsortium\\\/\"},{\"@type\":\"ListItem\",\"position\":3,\"name\":\"Aufgaben: Schutz und F\u00f6rderung\",\"item\":\"https:\\\/\\\/www.granapadano.it\\\/de-de\\\/das-konsortium\\\/aufgaben-schutz-und-forderung\\\/\"},{\"@type\":\"ListItem\",\"position\":4,\"name\":\"Schutz\"}]},{\"@type\":\"WebSite\",\"@id\":\"https:\\\/\\\/www.granapadano.it\\\/de-de\\\/#website\",\"url\":\"https:\\\/\\\/www.granapadano.it\\\/de-de\\\/\",\"name\":\"Grana Padano\",\"description\":\"\",\"potentialAction\":[{\"@type\":\"SearchAction\",\"target\":{\"@type\":\"EntryPoint\",\"urlTemplate\":\"https:\\\/\\\/www.granapadano.it\\\/de-de\\\/?s={search_term_string}\"},\"query-input\":{\"@type\":\"PropertyValueSpecification\",\"valueRequired\":true,\"valueName\":\"search_term_string\"}}],\"inLanguage\":\"de-de\"}]}<\/script>\n<!-- \/ Yoast SEO plugin. -->","yoast_head_json":{"title":"Schutz - Grana Padano","robots":{"index":"index","follow":"follow","max-snippet":"max-snippet:-1","max-image-preview":"max-image-preview:large","max-video-preview":"max-video-preview:-1"},"canonical":"https:\/\/www.granapadano.it\/de-de\/das-konsortium\/aufgaben-schutz-und-forderung\/schutz\/","og_locale":"de_DE","og_type":"article","og_title":"Schutz - Grana Padano","og_description":"Schutz\u201eMit seiner T\u00e4tigkeit des Schutzes, der Aufsicht und der \u00dcberwachung stellt das Konsortium fest, dass jeder Schritt der Produktionskette des Grana Padano DOP (von der Herstellung der Rohstoffe \u00fcber die Verpackung bis hin zur Distribution) strenge Standards erf\u00fcllt, um h\u00f6chste Qualit\u00e4t zu gew\u00e4hrleisten.\u201c (Satzung des Grana Padano Schutzkonsortiums) Grana Padano zu sch\u00fctzen bedeutet, seine allgemeinen [&hellip;]","og_url":"https:\/\/www.granapadano.it\/de-de\/das-konsortium\/aufgaben-schutz-und-forderung\/schutz\/","og_site_name":"Grana Padano","article_modified_time":"2023-04-12T16:23:05+00:00","twitter_card":"summary_large_image","twitter_misc":{"Est. reading time":"3 minutes"},"schema":{"@context":"https:\/\/schema.org","@graph":[{"@type":"WebPage","@id":"https:\/\/www.granapadano.it\/de-de\/das-konsortium\/aufgaben-schutz-und-forderung\/schutz\/","url":"https:\/\/www.granapadano.it\/de-de\/das-konsortium\/aufgaben-schutz-und-forderung\/schutz\/","name":"Schutz - Grana Padano","isPartOf":{"@id":"https:\/\/www.granapadano.it\/de-de\/#website"},"datePublished":"2023-02-16T16:09:02+00:00","dateModified":"2023-04-12T16:23:05+00:00","breadcrumb":{"@id":"https:\/\/www.granapadano.it\/de-de\/das-konsortium\/aufgaben-schutz-und-forderung\/schutz\/#breadcrumb"},"inLanguage":"de-de","potentialAction":[{"@type":"ReadAction","target":["https:\/\/www.granapadano.it\/de-de\/das-konsortium\/aufgaben-schutz-und-forderung\/schutz\/"]}]},{"@type":"BreadcrumbList","@id":"https:\/\/www.granapadano.it\/de-de\/das-konsortium\/aufgaben-schutz-und-forderung\/schutz\/#breadcrumb","itemListElement":[{"@type":"ListItem","position":1,"name":"Home","item":"https:\/\/www.granapadano.it\/de-de\/"},{"@type":"ListItem","position":2,"name":"Das Schutzkonsortium","item":"https:\/\/www.granapadano.it\/de-de\/das-schutzkonsortium\/"},{"@type":"ListItem","position":3,"name":"Aufgaben: Schutz und F\u00f6rderung","item":"https:\/\/www.granapadano.it\/de-de\/das-konsortium\/aufgaben-schutz-und-forderung\/"},{"@type":"ListItem","position":4,"name":"Schutz"}]},{"@type":"WebSite","@id":"https:\/\/www.granapadano.it\/de-de\/#website","url":"https:\/\/www.granapadano.it\/de-de\/","name":"Grana Padano","description":"","potentialAction":[{"@type":"SearchAction","target":{"@type":"EntryPoint","urlTemplate":"https:\/\/www.granapadano.it\/de-de\/?s={search_term_string}"},"query-input":{"@type":"PropertyValueSpecification","valueRequired":true,"valueName":"search_term_string"}}],"inLanguage":"de-de"}]}},"_links":{"self":[{"href":"https:\/\/www.granapadano.it\/de-de\/wp-json\/wp\/v2\/pages\/38741","targetHints":{"allow":["GET"]}}],"collection":[{"href":"https:\/\/www.granapadano.it\/de-de\/wp-json\/wp\/v2\/pages"}],"about":[{"href":"https:\/\/www.granapadano.it\/de-de\/wp-json\/wp\/v2\/types\/page"}],"author":[{"embeddable":true,"href":"https:\/\/www.granapadano.it\/de-de\/wp-json\/wp\/v2\/users\/3"}],"replies":[{"embeddable":true,"href":"https:\/\/www.granapadano.it\/de-de\/wp-json\/wp\/v2\/comments?post=38741"}],"version-history":[{"count":1,"href":"https:\/\/www.granapadano.it\/de-de\/wp-json\/wp\/v2\/pages\/38741\/revisions"}],"predecessor-version":[{"id":90617,"href":"https:\/\/www.granapadano.it\/de-de\/wp-json\/wp\/v2\/pages\/38741\/revisions\/90617"}],"up":[{"embeddable":true,"href":"https:\/\/www.granapadano.it\/de-de\/wp-json\/wp\/v2\/pages\/37028"}],"wp:attachment":[{"href":"https:\/\/www.granapadano.it\/de-de\/wp-json\/wp\/v2\/media?parent=38741"}],"curies":[{"name":"wp","href":"https:\/\/api.w.org\/{rel}","templated":true}]}}