{"id":37028,"date":"2023-02-02T13:22:22","date_gmt":"2023-02-02T13:22:22","guid":{"rendered":"https:\/\/www.granapadano.it\/das-konsortium\/il-ruolo-tutela-e-promozione\/"},"modified":"2026-03-27T14:48:21","modified_gmt":"2026-03-27T14:48:21","slug":"aufgaben-schutz-und-forderung","status":"publish","type":"page","link":"https:\/\/www.granapadano.it\/de-de\/das-konsortium\/aufgaben-schutz-und-forderung\/","title":{"rendered":"Aufgaben: Schutz und F\u00f6rderung"},"content":{"rendered":"<p>[et_pb_section fb_built=&#8221;1&#8243; fullwidth=&#8221;on&#8221; _builder_version=&#8221;4.19.4&#8243; _module_preset=&#8221;default&#8221; locked=&#8221;off&#8221; global_colors_info=&#8221;{}&#8221;][et_pb_fullwidth_image src=&#8221;https:\/\/www.granapadano.it\/wp-content\/uploads\/2023\/03\/Grana-Padano-h.jpg&#8221; title_text=&#8221;Grana-Padano-m&#8221; src_tablet=&#8221;https:\/\/www.granapadano.it\/wp-content\/uploads\/2023\/03\/Grana-Padano-h.jpg&#8221; src_phone=&#8221;https:\/\/www.granapadano.it\/wp-content\/uploads\/2023\/03\/Grana-Padano-m-1.jpg&#8221; src_last_edited=&#8221;on|phone&#8221; _builder_version=&#8221;4.20.0&#8243; _module_preset=&#8221;default&#8221; global_colors_info=&#8221;{}&#8221;][\/et_pb_fullwidth_image][\/et_pb_section][et_pb_section fb_built=&#8221;1&#8243; module_class=&#8221;production_sub_hub_main_wrapper&#8221; _builder_version=&#8221;4.19.3&#8243; _module_preset=&#8221;default&#8221; custom_padding=&#8221;13px||0px|||&#8221; global_colors_info=&#8221;{}&#8221;][et_pb_row module_class=&#8221;recipe_filter_section&#8221; _builder_version=&#8221;4.19.4&#8243; _module_preset=&#8221;default&#8221; max_width=&#8221;90%&#8221; custom_padding=&#8221;||7px|||&#8221; global_colors_info=&#8221;{}&#8221;][et_pb_column type=&#8221;4_4&#8243; _builder_version=&#8221;4.19.4&#8243; _module_preset=&#8221;default&#8221; global_colors_info=&#8221;{}&#8221;][et_pb_code _builder_version=&#8221;4.19.4&#8243; _module_preset=&#8221;default&#8221; global_colors_info=&#8221;{}&#8221;]<div class=\"breadcrumb\"><a href=\"https:\/\/www.granapadano.it\/de-de\/\">Home<\/a>  <  <\/div>[\/et_pb_code][\/et_pb_column][\/et_pb_row][\/et_pb_section][et_pb_section fb_built=&#8221;1&#8243; module_class=&#8221;sustainability_sub_hub_wrapper&#8221; _builder_version=&#8221;4.19.4&#8243; _module_preset=&#8221;default&#8221; custom_padding=&#8221;10px||4px|||&#8221; locked=&#8221;off&#8221; global_colors_info=&#8221;{}&#8221;][et_pb_row column_structure=&#8221;2_5,3_5&#8243; _builder_version=&#8221;4.19.4&#8243; _module_preset=&#8221;default&#8221; max_width=&#8221;90%&#8221; module_alignment=&#8221;center&#8221; custom_margin=&#8221;17px|auto||auto||&#8221; custom_padding=&#8221;1px||50px|||&#8221; global_colors_info=&#8221;{}&#8221;][et_pb_column type=&#8221;2_5&#8243; _builder_version=&#8221;4.19.1&#8243; _module_preset=&#8221;default&#8221; global_colors_info=&#8221;{}&#8221;][et_pb_text _builder_version=&#8221;4.19.5&#8243; _module_preset=&#8221;default&#8221; text_font=&#8221;Merriweather|700|||||||&#8221; text_text_color=&#8221;#0f0f0f&#8221; text_font_size=&#8221;44px&#8221; text_line_height=&#8221;52px&#8221; header_text_color=&#8221;gcid-8696fd7e-29dd-4028-9d4d-981b208a53a9&#8243; header_font_size=&#8221;44px&#8221; header_line_height=&#8221;52px&#8221; text_orientation=&#8221;center&#8221; global_colors_info=&#8221;{%22gcid-8696fd7e-29dd-4028-9d4d-981b208a53a9%22:%91%22header_text_color%22%93}&#8221;]<\/p>\n<h1>Aktivit\u00e4ten, Schutz und F\u00f6rderung<\/h1>\n<p>[\/et_pb_text][\/et_pb_column][et_pb_column type=&#8221;3_5&#8243; _builder_version=&#8221;4.19.1&#8243; _module_preset=&#8221;default&#8221; global_colors_info=&#8221;{}&#8221;][et_pb_text _builder_version=&#8221;4.19.5&#8243; _module_preset=&#8221;default&#8221; text_text_color=&#8221;#0f0f0f&#8221; text_font_size=&#8221;18px&#8221; text_line_height=&#8221;26px&#8221; global_colors_info=&#8221;{}&#8221;]Das Ziel des Grana Padano Schutzkonsortiums ist sicherzustellen, dass die traditionelle Rezeptur der Grana Padano DOP strikt befolgt wird und dass die hohen Qualit\u00e4tsstandards bei jedem produzierten K\u00e4selaib strikt eingehalten werden.<br \/>\nUm seinen Verpflichtungen nachzukommen, f\u00fchrt er Initiativen durch, die darauf abzielen, alles, was den Grana Padano DOP betrifft, zu sch\u00fctzen und zu f\u00f6rdern, sowohl im In- als auch im Ausland, und zwar durch spezifische Dienstleistungen, die zur Unterst\u00fctzung der Aktivit\u00e4ten der Mitglieder angeboten werden.<br \/>\nDas Konsortium f\u00f6rdert Grana Padano DOP unter anderem durch verschiedene Aktivit\u00e4ten und Veranstaltungen, um die \u00d6ffentlichkeit \u00fcber die Eigenschaften dieses wertvollen K\u00e4ses zu informieren.[\/et_pb_text][\/et_pb_column][\/et_pb_row][et_pb_row module_class=&#8221;image_row&#8221; _builder_version=&#8221;4.19.4&#8243; _module_preset=&#8221;default&#8221; custom_margin=&#8221;|auto|-6px|auto||&#8221; custom_padding=&#8221;1px||2px|||&#8221; global_colors_info=&#8221;{}&#8221;][et_pb_column type=&#8221;4_4&#8243; _builder_version=&#8221;4.19.4&#8243; _module_preset=&#8221;default&#8221; global_colors_info=&#8221;{}&#8221;][et_pb_image src=&#8221;https:\/\/www.granapadano.it\/wp-content\/uploads\/2023\/01\/Landscape-sketch-2.png&#8221; title_text=&#8221;Landscape-sketch&#8221; align=&#8221;center&#8221; disabled_on=&#8221;on|on|on&#8221; _builder_version=&#8221;4.19.5&#8243; _module_preset=&#8221;default&#8221; disabled=&#8221;on&#8221; global_colors_info=&#8221;{}&#8221;][\/et_pb_image][\/et_pb_column][\/et_pb_row][\/et_pb_section][et_pb_section fb_built=&#8221;1&#8243; module_class=&#8221;sostenibilita_main_section&#8221; _builder_version=&#8221;4.27.6&#8243; _module_preset=&#8221;default&#8221; background_color=&#8221;#fffcf8&#8243; min_height=&#8221;1513.9px&#8221; custom_margin=&#8221;2px|||||&#8221; locked=&#8221;off&#8221; global_colors_info=&#8221;{}&#8221;][et_pb_row _builder_version=&#8221;4.19.1&#8243; _module_preset=&#8221;default&#8221; max_width=&#8221;90%&#8221; custom_padding=&#8221;15px||0px|||&#8221; locked=&#8221;off&#8221; global_colors_info=&#8221;{}&#8221;][et_pb_column type=&#8221;4_4&#8243; _builder_version=&#8221;4.19.1&#8243; _module_preset=&#8221;default&#8221; global_colors_info=&#8221;{}&#8221;][et_pb_text _builder_version=&#8221;4.27.6&#8243; _module_preset=&#8221;default&#8221; header_font=&#8221;Merriweather|700|||||||&#8221; header_text_align=&#8221;center&#8221; header_text_color=&#8221;#0f0f0f&#8221; header_font_size=&#8221;44px&#8221; header_line_height=&#8221;52px&#8221; global_colors_info=&#8221;{}&#8221;]<\/p>\n<h2 style=\"text-align: center;\">Konsortium-Aktivit\u00e4ten<\/h2>\n<p>[\/et_pb_text][\/et_pb_column][\/et_pb_row][et_pb_row _builder_version=&#8221;4.19.1&#8243; _module_preset=&#8221;default&#8221; max_width=&#8221;90%&#8221; custom_padding=&#8221;||0px|||&#8221; global_colors_info=&#8221;{}&#8221;][et_pb_column type=&#8221;4_4&#8243; _builder_version=&#8221;4.19.1&#8243; _module_preset=&#8221;default&#8221; global_colors_info=&#8221;{}&#8221;][et_pb_image src=&#8221;https:\/\/www.granapadano.it\/wp-content\/uploads\/2022\/11\/Line-40-1.png&#8221; title_text=&#8221;Line 40&#8243; align=&#8221;center&#8221; _builder_version=&#8221;4.19.1&#8243; _module_preset=&#8221;default&#8221; custom_margin=&#8221;-16px|||||&#8221; custom_padding=&#8221;||10px|||&#8221; global_colors_info=&#8221;{}&#8221;][\/et_pb_image][\/et_pb_column][\/et_pb_row][et_pb_row column_structure=&#8221;1_3,1_3,1_3&#8243; use_custom_gutter=&#8221;on&#8221; gutter_width=&#8221;3&#8243; module_class=&#8221;consorzio_saprate_section&#8221; _builder_version=&#8221;4.27.6&#8243; _module_preset=&#8221;default&#8221; transform_scale=&#8221;94%|94%&#8221; max_width=&#8221;90%&#8221; custom_padding=&#8221;0px||||false|false&#8221; locked=&#8221;off&#8221; global_colors_info=&#8221;{}&#8221;][et_pb_column type=&#8221;1_3&#8243; _builder_version=&#8221;4.27.6&#8243; _module_preset=&#8221;default&#8221; link_option_url=&#8221;\/it-it\/il-consorzio-di-tutela\/il-ruolo-tutela-e-promozione\/tutela\/&#8221; custom_css_free_form=&#8221;.et_pb_gutters3 .et_pb_column_1_3, .et_pb_gutters3.et_pb_row .et_pb_column_1_3 { background-color: #F9F1E4!important;}&#8221; global_colors_info=&#8221;{}&#8221;][et_pb_image title_text=&#8221;Espertizzazione_7Q4C3790 (1)&#8221; url=&#8221;\/it-it\/il-consorzio-di-tutela\/il-ruolo-tutela-e-promozione\/tutela\/&#8221; align=&#8221;center&#8221; _builder_version=&#8221;4.27.6&#8243; _module_preset=&#8221;default&#8221; background_color=&#8221;RGBA(255,255,255,0)&#8221; background_image=&#8221;https:\/\/www.granapadano.it\/wp-content\/uploads\/2026\/03\/Espertizzazione_7Q4C3790-1-1-scaled.jpg&#8221; min_height=&#8221;89px&#8221; custom_padding=&#8221;209px|0px||2px|false|false&#8221; global_colors_info=&#8221;{}&#8221;][\/et_pb_image][et_pb_text disabled_on=&#8221;off|off|off&#8221; _builder_version=&#8221;4.27.6&#8243; _module_preset=&#8221;default&#8221; header_3_font=&#8221;Merriweather|700|||||||&#8221; header_3_text_color=&#8221;#0f0f0f&#8221; header_3_font_size=&#8221;23px&#8221; header_3_line_height=&#8221;27px&#8221; custom_margin=&#8221;0px||-5px||false|false&#8221; custom_padding=&#8221;0px||0px||false|false&#8221; global_colors_info=&#8221;{}&#8221;]<\/p>\n<h3>SCHUTZ<\/h3>\n<p>[\/et_pb_text][et_pb_text _builder_version=&#8221;4.27.6&#8243; _module_preset=&#8221;default&#8221; text_text_color=&#8221;#0f0f0f&#8221; text_font_size=&#8221;18px&#8221; text_line_height=&#8221;24px&#8221; global_colors_info=&#8221;{}&#8221;]<\/p>\n<p>Grana Padano zu sch\u00fctzen bedeutet, seine allgemeinen Interessen als anerkannter DOP-K\u00e4se wahrzunehmen.<br \/>Das Konsortium arbeitet unter anderem daran, Missbrauch, unfaire Handelspraktiken, F\u00e4lschungen, unsachgem\u00e4\u00dfe Verwendung der Bezeichnung oder andere illegale Praktiken bei der Herstellung, Verarbeitung oder Vermarktung des Grana Padano zu verhindern.<\/p>\n<p>[\/et_pb_text][et_pb_image src=&#8221;https:\/\/www.granapadano.it\/wp-content\/uploads\/2022\/11\/Path-20171.png&#8221; title_text=&#8221;Path 20171&#8243; url=&#8221;\/de-de\/das-konsortium\/aufgaben-schutz-und-forderung\/schutz\/&#8221; align=&#8221;right&#8221; _builder_version=&#8221;4.27.6&#8243; _module_preset=&#8221;default&#8221; global_colors_info=&#8221;{}&#8221;][\/et_pb_image][\/et_pb_column][et_pb_column type=&#8221;1_3&#8243; _builder_version=&#8221;4.20.0&#8243; _module_preset=&#8221;default&#8221; link_option_url=&#8221;\/it-it\/il-consorzio-di-tutela\/il-ruolo-tutela-e-promozione\/promozione\/&#8221; global_colors_info=&#8221;{}&#8221;][et_pb_image title_text=&#8221;Promozione&#8221; url=&#8221;\/it-it\/il-consorzio-di-tutela\/il-ruolo-tutela-e-promozione\/promozione\/&#8221; align=&#8221;center&#8221; _builder_version=&#8221;4.20.0&#8243; _module_preset=&#8221;default&#8221; background_color=&#8221;RGBA(255,255,255,0)&#8221; background_image=&#8221;https:\/\/www.granapadano.it\/wp-content\/uploads\/2023\/02\/Promozione-2.jpg&#8221; min_height=&#8221;89px&#8221; custom_padding=&#8221;209px|0px||2px|false|false&#8221; global_colors_info=&#8221;{}&#8221;][\/et_pb_image][et_pb_text disabled_on=&#8221;off|off|off&#8221; _builder_version=&#8221;4.27.6&#8243; _module_preset=&#8221;default&#8221; header_3_font=&#8221;Merriweather|700|||||||&#8221; header_3_text_color=&#8221;#0f0f0f&#8221; header_3_font_size=&#8221;23px&#8221; header_3_line_height=&#8221;31px&#8221; custom_margin=&#8221;0px|0px|-5px|0px|false|false&#8221; custom_padding=&#8221;0px|0px|0px|0px|false|false&#8221; locked=&#8221;off&#8221; global_colors_info=&#8221;{}&#8221;]<\/p>\n<h3>WERBEANGEBOTE<\/h3>\n<p>[\/et_pb_text][et_pb_text _builder_version=&#8221;4.20.0&#8243; _module_preset=&#8221;default&#8221; text_text_color=&#8221;#0f0f0f&#8221; text_font_size=&#8221;18px&#8221; text_line_height=&#8221;24px&#8221; locked=&#8221;off&#8221; global_colors_info=&#8221;{}&#8221;]<\/p>\n<p>Die Funktion der Werbung und der genauen und detaillierten Informationen \u00fcber den Grana Padano und seine Natur als ein DOP-Produkt umfasst auch die Verbesserung seines Images, auch um den Verkauf zu f\u00f6rdern und zu erweitern.<\/p>\n<p>[\/et_pb_text][et_pb_image src=&#8221;https:\/\/www.granapadano.it\/wp-content\/uploads\/2022\/11\/Path-20171.png&#8221; title_text=&#8221;Path 20171&#8243; url=&#8221;\/de-de\/das-konsortium\/aufgaben-schutz-und-forderung\/werbeangebote\/&#8221; align=&#8221;right&#8221; _builder_version=&#8221;4.27.6&#8243; _module_preset=&#8221;default&#8221; locked=&#8221;off&#8221; global_colors_info=&#8221;{}&#8221;][\/et_pb_image][\/et_pb_column][et_pb_column type=&#8221;1_3&#8243; _builder_version=&#8221;4.20.0&#8243; _module_preset=&#8221;default&#8221; link_option_url=&#8221;\/it-it\/il-consorzio-di-tutela\/il-ruolo-tutela-e-promozione\/servizi\/&#8221; global_colors_info=&#8221;{}&#8221;][et_pb_image title_text=&#8221;Servizi&#8221; url=&#8221;\/it-it\/il-consorzio-di-tutela\/il-ruolo-tutela-e-promozione\/servizi\/&#8221; align=&#8221;center&#8221; _builder_version=&#8221;4.20.0&#8243; _module_preset=&#8221;default&#8221; background_color=&#8221;RGBA(255,255,255,0)&#8221; background_image=&#8221;https:\/\/www.granapadano.it\/wp-content\/uploads\/2023\/02\/Servizi.jpg&#8221; min_height=&#8221;89px&#8221; custom_padding=&#8221;209px|0px||2px|false|false&#8221; global_colors_info=&#8221;{}&#8221;][\/et_pb_image][et_pb_text disabled_on=&#8221;off|off|off&#8221; _builder_version=&#8221;4.27.6&#8243; _module_preset=&#8221;default&#8221; header_3_font=&#8221;Merriweather|700|||||||&#8221; header_3_text_color=&#8221;#0f0f0f&#8221; header_3_font_size=&#8221;23px&#8221; header_3_line_height=&#8221;31px&#8221; custom_margin=&#8221;0px||-5px||false|false&#8221; custom_padding=&#8221;0px||0px||false|false&#8221; global_colors_info=&#8221;{}&#8221;]<\/p>\n<h3>LEISTUNGEN<\/h3>\n<p>[\/et_pb_text][et_pb_text _builder_version=&#8221;4.20.0&#8243; _module_preset=&#8221;default&#8221; text_text_color=&#8221;#0f0f0f&#8221; text_font_size=&#8221;18px&#8221; text_line_height=&#8221;24px&#8221; global_colors_info=&#8221;{}&#8221;]<\/p>\n<p>Getreu ihrem Auftrag erbringt die Organisation auch verschiedene Dienstleistungen f\u00fcr ihre Mitglieder. Das Konsortium ist bestrebt, die Qualit\u00e4t des Grana Padano st\u00e4ndig zu verbessern und seine unverwechselbaren Merkmale zu bewahren. Aus diesem Grund bietet sie den Konsortien spezifische Hilfestellungen und eine konkrete Zusammenarbeit, damit der K\u00e4se stets das beste Qualit\u00e4tsniveau erreicht.<\/p>\n<p>[\/et_pb_text][et_pb_image src=&#8221;https:\/\/www.granapadano.it\/wp-content\/uploads\/2022\/11\/Path-20171.png&#8221; title_text=&#8221;Path 20171&#8243; url=&#8221;\/de-de\/das-konsortium\/aufgaben-schutz-und-forderung\/leistungen\/&#8221; align=&#8221;right&#8221; _builder_version=&#8221;4.27.6&#8243; _module_preset=&#8221;default&#8221; global_colors_info=&#8221;{}&#8221;][\/et_pb_image][\/et_pb_column][\/et_pb_row][\/et_pb_section][et_pb_section fb_built=&#8221;1&#8243; module_class=&#8221;abbinarlo_banner_section&#8221; _builder_version=&#8221;4.19.5&#8243; _module_preset=&#8221;default&#8221; background_image=&#8221;https:\/\/www.granapadano.it\/wp-content\/uploads\/2023\/02\/Il-disciplinare-2.jpg&#8221; custom_padding=&#8221;50px||50px||false|false&#8221; locked=&#8221;off&#8221; global_colors_info=&#8221;{}&#8221;][et_pb_row custom_padding_last_edited=&#8221;on|tablet&#8221; _builder_version=&#8221;4.27.6&#8243; _module_preset=&#8221;default&#8221; custom_padding=&#8221;20px||||false|false&#8221; custom_padding_tablet=&#8221;32px|32px|32px|32px|true|true&#8221; custom_padding_phone=&#8221;32px|0px|32px|0px|true|true&#8221; locked=&#8221;off&#8221; global_colors_info=&#8221;{}&#8221;][et_pb_column type=&#8221;4_4&#8243; _builder_version=&#8221;4.27.6&#8243; _module_preset=&#8221;default&#8221; global_colors_info=&#8221;{}&#8221;][et_pb_heading title=&#8221;Produktions Reglungen g.U.&#8221; _builder_version=&#8221;4.27.6&#8243; _module_preset=&#8221;default&#8221; title_level=&#8221;h2&#8243; title_font=&#8221;&#8211;et_global_heading_font||||||||&#8221; title_text_align=&#8221;left&#8221; title_text_color=&#8221;#fffcf8&#8243; title_font_size=&#8221;32px&#8221; title_line_height=&#8221;1.6em&#8221; width=&#8221;400px&#8221; width_tablet=&#8221;400px&#8221; width_phone=&#8221;400px&#8221; width_last_edited=&#8221;on|desktop&#8221; custom_margin=&#8221;|349px||||&#8221; custom_margin_tablet=&#8221;0px||0px||false|false&#8221; custom_margin_phone=&#8221;0px||0px||false|false&#8221; custom_margin_last_edited=&#8221;on|tablet&#8221; title_font_size_tablet=&#8221;24px&#8221; title_font_size_phone=&#8221;24px&#8221; title_font_size_last_edited=&#8221;on|tablet&#8221; title_line_height_tablet=&#8221;0em&#8221; title_line_height_phone=&#8221;1.6em&#8221; title_line_height_last_edited=&#8221;on|tablet&#8221; global_colors_info=&#8221;{}&#8221;][\/et_pb_heading][et_pb_text _builder_version=&#8221;4.27.6&#8243; _module_preset=&#8221;default&#8221; text_font=&#8221;&#8211;et_global_heading_font||||||||&#8221; text_text_color=&#8221;#fffcf8&#8243; text_font_size=&#8221;16px&#8221; text_line_height=&#8221;1.6em&#8221; header_4_font=&#8221;&#8211;et_global_heading_font||||||||&#8221; header_4_text_align=&#8221;left&#8221; width=&#8221;400px&#8221; width_tablet=&#8221;400px&#8221; width_phone=&#8221;400px&#8221; width_last_edited=&#8221;on|desktop&#8221; custom_margin=&#8221;24px||24px||false|false&#8221; custom_margin_tablet=&#8221;24px||||false|false&#8221; custom_margin_phone=&#8221;24px||||false|false&#8221; custom_margin_last_edited=&#8221;on|desktop&#8221; global_colors_info=&#8221;{}&#8221;]<\/p>\n<p>Ein pr\u00e4ziser, einzigartiger Prozess f\u00fchrt zur Herstellung eines jeden einzelnen Laibes.<br \/>Und dieser muss befolgt und respektiert werden, Schritt f\u00fcr Schritt, immer.<\/p>\n<p>[\/et_pb_text][et_pb_button button_url=&#8221;\/wp-content\/uploads\/2023\/02\/SpecificationsGBOct2022-50254.pdf&#8221; button_text=&#8221;Produktions Reglungen Grana Padano g.U.&#8221; button_alignment=&#8221;left&#8221; module_class=&#8221;yellow-btn&#8221; _builder_version=&#8221;4.27.6&#8243; _module_preset=&#8221;default&#8221; custom_button=&#8221;on&#8221; button_text_color=&#8221;gcid-46a7fd9b-e7e5-4c0a-b621-f5f3bcee3ed6&#8243; button_bg_color=&#8221;#ffdc00&#8243; button_border_width=&#8221;0px&#8221; button_border_radius=&#8221;0px&#8221; button_font=&#8221;&#8211;et_global_heading_font||||||||&#8221; button_icon=&#8221;&#x24;||divi||400&#8243; button_on_hover=&#8221;off&#8221; custom_padding=&#8221;16px|30px|16px|16px|true|false&#8221; locked=&#8221;off&#8221; global_colors_info=&#8221;{%22gcid-46a7fd9b-e7e5-4c0a-b621-f5f3bcee3ed6%22:%91%22button_text_color%22%93}&#8221;][\/et_pb_button][\/et_pb_column][\/et_pb_row][\/et_pb_section]<\/p>\n","protected":false},"excerpt":{"rendered":"<p><div class=\"breadcrumb\"><a href=\"https:\/\/www.granapadano.it\/de-de\/\">Home<\/a>  <  <\/div>Aktivit\u00e4ten, Schutz und F\u00f6rderungDas Ziel des Grana Padano Schutzkonsortiums ist sicherzustellen, dass die traditionelle Rezeptur der Grana Padano DOP strikt befolgt wird und dass die hohen Qualit\u00e4tsstandards bei jedem produzierten K\u00e4selaib strikt eingehalten werden. Um seinen Verpflichtungen nachzukommen, f\u00fchrt er Initiativen durch, die darauf abzielen, alles, was den Grana Padano DOP betrifft, zu sch\u00fctzen und [&hellip;]<\/p>\n","protected":false},"author":3,"featured_media":0,"parent":151585,"menu_order":608,"comment_status":"closed","ping_status":"closed","template":"","meta":{"_acf_changed":false,"_et_pb_use_builder":"on","_et_pb_old_content":"","_et_gb_content_width":"","footnotes":""},"class_list":["post-37028","page","type-page","status-publish","hentry"],"acf":[],"yoast_head":"<!-- This site is optimized with the Yoast SEO plugin v27.3 - https:\/\/yoast.com\/product\/yoast-seo-wordpress\/ -->\n<title>Aufgaben: Schutz und F\u00f6rderung - Grana Padano<\/title>\n<meta name=\"robots\" content=\"index, follow, max-snippet:-1, max-image-preview:large, max-video-preview:-1\" \/>\n<link rel=\"canonical\" href=\"https:\/\/www.granapadano.it\/de-de\/das-konsortium\/aufgaben-schutz-und-forderung\/\" \/>\n<meta property=\"og:locale\" content=\"de_DE\" \/>\n<meta property=\"og:type\" content=\"article\" \/>\n<meta property=\"og:title\" content=\"Aufgaben: Schutz und F\u00f6rderung - Grana Padano\" \/>\n<meta property=\"og:description\" content=\"Aktivit\u00e4ten, Schutz und F\u00f6rderungDas Ziel des Grana Padano Schutzkonsortiums ist sicherzustellen, dass die traditionelle Rezeptur der Grana Padano DOP strikt befolgt wird und dass die hohen Qualit\u00e4tsstandards bei jedem produzierten K\u00e4selaib strikt eingehalten werden. Um seinen Verpflichtungen nachzukommen, f\u00fchrt er Initiativen durch, die darauf abzielen, alles, was den Grana Padano DOP betrifft, zu sch\u00fctzen und [&hellip;]\" \/>\n<meta property=\"og:url\" content=\"https:\/\/www.granapadano.it\/de-de\/das-konsortium\/aufgaben-schutz-und-forderung\/\" \/>\n<meta property=\"og:site_name\" content=\"Grana Padano\" \/>\n<meta property=\"article:modified_time\" content=\"2026-03-27T14:48:21+00:00\" \/>\n<meta name=\"twitter:card\" content=\"summary_large_image\" \/>\n<meta name=\"twitter:label1\" content=\"Est. reading time\" \/>\n\t<meta name=\"twitter:data1\" content=\"3 minutes\" \/>\n<script type=\"application\/ld+json\" class=\"yoast-schema-graph\">{\"@context\":\"https:\\\/\\\/schema.org\",\"@graph\":[{\"@type\":\"WebPage\",\"@id\":\"https:\\\/\\\/www.granapadano.it\\\/de-de\\\/das-konsortium\\\/aufgaben-schutz-und-forderung\\\/\",\"url\":\"https:\\\/\\\/www.granapadano.it\\\/de-de\\\/das-konsortium\\\/aufgaben-schutz-und-forderung\\\/\",\"name\":\"Aufgaben: Schutz und F\u00f6rderung - Grana Padano\",\"isPartOf\":{\"@id\":\"https:\\\/\\\/www.granapadano.it\\\/de-de\\\/#website\"},\"datePublished\":\"2023-02-02T13:22:22+00:00\",\"dateModified\":\"2026-03-27T14:48:21+00:00\",\"breadcrumb\":{\"@id\":\"https:\\\/\\\/www.granapadano.it\\\/de-de\\\/das-konsortium\\\/aufgaben-schutz-und-forderung\\\/#breadcrumb\"},\"inLanguage\":\"de-de\",\"potentialAction\":[{\"@type\":\"ReadAction\",\"target\":[\"https:\\\/\\\/www.granapadano.it\\\/de-de\\\/das-konsortium\\\/aufgaben-schutz-und-forderung\\\/\"]}]},{\"@type\":\"BreadcrumbList\",\"@id\":\"https:\\\/\\\/www.granapadano.it\\\/de-de\\\/das-konsortium\\\/aufgaben-schutz-und-forderung\\\/#breadcrumb\",\"itemListElement\":[{\"@type\":\"ListItem\",\"position\":1,\"name\":\"Home\",\"item\":\"https:\\\/\\\/www.granapadano.it\\\/de-de\\\/\"},{\"@type\":\"ListItem\",\"position\":2,\"name\":\"Das Schutzkonsortium\",\"item\":\"https:\\\/\\\/www.granapadano.it\\\/de-de\\\/das-schutzkonsortium\\\/\"},{\"@type\":\"ListItem\",\"position\":3,\"name\":\"Aufgaben: Schutz und F\u00f6rderung\"}]},{\"@type\":\"WebSite\",\"@id\":\"https:\\\/\\\/www.granapadano.it\\\/de-de\\\/#website\",\"url\":\"https:\\\/\\\/www.granapadano.it\\\/de-de\\\/\",\"name\":\"Grana Padano\",\"description\":\"\",\"potentialAction\":[{\"@type\":\"SearchAction\",\"target\":{\"@type\":\"EntryPoint\",\"urlTemplate\":\"https:\\\/\\\/www.granapadano.it\\\/de-de\\\/?s={search_term_string}\"},\"query-input\":{\"@type\":\"PropertyValueSpecification\",\"valueRequired\":true,\"valueName\":\"search_term_string\"}}],\"inLanguage\":\"de-de\"}]}<\/script>\n<!-- \/ Yoast SEO plugin. -->","yoast_head_json":{"title":"Aufgaben: Schutz und F\u00f6rderung - Grana Padano","robots":{"index":"index","follow":"follow","max-snippet":"max-snippet:-1","max-image-preview":"max-image-preview:large","max-video-preview":"max-video-preview:-1"},"canonical":"https:\/\/www.granapadano.it\/de-de\/das-konsortium\/aufgaben-schutz-und-forderung\/","og_locale":"de_DE","og_type":"article","og_title":"Aufgaben: Schutz und F\u00f6rderung - Grana Padano","og_description":"Aktivit\u00e4ten, Schutz und F\u00f6rderungDas Ziel des Grana Padano Schutzkonsortiums ist sicherzustellen, dass die traditionelle Rezeptur der Grana Padano DOP strikt befolgt wird und dass die hohen Qualit\u00e4tsstandards bei jedem produzierten K\u00e4selaib strikt eingehalten werden. Um seinen Verpflichtungen nachzukommen, f\u00fchrt er Initiativen durch, die darauf abzielen, alles, was den Grana Padano DOP betrifft, zu sch\u00fctzen und [&hellip;]","og_url":"https:\/\/www.granapadano.it\/de-de\/das-konsortium\/aufgaben-schutz-und-forderung\/","og_site_name":"Grana Padano","article_modified_time":"2026-03-27T14:48:21+00:00","twitter_card":"summary_large_image","twitter_misc":{"Est. reading time":"3 minutes"},"schema":{"@context":"https:\/\/schema.org","@graph":[{"@type":"WebPage","@id":"https:\/\/www.granapadano.it\/de-de\/das-konsortium\/aufgaben-schutz-und-forderung\/","url":"https:\/\/www.granapadano.it\/de-de\/das-konsortium\/aufgaben-schutz-und-forderung\/","name":"Aufgaben: Schutz und F\u00f6rderung - Grana Padano","isPartOf":{"@id":"https:\/\/www.granapadano.it\/de-de\/#website"},"datePublished":"2023-02-02T13:22:22+00:00","dateModified":"2026-03-27T14:48:21+00:00","breadcrumb":{"@id":"https:\/\/www.granapadano.it\/de-de\/das-konsortium\/aufgaben-schutz-und-forderung\/#breadcrumb"},"inLanguage":"de-de","potentialAction":[{"@type":"ReadAction","target":["https:\/\/www.granapadano.it\/de-de\/das-konsortium\/aufgaben-schutz-und-forderung\/"]}]},{"@type":"BreadcrumbList","@id":"https:\/\/www.granapadano.it\/de-de\/das-konsortium\/aufgaben-schutz-und-forderung\/#breadcrumb","itemListElement":[{"@type":"ListItem","position":1,"name":"Home","item":"https:\/\/www.granapadano.it\/de-de\/"},{"@type":"ListItem","position":2,"name":"Das Schutzkonsortium","item":"https:\/\/www.granapadano.it\/de-de\/das-schutzkonsortium\/"},{"@type":"ListItem","position":3,"name":"Aufgaben: Schutz und F\u00f6rderung"}]},{"@type":"WebSite","@id":"https:\/\/www.granapadano.it\/de-de\/#website","url":"https:\/\/www.granapadano.it\/de-de\/","name":"Grana Padano","description":"","potentialAction":[{"@type":"SearchAction","target":{"@type":"EntryPoint","urlTemplate":"https:\/\/www.granapadano.it\/de-de\/?s={search_term_string}"},"query-input":{"@type":"PropertyValueSpecification","valueRequired":true,"valueName":"search_term_string"}}],"inLanguage":"de-de"}]}},"_links":{"self":[{"href":"https:\/\/www.granapadano.it\/de-de\/wp-json\/wp\/v2\/pages\/37028","targetHints":{"allow":["GET"]}}],"collection":[{"href":"https:\/\/www.granapadano.it\/de-de\/wp-json\/wp\/v2\/pages"}],"about":[{"href":"https:\/\/www.granapadano.it\/de-de\/wp-json\/wp\/v2\/types\/page"}],"author":[{"embeddable":true,"href":"https:\/\/www.granapadano.it\/de-de\/wp-json\/wp\/v2\/users\/3"}],"replies":[{"embeddable":true,"href":"https:\/\/www.granapadano.it\/de-de\/wp-json\/wp\/v2\/comments?post=37028"}],"version-history":[{"count":3,"href":"https:\/\/www.granapadano.it\/de-de\/wp-json\/wp\/v2\/pages\/37028\/revisions"}],"predecessor-version":[{"id":153096,"href":"https:\/\/www.granapadano.it\/de-de\/wp-json\/wp\/v2\/pages\/37028\/revisions\/153096"}],"up":[{"embeddable":true,"href":"https:\/\/www.granapadano.it\/de-de\/wp-json\/wp\/v2\/pages\/151585"}],"wp:attachment":[{"href":"https:\/\/www.granapadano.it\/de-de\/wp-json\/wp\/v2\/media?parent=37028"}],"curies":[{"name":"wp","href":"https:\/\/api.w.org\/{rel}","templated":true}]}}