{"id":34845,"date":"2023-02-15T07:32:06","date_gmt":"2023-02-15T07:32:06","guid":{"rendered":"https:\/\/www.granapadano.it\/vorschlage-zum-servieren\/kombinationen\/zu-welchem-wein-passt-der-grana-padano\/dolcetto-dalba\/"},"modified":"2023-03-24T21:08:49","modified_gmt":"2023-03-24T21:08:49","slug":"dolcetto-dalba","status":"publish","type":"page","link":"https:\/\/www.granapadano.it\/de-de\/vorschlage-zum-servieren\/zu-welchem-wein-passt-der-grana-padano\/dolcetto-dalba\/","title":{"rendered":"Dolcetto D&#8217;Alba"},"content":{"rendered":"<p>[et_pb_section fb_built=&#8221;1&#8243; fullwidth=&#8221;on&#8221; _builder_version=&#8221;4.19.5&#8243; _module_preset=&#8221;default&#8221; global_colors_info=&#8221;{}&#8221;][et_pb_fullwidth_code _builder_version=&#8221;4.19.5&#8243; _module_preset=&#8221;default&#8221; global_colors_info=&#8221;{}&#8221;][et_pb_section global_module=\"29631 \"][\/et_pb_section][\/et_pb_fullwidth_code][\/et_pb_section][et_pb_section fb_built=&#8221;1&#8243; module_class=&#8221;production_sub_hub_main_wrapper&#8221; _builder_version=&#8221;4.19.4&#8243; _module_preset=&#8221;default&#8221; custom_padding=&#8221;13px||0px|||&#8221; locked=&#8221;off&#8221; global_colors_info=&#8221;{}&#8221;][et_pb_row module_class=&#8221;recipe_filter_section&#8221; _builder_version=&#8221;4.19.2&#8243; _module_preset=&#8221;default&#8221; max_width=&#8221;90%&#8221; custom_padding=&#8221;||7px|||&#8221; global_colors_info=&#8221;{}&#8221;][et_pb_column type=&#8221;4_4&#8243; _builder_version=&#8221;4.19.2&#8243; _module_preset=&#8221;default&#8221; global_colors_info=&#8221;{}&#8221;][et_pb_code _builder_version=&#8221;4.19.2&#8243; _module_preset=&#8221;default&#8221; custom_margin=&#8221;||16px|||&#8221; global_colors_info=&#8221;{}&#8221;]<div class=\"breadcrumb\"><a href=\"https:\/\/www.granapadano.it\/de-de\/\">Home<\/a>  <  <\/div>[\/et_pb_code][\/et_pb_column][\/et_pb_row][\/et_pb_section][et_pb_section fb_built=&#8221;1&#8243; module_class=&#8221;giovani_sub_hub_title&#8221; _builder_version=&#8221;4.19.5&#8243; _module_preset=&#8221;default&#8221; custom_padding=&#8221;0px||0px||false|false&#8221; locked=&#8221;off&#8221; global_colors_info=&#8221;{}&#8221;][et_pb_row module_class=&#8221;gp_producion_heading_wrapper&#8221; _builder_version=&#8221;4.19.5&#8243; _module_preset=&#8221;default&#8221; max_width=&#8221;90%&#8221; module_alignment=&#8221;center&#8221; custom_padding=&#8221;||||false|false&#8221; global_colors_info=&#8221;{}&#8221;][et_pb_column type=&#8221;4_4&#8243; _builder_version=&#8221;4.19.4&#8243; _module_preset=&#8221;default&#8221; global_colors_info=&#8221;{}&#8221;][et_pb_text module_class=&#8221;giovani_sub_hub_title_text&#8221; _builder_version=&#8221;4.19.5&#8243; _module_preset=&#8221;default&#8221; text_font=&#8221;Merriweather|700|||||||&#8221; text_text_color=&#8221;#0f0f0f&#8221; text_font_size=&#8221;80px&#8221; text_line_height=&#8221;70px&#8221; header_font=&#8221;Merriweather||||||||&#8221; header_text_color=&#8221;gcid-8696fd7e-29dd-4028-9d4d-981b208a53a9&#8243; header_font_size=&#8221;44px&#8221; header_line_height=&#8221;52px&#8221; text_orientation=&#8221;center&#8221; min_height=&#8221;83px&#8221; custom_margin=&#8221;||0px||false|false&#8221; custom_padding=&#8221;||0px||false|false&#8221; global_colors_info=&#8221;{%22gcid-8696fd7e-29dd-4028-9d4d-981b208a53a9%22:%91%22header_text_color%22%93}&#8221;]<\/p>\n<h1>Dolcetto D&#8217;Alba<\/h1>\n<p>[\/et_pb_text][\/et_pb_column][\/et_pb_row][et_pb_row column_structure=&#8221;1_4,3_4&#8243; module_class=&#8221;article_dates&#8221; _builder_version=&#8221;4.19.4&#8243; _module_preset=&#8221;default&#8221; max_width=&#8221;90%&#8221; custom_padding=&#8221;2px||6px||false|false&#8221; global_colors_info=&#8221;{}&#8221; theme_builder_area=&#8221;post_content&#8221;][et_pb_column type=&#8221;1_4&#8243; _builder_version=&#8221;4.19.3&#8243; _module_preset=&#8221;default&#8221; global_colors_info=&#8221;{}&#8221; theme_builder_area=&#8221;post_content&#8221;][et_pb_text module_class=&#8221;button_look&#8221; _builder_version=&#8221;4.20.2&#8243; _module_preset=&#8221;default&#8221; text_font=&#8221;FontPadano-Bold||||||||&#8221; text_text_color=&#8221;#000000&#8243; text_font_size=&#8221;26px&#8221; background_color=&#8221;RGBA(255,255,255,0)&#8221; hover_enabled=&#8221;0&#8243; global_colors_info=&#8221;{}&#8221; theme_builder_area=&#8221;post_content&#8221; sticky_enabled=&#8221;0&#8243;]<\/p>\n<p>Wein<\/p>\n<p>[\/et_pb_text][\/et_pb_column][et_pb_column type=&#8221;3_4&#8243; _builder_version=&#8221;4.19.4&#8243; _module_preset=&#8221;default&#8221; global_colors_info=&#8221;{}&#8221; theme_builder_area=&#8221;post_content&#8221;][\/et_pb_column][\/et_pb_row][et_pb_row column_structure=&#8221;2_5,3_5&#8243; module_class=&#8221;article_sub_img_text_content&#8221; _builder_version=&#8221;4.20.2&#8243; _module_preset=&#8221;default&#8221; max_width=&#8221;90%&#8221; module_alignment=&#8221;center&#8221; custom_margin=&#8221;-2px||||false|false&#8221; custom_padding=&#8221;0px||40px||false|false&#8221; hover_enabled=&#8221;0&#8243; global_colors_info=&#8221;{}&#8221; sticky_enabled=&#8221;0&#8243;][et_pb_column type=&#8221;2_5&#8243; _builder_version=&#8221;4.20.2&#8243; _module_preset=&#8221;default&#8221; hover_enabled=&#8221;0&#8243; global_colors_info=&#8221;{}&#8221; module_class=&#8221;article_sub_img_wrap&#8221; sticky_enabled=&#8221;0&#8243;][et_pb_image src=&#8221;https:\/\/www.granapadano.it\/wp-content\/uploads\/2023\/02\/dolcetto-45733.jpg&#8221; title_text=&#8221;dolcetto-45733&#8243; align=&#8221;center&#8221; _builder_version=&#8221;4.19.5&#8243; _module_preset=&#8221;default&#8221; positioning=&#8221;relative&#8221; vertical_offset=&#8221;85px&#8221; module_alignment=&#8221;center&#8221; border_radii=&#8221;on|20px|20px|20px|20px&#8221; global_colors_info=&#8221;{}&#8221;][\/et_pb_image][\/et_pb_column][et_pb_column type=&#8221;3_5&#8243; _builder_version=&#8221;4.20.2&#8243; _module_preset=&#8221;default&#8221; hover_enabled=&#8221;0&#8243; global_colors_info=&#8221;{}&#8221; module_class=&#8221;article_sub_text_wrap&#8221; sticky_enabled=&#8221;0&#8243;][et_pb_text _builder_version=&#8221;4.20.2&#8243; _module_preset=&#8221;default&#8221; text_text_color=&#8221;#0f0f0f&#8221; text_font_size=&#8221;18px&#8221; text_line_height=&#8221;26px&#8221; width=&#8221;100%&#8221; custom_padding=&#8221;|14px||||&#8221; hover_enabled=&#8221;0&#8243; global_colors_info=&#8221;{}&#8221; sticky_enabled=&#8221;0&#8243;]<\/p>\n<p>Ein Rotwein von kontrollierter Herkunftsbezeichnung (DOC). 100 % sortenrein aus Dolcetto-Trauben gekeltert. Die G\u00e4rung erfolgt vorwiegend in Stahl, w\u00e4hrend der Ausbau zuweilen teilweise im Holz (vorwiegend in gro\u00dfen Eichenf\u00e4ssern) stattfindet. Obwohl keine Mindestreife bis zur Freigabe f\u00fcr den Verbrauch vorgesehen ist, erfolgt die Freigabe f\u00fcr den Verbrauch erst 7-8 Monate nach der Lese.<\/p>\n<p>&#8211; Empfohlene Trinkreife: nicht l\u00e4nger als 2 bis 4 Jahre je nach Jahrgang<br \/>&#8211; Alkoholgehalt: 12,5 % Vol.<br \/>&#8211; Hergestellt (im kompletten Umfang bzw. in Teilbereichen) in 35 Gemeinden der Langhe-Bergen, in der Provinz Cuneo und in der Gemeinde Coazzolo in der Provinz Asti.<br \/>&#8211; Lagerung im Weinkeller bei einer konstanten Temperatur von 11-15 \u00b0C f\u00fcr wenige Jahre; im Haushalt wenige Wochen.<br \/>&#8211; Servieren bei 16 \u00b0C in Gl\u00e4sern mit mittelbreitem Kelch.<\/p>\n<p><strong>Charakteristika (Optik, Geschmack, Aroma):<\/strong><br \/>intensives Rubinrot mit jugendlichen Purpurreflexen. Im Bukett dominieren schwarze Johannisbeeren, Amarenakonfit\u00fcre, Brombeergelee, Heidelbeersirup und getrocknete Lavendelbl\u00fcten, angereichert von sanft w\u00fcrzigen Nuancen. Weich und seidig am Gaumen, durchzogen von perfekt integriertem, geschliffenem Tannin, das den Gesamtkomplex bildet.<br \/>Die nicht zu markante Struktur des Weins und seine gute gustatorisch-olfaktorische Persistenz harmonieren formvollendet mit den Charakteristika von Grana Padano mittlerer Reife. Ferner wird die leichte S\u00e4ure des K\u00e4ses durch die Weichheit des Weines gemildert.<\/p>\n<p><strong>Besonderheiten<\/strong><br \/>Eine der beliebtesten blauen Rebsorten des Piemonts, die fl\u00e4chenm\u00e4\u00dfig am zweith\u00e4ufigsten angebaut wird. Der Name leitet sich vermutlich von der markanten S\u00fc\u00dfe der Traube w\u00e4hrend der Reife, k\u00f6nnte aber auch von dem Dialektwort \u201edosset\u201c stammen, mit dem weniger hohe H\u00fcgel bezeichnet werden.<br \/>Die Produktionsspezifikation sieht auch eine \u201eSuperiore\u201c von h\u00f6herem Alkoholgehalt vor, der erst mindestens 12 Monate nach dem 1. November des Erntejahres f\u00fcr den Verbrauch freigegeben werden darf.<br \/>Der Wein ist im Fachhandel und in gro\u00dfen Handelsketten relativ einfach erh\u00e4ltlich.<\/p>\n<p><strong>Weitere f\u00fcr 16-20 Monate gereiften Grana Padano DOP empfohlene Rotweine:<\/strong><br \/>&#8211; Bardolino<br \/>&#8211; Lago di Caldaro<br \/>&#8211; Merlot delle Venezie<br \/>&#8211; Chianti<br \/>&#8211; Campi Flegrei Piedirosso<\/p>\n<p>[\/et_pb_text][\/et_pb_column][\/et_pb_row][\/et_pb_section]<\/p>\n","protected":false},"excerpt":{"rendered":"<p><div class=\"et_pb_module et_pb_fullwidth_image et_pb_fullwidth_image_0\">\n\t\t\t\t\n\t\t\t\t\n\t\t\t\t\n\t\t\t\t\n\t\t\t\t<img decoding=\"async\" width=\"1920\" height=\"380\" src=\"https:\/\/granapadano.kleecks-cdn.com\/wp-content\/uploads\/2023\/02\/Abbinamenti-h-1.png\" alt=\"\" title=\"Abbinamenti-m\" srcset=\"https:\/\/granapadano.kleecks-cdn.com\/wp-content\/uploads\/2023\/02\/Abbinamenti-h-1.png%201920w,%20https:\/granapadano.kleecks-cdn.com\/wp-content\/uploads\/2023\/02\/Abbinamenti-h-1-1280x253.png%201280w,%20https:\/granapadano.kleecks-cdn.com\/wp-content\/uploads\/2023\/02\/Abbinamenti-h-1-980x194.png%20980w,%20https:\/granapadano.kleecks-cdn.com\/wp-content\/uploads\/2023\/02\/Abbinamenti-h-1-480x95.png%20480w\" sizes=\"(min-width: 0px) and (max-width: 480px) 480px, (min-width: 481px) and (max-width: 980px) 980px, (min-width: 981px) and (max-width: 1280px) 1280px, (min-width: 1281px) 1920px, 100vw\" class=\"wp-image-41915\" data-et-multi-view=\"{&quot;schema&quot;:{&quot;attrs&quot;:{&quot;desktop&quot;:{&quot;src&quot;:&quot;https:\\\/\\\/www.granapadano.it\\\/wp-content\\\/uploads\\\/2023\\\/02\\\/Abbinamenti-h-1.png&quot;,&quot;alt&quot;:&quot;&quot;,&quot;title&quot;:&quot;Abbinamenti-m&quot;,&quot;class&quot;:&quot;wp-image-41915&quot;,&quot;srcset&quot;:&quot;https:\\\/\\\/www.granapadano.it\\\/wp-content\\\/uploads\\\/2023\\\/02\\\/Abbinamenti-h-1.png 1920w, https:\\\/\\\/www.granapadano.it\\\/wp-content\\\/uploads\\\/2023\\\/02\\\/Abbinamenti-h-1-1280x253.png 1280w, https:\\\/\\\/www.granapadano.it\\\/wp-content\\\/uploads\\\/2023\\\/02\\\/Abbinamenti-h-1-980x194.png 980w, https:\\\/\\\/www.granapadano.it\\\/wp-content\\\/uploads\\\/2023\\\/02\\\/Abbinamenti-h-1-480x95.png 480w&quot;,&quot;sizes&quot;:&quot;(min-width: 0px) and (max-width: 480px) 480px, (min-width: 481px) and (max-width: 980px) 980px, (min-width: 981px) and (max-width: 1280px) 1280px, (min-width: 1281px) 1920px, 100vw&quot;},&quot;phone&quot;:{&quot;src&quot;:&quot;https:\\\/\\\/www.granapadano.it\\\/wp-content\\\/uploads\\\/2023\\\/02\\\/Abbinamenti-m-1.png&quot;,&quot;srcset&quot;:&quot;https:\\\/\\\/www.granapadano.it\\\/wp-content\\\/uploads\\\/2023\\\/02\\\/Abbinamenti-m-1.png 450w, https:\\\/\\\/www.granapadano.it\\\/wp-content\\\/uploads\\\/2023\\\/02\\\/Abbinamenti-m-1-300x133.png 300w&quot;,&quot;sizes&quot;:&quot;(max-width: 450px) 100vw, 450px&quot;}}},&quot;slug&quot;:&quot;et_pb_fullwidth_image&quot;}\" \/>\n\t\t\t\n\t\t\t<\/div><div class=\"breadcrumb\"><a href=\"https:\/\/www.granapadano.it\/de-de\/\">Home<\/a>  <  <\/div>Dolcetto D&#8217;AlbaWeinEin Rotwein von kontrollierter Herkunftsbezeichnung (DOC). 100 % sortenrein aus Dolcetto-Trauben gekeltert. Die G\u00e4rung erfolgt vorwiegend in Stahl, w\u00e4hrend der Ausbau zuweilen teilweise im Holz (vorwiegend in gro\u00dfen Eichenf\u00e4ssern) stattfindet. Obwohl keine Mindestreife bis zur Freigabe f\u00fcr den Verbrauch vorgesehen ist, erfolgt die Freigabe f\u00fcr den Verbrauch erst 7-8 Monate nach der Lese. [&hellip;]<\/p>\n","protected":false},"author":6,"featured_media":0,"parent":32433,"menu_order":193,"comment_status":"closed","ping_status":"closed","template":"","meta":{"_acf_changed":false,"_et_pb_use_builder":"on","_et_pb_old_content":"","_et_gb_content_width":"","footnotes":""},"class_list":["post-34845","page","type-page","status-publish","hentry"],"acf":[],"yoast_head":"<!-- This site is optimized with the Yoast SEO plugin v27.3 - https:\/\/yoast.com\/product\/yoast-seo-wordpress\/ -->\n<title>Dolcetto D&#039;Alba - Grana Padano<\/title>\n<meta name=\"robots\" content=\"index, follow, max-snippet:-1, max-image-preview:large, max-video-preview:-1\" \/>\n<link rel=\"canonical\" href=\"https:\/\/www.granapadano.it\/de-de\/vorschlage-zum-servieren\/zu-welchem-wein-passt-der-grana-padano\/dolcetto-dalba\/\" \/>\n<meta property=\"og:locale\" content=\"de_DE\" \/>\n<meta property=\"og:type\" content=\"article\" \/>\n<meta property=\"og:title\" content=\"Dolcetto D&#039;Alba - Grana Padano\" \/>\n<meta property=\"og:description\" content=\"Dolcetto D&#039;AlbaWeinEin Rotwein von kontrollierter Herkunftsbezeichnung (DOC). 100 % sortenrein aus Dolcetto-Trauben gekeltert. Die G\u00e4rung erfolgt vorwiegend in Stahl, w\u00e4hrend der Ausbau zuweilen teilweise im Holz (vorwiegend in gro\u00dfen Eichenf\u00e4ssern) stattfindet. Obwohl keine Mindestreife bis zur Freigabe f\u00fcr den Verbrauch vorgesehen ist, erfolgt die Freigabe f\u00fcr den Verbrauch erst 7-8 Monate nach der Lese. [&hellip;]\" \/>\n<meta property=\"og:url\" content=\"https:\/\/www.granapadano.it\/de-de\/vorschlage-zum-servieren\/zu-welchem-wein-passt-der-grana-padano\/dolcetto-dalba\/\" \/>\n<meta property=\"og:site_name\" content=\"Grana Padano\" \/>\n<meta property=\"article:modified_time\" content=\"2023-03-24T21:08:49+00:00\" \/>\n<meta name=\"twitter:card\" content=\"summary_large_image\" \/>\n<meta name=\"twitter:label1\" content=\"Est. reading time\" \/>\n\t<meta name=\"twitter:data1\" content=\"4 minutes\" \/>\n<script type=\"application\/ld+json\" class=\"yoast-schema-graph\">{\"@context\":\"https:\\\/\\\/schema.org\",\"@graph\":[{\"@type\":\"WebPage\",\"@id\":\"https:\\\/\\\/www.granapadano.it\\\/de-de\\\/vorschlage-zum-servieren\\\/zu-welchem-wein-passt-der-grana-padano\\\/dolcetto-dalba\\\/\",\"url\":\"https:\\\/\\\/www.granapadano.it\\\/de-de\\\/vorschlage-zum-servieren\\\/zu-welchem-wein-passt-der-grana-padano\\\/dolcetto-dalba\\\/\",\"name\":\"Dolcetto D'Alba - Grana Padano\",\"isPartOf\":{\"@id\":\"https:\\\/\\\/www.granapadano.it\\\/de-de\\\/#website\"},\"datePublished\":\"2023-02-15T07:32:06+00:00\",\"dateModified\":\"2023-03-24T21:08:49+00:00\",\"breadcrumb\":{\"@id\":\"https:\\\/\\\/www.granapadano.it\\\/de-de\\\/vorschlage-zum-servieren\\\/zu-welchem-wein-passt-der-grana-padano\\\/dolcetto-dalba\\\/#breadcrumb\"},\"inLanguage\":\"de-de\",\"potentialAction\":[{\"@type\":\"ReadAction\",\"target\":[\"https:\\\/\\\/www.granapadano.it\\\/de-de\\\/vorschlage-zum-servieren\\\/zu-welchem-wein-passt-der-grana-padano\\\/dolcetto-dalba\\\/\"]}]},{\"@type\":\"BreadcrumbList\",\"@id\":\"https:\\\/\\\/www.granapadano.it\\\/de-de\\\/vorschlage-zum-servieren\\\/zu-welchem-wein-passt-der-grana-padano\\\/dolcetto-dalba\\\/#breadcrumb\",\"itemListElement\":[{\"@type\":\"ListItem\",\"position\":1,\"name\":\"Home\",\"item\":\"https:\\\/\\\/www.granapadano.it\\\/de-de\\\/\"},{\"@type\":\"ListItem\",\"position\":2,\"name\":\"Rezepte\",\"item\":\"https:\\\/\\\/www.granapadano.it\\\/de-de\\\/rezepte\\\/\"},{\"@type\":\"ListItem\",\"position\":3,\"name\":\"zu welchem wein passt der Grana Padano?\",\"item\":\"https:\\\/\\\/www.granapadano.it\\\/de-de\\\/vorschlage-zum-servieren\\\/zu-welchem-wein-passt-der-grana-padano\\\/\"},{\"@type\":\"ListItem\",\"position\":4,\"name\":\"Dolcetto D&#8217;Alba\"}]},{\"@type\":\"WebSite\",\"@id\":\"https:\\\/\\\/www.granapadano.it\\\/de-de\\\/#website\",\"url\":\"https:\\\/\\\/www.granapadano.it\\\/de-de\\\/\",\"name\":\"Grana Padano\",\"description\":\"\",\"potentialAction\":[{\"@type\":\"SearchAction\",\"target\":{\"@type\":\"EntryPoint\",\"urlTemplate\":\"https:\\\/\\\/www.granapadano.it\\\/de-de\\\/?s={search_term_string}\"},\"query-input\":{\"@type\":\"PropertyValueSpecification\",\"valueRequired\":true,\"valueName\":\"search_term_string\"}}],\"inLanguage\":\"de-de\"}]}<\/script>\n<!-- \/ Yoast SEO plugin. -->","yoast_head_json":{"title":"Dolcetto D'Alba - Grana Padano","robots":{"index":"index","follow":"follow","max-snippet":"max-snippet:-1","max-image-preview":"max-image-preview:large","max-video-preview":"max-video-preview:-1"},"canonical":"https:\/\/www.granapadano.it\/de-de\/vorschlage-zum-servieren\/zu-welchem-wein-passt-der-grana-padano\/dolcetto-dalba\/","og_locale":"de_DE","og_type":"article","og_title":"Dolcetto D'Alba - Grana Padano","og_description":"Dolcetto D'AlbaWeinEin Rotwein von kontrollierter Herkunftsbezeichnung (DOC). 100 % sortenrein aus Dolcetto-Trauben gekeltert. Die G\u00e4rung erfolgt vorwiegend in Stahl, w\u00e4hrend der Ausbau zuweilen teilweise im Holz (vorwiegend in gro\u00dfen Eichenf\u00e4ssern) stattfindet. Obwohl keine Mindestreife bis zur Freigabe f\u00fcr den Verbrauch vorgesehen ist, erfolgt die Freigabe f\u00fcr den Verbrauch erst 7-8 Monate nach der Lese. [&hellip;]","og_url":"https:\/\/www.granapadano.it\/de-de\/vorschlage-zum-servieren\/zu-welchem-wein-passt-der-grana-padano\/dolcetto-dalba\/","og_site_name":"Grana Padano","article_modified_time":"2023-03-24T21:08:49+00:00","twitter_card":"summary_large_image","twitter_misc":{"Est. reading time":"4 minutes"},"schema":{"@context":"https:\/\/schema.org","@graph":[{"@type":"WebPage","@id":"https:\/\/www.granapadano.it\/de-de\/vorschlage-zum-servieren\/zu-welchem-wein-passt-der-grana-padano\/dolcetto-dalba\/","url":"https:\/\/www.granapadano.it\/de-de\/vorschlage-zum-servieren\/zu-welchem-wein-passt-der-grana-padano\/dolcetto-dalba\/","name":"Dolcetto D'Alba - Grana Padano","isPartOf":{"@id":"https:\/\/www.granapadano.it\/de-de\/#website"},"datePublished":"2023-02-15T07:32:06+00:00","dateModified":"2023-03-24T21:08:49+00:00","breadcrumb":{"@id":"https:\/\/www.granapadano.it\/de-de\/vorschlage-zum-servieren\/zu-welchem-wein-passt-der-grana-padano\/dolcetto-dalba\/#breadcrumb"},"inLanguage":"de-de","potentialAction":[{"@type":"ReadAction","target":["https:\/\/www.granapadano.it\/de-de\/vorschlage-zum-servieren\/zu-welchem-wein-passt-der-grana-padano\/dolcetto-dalba\/"]}]},{"@type":"BreadcrumbList","@id":"https:\/\/www.granapadano.it\/de-de\/vorschlage-zum-servieren\/zu-welchem-wein-passt-der-grana-padano\/dolcetto-dalba\/#breadcrumb","itemListElement":[{"@type":"ListItem","position":1,"name":"Home","item":"https:\/\/www.granapadano.it\/de-de\/"},{"@type":"ListItem","position":2,"name":"Rezepte","item":"https:\/\/www.granapadano.it\/de-de\/rezepte\/"},{"@type":"ListItem","position":3,"name":"zu welchem wein passt der Grana Padano?","item":"https:\/\/www.granapadano.it\/de-de\/vorschlage-zum-servieren\/zu-welchem-wein-passt-der-grana-padano\/"},{"@type":"ListItem","position":4,"name":"Dolcetto D&#8217;Alba"}]},{"@type":"WebSite","@id":"https:\/\/www.granapadano.it\/de-de\/#website","url":"https:\/\/www.granapadano.it\/de-de\/","name":"Grana Padano","description":"","potentialAction":[{"@type":"SearchAction","target":{"@type":"EntryPoint","urlTemplate":"https:\/\/www.granapadano.it\/de-de\/?s={search_term_string}"},"query-input":{"@type":"PropertyValueSpecification","valueRequired":true,"valueName":"search_term_string"}}],"inLanguage":"de-de"}]}},"_links":{"self":[{"href":"https:\/\/www.granapadano.it\/de-de\/wp-json\/wp\/v2\/pages\/34845","targetHints":{"allow":["GET"]}}],"collection":[{"href":"https:\/\/www.granapadano.it\/de-de\/wp-json\/wp\/v2\/pages"}],"about":[{"href":"https:\/\/www.granapadano.it\/de-de\/wp-json\/wp\/v2\/types\/page"}],"author":[{"embeddable":true,"href":"https:\/\/www.granapadano.it\/de-de\/wp-json\/wp\/v2\/users\/6"}],"replies":[{"embeddable":true,"href":"https:\/\/www.granapadano.it\/de-de\/wp-json\/wp\/v2\/comments?post=34845"}],"version-history":[{"count":0,"href":"https:\/\/www.granapadano.it\/de-de\/wp-json\/wp\/v2\/pages\/34845\/revisions"}],"up":[{"embeddable":true,"href":"https:\/\/www.granapadano.it\/de-de\/wp-json\/wp\/v2\/pages\/32433"}],"wp:attachment":[{"href":"https:\/\/www.granapadano.it\/de-de\/wp-json\/wp\/v2\/media?parent=34845"}],"curies":[{"name":"wp","href":"https:\/\/api.w.org\/{rel}","templated":true}]}}