{"id":26557,"date":"2023-01-31T12:53:36","date_gmt":"2023-01-31T12:53:36","guid":{"rendered":"https:\/\/www.granapadano.it\/sostenibilita-e-benessere\/"},"modified":"2023-02-16T17:30:10","modified_gmt":"2023-02-16T17:30:10","slug":"nachhaltigkeit-und-wohlbefinden","status":"publish","type":"page","link":"https:\/\/www.granapadano.it\/de-de\/nachhaltigkeit-und-wohlbefinden\/","title":{"rendered":"Nachhaltigkeit Und Wohlbefinden"},"content":{"rendered":"<p>[et_pb_section fb_built=&#8221;1&#8243; fullwidth=&#8221;on&#8221; _builder_version=&#8221;4.19.4&#8243; _module_preset=&#8221;default&#8221; locked=&#8221;off&#8221; global_colors_info=&#8221;{}&#8221;][et_pb_fullwidth_image src=&#8221;https:\/\/www.granapadano.it\/wp-content\/uploads\/2023\/01\/Sostenibilita-ambientale-1h.jpg&#8221; title_text=&#8221;Sostenibilita-ambientale-1m&#8221; src_tablet=&#8221;https:\/\/www.granapadano.it\/wp-content\/uploads\/2023\/01\/Sostenibilita-ambientale-1h.jpg&#8221; src_phone=&#8221;https:\/\/www.granapadano.it\/wp-content\/uploads\/2023\/01\/Sostenibilita-ambientale-1m.jpg&#8221; src_last_edited=&#8221;on|phone&#8221; _builder_version=&#8221;4.19.5&#8243; _module_preset=&#8221;default&#8221; global_colors_info=&#8221;{}&#8221;][\/et_pb_fullwidth_image][\/et_pb_section][et_pb_section fb_built=&#8221;1&#8243; _builder_version=&#8221;4.19.3&#8243; _module_preset=&#8221;default&#8221; custom_padding=&#8221;||||false|false&#8221; global_colors_info=&#8221;{}&#8221;][et_pb_row _builder_version=&#8221;4.19.4&#8243; _module_preset=&#8221;default&#8221; custom_padding=&#8221;0px||0px||false|false&#8221; global_colors_info=&#8221;{}&#8221;][et_pb_column type=&#8221;4_4&#8243; _builder_version=&#8221;4.19.4&#8243; _module_preset=&#8221;default&#8221; global_colors_info=&#8221;{}&#8221;][et_pb_code _builder_version=&#8221;4.19.4&#8243; _module_preset=&#8221;default&#8221; global_colors_info=&#8221;{}&#8221;]<div class=\"breadcrumb\"><a href=\"https:\/\/www.granapadano.it\/de-de\/\">Home<\/a>  <  <\/div>[\/et_pb_code][\/et_pb_column][\/et_pb_row][\/et_pb_section][et_pb_section fb_built=&#8221;1&#8243; module_class=&#8221;sustainability_sub_hub_wrapper&#8221; _builder_version=&#8221;4.19.4&#8243; _module_preset=&#8221;default&#8221; custom_padding=&#8221;10px||4px|||&#8221; locked=&#8221;off&#8221; global_colors_info=&#8221;{}&#8221;][et_pb_row column_structure=&#8221;2_5,3_5&#8243; _builder_version=&#8221;4.19.4&#8243; _module_preset=&#8221;default&#8221; max_width=&#8221;90%&#8221; module_alignment=&#8221;center&#8221; custom_padding=&#8221;1px||22px|||&#8221; global_colors_info=&#8221;{}&#8221;][et_pb_column type=&#8221;2_5&#8243; _builder_version=&#8221;4.19.1&#8243; _module_preset=&#8221;default&#8221; global_colors_info=&#8221;{}&#8221;][et_pb_text _builder_version=&#8221;4.19.5&#8243; _module_preset=&#8221;default&#8221; text_font=&#8221;Merriweather|700|||||||&#8221; text_text_color=&#8221;#0f0f0f&#8221; text_font_size=&#8221;44px&#8221; text_line_height=&#8221;52px&#8221; text_orientation=&#8221;center&#8221; hover_enabled=&#8221;0&#8243; global_colors_info=&#8221;{}&#8221; sticky_enabled=&#8221;0&#8243;]<\/p>\n<p>Sostenibilit\u00e0<br \/>Ambientale<\/p>\n<p>[\/et_pb_text][\/et_pb_column][et_pb_column type=&#8221;3_5&#8243; _builder_version=&#8221;4.19.1&#8243; _module_preset=&#8221;default&#8221; global_colors_info=&#8221;{}&#8221;][et_pb_text _builder_version=&#8221;4.19.4&#8243; _module_preset=&#8221;default&#8221; text_text_color=&#8221;#0f0f0f&#8221; text_font_size=&#8221;18px&#8221; text_line_height=&#8221;27px&#8221; global_colors_info=&#8221;{}&#8221;]<\/p>\n<p><strong>Il Consorzio per la Tutela del Formaggio Grana Padano<\/strong>, seguendo i principi del suo statuto \u00e8 sensibile al tema della sostenibilit\u00e0 dell\u2019ambiente e per questo \u00e8 da tempo che tratta questo tema attraverso diversi studi con approcci e metodologie mirati al fine di valutare l\u2019impatto ambientale dell\u2019intera filiera produttiva.<\/p>\n<p>[\/et_pb_text][\/et_pb_column][\/et_pb_row][et_pb_row module_class=&#8221;image_row&#8221; _builder_version=&#8221;4.19.4&#8243; _module_preset=&#8221;default&#8221; custom_margin=&#8221;|auto|-6px|auto||&#8221; custom_padding=&#8221;1px||2px|||&#8221; global_colors_info=&#8221;{}&#8221;][et_pb_column type=&#8221;4_4&#8243; _builder_version=&#8221;4.19.4&#8243; _module_preset=&#8221;default&#8221; global_colors_info=&#8221;{}&#8221;][et_pb_image src=&#8221;https:\/\/www.granapadano.it\/wp-content\/uploads\/2023\/01\/Landscape-sketch-2.png&#8221; title_text=&#8221;Landscape-sketch&#8221; align=&#8221;center&#8221; _builder_version=&#8221;4.19.5&#8243; _module_preset=&#8221;default&#8221; global_colors_info=&#8221;{}&#8221;][\/et_pb_image][\/et_pb_column][\/et_pb_row][\/et_pb_section][et_pb_section fb_built=&#8221;1&#8243; module_class=&#8221;sostenibilita_main_section&#8221; _builder_version=&#8221;4.19.4&#8243; _module_preset=&#8221;default&#8221; background_color=&#8221;#f7f7f7&#8243; min_height=&#8221;1513.9px&#8221; custom_margin=&#8221;2px|||||&#8221; locked=&#8221;off&#8221; global_colors_info=&#8221;{}&#8221;][et_pb_row _builder_version=&#8221;4.19.1&#8243; _module_preset=&#8221;default&#8221; max_width=&#8221;90%&#8221; custom_padding=&#8221;15px||0px|||&#8221; global_colors_info=&#8221;{}&#8221;][et_pb_column type=&#8221;4_4&#8243; _builder_version=&#8221;4.19.1&#8243; _module_preset=&#8221;default&#8221; global_colors_info=&#8221;{}&#8221;][et_pb_text _builder_version=&#8221;4.19.5&#8243; _module_preset=&#8221;default&#8221; header_font=&#8221;Merriweather|700|||||||&#8221; header_text_align=&#8221;center&#8221; header_text_color=&#8221;#0f0f0f&#8221; header_font_size=&#8221;44px&#8221; header_line_height=&#8221;52px&#8221; hover_enabled=&#8221;0&#8243; global_colors_info=&#8221;{}&#8221; sticky_enabled=&#8221;0&#8243;]<\/p>\n<h1>Le attivit\u00e0 del consorzio<\/h1>\n<p>[\/et_pb_text][\/et_pb_column][\/et_pb_row][et_pb_row _builder_version=&#8221;4.19.1&#8243; _module_preset=&#8221;default&#8221; max_width=&#8221;90%&#8221; custom_padding=&#8221;||0px|||&#8221; global_colors_info=&#8221;{}&#8221;][et_pb_column type=&#8221;4_4&#8243; _builder_version=&#8221;4.19.1&#8243; _module_preset=&#8221;default&#8221; global_colors_info=&#8221;{}&#8221;][et_pb_image src=&#8221;https:\/\/www.granapadano.it\/wp-content\/uploads\/2022\/11\/Line-40-1.png&#8221; title_text=&#8221;Line 40&#8243; align=&#8221;center&#8221; _builder_version=&#8221;4.19.1&#8243; _module_preset=&#8221;default&#8221; custom_margin=&#8221;-16px|||||&#8221; custom_padding=&#8221;||10px|||&#8221; global_colors_info=&#8221;{}&#8221;][\/et_pb_image][\/et_pb_column][\/et_pb_row][et_pb_row column_structure=&#8221;1_2,1_2&#8243; use_custom_gutter=&#8221;on&#8221; gutter_width=&#8221;3&#8243; module_class=&#8221;consorzio_saprate_section&#8221; _builder_version=&#8221;4.19.5&#8243; _module_preset=&#8221;default&#8221; transform_scale=&#8221;94%|94%&#8221; max_width=&#8221;90%&#8221; custom_padding=&#8221;0px||||false|false&#8221; global_colors_info=&#8221;{}&#8221;][et_pb_column type=&#8221;1_2&#8243; _builder_version=&#8221;4.19.4&#8243; _module_preset=&#8221;default&#8221; link_option_url=&#8221;#&#8221; global_colors_info=&#8221;{}&#8221;][et_pb_image title_text=&#8221;Forme-sostenibili&#8221; align=&#8221;center&#8221; _builder_version=&#8221;4.19.4&#8243; _module_preset=&#8221;default&#8221; background_color=&#8221;RGBA(255,255,255,0)&#8221; background_image=&#8221;https:\/\/www.granapadano.it\/wp-content\/uploads\/2023\/01\/Forme-sostenibili-2.jpg&#8221; min_height=&#8221;89px&#8221; custom_padding=&#8221;209px|0px||2px|false|false&#8221; global_colors_info=&#8221;{}&#8221;][\/et_pb_image][et_pb_text _builder_version=&#8221;4.19.5&#8243; _module_preset=&#8221;default&#8221; header_3_font=&#8221;Merriweather|700|||||||&#8221; header_3_text_color=&#8221;#0f0f0f&#8221; header_3_font_size=&#8221;23px&#8221; header_3_line_height=&#8221;31px&#8221; global_colors_info=&#8221;{}&#8221;]<\/p>\n<h3>FORME SOSTENIBILI: INNOVAZIONE E<br \/>RISPETTO DELL\u2019AMBIENTE<\/h3>\n<p>[\/et_pb_text][et_pb_text _builder_version=&#8221;4.19.5&#8243; _module_preset=&#8221;default&#8221; text_text_color=&#8221;#0f0f0f&#8221; text_font_size=&#8221;18px&#8221; text_line_height=&#8221;26px&#8221; global_colors_info=&#8221;{}&#8221;]<\/p>\n<p>Che cos\u2019\u00e8 la sostenibilit\u00e0 e come possiamo metterla in pratica nella vita di tutti i giorni?<\/p>\n<p>[\/et_pb_text][et_pb_image src=&#8221;https:\/\/www.granapadano.it\/wp-content\/uploads\/2022\/11\/Path-20171.png&#8221; title_text=&#8221;Path 20171&#8243; url=&#8221;#&#8221; align=&#8221;right&#8221; _builder_version=&#8221;4.19.4&#8243; _module_preset=&#8221;default&#8221; global_colors_info=&#8221;{}&#8221;][\/et_pb_image][\/et_pb_column][et_pb_column type=&#8221;1_2&#8243; _builder_version=&#8221;4.19.4&#8243; _module_preset=&#8221;default&#8221; link_option_url=&#8221;#&#8221; global_colors_info=&#8221;{}&#8221;][et_pb_image title_text=&#8221;sviluppo-sostenibile&#8221; align=&#8221;center&#8221; _builder_version=&#8221;4.19.5&#8243; _module_preset=&#8221;default&#8221; background_color=&#8221;RGBA(255,255,255,0)&#8221; background_image=&#8221;https:\/\/www.granapadano.it\/wp-content\/uploads\/2023\/01\/sviluppo-sostenibile-2.jpg&#8221; min_height=&#8221;89px&#8221; custom_padding=&#8221;209px|0px||2px|false|false&#8221; global_colors_info=&#8221;{}&#8221;][\/et_pb_image][et_pb_text _builder_version=&#8221;4.19.5&#8243; _module_preset=&#8221;default&#8221; header_3_font=&#8221;Merriweather|700|||||||&#8221; header_3_text_color=&#8221;#0f0f0f&#8221; header_3_font_size=&#8221;23px&#8221; header_3_line_height=&#8221;31px&#8221; locked=&#8221;off&#8221; global_colors_info=&#8221;{}&#8221;]<\/p>\n<h3>LO SVILUPPO SOSTENIBILE SECONDO<br \/>GRANA PADANO<\/h3>\n<p>[\/et_pb_text][et_pb_text _builder_version=&#8221;4.19.5&#8243; _module_preset=&#8221;default&#8221; text_text_color=&#8221;#0f0f0f&#8221; text_font_size=&#8221;18px&#8221; text_line_height=&#8221;26px&#8221; locked=&#8221;off&#8221; global_colors_info=&#8221;{}&#8221;]<\/p>\n<p>Chiediamoci, innanzitutto, cosa intendiamo per sviluppo sostenibile, per sostenibilit\u00e0.<\/p>\n<p>[\/et_pb_text][et_pb_image src=&#8221;https:\/\/www.granapadano.it\/wp-content\/uploads\/2022\/11\/Path-20171.png&#8221; title_text=&#8221;Path 20171&#8243; url=&#8221;#&#8221; align=&#8221;right&#8221; _builder_version=&#8221;4.19.4&#8243; _module_preset=&#8221;default&#8221; locked=&#8221;off&#8221; global_colors_info=&#8221;{}&#8221;][\/et_pb_image][\/et_pb_column][\/et_pb_row][et_pb_row column_structure=&#8221;1_2,1_2&#8243; use_custom_gutter=&#8221;on&#8221; gutter_width=&#8221;3&#8243; module_class=&#8221;consorzio_saprate_section&#8221; _builder_version=&#8221;4.19.5&#8243; _module_preset=&#8221;default&#8221; transform_scale=&#8221;94%|94%&#8221; max_width=&#8221;90%&#8221; custom_padding=&#8221;50px|||||&#8221; locked=&#8221;off&#8221; global_colors_info=&#8221;{}&#8221;][et_pb_column type=&#8221;1_2&#8243; _builder_version=&#8221;4.19.4&#8243; _module_preset=&#8221;default&#8221; link_option_url=&#8221;#&#8221; global_colors_info=&#8221;{}&#8221;][et_pb_image title_text=&#8221;Life&#8221; align=&#8221;center&#8221; _builder_version=&#8221;4.19.5&#8243; _module_preset=&#8221;default&#8221; background_color=&#8221;RGBA(255,255,255,0)&#8221; background_image=&#8221;https:\/\/www.granapadano.it\/wp-content\/uploads\/2023\/01\/Life-2.jpg&#8221; min_height=&#8221;89px&#8221; custom_padding=&#8221;209px|0px||2px|false|false&#8221; global_colors_info=&#8221;{}&#8221;][\/et_pb_image][et_pb_text _builder_version=&#8221;4.19.5&#8243; _module_preset=&#8221;default&#8221; header_3_font=&#8221;Merriweather|700|||||||&#8221; header_3_text_color=&#8221;#0f0f0f&#8221; header_3_font_size=&#8221;23px&#8221; header_3_line_height=&#8221;31px&#8221; global_colors_info=&#8221;{}&#8221;]<\/p>\n<h3>LIFE &#8211; THE TOUGH GET GOING<\/h3>\n<p>[\/et_pb_text][et_pb_text _builder_version=&#8221;4.19.5&#8243; _module_preset=&#8221;default&#8221; text_text_color=&#8221;#0f0f0f&#8221; text_font_size=&#8221;18px&#8221; text_line_height=&#8221;26px&#8221; global_colors_info=&#8221;{}&#8221;]<\/p>\n<p>Conoscersi per migliorare: da questo intento nasce il progetto LIFE TTGG \u2013 The Tough Get Going, importante sinergia tra universit\u00e0, start up, aziende produttrici, organismi di formazione e di ricerca italiani e francesi.<\/p>\n<p>[\/et_pb_text][et_pb_image src=&#8221;https:\/\/www.granapadano.it\/wp-content\/uploads\/2022\/11\/Path-20171.png&#8221; title_text=&#8221;Path 20171&#8243; url=&#8221;#&#8221; align=&#8221;right&#8221; _builder_version=&#8221;4.19.4&#8243; _module_preset=&#8221;default&#8221; global_colors_info=&#8221;{}&#8221;][\/et_pb_image][\/et_pb_column][et_pb_column type=&#8221;1_2&#8243; _builder_version=&#8221;4.19.4&#8243; _module_preset=&#8221;default&#8221; link_option_url=&#8221;#&#8221; global_colors_info=&#8221;{}&#8221;][et_pb_image title_text=&#8221;Seed-chips&#8221; align=&#8221;center&#8221; _builder_version=&#8221;4.19.5&#8243; _module_preset=&#8221;default&#8221; background_color=&#8221;RGBA(255,255,255,0)&#8221; background_image=&#8221;https:\/\/www.granapadano.it\/wp-content\/uploads\/2023\/01\/Seed-chips-2.jpg&#8221; min_height=&#8221;89px&#8221; custom_padding=&#8221;209px|0px||2px|false|false&#8221; global_colors_info=&#8221;{}&#8221;][\/et_pb_image][et_pb_text _builder_version=&#8221;4.19.5&#8243; _module_preset=&#8221;default&#8221; header_3_font=&#8221;Merriweather|700|||||||&#8221; header_3_text_color=&#8221;#0f0f0f&#8221; header_3_font_size=&#8221;23px&#8221; header_3_line_height=&#8221;31px&#8221; locked=&#8221;off&#8221; global_colors_info=&#8221;{}&#8221;]<\/p>\n<h3>SEEDS &amp; CHIPS<\/h3>\n<p>[\/et_pb_text][et_pb_text _builder_version=&#8221;4.19.5&#8243; _module_preset=&#8221;default&#8221; text_text_color=&#8221;#0f0f0f&#8221; text_font_size=&#8221;18px&#8221; text_line_height=&#8221;26px&#8221; locked=&#8221;off&#8221; global_colors_info=&#8221;{}&#8221;]<\/p>\n<p>Grana Padano partner dell\u2019evento.<br \/>Un\u2019occasione unica per portare la propria esperienza nel campo della sostenibilit\u00e0 ambientale.<\/p>\n<p>[\/et_pb_text][et_pb_image src=&#8221;https:\/\/www.granapadano.it\/wp-content\/uploads\/2022\/11\/Path-20171.png&#8221; title_text=&#8221;Path 20171&#8243; url=&#8221;#&#8221; align=&#8221;right&#8221; _builder_version=&#8221;4.19.4&#8243; _module_preset=&#8221;default&#8221; locked=&#8221;off&#8221; global_colors_info=&#8221;{}&#8221;][\/et_pb_image][\/et_pb_column][\/et_pb_row][\/et_pb_section][et_pb_section fb_built=&#8221;1&#8243; fullwidth=&#8221;on&#8221; _builder_version=&#8221;4.19.4&#8243; _module_preset=&#8221;default&#8221; global_colors_info=&#8221;{}&#8221;][et_pb_fullwidth_code module_class=&#8221;gp_news_carousel_main&#8221; _builder_version=&#8221;4.19.4&#8243; _module_preset=&#8221;default&#8221; global_colors_info=&#8221;{}&#8221;]<div class=\"gp_news_carousel_main dev_news_slide\"><h3>No News Found...<\/h3><\/div>[\/et_pb_fullwidth_code][\/et_pb_section]<\/p>\n","protected":false},"excerpt":{"rendered":"<p><div class=\"breadcrumb\"><a href=\"https:\/\/www.granapadano.it\/de-de\/\">Home<\/a>  <  <\/div>Sostenibilit\u00e0AmbientaleIl Consorzio per la Tutela del Formaggio Grana Padano, seguendo i principi del suo statuto \u00e8 sensibile al tema della sostenibilit\u00e0 dell\u2019ambiente e per questo \u00e8 da tempo che tratta questo tema attraverso diversi studi con approcci e metodologie mirati al fine di valutare l\u2019impatto ambientale dell\u2019intera filiera produttiva.Le attivit\u00e0 del consorzioFORME SOSTENIBILI: INNOVAZIONE ERISPETTO [&hellip;]<\/p>\n","protected":false},"author":3,"featured_media":26548,"parent":0,"menu_order":404,"comment_status":"closed","ping_status":"closed","template":"","meta":{"_acf_changed":false,"_et_pb_use_builder":"on","_et_pb_old_content":"","_et_gb_content_width":"","footnotes":""},"class_list":["post-26557","page","type-page","status-publish","has-post-thumbnail","hentry"],"acf":[],"yoast_head":"<!-- This site is optimized with the Yoast SEO plugin v27.3 - https:\/\/yoast.com\/product\/yoast-seo-wordpress\/ -->\n<title>Nachhaltigkeit Und Wohlbefinden - Grana Padano<\/title>\n<meta name=\"robots\" content=\"index, follow, max-snippet:-1, max-image-preview:large, max-video-preview:-1\" \/>\n<link rel=\"canonical\" href=\"https:\/\/www.granapadano.it\/de-de\/nachhaltigkeit-und-wohlbefinden\/\" \/>\n<meta property=\"og:locale\" content=\"de_DE\" \/>\n<meta property=\"og:type\" content=\"article\" \/>\n<meta property=\"og:title\" content=\"Nachhaltigkeit Und Wohlbefinden - Grana Padano\" \/>\n<meta property=\"og:description\" content=\"Sostenibilit\u00e0AmbientaleIl Consorzio per la Tutela del Formaggio Grana Padano, seguendo i principi del suo statuto \u00e8 sensibile al tema della sostenibilit\u00e0 dell\u2019ambiente e per questo \u00e8 da tempo che tratta questo tema attraverso diversi studi con approcci e metodologie mirati al fine di valutare l\u2019impatto ambientale dell\u2019intera filiera produttiva.Le attivit\u00e0 del consorzioFORME SOSTENIBILI: INNOVAZIONE ERISPETTO [&hellip;]\" \/>\n<meta property=\"og:url\" content=\"https:\/\/www.granapadano.it\/de-de\/nachhaltigkeit-und-wohlbefinden\/\" \/>\n<meta property=\"og:site_name\" content=\"Grana Padano\" \/>\n<meta property=\"article:modified_time\" content=\"2023-02-16T17:30:10+00:00\" \/>\n<meta property=\"og:image\" content=\"https:\/\/granapadano.kleecks-cdn.com\/wp-content\/uploads\/2023\/02\/Thumb-Sostenibilita-ambientale.jpg\" \/>\n\t<meta property=\"og:image:width\" content=\"395\" \/>\n\t<meta property=\"og:image:height\" content=\"395\" \/>\n\t<meta property=\"og:image:type\" content=\"image\/jpeg\" \/>\n<meta name=\"twitter:card\" content=\"summary_large_image\" \/>\n<meta name=\"twitter:label1\" content=\"Est. reading time\" \/>\n\t<meta name=\"twitter:data1\" content=\"3 minutes\" \/>\n<script type=\"application\/ld+json\" class=\"yoast-schema-graph\">{\"@context\":\"https:\\\/\\\/schema.org\",\"@graph\":[{\"@type\":\"WebPage\",\"@id\":\"https:\\\/\\\/www.granapadano.it\\\/de-de\\\/nachhaltigkeit-und-wohlbefinden\\\/\",\"url\":\"https:\\\/\\\/www.granapadano.it\\\/de-de\\\/nachhaltigkeit-und-wohlbefinden\\\/\",\"name\":\"Nachhaltigkeit Und Wohlbefinden - Grana Padano\",\"isPartOf\":{\"@id\":\"https:\\\/\\\/www.granapadano.it\\\/de-de\\\/#website\"},\"primaryImageOfPage\":{\"@id\":\"https:\\\/\\\/www.granapadano.it\\\/de-de\\\/nachhaltigkeit-und-wohlbefinden#primaryimage\"},\"image\":{\"@id\":\"https:\\\/\\\/www.granapadano.it\\\/de-de\\\/nachhaltigkeit-und-wohlbefinden#primaryimage\"},\"thumbnailUrl\":\"https:\\\/\\\/granapadano.kleecks-cdn.com\\\/wp-content\\\/uploads\\\/2023\\\/02\\\/Thumb-Sostenibilita-ambientale.jpg\",\"datePublished\":\"2023-01-31T12:53:36+00:00\",\"dateModified\":\"2023-02-16T17:30:10+00:00\",\"breadcrumb\":{\"@id\":\"https:\\\/\\\/www.granapadano.it\\\/de-de\\\/nachhaltigkeit-und-wohlbefinden#breadcrumb\"},\"inLanguage\":\"de-de\",\"potentialAction\":[{\"@type\":\"ReadAction\",\"target\":[\"https:\\\/\\\/www.granapadano.it\\\/de-de\\\/nachhaltigkeit-und-wohlbefinden\\\/\"]}]},{\"@type\":\"ImageObject\",\"inLanguage\":\"de-de\",\"@id\":\"https:\\\/\\\/www.granapadano.it\\\/de-de\\\/nachhaltigkeit-und-wohlbefinden#primaryimage\",\"url\":\"https:\\\/\\\/granapadano.kleecks-cdn.com\\\/wp-content\\\/uploads\\\/2023\\\/02\\\/Thumb-Sostenibilita-ambientale.jpg\",\"contentUrl\":\"https:\\\/\\\/granapadano.kleecks-cdn.com\\\/wp-content\\\/uploads\\\/2023\\\/02\\\/Thumb-Sostenibilita-ambientale.jpg\",\"width\":395,\"height\":395},{\"@type\":\"BreadcrumbList\",\"@id\":\"https:\\\/\\\/www.granapadano.it\\\/de-de\\\/nachhaltigkeit-und-wohlbefinden#breadcrumb\",\"itemListElement\":[{\"@type\":\"ListItem\",\"position\":1,\"name\":\"Home\",\"item\":\"https:\\\/\\\/www.granapadano.it\\\/de-de\\\/\"},{\"@type\":\"ListItem\",\"position\":2,\"name\":\"Nachhaltigkeit Und Wohlbefinden\"}]},{\"@type\":\"WebSite\",\"@id\":\"https:\\\/\\\/www.granapadano.it\\\/de-de\\\/#website\",\"url\":\"https:\\\/\\\/www.granapadano.it\\\/de-de\\\/\",\"name\":\"Grana Padano\",\"description\":\"\",\"potentialAction\":[{\"@type\":\"SearchAction\",\"target\":{\"@type\":\"EntryPoint\",\"urlTemplate\":\"https:\\\/\\\/www.granapadano.it\\\/de-de\\\/?s={search_term_string}\"},\"query-input\":{\"@type\":\"PropertyValueSpecification\",\"valueRequired\":true,\"valueName\":\"search_term_string\"}}],\"inLanguage\":\"de-de\"}]}<\/script>\n<!-- \/ Yoast SEO plugin. -->","yoast_head_json":{"title":"Nachhaltigkeit Und Wohlbefinden - Grana Padano","robots":{"index":"index","follow":"follow","max-snippet":"max-snippet:-1","max-image-preview":"max-image-preview:large","max-video-preview":"max-video-preview:-1"},"canonical":"https:\/\/www.granapadano.it\/de-de\/nachhaltigkeit-und-wohlbefinden\/","og_locale":"de_DE","og_type":"article","og_title":"Nachhaltigkeit Und Wohlbefinden - Grana Padano","og_description":"Sostenibilit\u00e0AmbientaleIl Consorzio per la Tutela del Formaggio Grana Padano, seguendo i principi del suo statuto \u00e8 sensibile al tema della sostenibilit\u00e0 dell\u2019ambiente e per questo \u00e8 da tempo che tratta questo tema attraverso diversi studi con approcci e metodologie mirati al fine di valutare l\u2019impatto ambientale dell\u2019intera filiera produttiva.Le attivit\u00e0 del consorzioFORME SOSTENIBILI: INNOVAZIONE ERISPETTO [&hellip;]","og_url":"https:\/\/www.granapadano.it\/de-de\/nachhaltigkeit-und-wohlbefinden\/","og_site_name":"Grana Padano","article_modified_time":"2023-02-16T17:30:10+00:00","og_image":[{"width":395,"height":395,"url":"https:\/\/granapadano.kleecks-cdn.com\/wp-content\/uploads\/2023\/02\/Thumb-Sostenibilita-ambientale.jpg","type":"image\/jpeg"}],"twitter_card":"summary_large_image","twitter_misc":{"Est. reading time":"3 minutes"},"schema":{"@context":"https:\/\/schema.org","@graph":[{"@type":"WebPage","@id":"https:\/\/www.granapadano.it\/de-de\/nachhaltigkeit-und-wohlbefinden\/","url":"https:\/\/www.granapadano.it\/de-de\/nachhaltigkeit-und-wohlbefinden\/","name":"Nachhaltigkeit Und Wohlbefinden - Grana Padano","isPartOf":{"@id":"https:\/\/www.granapadano.it\/de-de\/#website"},"primaryImageOfPage":{"@id":"https:\/\/www.granapadano.it\/de-de\/nachhaltigkeit-und-wohlbefinden#primaryimage"},"image":{"@id":"https:\/\/www.granapadano.it\/de-de\/nachhaltigkeit-und-wohlbefinden#primaryimage"},"thumbnailUrl":"https:\/\/granapadano.kleecks-cdn.com\/wp-content\/uploads\/2023\/02\/Thumb-Sostenibilita-ambientale.jpg","datePublished":"2023-01-31T12:53:36+00:00","dateModified":"2023-02-16T17:30:10+00:00","breadcrumb":{"@id":"https:\/\/www.granapadano.it\/de-de\/nachhaltigkeit-und-wohlbefinden#breadcrumb"},"inLanguage":"de-de","potentialAction":[{"@type":"ReadAction","target":["https:\/\/www.granapadano.it\/de-de\/nachhaltigkeit-und-wohlbefinden\/"]}]},{"@type":"ImageObject","inLanguage":"de-de","@id":"https:\/\/www.granapadano.it\/de-de\/nachhaltigkeit-und-wohlbefinden#primaryimage","url":"https:\/\/granapadano.kleecks-cdn.com\/wp-content\/uploads\/2023\/02\/Thumb-Sostenibilita-ambientale.jpg","contentUrl":"https:\/\/granapadano.kleecks-cdn.com\/wp-content\/uploads\/2023\/02\/Thumb-Sostenibilita-ambientale.jpg","width":395,"height":395},{"@type":"BreadcrumbList","@id":"https:\/\/www.granapadano.it\/de-de\/nachhaltigkeit-und-wohlbefinden#breadcrumb","itemListElement":[{"@type":"ListItem","position":1,"name":"Home","item":"https:\/\/www.granapadano.it\/de-de\/"},{"@type":"ListItem","position":2,"name":"Nachhaltigkeit Und Wohlbefinden"}]},{"@type":"WebSite","@id":"https:\/\/www.granapadano.it\/de-de\/#website","url":"https:\/\/www.granapadano.it\/de-de\/","name":"Grana Padano","description":"","potentialAction":[{"@type":"SearchAction","target":{"@type":"EntryPoint","urlTemplate":"https:\/\/www.granapadano.it\/de-de\/?s={search_term_string}"},"query-input":{"@type":"PropertyValueSpecification","valueRequired":true,"valueName":"search_term_string"}}],"inLanguage":"de-de"}]}},"_links":{"self":[{"href":"https:\/\/www.granapadano.it\/de-de\/wp-json\/wp\/v2\/pages\/26557","targetHints":{"allow":["GET"]}}],"collection":[{"href":"https:\/\/www.granapadano.it\/de-de\/wp-json\/wp\/v2\/pages"}],"about":[{"href":"https:\/\/www.granapadano.it\/de-de\/wp-json\/wp\/v2\/types\/page"}],"author":[{"embeddable":true,"href":"https:\/\/www.granapadano.it\/de-de\/wp-json\/wp\/v2\/users\/3"}],"replies":[{"embeddable":true,"href":"https:\/\/www.granapadano.it\/de-de\/wp-json\/wp\/v2\/comments?post=26557"}],"version-history":[{"count":0,"href":"https:\/\/www.granapadano.it\/de-de\/wp-json\/wp\/v2\/pages\/26557\/revisions"}],"wp:featuredmedia":[{"embeddable":true,"href":"https:\/\/www.granapadano.it\/de-de\/wp-json\/wp\/v2\/media\/26548"}],"wp:attachment":[{"href":"https:\/\/www.granapadano.it\/de-de\/wp-json\/wp\/v2\/media?parent=26557"}],"curies":[{"name":"wp","href":"https:\/\/api.w.org\/{rel}","templated":true}]}}