{"id":18007,"date":"2023-02-02T16:41:58","date_gmt":"2023-02-02T16:41:58","guid":{"rendered":"https:\/\/www.granapadano.it\/la-storia-e-lheritage\/grana-e-solo-padano\/"},"modified":"2026-04-01T14:53:10","modified_gmt":"2026-04-01T14:53:10","slug":"grana-kann-nut-padano-sein","status":"publish","type":"page","link":"https:\/\/www.granapadano.it\/de-de\/die-kunst-des-konnens\/geschichte-und-herkunft\/grana-kann-nut-padano-sein\/","title":{"rendered":"&#8220;Grana&#8221; kann nut &#8220;Padano&#8221; sein"},"content":{"rendered":"<p>[et_pb_section fb_built=&#8221;1&#8243; fullwidth=&#8221;on&#8221; _builder_version=&#8221;4.19.0&#8243; _module_preset=&#8221;default&#8221; locked=&#8221;off&#8221; global_colors_info=&#8221;{}&#8221;][et_pb_fullwidth_image src=&#8221;https:\/\/www.granapadano.it\/wp-content\/uploads\/2023\/02\/Grana-e-solo-Padano-h.jpg&#8221; title_text=&#8221;Grana e\u0300 solo Padano-m&#8221; src_tablet=&#8221;https:\/\/www.granapadano.it\/wp-content\/uploads\/2023\/02\/Grana-e-solo-Padano-h.jpg&#8221; src_phone=&#8221;https:\/\/www.granapadano.it\/wp-content\/uploads\/2023\/02\/Grana-e-solo-Padano-m.jpg&#8221; src_last_edited=&#8221;on|phone&#8221; _builder_version=&#8221;4.20.0&#8243; _module_preset=&#8221;default&#8221; global_colors_info=&#8221;{}&#8221;][\/et_pb_fullwidth_image][\/et_pb_section][et_pb_section fb_built=&#8221;1&#8243; module_class=&#8221;production_sub_hub_main_wrapper&#8221; _builder_version=&#8221;4.19.4&#8243; _module_preset=&#8221;default&#8221; custom_padding=&#8221;13px||0px|||&#8221; locked=&#8221;off&#8221; global_colors_info=&#8221;{}&#8221;][et_pb_row module_class=&#8221;recipe_filter_section&#8221; _builder_version=&#8221;4.19.2&#8243; _module_preset=&#8221;default&#8221; max_width=&#8221;90%&#8221; custom_padding=&#8221;||7px|||&#8221; global_colors_info=&#8221;{}&#8221;][et_pb_column type=&#8221;4_4&#8243; _builder_version=&#8221;4.19.2&#8243; _module_preset=&#8221;default&#8221; global_colors_info=&#8221;{}&#8221;][et_pb_code _builder_version=&#8221;4.19.2&#8243; _module_preset=&#8221;default&#8221; custom_margin=&#8221;||16px|||&#8221; global_colors_info=&#8221;{}&#8221;]<div class=\"breadcrumb\"><a href=\"https:\/\/www.granapadano.it\/de-de\/\">Home<\/a>  <  <\/div>[\/et_pb_code][\/et_pb_column][\/et_pb_row][\/et_pb_section][et_pb_section fb_built=&#8221;1&#8243; _builder_version=&#8221;4.27.6&#8243; _module_preset=&#8221;default&#8221; min_height=&#8221;179.2px&#8221; locked=&#8221;off&#8221; global_colors_info=&#8221;{}&#8221;][et_pb_row column_structure=&#8221;2_5,3_5&#8243; custom_padding_last_edited=&#8221;on|tablet&#8221; _builder_version=&#8221;4.27.6&#8243; _module_preset=&#8221;default&#8221; custom_margin=&#8221;||0px||false|false&#8221; custom_padding=&#8221;0px||0px||false|false&#8221; custom_padding_tablet=&#8221;32px|32px|32px|32px|true|true&#8221; custom_padding_phone=&#8221;32px|0px|32px|0px|true|true&#8221; locked=&#8221;off&#8221; global_colors_info=&#8221;{}&#8221;][et_pb_column type=&#8221;2_5&#8243; _builder_version=&#8221;4.27.6&#8243; _module_preset=&#8221;default&#8221; global_colors_info=&#8221;{}&#8221;][et_pb_heading title=&#8221;%22Grana%22 kann nut %22Padano%22 sein&#8221; admin_label=&#8221;Heading&#8221; module_class=&#8221;new-gp-h1-heading&#8221; _builder_version=&#8221;4.27.6&#8243; _module_preset=&#8221;default&#8221; title_font=&#8221;&#8211;et_global_heading_font|600|||||||&#8221; title_text_color=&#8221;gcid-cdd0517b-cb7c-4f63-9e4c-4eaf7d046da3&#8243; title_font_size=&#8221;45px&#8221; title_line_height=&#8221;1.6em&#8221; max_width=&#8221;100%&#8221; module_alignment=&#8221;left&#8221; custom_margin=&#8221;|||0px|false|false&#8221; custom_padding=&#8221;|||0px|false|false&#8221; hover_enabled=&#8221;0&#8243; title_font_size_tablet=&#8221;32px&#8221; title_font_size_phone=&#8221;32px&#8221; title_font_size_last_edited=&#8221;on|phone&#8221; locked=&#8221;off&#8221; global_colors_info=&#8221;{%22gcid-cdd0517b-cb7c-4f63-9e4c-4eaf7d046da3%22:%91%22title_text_color%22%93}&#8221; sticky_enabled=&#8221;0&#8243;][\/et_pb_heading][\/et_pb_column][et_pb_column type=&#8221;3_5&#8243; _builder_version=&#8221;4.27.6&#8243; _module_preset=&#8221;default&#8221; custom_padding=&#8221;||0px||false|false&#8221; global_colors_info=&#8221;{}&#8221;][et_pb_text _builder_version=&#8221;4.27.6&#8243; _module_preset=&#8221;default&#8221; text_font=&#8221;&#8211;et_global_body_font||||||||&#8221; text_text_color=&#8221;#44392b&#8221; text_font_size=&#8221;16px&#8221; text_line_height=&#8221;1.6em&#8221; custom_margin=&#8221;20px||30px||false|false&#8221; custom_padding_tablet=&#8221;&#8221; custom_padding_phone=&#8221;||||false|false&#8221; custom_padding_last_edited=&#8221;on|phone&#8221; hover_enabled=&#8221;0&#8243; global_colors_info=&#8221;{}&#8221; sticky_enabled=&#8221;0&#8243;]<\/p>\n<p style=\"text-align: left;\">Der Begriff &#8220;GRANA&#8221; bezeichnet urspr\u00fcnglich einen K\u00e4se, der sich durch seine k\u00f6rnige<br \/>Struktur auszeichnet und seit dem 11. Jahrhundert im <em>Valle Padana<\/em>\u00a0(Po-Tal) hergestellt wird.<\/p>\n<p>[\/et_pb_text][\/et_pb_column][\/et_pb_row][\/et_pb_section][et_pb_section fb_built=&#8221;1&#8243; _builder_version=&#8221;4.20.2&#8243; _module_preset=&#8221;default&#8221; custom_padding=&#8221;0px||4px||false|false&#8221; global_colors_info=&#8221;{}&#8221; locked=&#8221;off&#8221;][et_pb_row _builder_version=&#8221;4.20.2&#8243; _module_preset=&#8221;default&#8221; custom_margin=&#8221;0px||||false|false&#8221; custom_padding=&#8221;0px||90px||false|false&#8221; global_colors_info=&#8221;{}&#8221;][et_pb_column type=&#8221;4_4&#8243; _builder_version=&#8221;4.19.4&#8243; _module_preset=&#8221;default&#8221; global_colors_info=&#8221;{}&#8221;][et_pb_text module_class=&#8221;recipe_single_button  &#8221; _builder_version=&#8221;4.27.6&#8243; _module_preset=&#8221;default&#8221; text_font=&#8221;|700|||||||&#8221; text_text_color=&#8221;#0f0f0f&#8221; text_font_size=&#8221;18px&#8221; text_line_height=&#8221;27px&#8221; background_color=&#8221;gcid-26f0371c-74dd-4e63-bbf8-f8ec94f09a6d&#8221; text_orientation=&#8221;center&#8221; width=&#8221;19%&#8221; module_alignment=&#8221;left&#8221; custom_margin=&#8221;||20px||false|false&#8221; custom_padding=&#8221;10px||10px||false|false&#8221; global_colors_info=&#8221;{%22gcid-26f0371c-74dd-4e63-bbf8-f8ec94f09a6d%22:%91%22background_color%22%93}&#8221;]<\/p>\n<p>Grana Padano<\/p>\n<p>[\/et_pb_text][et_pb_text _builder_version=&#8221;4.27.6&#8243; _module_preset=&#8221;default&#8221; text_font=&#8221;||||||||&#8221; text_text_color=&#8221;#0f0f0f&#8221; text_font_size=&#8221;16px&#8221; text_line_height=&#8221;26px&#8221; width=&#8221;99.8%&#8221; hover_enabled=&#8221;0&#8243; global_colors_info=&#8221;{}&#8221; sticky_enabled=&#8221;0&#8243;]<\/p>\n<p>Aufgrund der zunehmenden Beliebtheit dieser K\u00e4sesorte wurden einige Sorten von GRANA bekannter (Grana Lodigiano, Emiliano, Lombardo, Veneto, usw. &#8211; die die Provinzen beschreiben, in denen sie hergestellt wurden). Als jedoch mit dem italienischen Gesetz Nr. 125 vom 10. April 1954 die Ursprungsbezeichnung von K\u00e4se festgelegt wurde, wurde die Anerkennung der Ursprungsbezeichnung GRANA PADANO beantragt. Da der Begriff &#8220;PADANO&#8221; als am besten geeignet angesehen wurde, mussten die verschiedenen Sorten von GRANA-K\u00e4se, die an verschiedenen Orten im Valle Padana hergestellt wurden (PADANO ist das Adjektiv &#8220;aus dem Po-Flusstal&#8221;), unter einer einzigen breiteren geografischen Angabe zusammengefasst werden.<\/p>\n<p>Daher wurde ab 1954 die Gattung GRANA durch die neuen Ursprungsbezeichnungen &#8220;GRANA PADANO&#8221; und &#8220;PARMIGIANO REGGIANO&#8221; ersetzt, die als repr\u00e4sentierende Arten gelten. Die Bezeichnung \u201eGRANA\u201c galt somit als ausgestorben.<\/p>\n<p>Dies verhinderte jedoch nicht die missbr\u00e4uchliche Verwendung des Begriffs &#8220;GRANA&#8221; im Allgemeinen, die gegen die Bestimmungen des vorgenannten Gesetzes verst\u00f6\u00dft. Tats\u00e4chlich wurde die Verwendung des Begriffs &#8220;GRANA&#8221;, getrennt vom Adjektiv &#8220;PADANO&#8221;, durch die Bestimmungen der Artikel 9 und 10 des vorgenannten Gesetzes 125\/54, verboten. Durch verschiedene Rechtsf\u00e4lle und durch das italienische Landwirtschaftsministerium, wurde dies mehrfach best\u00e4tigt (siehe Anmerkung 15.10 93 Prot. 61394 \u00fcber K\u00e4se namens &#8220;SWISS GRANA&#8221;, aber auch mit anderen Positionen im Sinne der Unm\u00f6glichkeit, den Begriff &#8220;GRANA&#8221; f\u00fcr Nebenprodukte von Parmigiano Reggiano zu verwenden).<\/p>\n<p>Der Schutz des Begriffs &#8220;GRANA&#8221; wurde durch bilaterale Abkommen auch auf Deutschland, \u00d6sterreich, Frankreich und Spanien ausgedehnt.<\/p>\n<p>Auf jeden Fall wurde dieser Schutz ausdr\u00fccklich beantragt, als das Schutzkonsortium Grana Padano den Antrag auf Erlangung der gesch\u00fctzten Ursprungsbezeichnung (PDO) auf EU-Ebene f\u00fcr Grana Padano-K\u00e4se stellte, wobei der Schutz auch f\u00fcr die einzelnen Begriffe, aus denen sich der Name zusammensetzt, ausdr\u00fccklich beantragt wurde.<\/p>\n<p>In der Verordnung (EG) Nr. 1107\/96 der Kommission, die die g.U. GRANA PADANO anerkannt hat, gibt es im Gegensatz zu dem, was f\u00fcr andere zusammengesetzte Bezeichnungen beschlossen wurde, keine Formulierung, die darauf abzielt, den gew\u00e4hrten Schutz auf die gesamte Bezeichnung zu beschr\u00e4nken, sondern auch die einzelnen Begriffe zu sch\u00fctzen.<\/p>\n<p>Der Name &#8220;GRANA&#8221; genie\u00dft somit auch vollumf\u00e4nglich den Schutz des ersten Absatzes des Art. 13 der Verordnung (EWG) Nr. 2081\/92 des Rates, insbesondere ab Buchstabe b), (jetzt ersetzt durch die Verordnung 1151\/2012), wonach die eingetragenen Bezeichnungen gegen &#8220;jegliche Usurpation, Nachahmung oder Beschw\u00f6rung gesch\u00fctzt sind, auch wenn der wahre Ursprung des Erzeugnisses angegeben ist oder wenn der gesch\u00fctzte Name eine \u00dcbersetzung ist oder von Ausdr\u00fccken wie &#8220;Geschlecht&#8221;, &#8220;Art&#8221;, &#8220;Methode&#8221;, &#8220;in der Weise&#8221;, &#8220;Nachahmung&#8221; oder \u00e4hnlichem begleitet wird.<\/p>\n<p>Daher ist der Begriff &#8220;GRANA&#8221; ein integraler und kennzeichnender Bestandteil der gesch\u00fctzten Ursprungsbezeichnung &#8220;GRANA PADANO&#8221; und darf daher in keinem Fall getrennt vom Adjektiv &#8220;PADANO&#8221; und mit Bezug auf K\u00e4se verwendet werden, der nicht den vollst\u00e4ndigen Namen tragen darf (d.h. derjenige mit den Eigenschaften, die durch das Pr\u00e4sidialdekret 30.10.1955 Nr. 1269 vorgesehen sind, das sp\u00e4ter durch die, bei der Gemeinschaft unter Anerkennung der PDO &#8220;GRANA PADANO&#8221; hinterlegten Produktionsspezifikationen ersetzt wird).<\/p>\n<p>Seit der Anerkennung der g.U. haben sich daher viele Organisationen und Beh\u00f6rden unterschiedlicher Herkunft, schrittweise diesem Grundsatz angepasst und die illegale und unrechtm\u00e4\u00dfige Verwendung des Begriffs &#8220;GRANA&#8221; in allgemeiner Form und getrennt vom Adjektiv &#8220;PADANO&#8221;, aufgegeben oder unterdr\u00fcckt.<\/p>\n<p>Dieser wichtige Grundsatz wurde auch in einem wichtigen Urteil des Gerichts erster Instanz des Europ\u00e4ischen Gerichtshofs bekr\u00e4ftigt (Urteil vom 12. September 2007 in der Rechtssache T-291\/03), in dem bekr\u00e4ftigt wurde, dass der Begriff &#8220;GRANA&#8221; ein integraler und kennzeichnender Bestandteil der gesch\u00fctzten Ursprungsbezeichnung GRANA PADANO ist und daher nur in Verbindung mit dem Begriff &#8220;PADANO&#8221; und mit Bezug auf K\u00e4se, der den Titel der PDO tr\u00e4gt, verwendet werden kann.<\/p>\n<p>Das Grana Padano Schutzkonsortium ergreift st\u00e4ndig Ma\u00dfnahmen gegen jeden, der diese Bezeichnung auch au\u00dferhalb der EU missbraucht, insbesondere gegen alle L\u00e4nder, in die GRANA PADANO PDO exportiert wird und beauftragt Rechtsberater, die in diesen L\u00e4ndern ans\u00e4ssig sind, um die Verwendung des Begriffs &#8220;GRANA&#8221; zu sch\u00fctzen, der nun unzul\u00e4ssig geworden ist, wenn er getrennt von &#8220;PADANO&#8221; verwendet wird.<\/p>\n<p>[\/et_pb_text][\/et_pb_column][\/et_pb_row][\/et_pb_section]<\/p>\n","protected":false},"excerpt":{"rendered":"<p><div class=\"breadcrumb\"><a href=\"https:\/\/www.granapadano.it\/de-de\/\">Home<\/a>  <  <\/div>Der Begriff &#8220;GRANA&#8221; bezeichnet urspr\u00fcnglich einen K\u00e4se, der sich durch seine k\u00f6rnigeStruktur auszeichnet und seit dem 11. Jahrhundert im Valle Padana\u00a0(Po-Tal) hergestellt wird.Grana PadanoAufgrund der zunehmenden Beliebtheit dieser K\u00e4sesorte wurden einige Sorten von GRANA bekannter (Grana Lodigiano, Emiliano, Lombardo, Veneto, usw. &#8211; die die Provinzen beschreiben, in denen sie hergestellt wurden). Als jedoch mit dem [&hellip;]<\/p>\n","protected":false},"author":6,"featured_media":0,"parent":85208,"menu_order":107,"comment_status":"closed","ping_status":"closed","template":"","meta":{"_acf_changed":false,"_et_pb_use_builder":"on","_et_pb_old_content":"","_et_gb_content_width":"","footnotes":""},"class_list":["post-18007","page","type-page","status-publish","hentry"],"acf":[],"yoast_head":"<!-- This site is optimized with the Yoast SEO plugin v27.3 - https:\/\/yoast.com\/product\/yoast-seo-wordpress\/ -->\n<title>&quot;Grana&quot; kann nut &quot;Padano&quot; sein - Grana Padano<\/title>\n<meta name=\"robots\" content=\"index, follow, max-snippet:-1, max-image-preview:large, max-video-preview:-1\" \/>\n<link rel=\"canonical\" href=\"https:\/\/www.granapadano.it\/de-de\/die-kunst-des-konnens\/geschichte-und-herkunft\/grana-kann-nut-padano-sein\/\" \/>\n<meta property=\"og:locale\" content=\"de_DE\" \/>\n<meta property=\"og:type\" content=\"article\" \/>\n<meta property=\"og:title\" content=\"&quot;Grana&quot; kann nut &quot;Padano&quot; sein - Grana Padano\" \/>\n<meta property=\"og:description\" content=\"Der Begriff &quot;GRANA&quot; bezeichnet urspr\u00fcnglich einen K\u00e4se, der sich durch seine k\u00f6rnigeStruktur auszeichnet und seit dem 11. Jahrhundert im Valle Padana\u00a0(Po-Tal) hergestellt wird.Grana PadanoAufgrund der zunehmenden Beliebtheit dieser K\u00e4sesorte wurden einige Sorten von GRANA bekannter (Grana Lodigiano, Emiliano, Lombardo, Veneto, usw. - die die Provinzen beschreiben, in denen sie hergestellt wurden). Als jedoch mit dem [&hellip;]\" \/>\n<meta property=\"og:url\" content=\"https:\/\/www.granapadano.it\/de-de\/die-kunst-des-konnens\/geschichte-und-herkunft\/grana-kann-nut-padano-sein\/\" \/>\n<meta property=\"og:site_name\" content=\"Grana Padano\" \/>\n<meta property=\"article:modified_time\" content=\"2026-04-01T14:53:10+00:00\" \/>\n<meta name=\"twitter:card\" content=\"summary_large_image\" \/>\n<meta name=\"twitter:label1\" content=\"Est. reading time\" \/>\n\t<meta name=\"twitter:data1\" content=\"4 minutes\" \/>\n<script type=\"application\/ld+json\" class=\"yoast-schema-graph\">{\"@context\":\"https:\\\/\\\/schema.org\",\"@graph\":[{\"@type\":\"WebPage\",\"@id\":\"https:\\\/\\\/www.granapadano.it\\\/de-de\\\/die-kunst-des-konnens\\\/geschichte-und-herkunft\\\/grana-kann-nut-padano-sein\\\/\",\"url\":\"https:\\\/\\\/www.granapadano.it\\\/de-de\\\/die-kunst-des-konnens\\\/geschichte-und-herkunft\\\/grana-kann-nut-padano-sein\\\/\",\"name\":\"\\\"Grana\\\" kann nut \\\"Padano\\\" sein - Grana Padano\",\"isPartOf\":{\"@id\":\"https:\\\/\\\/www.granapadano.it\\\/de-de\\\/#website\"},\"datePublished\":\"2023-02-02T16:41:58+00:00\",\"dateModified\":\"2026-04-01T14:53:10+00:00\",\"breadcrumb\":{\"@id\":\"https:\\\/\\\/www.granapadano.it\\\/de-de\\\/die-kunst-des-konnens\\\/geschichte-und-herkunft\\\/grana-kann-nut-padano-sein\\\/#breadcrumb\"},\"inLanguage\":\"de-de\",\"potentialAction\":[{\"@type\":\"ReadAction\",\"target\":[\"https:\\\/\\\/www.granapadano.it\\\/de-de\\\/die-kunst-des-konnens\\\/geschichte-und-herkunft\\\/grana-kann-nut-padano-sein\\\/\"]}]},{\"@type\":\"BreadcrumbList\",\"@id\":\"https:\\\/\\\/www.granapadano.it\\\/de-de\\\/die-kunst-des-konnens\\\/geschichte-und-herkunft\\\/grana-kann-nut-padano-sein\\\/#breadcrumb\",\"itemListElement\":[{\"@type\":\"ListItem\",\"position\":1,\"name\":\"Home\",\"item\":\"https:\\\/\\\/www.granapadano.it\\\/de-de\\\/\"},{\"@type\":\"ListItem\",\"position\":2,\"name\":\"Die Kunst des K\u00f6nnens\",\"item\":\"https:\\\/\\\/www.granapadano.it\\\/de-de\\\/die-kunst-des-konnens\\\/\"},{\"@type\":\"ListItem\",\"position\":3,\"name\":\"Die Geschichte und das Erbe\",\"item\":\"https:\\\/\\\/www.granapadano.it\\\/de-de\\\/die-kunst-des-konnens\\\/die-geschichte-und-das-erbe\\\/\"},{\"@type\":\"ListItem\",\"position\":4,\"name\":\"&#8220;Grana&#8221; kann nut &#8220;Padano&#8221; sein\"}]},{\"@type\":\"WebSite\",\"@id\":\"https:\\\/\\\/www.granapadano.it\\\/de-de\\\/#website\",\"url\":\"https:\\\/\\\/www.granapadano.it\\\/de-de\\\/\",\"name\":\"Grana Padano\",\"description\":\"\",\"potentialAction\":[{\"@type\":\"SearchAction\",\"target\":{\"@type\":\"EntryPoint\",\"urlTemplate\":\"https:\\\/\\\/www.granapadano.it\\\/de-de\\\/?s={search_term_string}\"},\"query-input\":{\"@type\":\"PropertyValueSpecification\",\"valueRequired\":true,\"valueName\":\"search_term_string\"}}],\"inLanguage\":\"de-de\"}]}<\/script>\n<!-- \/ Yoast SEO plugin. -->","yoast_head_json":{"title":"\"Grana\" kann nut \"Padano\" sein - Grana Padano","robots":{"index":"index","follow":"follow","max-snippet":"max-snippet:-1","max-image-preview":"max-image-preview:large","max-video-preview":"max-video-preview:-1"},"canonical":"https:\/\/www.granapadano.it\/de-de\/die-kunst-des-konnens\/geschichte-und-herkunft\/grana-kann-nut-padano-sein\/","og_locale":"de_DE","og_type":"article","og_title":"\"Grana\" kann nut \"Padano\" sein - Grana Padano","og_description":"Der Begriff \"GRANA\" bezeichnet urspr\u00fcnglich einen K\u00e4se, der sich durch seine k\u00f6rnigeStruktur auszeichnet und seit dem 11. Jahrhundert im Valle Padana\u00a0(Po-Tal) hergestellt wird.Grana PadanoAufgrund der zunehmenden Beliebtheit dieser K\u00e4sesorte wurden einige Sorten von GRANA bekannter (Grana Lodigiano, Emiliano, Lombardo, Veneto, usw. - die die Provinzen beschreiben, in denen sie hergestellt wurden). Als jedoch mit dem [&hellip;]","og_url":"https:\/\/www.granapadano.it\/de-de\/die-kunst-des-konnens\/geschichte-und-herkunft\/grana-kann-nut-padano-sein\/","og_site_name":"Grana Padano","article_modified_time":"2026-04-01T14:53:10+00:00","twitter_card":"summary_large_image","twitter_misc":{"Est. reading time":"4 minutes"},"schema":{"@context":"https:\/\/schema.org","@graph":[{"@type":"WebPage","@id":"https:\/\/www.granapadano.it\/de-de\/die-kunst-des-konnens\/geschichte-und-herkunft\/grana-kann-nut-padano-sein\/","url":"https:\/\/www.granapadano.it\/de-de\/die-kunst-des-konnens\/geschichte-und-herkunft\/grana-kann-nut-padano-sein\/","name":"\"Grana\" kann nut \"Padano\" sein - Grana Padano","isPartOf":{"@id":"https:\/\/www.granapadano.it\/de-de\/#website"},"datePublished":"2023-02-02T16:41:58+00:00","dateModified":"2026-04-01T14:53:10+00:00","breadcrumb":{"@id":"https:\/\/www.granapadano.it\/de-de\/die-kunst-des-konnens\/geschichte-und-herkunft\/grana-kann-nut-padano-sein\/#breadcrumb"},"inLanguage":"de-de","potentialAction":[{"@type":"ReadAction","target":["https:\/\/www.granapadano.it\/de-de\/die-kunst-des-konnens\/geschichte-und-herkunft\/grana-kann-nut-padano-sein\/"]}]},{"@type":"BreadcrumbList","@id":"https:\/\/www.granapadano.it\/de-de\/die-kunst-des-konnens\/geschichte-und-herkunft\/grana-kann-nut-padano-sein\/#breadcrumb","itemListElement":[{"@type":"ListItem","position":1,"name":"Home","item":"https:\/\/www.granapadano.it\/de-de\/"},{"@type":"ListItem","position":2,"name":"Die Kunst des K\u00f6nnens","item":"https:\/\/www.granapadano.it\/de-de\/die-kunst-des-konnens\/"},{"@type":"ListItem","position":3,"name":"Die Geschichte und das Erbe","item":"https:\/\/www.granapadano.it\/de-de\/die-kunst-des-konnens\/die-geschichte-und-das-erbe\/"},{"@type":"ListItem","position":4,"name":"&#8220;Grana&#8221; kann nut &#8220;Padano&#8221; sein"}]},{"@type":"WebSite","@id":"https:\/\/www.granapadano.it\/de-de\/#website","url":"https:\/\/www.granapadano.it\/de-de\/","name":"Grana Padano","description":"","potentialAction":[{"@type":"SearchAction","target":{"@type":"EntryPoint","urlTemplate":"https:\/\/www.granapadano.it\/de-de\/?s={search_term_string}"},"query-input":{"@type":"PropertyValueSpecification","valueRequired":true,"valueName":"search_term_string"}}],"inLanguage":"de-de"}]}},"_links":{"self":[{"href":"https:\/\/www.granapadano.it\/de-de\/wp-json\/wp\/v2\/pages\/18007","targetHints":{"allow":["GET"]}}],"collection":[{"href":"https:\/\/www.granapadano.it\/de-de\/wp-json\/wp\/v2\/pages"}],"about":[{"href":"https:\/\/www.granapadano.it\/de-de\/wp-json\/wp\/v2\/types\/page"}],"author":[{"embeddable":true,"href":"https:\/\/www.granapadano.it\/de-de\/wp-json\/wp\/v2\/users\/6"}],"replies":[{"embeddable":true,"href":"https:\/\/www.granapadano.it\/de-de\/wp-json\/wp\/v2\/comments?post=18007"}],"version-history":[{"count":7,"href":"https:\/\/www.granapadano.it\/de-de\/wp-json\/wp\/v2\/pages\/18007\/revisions"}],"predecessor-version":[{"id":153873,"href":"https:\/\/www.granapadano.it\/de-de\/wp-json\/wp\/v2\/pages\/18007\/revisions\/153873"}],"up":[{"embeddable":true,"href":"https:\/\/www.granapadano.it\/de-de\/wp-json\/wp\/v2\/pages\/85208"}],"wp:attachment":[{"href":"https:\/\/www.granapadano.it\/de-de\/wp-json\/wp\/v2\/media?parent=18007"}],"curies":[{"name":"wp","href":"https:\/\/api.w.org\/{rel}","templated":true}]}}