{"id":156169,"date":"2023-03-28T13:08:20","date_gmt":"2023-03-28T13:08:20","guid":{"rendered":"https:\/\/www.granapadano.it\/larte-del-saper-fare\/das-ikonische-produkt\/differenze-tra-grana-padano-e-parmigiano-reggiano\/"},"modified":"2026-05-04T09:08:42","modified_gmt":"2026-05-04T09:08:42","slug":"grana-padano-und-parmigiano-reggiano-spezielle-aspekte-und-spezifikationen","status":"publish","type":"page","link":"https:\/\/www.granapadano.it\/de-de\/die-kunst-des-konnens\/das-ikonische-produkt\/grana-padano-und-parmigiano-reggiano-spezielle-aspekte-und-spezifikationen\/","title":{"rendered":"Grana Padano und Parmigiano Reggiano spezielle aspekte und spezifikationen"},"content":{"rendered":"<p>[et_pb_section fb_built=&#8221;1&#8243; fullwidth=&#8221;on&#8221; _builder_version=&#8221;4.19.0&#8243; _module_preset=&#8221;default&#8221; global_colors_info=&#8221;{}&#8221;][et_pb_fullwidth_image src=&#8221;https:\/\/www.granapadano.it\/wp-content\/uploads\/2023\/03\/Differenze-GP-PR-h.jpg&#8221; title_text=&#8221;Differenze GP-PR-m&#8221; src_tablet=&#8221;https:\/\/www.granapadano.it\/wp-content\/uploads\/2023\/03\/Differenze-GP-PR-h.jpg&#8221; src_phone=&#8221;https:\/\/www.granapadano.it\/wp-content\/uploads\/2023\/03\/Differenze-GP-PR-m.jpg&#8221; src_last_edited=&#8221;on|phone&#8221; _builder_version=&#8221;4.20.2&#8243; _module_preset=&#8221;default&#8221; global_colors_info=&#8221;{}&#8221;][\/et_pb_fullwidth_image][\/et_pb_section][et_pb_section fb_built=&#8221;1&#8243; module_class=&#8221;production_sub_hub_main_wrapper&#8221; _builder_version=&#8221;4.19.3&#8243; _module_preset=&#8221;default&#8221; custom_padding=&#8221;13px||0px|||&#8221; global_colors_info=&#8221;{}&#8221;][et_pb_row module_class=&#8221;recipe_filter_section&#8221; _builder_version=&#8221;4.19.4&#8243; _module_preset=&#8221;default&#8221; max_width=&#8221;90%&#8221; custom_padding=&#8221;||7px|||&#8221; global_colors_info=&#8221;{}&#8221;][et_pb_column type=&#8221;4_4&#8243; _builder_version=&#8221;4.19.4&#8243; _module_preset=&#8221;default&#8221; global_colors_info=&#8221;{}&#8221;][et_pb_code _builder_version=&#8221;4.19.4&#8243; _module_preset=&#8221;default&#8221; global_colors_info=&#8221;{}&#8221;]<div class=\"breadcrumb\"><a href=\"https:\/\/www.granapadano.it\/de-de\/\">Home<\/a>  <  <\/div>[\/et_pb_code][\/et_pb_column][\/et_pb_row][\/et_pb_section][et_pb_section fb_built=&#8221;1&#8243; _builder_version=&#8221;4.20.2&#8243; _module_preset=&#8221;default&#8221; custom_padding=&#8221;0px||||false|false&#8221; global_colors_info=&#8221;{}&#8221;][et_pb_row module_class=&#8221;gp_inner_txt&#8221; _builder_version=&#8221;4.20.2&#8243; _module_preset=&#8221;default&#8221; max_width=&#8221;90%&#8221; min_height=&#8221;55.9px&#8221; custom_padding=&#8221;7px||0px|||&#8221; global_colors_info=&#8221;{}&#8221;][et_pb_column type=&#8221;4_4&#8243; _builder_version=&#8221;4.19.4&#8243; _module_preset=&#8221;default&#8221; global_colors_info=&#8221;{}&#8221;][et_pb_text module_class=&#8221;eventi_ambascitori_top_sec_title&#8221; _builder_version=&#8221;4.27.6&#8243; _module_preset=&#8221;default&#8221; text_font=&#8221;Merriweather|700|||||||&#8221; text_text_color=&#8221;#0f0f0f&#8221; text_font_size=&#8221;44px&#8221; text_line_height=&#8221;62px&#8221; header_text_color=&#8221;gcid-8696fd7e-29dd-4028-9d4d-981b208a53a9&#8243; header_font_size=&#8221;44px&#8221; header_line_height=&#8221;52px&#8221; text_orientation=&#8221;center&#8221; custom_margin=&#8221;15px||40px||false|false&#8221; global_colors_info=&#8221;{%22gcid-8696fd7e-29dd-4028-9d4d-981b208a53a9%22:%91%22header_text_color%22%93}&#8221;]<\/p>\n<h1>Grana Padano und Parmigiano Reggiano spezielle aspekte und spezifikationen<\/h1>\n<p>[\/et_pb_text][et_pb_text _builder_version=&#8221;4.27.6&#8243; _module_preset=&#8221;default&#8221; text_font=&#8221;|700|||||||&#8221; text_text_color=&#8221;#000000&#8243; text_font_size=&#8221;18px&#8221; background_color=&#8221;gcid-26f0371c-74dd-4e63-bbf8-f8ec94f09a6d&#8221; text_orientation=&#8221;center&#8221; width=&#8221;26%&#8221; width_tablet=&#8221;49.9%&#8221; width_phone=&#8221;80.1%&#8221; width_last_edited=&#8221;on|phone&#8221; module_alignment=&#8221;left&#8221; custom_margin=&#8221;0px|136px|20px|0px|false|false&#8221; custom_padding=&#8221;10px|0px|10px|0px|false|false&#8221; border_style_all=&#8221;none&#8221; locked=&#8221;off&#8221; global_colors_info=&#8221;{%22gcid-26f0371c-74dd-4e63-bbf8-f8ec94f09a6d%22:%91%22background_color%22,%22background_color%22,%22background_color%22,%22background_color%22%93}&#8221;]<\/p>\n<p>Besonderheiten und Merkmale<\/p>\n<p>[\/et_pb_text][et_pb_text _builder_version=&#8221;4.27.6&#8243; _module_preset=&#8221;default&#8221; text_font=&#8221;|300|||||||&#8221; text_text_color=&#8221;#000000&#8243; text_font_size=&#8221;16px&#8221; text_line_height=&#8221;26px&#8221; text_orientation=&#8221;center&#8221; global_colors_info=&#8221;{}&#8221;]<\/p>\n<p style=\"text-align: left;\"><strong>\u00c4u\u00dfere Merkmale<\/strong>Die \u00fcberwiegende Mehrheit der Verbraucher kennt die beiden K\u00e4sesorten Grana Padano und Parmigiano Reggiano.<br \/>Viele wissen auch, dass es sich um zwei K\u00e4sesorten mit gesch\u00fctzter Ursprungsbezeichnung handelt und wissen, was dies im Vergleich zu \u00e4hnlichen Merkmalen in Bezug auf die Produkteigenschaften bedeutet.<br \/>Grana Padano und Parmigiano Reggiano haben eine Reihe von Merkmalen, die sie vereinen, sowie eine Reihe von Elementen, die sie andererseits klar voneinander unterscheiden und auszeichnen, so dass sich beide K\u00e4sesorten mit der Anerkennung der typischen gesch\u00fctzten Ursprungsbezeichnung, zuerst auf italienischer und dann auf europ\u00e4ischer Ebene, etabliert haben.<br \/>Daher ist es legitim und sozusagen selbstverst\u00e4ndlich, dass man genau verstehen m\u00f6chte, was genau die beiden K\u00e4sesorten voneinander unterscheiden, die sich offensichtlich so \u00e4hnlich und tats\u00e4chlich so unterschiedlich sind, dass jeder von ihnen seine eigene DOP verdient.<br \/>Es gibt also viele Zusammenh\u00e4nge, die die grundlegenden Eigenschaften der beiden K\u00e4sesorten miteinander vergleichen lassen.<br \/>Da es jedoch nicht ungew\u00f6hnlich ist und es immer h\u00e4ufiger vorkommt, dass Vergleiche im Umlauf sind, die dem DOP-K\u00e4se Grana Padano v\u00f6llig falsche Eigenschaften zuschreiben, die nicht mit den in der Produktions Reglungen festgelegten Spezifikationen \u00fcbereinstimmen, wird es als n\u00fctzlich und notwendig erachtet, auf die tats\u00e4chlichen Unterschiede zwischen dem DOP-K\u00e4se Grana Padano und dem Parmigiano Reggiano hinzuweisen und sie schlie\u00dflich zu kl\u00e4ren.<\/p>\n<p style=\"text-align: left;\">Die vereinenden Merkmale der beiden K\u00e4sesorten, um die es hier geht, sind im Wesentlichen:<\/p>\n<ul style=\"text-align: left;\">\n<li><strong>Der historisch-geographische Ursprung<\/strong>: Die Urspr\u00fcnge der beiden K\u00e4sesorten verlieren sich in den Jahrhunderten und reichen fast tausend Jahre zur\u00fcck; das Ursprungsgebiet ist die Poebene.<br \/>Was Grana Padano betrifft, so geht der Ursprung auf das Jahr 1135 zur\u00fcck, als die Benediktinerm\u00f6nche der Abtei von Chiaravalle das Rezept als geniales Mittel benutzten, um die Milch\u00fcbersch\u00fcsse haltbar zu machen.<\/li>\n<li><strong>\u00c4u\u00dfere Merkmale<\/strong>:\u00a0Die beiden K\u00e4sesorten \u00e4hneln sich in Form, Gr\u00f6\u00dfe und Gewicht.<\/li>\n<li><strong>Anzahl der Melkungen<\/strong>: Die Spezifikationen f\u00fcr beide K\u00e4sesorten sehen vor, dass K\u00fche zweimal t\u00e4glich gemolken werden. Auch wenn, ab Oktober 2019, f\u00fcr Grana Padano die M\u00f6glichkeit eingef\u00fchrt wurde, ein automatisches Melksystem zu verwenden, bei dem die K\u00fche je nach Empfinden sogar mehr als zweimal t\u00e4glich hineingehen und gemolken werden k\u00f6nnen.<\/li>\n<li><strong>Verwendung derselben oder \u00e4hnlicher Ger\u00e4te<\/strong>:\u00a0Aufgrund des gemeinsamen Ursprungs und des traditionellen Charakters des Produktionsprozesses sind die verwendeten Werkzeuge, vom Kessel bis zu den verschiedenen verwendeten Instrumenten, \u00e4hnlich oder sogar gleich.<\/li>\n<li><strong>Die ausschlie\u00dfliche Verwendung von Lab tierischen Ursprungs,<\/strong>\u00a0insbesondere von K\u00e4lberlab: Es sei darauf hingewiesen, dass es absolut falsch ist, dass das zur Herstellung von Grana Padano verwendete Lab pflanzlich oder bakteriell ist oder sein kann, wie es teilweise zu lesen ist. Diese Aussagen entbehren jeder Grundlage, wie man leicht an der Lekt\u00fcre der Produktions Reglungen best\u00e4tigt werden kann.<\/li>\n<li><strong>K\u00e4sestruktur<\/strong>\u00a0Die offiziellen Vorschriften f\u00fcr beide K\u00e4sesorten legen fest, dass sie eine k\u00f6rnige Konsistenz haben m\u00fcssen, die in Flocken zerf\u00e4llt.<\/li>\n<li><strong>Eine l\u00e4ngere Reifezeit<\/strong>,\u00a0die l\u00e4nger oder k\u00fcrzer dauern kann, auch wenn der Parmigiano Reggiano normalerweise \u00fcber l\u00e4ngere Zeitr\u00e4ume reift als der Grana Padano.<\/li>\n<\/ul>\n<p style=\"text-align: left;\">Die spezifischen Merkmale, die es beiden K\u00e4sesorten erm\u00f6glicht haben, die Gesch\u00fctzte Ursprungsbezeichnung (DOP) zu erhalten, sind im Wesentlichen:<\/p>\n<ul style=\"text-align: left;\">\n<li><strong>Das Produktionsgebiet<\/strong>:\u00a0das f\u00fcr den Grana Padano DOP 32 Provinzen in f\u00fcnf Regionen umfasst: Piemont, Lombardei, Venetien, Emilia Romagna, Trentino-S\u00fcdtirol (vollst\u00e4ndige Liste siehe Produktions Reglungen).\n<div>Es sei daran erinnert, dass der Grana Padano DOP auch die Sorte Trentingrana umfasst, bei dem es sich im Wesentlichen um einen Grana Padano handelt, der in der autonomen Provinz Trient hergestellt wird und der sich durch einige Besonderheiten auszeichnet, sowohl in Bezug auf die F\u00fctterung von Rindern als auch in Bezug auf einige Aspekte der Verarbeitung.<br \/>Beim Parmigiano Reggiano DOP das Produktionsgebiet umfasst die Gebiete der Provinzen Bologna links vom Fluss Reno, Mantua rechts vom Po, Modena, Parma und Reggio nell\u2019Emilia.<\/div>\n<\/li>\n<li><strong>F\u00fctterung des Milchviehs<\/strong>: f\u00fcr Grana Padano g.U kann neben frischem Futter oder Heu auch Silage (haupts\u00e4chlich Maissilage) verwendet werden. als Futtermittel erfordert bei der Verarbeitung der Milch den Einsatz von Lysozym, einem nat\u00fcrlichen Protein, das aus H\u00fchnereiwei\u00df gewonnen wird. Das Lysozym \u2013 zugelassen bis maximal 2,5 Gramm pro 100 kg \u2013 wird eingesetzt, um eine anomale G\u00e4rung durch \u201cClostridium tyrobutyricum\u201d Bakterien w\u00e4hrend der Reifezeit des K\u00e4ses zu verhindern, die sonst beim Einsatz von Silofutter entstehen k\u00f6nnte. Lysozym ist in Spurenmengen in Kuhmilch und in gro\u00dfen Mengen in Tr\u00e4nen, Speichel, Muttermilch und in Eiern enthalten.<br \/>F\u00fcr Trentingrana ist die Verwendung von Silage ausdr\u00fccklich untersagt, weshalb auch die Verwendung von Lysozym bei der Verarbeitung ausgeschlossen ist. Dies gilt auch f\u00fcr Parmigiano Reggiano g.U.<br \/>Auf jeden Fall wird F\u00fcr Grana Padano (einschlie\u00dflich Trentingrana) die wichtigste Bindung mit dem Ursprungsgebiet durch die vorwiegende Verwendung von Futtermitteln hergestellt, die aus lokal angebauten Futtergrundstoffen gewonnen werden, insbesondere aus Futtergrundstoffen, die vom Milchviehbetrieb f\u00fcr den Eigenbedarf angebaut werden. So ist dank der Verwendung von selbst angebauter Silage die Bindung des Grana Padano an das Ursprungsgebiet die st\u00e4rkste \u00fcberhaupt.<\/li>\n<\/ul>\n<p style=\"text-align: left;\">Folglich ist es v\u00f6llig unzutreffend zu behaupten, dass bei der Herstellung von Grana Padano, im Gegensatz zu Parmigiano Reggiano, die Verwendung unspezifischer \u201eKonservierungsstoffe\u201c erlaubt ist. Diese Behauptung kann vern\u00fcnftigerweise dazu f\u00fchren, dass man f\u00e4lschlicherweise davon ausgeht, dass Grana Padano verschiedene Konservierungsstoffe enthalten kann, w\u00e4hrend in Wirklichkeit nur Lysozym als Konservierungsmittel zugelassen ist, ein nat\u00fcrliches Protein mit enzymatischer Aktivit\u00e4t, das aus Eiern gewonnen wird. Es erf\u00fcllt, besonders bei Grana Padano DOP, nicht die Funktion eines Konservierungsmittels, sondern die eines technologischen Hilfstoffes bei Herstellung des K\u00e4ses. (Memo Nr. 19.335 vom 8\/5\/2018 des Italienischen Gesundheit Ministeriums).<\/p>\n<ul style=\"text-align: left;\">\n<li><strong>Milch<\/strong>:\u00a0beim\u00a0Grana Padano DOP\u00a0wird die Milch aus beiden Melkungen verwendet \u2013 getrennt oder gemischt \u2013 und wird durch eine nat\u00fcrliche Aufrahmung entrahmt.\n<div>Beim\u00a0Parmigiano Reggiano DOP\u00a0wird nur die Milch einer Melkung (im allgemeinen die Abendmilch) der Aufrahmung unterzogen, w\u00e4hrend die Morgenmilch komplett verwendet und mit der Abendmilch gemischt wird.<br \/>Das bedeutet, dass die Milch, die f\u00fcr die Herstellung von Grana Padano DOP bestimmt ist, einen geringeren Fettgehalt aufweist (f\u00fcr Grana Padano DOP ca. 2,6 %, f\u00fcr Parmigiano Reggiano DOP ca. 2,8 %).<br \/>Dar\u00fcber hinaus hat Grana Padano DOP, im Gegensatz zu den Anforderungen f\u00fcr Parmigiano Reggiano DOP und Trentingrana, in seinen Spezifikationen den Parameter, nach dem das Verh\u00e4ltnis von Fett zu Kasein im Kessel zwischen 0,80 und 1,05 liegen muss.<br \/>Infolgedessen hat Grana Padano PDO einen niedrigeren durchschnittlichen Fettgehalt als Parmigiano Reggiano und reift daher in k\u00fcrzerer Zeit.<\/div>\n<\/li>\n<li><strong>Begutachtung und Reifung<\/strong>:\u00a0Der Grana Padano DOP wird begutachtet und erh\u00e4lt am Ende des neunten Reifemonats das DOP Brandzeichen. Beim Parmigiano Reggiano DOP erfolgt die Begutachtung am Ende des zw\u00f6lften Reifemonats.<br \/>Beim Grana Padano DOP betr\u00e4gt die l\u00e4ngste in der Spezifikation ausdr\u00fccklich vorgesehene Reifezeit f\u00fcr den \u201eGrana Padano RISERVA \u2013 \u00fcber 20 Monate\u201c. Beim Parmigiano Reggiano DOP betr\u00e4gt die l\u00e4ngste in der Spezifikation ausdr\u00fccklich vorgesehene Reifezeit f\u00fcr diesen K\u00e4se \u00fcber 30 Monate. Bei beiden K\u00e4sesorten ist es aber auch m\u00f6glich, reifere K\u00e4se zu finden.<\/li>\n<\/ul>\n<p style=\"text-align: left;\">Dies sind zusammengefasst Hauptmerkmale der K\u00e4sesorten mit gesch\u00fctzter Ursprungsbezeichnung Grana Padano und Parmigiano Reggiano, die die beiden DOP-Produkte von anderen \u00e4hnlichen Hartk\u00e4sesorten unterscheiden.<br \/>In diesem Zusammenhang ist zu ber\u00fccksichtigen, dass es im Gegensatz gew\u00f6hnlichen Produkten, bei den DOP-Produkten wie folgt gilt:<\/p>\n<ul>\n<li style=\"text-align: left;\">a) Die verwendete Milch stammt ausschlie\u00dflich aus dem in der Produktions Reglungen ausgewiesenen Herkunftsgebiet, bei anderen Produkten kann sie nat\u00fcrlich auch aus dem Ausland stammen.<\/li>\n<li style=\"text-align: left;\">b) Die DOP-Produkte m\u00fcssen einer Produktions Reglungen entsprechen, die jeder frei einsehen kann; generische Produkte sind nicht verpflichtet, ihre \u201eRezeptur\u201c und die Art und Weise ihrer Herstellung zu ver\u00f6ffentlichen.<\/li>\n<li style=\"text-align: left;\">c) Die DOP-Produkte werden von einer unabh\u00e4ngigen Pr\u00fcfstelle zertifiziert, die zu diesem Zweck vom Ministerium f\u00fcr Agrar-, Lebensmittel- und Forstpolitik autorisiert wurde und die die Konformit\u00e4t der DOP-Produkte mit den jeweiligen Produktionsspezifikationen bescheinigt und best\u00e4tigt. Eine eventuelle Zertifizierung von generischen Produkten bietet nicht die gleichen Garantien f\u00fcr Unparteilichkeit und Fairness, und oft sind die einzigen Garantien, die solche Produkte wirklich bieten k\u00f6nnen, der Ruf f\u00fcr Zuverl\u00e4ssigkeit, den ihre Hersteller-Marke m\u00f6glicherweise zu begr\u00fcnden vermochte.<\/li>\n<\/ul>\n<p>[\/et_pb_text][\/et_pb_column][\/et_pb_row][\/et_pb_section]<\/p>\n","protected":false},"excerpt":{"rendered":"<p><div class=\"breadcrumb\"><a href=\"https:\/\/www.granapadano.it\/de-de\/\">Home<\/a>  <  <\/div>Grana Padano und Parmigiano Reggiano spezielle aspekte und spezifikationenBesonderheiten und Merkmale\u00c4u\u00dfere MerkmaleDie \u00fcberwiegende Mehrheit der Verbraucher kennt die beiden K\u00e4sesorten Grana Padano und Parmigiano Reggiano.Viele wissen auch, dass es sich um zwei K\u00e4sesorten mit gesch\u00fctzter Ursprungsbezeichnung handelt und wissen, was dies im Vergleich zu \u00e4hnlichen Merkmalen in Bezug auf die Produkteigenschaften bedeutet.Grana Padano und Parmigiano [&hellip;]<\/p>\n","protected":false},"author":3,"featured_media":0,"parent":16054,"menu_order":872,"comment_status":"closed","ping_status":"closed","template":"","meta":{"_acf_changed":false,"_et_pb_use_builder":"on","_et_pb_old_content":"","_et_gb_content_width":"","footnotes":""},"class_list":["post-156169","page","type-page","status-publish","hentry"],"acf":[],"yoast_head":"<!-- This site is optimized with the Yoast SEO plugin v27.5 - https:\/\/yoast.com\/product\/yoast-seo-wordpress\/ -->\n<title>Grana Padano und Parmigiano Reggiano spezielle aspekte und spezifikationen - Grana Padano<\/title>\n<meta name=\"robots\" content=\"index, follow, max-snippet:-1, max-image-preview:large, max-video-preview:-1\" \/>\n<link rel=\"canonical\" href=\"https:\/\/www.granapadano.it\/de-de\/die-kunst-des-konnens\/das-ikonische-produkt\/grana-padano-und-parmigiano-reggiano-spezielle-aspekte-und-spezifikationen\/\" \/>\n<meta property=\"og:locale\" content=\"de_DE\" \/>\n<meta property=\"og:type\" content=\"article\" \/>\n<meta property=\"og:title\" content=\"Grana Padano und Parmigiano Reggiano spezielle aspekte und spezifikationen - Grana Padano\" \/>\n<meta property=\"og:description\" content=\"Grana Padano und Parmigiano Reggiano spezielle aspekte und spezifikationenBesonderheiten und Merkmale\u00c4u\u00dfere MerkmaleDie \u00fcberwiegende Mehrheit der Verbraucher kennt die beiden K\u00e4sesorten Grana Padano und Parmigiano Reggiano.Viele wissen auch, dass es sich um zwei K\u00e4sesorten mit gesch\u00fctzter Ursprungsbezeichnung handelt und wissen, was dies im Vergleich zu \u00e4hnlichen Merkmalen in Bezug auf die Produkteigenschaften bedeutet.Grana Padano und Parmigiano [&hellip;]\" \/>\n<meta property=\"og:url\" content=\"https:\/\/www.granapadano.it\/de-de\/die-kunst-des-konnens\/das-ikonische-produkt\/grana-padano-und-parmigiano-reggiano-spezielle-aspekte-und-spezifikationen\/\" \/>\n<meta property=\"og:site_name\" content=\"Grana Padano\" \/>\n<meta property=\"article:modified_time\" content=\"2026-05-04T09:08:42+00:00\" \/>\n<meta name=\"twitter:card\" content=\"summary_large_image\" \/>\n<meta name=\"twitter:label1\" content=\"Est. reading time\" \/>\n\t<meta name=\"twitter:data1\" content=\"7 minutes\" \/>\n<script type=\"application\/ld+json\" class=\"yoast-schema-graph\">{\"@context\":\"https:\\\/\\\/schema.org\",\"@graph\":[{\"@type\":\"WebPage\",\"@id\":\"https:\\\/\\\/www.granapadano.it\\\/de-de\\\/die-kunst-des-konnens\\\/das-ikonische-produkt\\\/grana-padano-und-parmigiano-reggiano-spezielle-aspekte-und-spezifikationen\\\/\",\"url\":\"https:\\\/\\\/www.granapadano.it\\\/de-de\\\/die-kunst-des-konnens\\\/das-ikonische-produkt\\\/grana-padano-und-parmigiano-reggiano-spezielle-aspekte-und-spezifikationen\\\/\",\"name\":\"Grana Padano und Parmigiano Reggiano spezielle aspekte und spezifikationen - Grana Padano\",\"isPartOf\":{\"@id\":\"https:\\\/\\\/www.granapadano.it\\\/de-de\\\/#website\"},\"datePublished\":\"2023-03-28T13:08:20+00:00\",\"dateModified\":\"2026-05-04T09:08:42+00:00\",\"breadcrumb\":{\"@id\":\"https:\\\/\\\/www.granapadano.it\\\/de-de\\\/die-kunst-des-konnens\\\/das-ikonische-produkt\\\/grana-padano-und-parmigiano-reggiano-spezielle-aspekte-und-spezifikationen\\\/#breadcrumb\"},\"inLanguage\":\"de-de\",\"potentialAction\":[{\"@type\":\"ReadAction\",\"target\":[\"https:\\\/\\\/www.granapadano.it\\\/de-de\\\/die-kunst-des-konnens\\\/das-ikonische-produkt\\\/grana-padano-und-parmigiano-reggiano-spezielle-aspekte-und-spezifikationen\\\/\"]}]},{\"@type\":\"BreadcrumbList\",\"@id\":\"https:\\\/\\\/www.granapadano.it\\\/de-de\\\/die-kunst-des-konnens\\\/das-ikonische-produkt\\\/grana-padano-und-parmigiano-reggiano-spezielle-aspekte-und-spezifikationen\\\/#breadcrumb\",\"itemListElement\":[{\"@type\":\"ListItem\",\"position\":1,\"name\":\"Home\",\"item\":\"https:\\\/\\\/www.granapadano.it\\\/de-de\\\/\"},{\"@type\":\"ListItem\",\"position\":2,\"name\":\"Die Kunst des K\u00f6nnens\",\"item\":\"https:\\\/\\\/www.granapadano.it\\\/de-de\\\/die-kunst-des-konnens\\\/\"},{\"@type\":\"ListItem\",\"position\":3,\"name\":\"Das ikonische Produkt\",\"item\":\"https:\\\/\\\/www.granapadano.it\\\/de-de\\\/die-kunst-des-konnens\\\/das-ikonische-produkt\\\/\"},{\"@type\":\"ListItem\",\"position\":4,\"name\":\"Grana Padano und Parmigiano Reggiano spezielle aspekte und spezifikationen\"}]},{\"@type\":\"WebSite\",\"@id\":\"https:\\\/\\\/www.granapadano.it\\\/de-de\\\/#website\",\"url\":\"https:\\\/\\\/www.granapadano.it\\\/de-de\\\/\",\"name\":\"Grana Padano\",\"description\":\"\",\"potentialAction\":[{\"@type\":\"SearchAction\",\"target\":{\"@type\":\"EntryPoint\",\"urlTemplate\":\"https:\\\/\\\/www.granapadano.it\\\/de-de\\\/?s={search_term_string}\"},\"query-input\":{\"@type\":\"PropertyValueSpecification\",\"valueRequired\":true,\"valueName\":\"search_term_string\"}}],\"inLanguage\":\"de-de\"}]}<\/script>\n<!-- \/ Yoast SEO plugin. -->","yoast_head_json":{"title":"Grana Padano und Parmigiano Reggiano spezielle aspekte und spezifikationen - Grana Padano","robots":{"index":"index","follow":"follow","max-snippet":"max-snippet:-1","max-image-preview":"max-image-preview:large","max-video-preview":"max-video-preview:-1"},"canonical":"https:\/\/www.granapadano.it\/de-de\/die-kunst-des-konnens\/das-ikonische-produkt\/grana-padano-und-parmigiano-reggiano-spezielle-aspekte-und-spezifikationen\/","og_locale":"de_DE","og_type":"article","og_title":"Grana Padano und Parmigiano Reggiano spezielle aspekte und spezifikationen - Grana Padano","og_description":"Grana Padano und Parmigiano Reggiano spezielle aspekte und spezifikationenBesonderheiten und Merkmale\u00c4u\u00dfere MerkmaleDie \u00fcberwiegende Mehrheit der Verbraucher kennt die beiden K\u00e4sesorten Grana Padano und Parmigiano Reggiano.Viele wissen auch, dass es sich um zwei K\u00e4sesorten mit gesch\u00fctzter Ursprungsbezeichnung handelt und wissen, was dies im Vergleich zu \u00e4hnlichen Merkmalen in Bezug auf die Produkteigenschaften bedeutet.Grana Padano und Parmigiano [&hellip;]","og_url":"https:\/\/www.granapadano.it\/de-de\/die-kunst-des-konnens\/das-ikonische-produkt\/grana-padano-und-parmigiano-reggiano-spezielle-aspekte-und-spezifikationen\/","og_site_name":"Grana Padano","article_modified_time":"2026-05-04T09:08:42+00:00","twitter_card":"summary_large_image","twitter_misc":{"Est. reading time":"7 minutes"},"schema":{"@context":"https:\/\/schema.org","@graph":[{"@type":"WebPage","@id":"https:\/\/www.granapadano.it\/de-de\/die-kunst-des-konnens\/das-ikonische-produkt\/grana-padano-und-parmigiano-reggiano-spezielle-aspekte-und-spezifikationen\/","url":"https:\/\/www.granapadano.it\/de-de\/die-kunst-des-konnens\/das-ikonische-produkt\/grana-padano-und-parmigiano-reggiano-spezielle-aspekte-und-spezifikationen\/","name":"Grana Padano und Parmigiano Reggiano spezielle aspekte und spezifikationen - Grana Padano","isPartOf":{"@id":"https:\/\/www.granapadano.it\/de-de\/#website"},"datePublished":"2023-03-28T13:08:20+00:00","dateModified":"2026-05-04T09:08:42+00:00","breadcrumb":{"@id":"https:\/\/www.granapadano.it\/de-de\/die-kunst-des-konnens\/das-ikonische-produkt\/grana-padano-und-parmigiano-reggiano-spezielle-aspekte-und-spezifikationen\/#breadcrumb"},"inLanguage":"de-de","potentialAction":[{"@type":"ReadAction","target":["https:\/\/www.granapadano.it\/de-de\/die-kunst-des-konnens\/das-ikonische-produkt\/grana-padano-und-parmigiano-reggiano-spezielle-aspekte-und-spezifikationen\/"]}]},{"@type":"BreadcrumbList","@id":"https:\/\/www.granapadano.it\/de-de\/die-kunst-des-konnens\/das-ikonische-produkt\/grana-padano-und-parmigiano-reggiano-spezielle-aspekte-und-spezifikationen\/#breadcrumb","itemListElement":[{"@type":"ListItem","position":1,"name":"Home","item":"https:\/\/www.granapadano.it\/de-de\/"},{"@type":"ListItem","position":2,"name":"Die Kunst des K\u00f6nnens","item":"https:\/\/www.granapadano.it\/de-de\/die-kunst-des-konnens\/"},{"@type":"ListItem","position":3,"name":"Das ikonische Produkt","item":"https:\/\/www.granapadano.it\/de-de\/die-kunst-des-konnens\/das-ikonische-produkt\/"},{"@type":"ListItem","position":4,"name":"Grana Padano und Parmigiano Reggiano spezielle aspekte und spezifikationen"}]},{"@type":"WebSite","@id":"https:\/\/www.granapadano.it\/de-de\/#website","url":"https:\/\/www.granapadano.it\/de-de\/","name":"Grana Padano","description":"","potentialAction":[{"@type":"SearchAction","target":{"@type":"EntryPoint","urlTemplate":"https:\/\/www.granapadano.it\/de-de\/?s={search_term_string}"},"query-input":{"@type":"PropertyValueSpecification","valueRequired":true,"valueName":"search_term_string"}}],"inLanguage":"de-de"}]}},"_links":{"self":[{"href":"https:\/\/www.granapadano.it\/de-de\/wp-json\/wp\/v2\/pages\/156169","targetHints":{"allow":["GET"]}}],"collection":[{"href":"https:\/\/www.granapadano.it\/de-de\/wp-json\/wp\/v2\/pages"}],"about":[{"href":"https:\/\/www.granapadano.it\/de-de\/wp-json\/wp\/v2\/types\/page"}],"author":[{"embeddable":true,"href":"https:\/\/www.granapadano.it\/de-de\/wp-json\/wp\/v2\/users\/3"}],"replies":[{"embeddable":true,"href":"https:\/\/www.granapadano.it\/de-de\/wp-json\/wp\/v2\/comments?post=156169"}],"version-history":[{"count":3,"href":"https:\/\/www.granapadano.it\/de-de\/wp-json\/wp\/v2\/pages\/156169\/revisions"}],"predecessor-version":[{"id":156194,"href":"https:\/\/www.granapadano.it\/de-de\/wp-json\/wp\/v2\/pages\/156169\/revisions\/156194"}],"up":[{"embeddable":true,"href":"https:\/\/www.granapadano.it\/de-de\/wp-json\/wp\/v2\/pages\/16054"}],"wp:attachment":[{"href":"https:\/\/www.granapadano.it\/de-de\/wp-json\/wp\/v2\/media?parent=156169"}],"curies":[{"name":"wp","href":"https:\/\/api.w.org\/{rel}","templated":true}]}}