{"id":14242,"date":"2022-12-28T06:56:35","date_gmt":"2022-12-28T06:56:35","guid":{"rendered":"https:\/\/www.granapadano.it\/vorschlage-zum-servieren\/fruehstueck-und-brunch\/"},"modified":"2023-05-26T14:21:12","modified_gmt":"2023-05-26T14:21:12","slug":"fruehstueck-und-brunch","status":"publish","type":"page","link":"https:\/\/www.granapadano.it\/de-de\/vorschlage-zum-servieren\/fruehstueck-und-brunch\/","title":{"rendered":"Fr\u00fchst\u00fcck und Brunch"},"content":{"rendered":"<p>[et_pb_section fb_built=&#8221;1&#8243; module_class=&#8221;single_recipe_content&#8221; _builder_version=&#8221;4.19.2&#8243; _module_preset=&#8221;default&#8221; custom_padding=&#8221;||40px||false|false&#8221; locked=&#8221;off&#8221; global_colors_info=&#8221;{}&#8221; theme_builder_area=&#8221;post_content&#8221;][et_pb_row _builder_version=&#8221;4.19.2&#8243; _module_preset=&#8221;2b90b028-6f6f-41cd-b3de-fd324347a1e2&#8243; max_width=&#8221;90%&#8221; custom_padding=&#8221;0px||0px||false|false&#8221; global_colors_info=&#8221;{}&#8221; theme_builder_area=&#8221;post_content&#8221;][et_pb_column type=&#8221;4_4&#8243; _builder_version=&#8221;4.19.2&#8243; _module_preset=&#8221;default&#8221; global_colors_info=&#8221;{}&#8221; theme_builder_area=&#8221;post_content&#8221;][et_pb_code _builder_version=&#8221;4.19.2&#8243; _module_preset=&#8221;default&#8221; global_colors_info=&#8221;{}&#8221; theme_builder_area=&#8221;post_content&#8221;]<div class=\"breadcrumb\"><a href=\"https:\/\/www.granapadano.it\/de-de\/\">Home<\/a>  <  <\/div>[\/et_pb_code][\/et_pb_column][\/et_pb_row][\/et_pb_section][et_pb_section fb_built=&#8221;1&#8243; module_class=&#8221;categories_main_wrap&#8221; _builder_version=&#8221;4.19.2&#8243; _module_preset=&#8221;default&#8221; locked=&#8221;off&#8221; global_colors_info=&#8221;{}&#8221; theme_builder_area=&#8221;post_content&#8221;][et_pb_row module_class=&#8221;recipe_category_page&#8221; _builder_version=&#8221;4.19.2&#8243; _module_preset=&#8221;2b90b028-6f6f-41cd-b3de-fd324347a1e2&#8243; max_width=&#8221;90%&#8221; min_height=&#8221;813.4px&#8221; global_colors_info=&#8221;{}&#8221; theme_builder_area=&#8221;post_content&#8221;][et_pb_column type=&#8221;4_4&#8243; _builder_version=&#8221;4.19.2&#8243; _module_preset=&#8221;default&#8221; global_colors_info=&#8221;{}&#8221; theme_builder_area=&#8221;post_content&#8221;][et_pb_text _builder_version=&#8221;4.19.4&#8243; _dynamic_attributes=&#8221;content&#8221; _module_preset=&#8221;faa456e4-301a-417e-b74f-6cd111fb0799&#8243; text_text_color=&#8221;gcid-8696fd7e-29dd-4028-9d4d-981b208a53a9&#8243; text_font_size=&#8221;44px&#8221; text_line_height=&#8221;52px&#8221; header_text_color=&#8221;#000000&#8243; header_font_size=&#8221;44px&#8221; header_line_height=&#8221;62px&#8221; header_2_font=&#8221;Merriweather|700|||||||&#8221; header_2_text_align=&#8221;center&#8221; header_2_text_color=&#8221;#000000&#8243; header_2_font_size=&#8221;56px&#8221; header_2_line_height=&#8221;62px&#8221; text_orientation=&#8221;center&#8221; custom_margin=&#8221;0px||||false|false&#8221; custom_padding=&#8221;10px||||false|false&#8221; global_colors_info=&#8221;{%22gcid-8696fd7e-29dd-4028-9d4d-981b208a53a9%22:%91%22text_text_color%22,%22text_text_color%22,%22text_text_color%22,%22text_text_color%22,%22text_text_color%22,%22text_text_color%22%93}&#8221; theme_builder_area=&#8221;post_content&#8221;]@ET-DC@eyJkeW5hbWljIjp0cnVlLCJjb250ZW50IjoicG9zdF90aXRsZSIsInNldHRpbmdzIjp7ImJlZm9yZSI6IiIsImFmdGVyIjoiIn19@[\/et_pb_text][et_pb_text _builder_version=&#8221;4.19.5&#8243; _module_preset=&#8221;faa456e4-301a-417e-b74f-6cd111fb0799&#8243; header_4_font=&#8221;Merriweather|300|||||||&#8221; header_4_text_align=&#8221;center&#8221; header_4_line_height=&#8221;26px&#8221; custom_padding=&#8221;2px||5px||false|false&#8221; locked=&#8221;off&#8221; global_colors_info=&#8221;{}&#8221; theme_builder_area=&#8221;post_content&#8221;]<\/p>\n<h4>Leckere und gesunde Ideen f\u00fcr einen guten Start in den Tag \u2013 mit Wohlbefinden und au\u00dfergew\u00f6hnlichem Geschmack.<\/h4>\n<p>[\/et_pb_text][et_pb_text _builder_version=&#8221;4.19.2&#8243; _dynamic_attributes=&#8221;content&#8221; _module_preset=&#8221;faa456e4-301a-417e-b74f-6cd111fb0799&#8243; global_colors_info=&#8221;{}&#8221; theme_builder_area=&#8221;post_content&#8221;]@ET-DC@eyJkeW5hbWljIjp0cnVlLCJjb250ZW50IjoidGVybV9kZXNjcmlwdGlvbiIsInNldHRpbmdzIjp7ImJlZm9yZSI6IiIsImFmdGVyIjoiIn19@[\/et_pb_text][et_pb_code _builder_version=&#8221;4.19.4&#8243; _module_preset=&#8221;default&#8221; global_colors_info=&#8221;{}&#8221; theme_builder_area=&#8221;post_content&#8221;]<div class=\"gp_category_filter_main gp_recipe_v2\"><form method=\"POST\" class=\"recipe_filter\" action=\"https:\/\/www.granapadano.it\/de-de\/vorschlage-zum-servieren\/fruehstueck-und-brunch\/\"><\/form><\/div><div class=\"gp_pagination_area top_pagination_area recipe_pagination_top\"><div class=\"gp_pagination top_pagination\"><div class=\"gp_all_recipe_area left\"><span class=\"all_recipe_link\"><a href=\"https:\/\/www.granapadano.it\/de-de\/vorschlage-zum-servieren\/fruehstueck-und-brunch\/\">Alle anzeigen<\/a><\/span><\/div><div class=\"pagination_middle\"><\/div><div class=\"gp_all_recipe_area right\"><span class=\"all_recipe_link\"><a href=\"https:\/\/www.granapadano.it\/de-de\/vorschlage-zum-servieren\/fruehstueck-und-brunch\/\">Alle anzeigen<\/a><\/span><\/div><\/div><\/div><div><h3>Kein Rezept gefunden<\/h3><\/div><div class=\"gp_pagination_area recipe_pagination_bottom\"><div class=\"gp_pagination\"><div class=\"gp_all_recipe_area left\"><span class=\"all_recipe_link\"><a href=\"https:\/\/www.granapadano.it\/de-de\/vorschlage-zum-servieren\/fruehstueck-und-brunch\/\">Alle anzeigen<\/a><\/span><\/div><div class=\"pagination_middle\"><\/div><div class=\"gp_all_recipe_area right\"><span class=\"all_recipe_link\"><a href=\"https:\/\/www.granapadano.it\/de-de\/vorschlage-zum-servieren\/fruehstueck-und-brunch\/\">Alle anzeigen<\/a><\/span><\/div><\/div><\/div>[\/et_pb_code][\/et_pb_column][\/et_pb_row][\/et_pb_section]<\/p>\n","protected":false},"excerpt":{"rendered":"<p><div class=\"breadcrumb\"><a href=\"https:\/\/www.granapadano.it\/de-de\/\">Home<\/a>  <  <\/div>Leckere und gesunde Ideen f\u00fcr einen guten Start in den Tag \u2013 mit Wohlbefinden und au\u00dfergew\u00f6hnlichem Geschmack.<div class=\"gp_category_filter_main gp_recipe_v2\"><form method=\"POST\" class=\"recipe_filter\" action=\"https:\/\/www.granapadano.it\/de-de\/vorschlage-zum-servieren\/fruehstueck-und-brunch\/\"><\/form><\/div><div class=\"gp_pagination_area top_pagination_area recipe_pagination_top\"><div class=\"gp_pagination top_pagination\"><div class=\"gp_all_recipe_area left\"><span class=\"all_recipe_link\"><a href=\"https:\/\/www.granapadano.it\/de-de\/vorschlage-zum-servieren\/fruehstueck-und-brunch\/\">Alle anzeigen<\/a><\/span><\/div><div class=\"pagination_middle\"><\/div><div class=\"gp_all_recipe_area right\"><span class=\"all_recipe_link\"><a href=\"https:\/\/www.granapadano.it\/de-de\/vorschlage-zum-servieren\/fruehstueck-und-brunch\/\">Alle anzeigen<\/a><\/span><\/div><\/div><\/div><div><h3>Kein Rezept gefunden<\/h3><\/div><div class=\"gp_pagination_area recipe_pagination_bottom\"><div class=\"gp_pagination\"><div class=\"gp_all_recipe_area left\"><span class=\"all_recipe_link\"><a href=\"https:\/\/www.granapadano.it\/de-de\/vorschlage-zum-servieren\/fruehstueck-und-brunch\/\">Alle anzeigen<\/a><\/span><\/div><div class=\"pagination_middle\"><\/div><div class=\"gp_all_recipe_area right\"><span class=\"all_recipe_link\"><a href=\"https:\/\/www.granapadano.it\/de-de\/vorschlage-zum-servieren\/fruehstueck-und-brunch\/\">Alle anzeigen<\/a><\/span><\/div><\/div><\/div><\/p>\n","protected":false},"author":2,"featured_media":0,"parent":25895,"menu_order":143,"comment_status":"closed","ping_status":"closed","template":"","meta":{"_acf_changed":false,"_et_pb_use_builder":"on","_et_pb_old_content":"","_et_gb_content_width":"","footnotes":""},"class_list":["post-14242","page","type-page","status-publish","hentry"],"acf":[],"yoast_head":"<!-- This site is optimized with the Yoast SEO plugin v27.3 - https:\/\/yoast.com\/product\/yoast-seo-wordpress\/ -->\n<title>Fr\u00fchst\u00fcck und Brunch - Grana Padano<\/title>\n<meta name=\"robots\" content=\"index, follow, max-snippet:-1, max-image-preview:large, max-video-preview:-1\" \/>\n<link rel=\"canonical\" href=\"https:\/\/www.granapadano.it\/de-de\/vorschlage-zum-servieren\/fruehstueck-und-brunch\/\" \/>\n<meta property=\"og:locale\" content=\"de_DE\" \/>\n<meta property=\"og:type\" content=\"article\" \/>\n<meta property=\"og:title\" content=\"Fr\u00fchst\u00fcck und Brunch - Grana Padano\" \/>\n<meta property=\"og:description\" content=\"Leckere und gesunde Ideen f\u00fcr einen guten Start in den Tag \u2013 mit Wohlbefinden und au\u00dfergew\u00f6hnlichem Geschmack.\" \/>\n<meta property=\"og:url\" content=\"https:\/\/www.granapadano.it\/de-de\/vorschlage-zum-servieren\/fruehstueck-und-brunch\/\" \/>\n<meta property=\"og:site_name\" content=\"Grana Padano\" \/>\n<meta property=\"article:modified_time\" content=\"2023-05-26T14:21:12+00:00\" \/>\n<meta name=\"twitter:card\" content=\"summary_large_image\" \/>\n<meta name=\"twitter:label1\" content=\"Est. reading time\" \/>\n\t<meta name=\"twitter:data1\" content=\"1 minute\" \/>\n<script type=\"application\/ld+json\" class=\"yoast-schema-graph\">{\"@context\":\"https:\\\/\\\/schema.org\",\"@graph\":[{\"@type\":\"WebPage\",\"@id\":\"https:\\\/\\\/www.granapadano.it\\\/de-de\\\/vorschlage-zum-servieren\\\/fruehstueck-und-brunch\\\/\",\"url\":\"https:\\\/\\\/www.granapadano.it\\\/de-de\\\/vorschlage-zum-servieren\\\/fruehstueck-und-brunch\\\/\",\"name\":\"Fr\u00fchst\u00fcck und Brunch - Grana Padano\",\"isPartOf\":{\"@id\":\"https:\\\/\\\/www.granapadano.it\\\/de-de\\\/#website\"},\"datePublished\":\"2022-12-28T06:56:35+00:00\",\"dateModified\":\"2023-05-26T14:21:12+00:00\",\"breadcrumb\":{\"@id\":\"https:\\\/\\\/www.granapadano.it\\\/de-de\\\/vorschlage-zum-servieren\\\/fruehstueck-und-brunch\\\/#breadcrumb\"},\"inLanguage\":\"de-de\",\"potentialAction\":[{\"@type\":\"ReadAction\",\"target\":[\"https:\\\/\\\/www.granapadano.it\\\/de-de\\\/vorschlage-zum-servieren\\\/fruehstueck-und-brunch\\\/\"]}]},{\"@type\":\"BreadcrumbList\",\"@id\":\"https:\\\/\\\/www.granapadano.it\\\/de-de\\\/vorschlage-zum-servieren\\\/fruehstueck-und-brunch\\\/#breadcrumb\",\"itemListElement\":[{\"@type\":\"ListItem\",\"position\":1,\"name\":\"Home\",\"item\":\"https:\\\/\\\/www.granapadano.it\\\/de-de\\\/\"},{\"@type\":\"ListItem\",\"position\":2,\"name\":\"Rezepte\",\"item\":\"https:\\\/\\\/www.granapadano.it\\\/de-de\\\/rezepte\\\/\"},{\"@type\":\"ListItem\",\"position\":3,\"name\":\"Fr\u00fchst\u00fcck und Brunch\"}]},{\"@type\":\"WebSite\",\"@id\":\"https:\\\/\\\/www.granapadano.it\\\/de-de\\\/#website\",\"url\":\"https:\\\/\\\/www.granapadano.it\\\/de-de\\\/\",\"name\":\"Grana Padano\",\"description\":\"\",\"potentialAction\":[{\"@type\":\"SearchAction\",\"target\":{\"@type\":\"EntryPoint\",\"urlTemplate\":\"https:\\\/\\\/www.granapadano.it\\\/de-de\\\/?s={search_term_string}\"},\"query-input\":{\"@type\":\"PropertyValueSpecification\",\"valueRequired\":true,\"valueName\":\"search_term_string\"}}],\"inLanguage\":\"de-de\"}]}<\/script>\n<!-- \/ Yoast SEO plugin. -->","yoast_head_json":{"title":"Fr\u00fchst\u00fcck und Brunch - Grana Padano","robots":{"index":"index","follow":"follow","max-snippet":"max-snippet:-1","max-image-preview":"max-image-preview:large","max-video-preview":"max-video-preview:-1"},"canonical":"https:\/\/www.granapadano.it\/de-de\/vorschlage-zum-servieren\/fruehstueck-und-brunch\/","og_locale":"de_DE","og_type":"article","og_title":"Fr\u00fchst\u00fcck und Brunch - Grana Padano","og_description":"Leckere und gesunde Ideen f\u00fcr einen guten Start in den Tag \u2013 mit Wohlbefinden und au\u00dfergew\u00f6hnlichem Geschmack.","og_url":"https:\/\/www.granapadano.it\/de-de\/vorschlage-zum-servieren\/fruehstueck-und-brunch\/","og_site_name":"Grana Padano","article_modified_time":"2023-05-26T14:21:12+00:00","twitter_card":"summary_large_image","twitter_misc":{"Est. reading time":"1 minute"},"schema":{"@context":"https:\/\/schema.org","@graph":[{"@type":"WebPage","@id":"https:\/\/www.granapadano.it\/de-de\/vorschlage-zum-servieren\/fruehstueck-und-brunch\/","url":"https:\/\/www.granapadano.it\/de-de\/vorschlage-zum-servieren\/fruehstueck-und-brunch\/","name":"Fr\u00fchst\u00fcck und Brunch - Grana Padano","isPartOf":{"@id":"https:\/\/www.granapadano.it\/de-de\/#website"},"datePublished":"2022-12-28T06:56:35+00:00","dateModified":"2023-05-26T14:21:12+00:00","breadcrumb":{"@id":"https:\/\/www.granapadano.it\/de-de\/vorschlage-zum-servieren\/fruehstueck-und-brunch\/#breadcrumb"},"inLanguage":"de-de","potentialAction":[{"@type":"ReadAction","target":["https:\/\/www.granapadano.it\/de-de\/vorschlage-zum-servieren\/fruehstueck-und-brunch\/"]}]},{"@type":"BreadcrumbList","@id":"https:\/\/www.granapadano.it\/de-de\/vorschlage-zum-servieren\/fruehstueck-und-brunch\/#breadcrumb","itemListElement":[{"@type":"ListItem","position":1,"name":"Home","item":"https:\/\/www.granapadano.it\/de-de\/"},{"@type":"ListItem","position":2,"name":"Rezepte","item":"https:\/\/www.granapadano.it\/de-de\/rezepte\/"},{"@type":"ListItem","position":3,"name":"Fr\u00fchst\u00fcck und Brunch"}]},{"@type":"WebSite","@id":"https:\/\/www.granapadano.it\/de-de\/#website","url":"https:\/\/www.granapadano.it\/de-de\/","name":"Grana Padano","description":"","potentialAction":[{"@type":"SearchAction","target":{"@type":"EntryPoint","urlTemplate":"https:\/\/www.granapadano.it\/de-de\/?s={search_term_string}"},"query-input":{"@type":"PropertyValueSpecification","valueRequired":true,"valueName":"search_term_string"}}],"inLanguage":"de-de"}]}},"_links":{"self":[{"href":"https:\/\/www.granapadano.it\/de-de\/wp-json\/wp\/v2\/pages\/14242","targetHints":{"allow":["GET"]}}],"collection":[{"href":"https:\/\/www.granapadano.it\/de-de\/wp-json\/wp\/v2\/pages"}],"about":[{"href":"https:\/\/www.granapadano.it\/de-de\/wp-json\/wp\/v2\/types\/page"}],"author":[{"embeddable":true,"href":"https:\/\/www.granapadano.it\/de-de\/wp-json\/wp\/v2\/users\/2"}],"replies":[{"embeddable":true,"href":"https:\/\/www.granapadano.it\/de-de\/wp-json\/wp\/v2\/comments?post=14242"}],"version-history":[{"count":3,"href":"https:\/\/www.granapadano.it\/de-de\/wp-json\/wp\/v2\/pages\/14242\/revisions"}],"predecessor-version":[{"id":102371,"href":"https:\/\/www.granapadano.it\/de-de\/wp-json\/wp\/v2\/pages\/14242\/revisions\/102371"}],"up":[{"embeddable":true,"href":"https:\/\/www.granapadano.it\/de-de\/wp-json\/wp\/v2\/pages\/25895"}],"wp:attachment":[{"href":"https:\/\/www.granapadano.it\/de-de\/wp-json\/wp\/v2\/media?parent=14242"}],"curies":[{"name":"wp","href":"https:\/\/api.w.org\/{rel}","templated":true}]}}