{"id":119409,"date":"2024-04-17T13:01:29","date_gmt":"2024-04-17T13:01:29","guid":{"rendered":"https:\/\/www.granapadano.it\/vorschlage-zum-servieren\/kombinationen\/come-abbinare-laceto-balsamico-di-modena-igp-con-grana-padano\/come-abbinare-grana-padano-dop-riserva-oltre-24-mesi-e-aceto-balsamico-di-modena-igp\/"},"modified":"2026-03-19T15:49:08","modified_gmt":"2026-03-19T15:49:08","slug":"grana-padano-dop-riserva-uber-24-monate-und-aceto-balsamico-di-modena-igp","status":"publish","type":"page","link":"https:\/\/www.granapadano.it\/de-de\/rezepte\/kombinationen\/aceto-balsamico-di-modena-igp-und-grana-padano\/grana-padano-dop-riserva-uber-24-monate-und-aceto-balsamico-di-modena-igp\/","title":{"rendered":"Grana Padano DOP \u201eRiserva\u201c \u00fcber 24 Monate und Aceto Balsamico di Modena IGP"},"content":{"rendered":"<p>[et_pb_section fb_built=&#8221;1&#8243; fullwidth=&#8221;on&#8221; _builder_version=&#8221;4.19.5&#8243; _module_preset=&#8221;default&#8221; global_colors_info=&#8221;{}&#8221;][et_pb_fullwidth_image src=&#8221;https:\/\/www.granapadano.it\/wp-content\/uploads\/2024\/04\/GP_Aceto-h.jpg&#8221; title_text=&#8221;GP_Aceto-m&#8221; src_tablet=&#8221;https:\/\/www.granapadano.it\/wp-content\/uploads\/2024\/04\/GP_Aceto-h.jpg&#8221; src_phone=&#8221;https:\/\/www.granapadano.it\/wp-content\/uploads\/2024\/04\/GP_Aceto-m.jpg&#8221; src_last_edited=&#8221;on|phone&#8221; _builder_version=&#8221;4.24.3&#8243; _module_preset=&#8221;default&#8221; locked=&#8221;off&#8221; global_colors_info=&#8221;{}&#8221;][\/et_pb_fullwidth_image][\/et_pb_section][et_pb_section fb_built=&#8221;1&#8243; module_class=&#8221;production_sub_hub_main_wrapper&#8221; _builder_version=&#8221;4.19.4&#8243; _module_preset=&#8221;default&#8221; custom_padding=&#8221;13px||0px|||&#8221; locked=&#8221;off&#8221; global_colors_info=&#8221;{}&#8221;][et_pb_row module_class=&#8221;recipe_filter_section&#8221; _builder_version=&#8221;4.19.2&#8243; _module_preset=&#8221;default&#8221; max_width=&#8221;90%&#8221; custom_padding=&#8221;||7px|||&#8221; global_colors_info=&#8221;{}&#8221;][et_pb_column type=&#8221;4_4&#8243; _builder_version=&#8221;4.19.2&#8243; _module_preset=&#8221;default&#8221; global_colors_info=&#8221;{}&#8221;][et_pb_code _builder_version=&#8221;4.19.2&#8243; _module_preset=&#8221;default&#8221; custom_margin=&#8221;||16px|||&#8221; global_colors_info=&#8221;{}&#8221;]<div class=\"breadcrumb\"><a href=\"https:\/\/www.granapadano.it\/de-de\/\">Home<\/a>  <  <\/div>[\/et_pb_code][\/et_pb_column][\/et_pb_row][\/et_pb_section][et_pb_section fb_built=&#8221;1&#8243; module_class=&#8221;giovani_sub_hub_title&#8221; _builder_version=&#8221;4.19.5&#8243; _module_preset=&#8221;default&#8221; custom_padding=&#8221;0px||35px||false|false&#8221; locked=&#8221;off&#8221; global_colors_info=&#8221;{}&#8221;][et_pb_row module_class=&#8221;gp_producion_heading_wrapper&#8221; _builder_version=&#8221;4.19.5&#8243; _module_preset=&#8221;default&#8221; max_width=&#8221;90%&#8221; module_alignment=&#8221;center&#8221; custom_padding=&#8221;||||false|false&#8221; global_colors_info=&#8221;{}&#8221;][et_pb_column type=&#8221;4_4&#8243; _builder_version=&#8221;4.19.4&#8243; _module_preset=&#8221;default&#8221; global_colors_info=&#8221;{}&#8221;][et_pb_text module_class=&#8221;giovani_sub_hub_title_text&#8221; _builder_version=&#8221;4.20.0&#8243; _module_preset=&#8221;default&#8221; text_font=&#8221;Merriweather|700|||||||&#8221; text_text_color=&#8221;#0f0f0f&#8221; text_font_size=&#8221;80px&#8221; text_line_height=&#8221;70px&#8221; header_font=&#8221;Merriweather||||||||&#8221; header_text_color=&#8221;gcid-8696fd7e-29dd-4028-9d4d-981b208a53a9&#8243; header_font_size=&#8221;44px&#8221; header_line_height=&#8221;52px&#8221; text_orientation=&#8221;center&#8221; min_height=&#8221;83px&#8221; custom_margin=&#8221;||0px||false|false&#8221; custom_padding=&#8221;||0px||false|false&#8221; global_colors_info=&#8221;{%22gcid-8696fd7e-29dd-4028-9d4d-981b208a53a9%22:%91%22header_text_color%22%93}&#8221;]<\/p>\n<h1>Grana Padano DOP &#8220;Riserva&#8221; oltre 24 mesi<\/h1>\n<p>[\/et_pb_text][\/et_pb_column][\/et_pb_row][et_pb_row column_structure=&#8221;1_4,3_4&#8243; module_class=&#8221;article_dates&#8221; _builder_version=&#8221;4.19.4&#8243; _module_preset=&#8221;default&#8221; max_width=&#8221;90%&#8221; custom_padding=&#8221;2px||6px||false|false&#8221; global_colors_info=&#8221;{}&#8221;][et_pb_column type=&#8221;1_4&#8243; _builder_version=&#8221;4.19.3&#8243; _module_preset=&#8221;default&#8221; global_colors_info=&#8221;{}&#8221;][et_pb_text module_class=&#8221;button_look&#8221; _builder_version=&#8221;4.24.3&#8243; _module_preset=&#8221;default&#8221; text_font=&#8221;FontPadano-Bold||||||||&#8221; text_text_color=&#8221;#000000&#8243; text_font_size=&#8221;26px&#8221; background_color=&#8221;RGBA(255,255,255,0)&#8221; hover_enabled=&#8221;0&#8243; locked=&#8221;off&#8221; global_colors_info=&#8221;{}&#8221; sticky_enabled=&#8221;0&#8243;]<\/p>\n<p>Aceto Balsamico di Modena IGP<\/p>\n<p>[\/et_pb_text][\/et_pb_column][et_pb_column type=&#8221;3_4&#8243; _builder_version=&#8221;4.19.4&#8243; _module_preset=&#8221;default&#8221; global_colors_info=&#8221;{}&#8221;][\/et_pb_column][\/et_pb_row][et_pb_row column_structure=&#8221;2_5,3_5&#8243; module_class=&#8221;article_sub_img_text_content &#8221; _builder_version=&#8221;4.24.3&#8243; _module_preset=&#8221;default&#8221; max_width=&#8221;90%&#8221; module_alignment=&#8221;center&#8221; min_height=&#8221;680.9px&#8221; custom_margin=&#8221;0px||0px||false|false&#8221; custom_padding=&#8221;0px||0px||false|false&#8221; global_colors_info=&#8221;{}&#8221;][et_pb_column type=&#8221;2_5&#8243; module_class=&#8221;article_sub_img_wrap&#8221; _builder_version=&#8221;4.20.2&#8243; _module_preset=&#8221;default&#8221; global_colors_info=&#8221;{}&#8221;][et_pb_image src=&#8221;https:\/\/www.granapadano.it\/wp-content\/uploads\/2024\/04\/gp_aceto-e-fichi.jpg&#8221; title_text=&#8221;gp_aceto-e-fichi&#8221; align=&#8221;center&#8221; _builder_version=&#8221;4.24.3&#8243; _module_preset=&#8221;default&#8221; positioning=&#8221;relative&#8221; vertical_offset=&#8221;63px&#8221; module_alignment=&#8221;center&#8221; border_radii=&#8221;on|20px|20px|20px|20px&#8221; global_colors_info=&#8221;{}&#8221;][\/et_pb_image][\/et_pb_column][et_pb_column type=&#8221;3_5&#8243; module_class=&#8221;article_sub_text_wrap&#8221; _builder_version=&#8221;4.20.2&#8243; _module_preset=&#8221;default&#8221; global_colors_info=&#8221;{}&#8221;][et_pb_text _builder_version=&#8221;4.24.3&#8243; _module_preset=&#8221;default&#8221; text_text_color=&#8221;#0f0f0f&#8221; text_font_size=&#8221;18px&#8221; text_line_height=&#8221;26px&#8221; width=&#8221;100%&#8221; custom_margin=&#8221;||0px||false|false&#8221; hover_enabled=&#8221;0&#8243; global_colors_info=&#8221;{}&#8221; sticky_enabled=&#8221;0&#8243;]<\/p>\n<h3><strong>Grana Padano DOP &#8220;Riserva&#8221; oltre 24 mesi e Aceto Balsamico di Modena IGP 5 sigilli \u201cInvecchiato\u201d\u00a0<\/strong>\u00a0<\/h3>\n<p>Il\u00a0<strong>Grana Padano DOP &#8220;Riserva&#8221;oltre 24 mesi<\/strong>\u00a0\u00e8 un prodotto di alta stagionatura che pu\u00f2 anche raggiungere i\u00a0<strong>30-36 mesi ed oltre<\/strong>. Non sono cos\u00ec comuni come le altre tipologie, ma presentano caratteristiche interessanti e molto spiccate. Gli effetti della prolungata stagionatura influenzano infatti in misura rilevante il colore della pasta, la sua struttura ed il profilo gusto-olfattivo. La presenza di cristalli di tirosina e di piccole \u201csfere\u201d di lattato \u00e8 ancor pi\u00f9 evidente rispetto a prodotti con minor stagionatura, l\u2019umidit\u00e0 \u00e8 inferiore e il prodotto risulta pi\u00f9 duro e friabile. Presenta una\u00a0<strong>granulosit\u00e0<\/strong>\u00a0molto elevata sia in fase di scagliatura sia in bocca dove, anche grazie all\u2019elevata salivazione prodotta, risulta comunque ben solubile.<br \/>Dal punto di vista gusto \u2013 olfattivo\u00a0<strong>l\u2019intensit\u00e0 complessiva \u00e8 molto elevata<\/strong>. Dal punto di vista aromatico si possono apprezzare\u00a0<strong>note di frutta secca tostata<\/strong>\u00a0(castagna, noce), cos\u00ec come intensi aromi \u201canimali\u201d che ricordano il\u00a0<strong>brodo di carne<\/strong>. Il prodotto presenta inoltre in bocca una leggera piccantezza. Per quanto riguarda il gusto: le note dolci, cos\u00ec intense nei prodotti pi\u00f9 giovani, sono completamente scomparse. La sapidit\u00e0 e l\u2019acidit\u00e0 sono medio elevate.<\/p>\n<p>Per reggere, bilanciare e contrastare la sua complessit\u00e0 e forza \u00e8 necessario abbinare un Aceto Balsamico di Modena che si collochi a sua volta\u00a0<strong>all\u2019apice dell\u2019intensit\u00e0 e complessit\u00e0<\/strong>\u00a0gusto olfattiva. Il tema della frutta secca e disidratata, predominante in questo Grana Padano dovrebbe, secondo il criterio della concordanza, ritrovarsi anche nell\u2019Aceto Balsamico di Modena scelto per l\u2019abbinamento. Quest\u2019ultimo, sar\u00e0 per\u00f2 caratterizzato, a livello gustativo, anche da morbidezza e dolcezza a compensare la lieve piccantezza e la sapidit\u00e0 del formaggio.<\/p>\n<p>Per arricchire l\u2019abbinamento, verr\u00e0 poi scelto un Aceto Balsamico di Modena reso complesso dall\u2019invecchiamento e che presenti un\u2019ampia gamma di sentori olfattivi percepibili soprattutto nella fase retro-olfattiva e di ritorno dopo la deglutizione. Tra i diversi\u00a0<strong>sentori<\/strong>\u00a0figureranno quelli di\u00a0<strong>sottobosco e spezie<\/strong>, note legnose (cedro e altri legni aromatici) e\u00a0<strong>tostature dolci<\/strong>\u00a0di cacao e caff\u00e8 arrotondate dagli aromi fruttati intensi di prugna essiccata, fichi, datteri e frutta caramellata.<\/p>\n<p>Il prodotto dovr\u00e0 essere\u00a0<strong>denso e cremoso<\/strong>, la struttura e il corpo garantiranno una perfetta integrazione con la statura sensoriale di questo Grana Padano Riserva oltre 24 mesi. Siamo quindi alla ricerca di un Aceto Balsamico di Modena Invecchiato che apporti \u201cricchezza\u201d e \u201cpienezza gustativa\u201d e che abbia una incredibile persistenza aromatica.<\/p>\n<p>L\u2019Aceto Balsamico di Modena che suggeriamo in abbinamento \u00e8 ben identificato nel sistema Consortium Profile come da\u00a0<strong>5 sigilli \u201cInvecchiato\u201d.<\/strong><\/p>\n<p>&nbsp;<\/p>\n<p>[\/et_pb_text][\/et_pb_column][\/et_pb_row][\/et_pb_section]<\/p>\n","protected":false},"excerpt":{"rendered":"<p><div class=\"breadcrumb\"><a href=\"https:\/\/www.granapadano.it\/de-de\/\">Home<\/a>  <  <\/div>Grana Padano DOP &#8220;Riserva&#8221; oltre 24 mesiAceto Balsamico di Modena IGPGrana Padano DOP &#8220;Riserva&#8221; oltre 24 mesi e Aceto Balsamico di Modena IGP 5 sigilli \u201cInvecchiato\u201d\u00a0\u00a0 Il\u00a0Grana Padano DOP &#8220;Riserva&#8221;oltre 24 mesi\u00a0\u00e8 un prodotto di alta stagionatura che pu\u00f2 anche raggiungere i\u00a030-36 mesi ed oltre. Non sono cos\u00ec comuni come le altre tipologie, ma presentano [&hellip;]<\/p>\n","protected":false},"author":21,"featured_media":0,"parent":119065,"menu_order":351,"comment_status":"closed","ping_status":"closed","template":"","meta":{"_acf_changed":false,"_et_pb_use_builder":"on","_et_pb_old_content":"","_et_gb_content_width":"","footnotes":""},"class_list":["post-119409","page","type-page","status-publish","hentry"],"acf":[],"yoast_head":"<!-- This site is optimized with the Yoast SEO plugin v27.3 - https:\/\/yoast.com\/product\/yoast-seo-wordpress\/ -->\n<title>Grana Padano DOP \u201eRiserva\u201c \u00fcber 24 Monate und Aceto Balsamico di Modena IGP - Grana Padano<\/title>\n<meta name=\"robots\" content=\"index, follow, max-snippet:-1, max-image-preview:large, max-video-preview:-1\" \/>\n<link rel=\"canonical\" href=\"https:\/\/www.granapadano.it\/de-de\/rezepte\/kombinationen\/aceto-balsamico-di-modena-igp-und-grana-padano\/grana-padano-dop-riserva-uber-24-monate-und-aceto-balsamico-di-modena-igp\/\" \/>\n<meta property=\"og:locale\" content=\"de_DE\" \/>\n<meta property=\"og:type\" content=\"article\" \/>\n<meta property=\"og:title\" content=\"Grana Padano DOP \u201eRiserva\u201c \u00fcber 24 Monate und Aceto Balsamico di Modena IGP - Grana Padano\" \/>\n<meta property=\"og:description\" content=\"Grana Padano DOP &quot;Riserva&quot; oltre 24 mesiAceto Balsamico di Modena IGPGrana Padano DOP &quot;Riserva&quot; oltre 24 mesi e Aceto Balsamico di Modena IGP 5 sigilli \u201cInvecchiato\u201d\u00a0\u00a0 Il\u00a0Grana Padano DOP &quot;Riserva&quot;oltre 24 mesi\u00a0\u00e8 un prodotto di alta stagionatura che pu\u00f2 anche raggiungere i\u00a030-36 mesi ed oltre. Non sono cos\u00ec comuni come le altre tipologie, ma presentano [&hellip;]\" \/>\n<meta property=\"og:url\" content=\"https:\/\/www.granapadano.it\/de-de\/rezepte\/kombinationen\/aceto-balsamico-di-modena-igp-und-grana-padano\/grana-padano-dop-riserva-uber-24-monate-und-aceto-balsamico-di-modena-igp\/\" \/>\n<meta property=\"og:site_name\" content=\"Grana Padano\" \/>\n<meta property=\"article:modified_time\" content=\"2026-03-19T15:49:08+00:00\" \/>\n<meta name=\"twitter:card\" content=\"summary_large_image\" \/>\n<meta name=\"twitter:label1\" content=\"Est. reading time\" \/>\n\t<meta name=\"twitter:data1\" content=\"5 minutes\" \/>\n<script type=\"application\/ld+json\" class=\"yoast-schema-graph\">{\"@context\":\"https:\\\/\\\/schema.org\",\"@graph\":[{\"@type\":\"WebPage\",\"@id\":\"https:\\\/\\\/www.granapadano.it\\\/de-de\\\/rezepte\\\/kombinationen\\\/aceto-balsamico-di-modena-igp-und-grana-padano\\\/grana-padano-dop-riserva-uber-24-monate-und-aceto-balsamico-di-modena-igp\\\/\",\"url\":\"https:\\\/\\\/www.granapadano.it\\\/de-de\\\/rezepte\\\/kombinationen\\\/aceto-balsamico-di-modena-igp-und-grana-padano\\\/grana-padano-dop-riserva-uber-24-monate-und-aceto-balsamico-di-modena-igp\\\/\",\"name\":\"Grana Padano DOP \u201eRiserva\u201c \u00fcber 24 Monate und Aceto Balsamico di Modena IGP - Grana Padano\",\"isPartOf\":{\"@id\":\"https:\\\/\\\/www.granapadano.it\\\/de-de\\\/#website\"},\"datePublished\":\"2024-04-17T13:01:29+00:00\",\"dateModified\":\"2026-03-19T15:49:08+00:00\",\"breadcrumb\":{\"@id\":\"https:\\\/\\\/www.granapadano.it\\\/de-de\\\/rezepte\\\/kombinationen\\\/aceto-balsamico-di-modena-igp-und-grana-padano\\\/grana-padano-dop-riserva-uber-24-monate-und-aceto-balsamico-di-modena-igp\\\/#breadcrumb\"},\"inLanguage\":\"de-de\",\"potentialAction\":[{\"@type\":\"ReadAction\",\"target\":[\"https:\\\/\\\/www.granapadano.it\\\/de-de\\\/rezepte\\\/kombinationen\\\/aceto-balsamico-di-modena-igp-und-grana-padano\\\/grana-padano-dop-riserva-uber-24-monate-und-aceto-balsamico-di-modena-igp\\\/\"]}]},{\"@type\":\"BreadcrumbList\",\"@id\":\"https:\\\/\\\/www.granapadano.it\\\/de-de\\\/rezepte\\\/kombinationen\\\/aceto-balsamico-di-modena-igp-und-grana-padano\\\/grana-padano-dop-riserva-uber-24-monate-und-aceto-balsamico-di-modena-igp\\\/#breadcrumb\",\"itemListElement\":[{\"@type\":\"ListItem\",\"position\":1,\"name\":\"Home\",\"item\":\"https:\\\/\\\/www.granapadano.it\\\/de-de\\\/\"},{\"@type\":\"ListItem\",\"position\":2,\"name\":\"Aceto Balsamico di Modena IGP und Grana Padano\",\"item\":\"https:\\\/\\\/www.granapadano.it\\\/de-de\\\/rezepte\\\/kombinationen\\\/aceto-balsamico-di-modena-igp-und-grana-padano\\\/\"},{\"@type\":\"ListItem\",\"position\":3,\"name\":\"Grana Padano DOP \u201eRiserva\u201c \u00fcber 24 Monate und Aceto Balsamico di Modena IGP\"}]},{\"@type\":\"WebSite\",\"@id\":\"https:\\\/\\\/www.granapadano.it\\\/de-de\\\/#website\",\"url\":\"https:\\\/\\\/www.granapadano.it\\\/de-de\\\/\",\"name\":\"Grana Padano\",\"description\":\"\",\"potentialAction\":[{\"@type\":\"SearchAction\",\"target\":{\"@type\":\"EntryPoint\",\"urlTemplate\":\"https:\\\/\\\/www.granapadano.it\\\/de-de\\\/?s={search_term_string}\"},\"query-input\":{\"@type\":\"PropertyValueSpecification\",\"valueRequired\":true,\"valueName\":\"search_term_string\"}}],\"inLanguage\":\"de-de\"}]}<\/script>\n<!-- \/ Yoast SEO plugin. -->","yoast_head_json":{"title":"Grana Padano DOP \u201eRiserva\u201c \u00fcber 24 Monate und Aceto Balsamico di Modena IGP - Grana Padano","robots":{"index":"index","follow":"follow","max-snippet":"max-snippet:-1","max-image-preview":"max-image-preview:large","max-video-preview":"max-video-preview:-1"},"canonical":"https:\/\/www.granapadano.it\/de-de\/rezepte\/kombinationen\/aceto-balsamico-di-modena-igp-und-grana-padano\/grana-padano-dop-riserva-uber-24-monate-und-aceto-balsamico-di-modena-igp\/","og_locale":"de_DE","og_type":"article","og_title":"Grana Padano DOP \u201eRiserva\u201c \u00fcber 24 Monate und Aceto Balsamico di Modena IGP - Grana Padano","og_description":"Grana Padano DOP \"Riserva\" oltre 24 mesiAceto Balsamico di Modena IGPGrana Padano DOP \"Riserva\" oltre 24 mesi e Aceto Balsamico di Modena IGP 5 sigilli \u201cInvecchiato\u201d\u00a0\u00a0 Il\u00a0Grana Padano DOP \"Riserva\"oltre 24 mesi\u00a0\u00e8 un prodotto di alta stagionatura che pu\u00f2 anche raggiungere i\u00a030-36 mesi ed oltre. Non sono cos\u00ec comuni come le altre tipologie, ma presentano [&hellip;]","og_url":"https:\/\/www.granapadano.it\/de-de\/rezepte\/kombinationen\/aceto-balsamico-di-modena-igp-und-grana-padano\/grana-padano-dop-riserva-uber-24-monate-und-aceto-balsamico-di-modena-igp\/","og_site_name":"Grana Padano","article_modified_time":"2026-03-19T15:49:08+00:00","twitter_card":"summary_large_image","twitter_misc":{"Est. reading time":"5 minutes"},"schema":{"@context":"https:\/\/schema.org","@graph":[{"@type":"WebPage","@id":"https:\/\/www.granapadano.it\/de-de\/rezepte\/kombinationen\/aceto-balsamico-di-modena-igp-und-grana-padano\/grana-padano-dop-riserva-uber-24-monate-und-aceto-balsamico-di-modena-igp\/","url":"https:\/\/www.granapadano.it\/de-de\/rezepte\/kombinationen\/aceto-balsamico-di-modena-igp-und-grana-padano\/grana-padano-dop-riserva-uber-24-monate-und-aceto-balsamico-di-modena-igp\/","name":"Grana Padano DOP \u201eRiserva\u201c \u00fcber 24 Monate und Aceto Balsamico di Modena IGP - Grana Padano","isPartOf":{"@id":"https:\/\/www.granapadano.it\/de-de\/#website"},"datePublished":"2024-04-17T13:01:29+00:00","dateModified":"2026-03-19T15:49:08+00:00","breadcrumb":{"@id":"https:\/\/www.granapadano.it\/de-de\/rezepte\/kombinationen\/aceto-balsamico-di-modena-igp-und-grana-padano\/grana-padano-dop-riserva-uber-24-monate-und-aceto-balsamico-di-modena-igp\/#breadcrumb"},"inLanguage":"de-de","potentialAction":[{"@type":"ReadAction","target":["https:\/\/www.granapadano.it\/de-de\/rezepte\/kombinationen\/aceto-balsamico-di-modena-igp-und-grana-padano\/grana-padano-dop-riserva-uber-24-monate-und-aceto-balsamico-di-modena-igp\/"]}]},{"@type":"BreadcrumbList","@id":"https:\/\/www.granapadano.it\/de-de\/rezepte\/kombinationen\/aceto-balsamico-di-modena-igp-und-grana-padano\/grana-padano-dop-riserva-uber-24-monate-und-aceto-balsamico-di-modena-igp\/#breadcrumb","itemListElement":[{"@type":"ListItem","position":1,"name":"Home","item":"https:\/\/www.granapadano.it\/de-de\/"},{"@type":"ListItem","position":2,"name":"Aceto Balsamico di Modena IGP und Grana Padano","item":"https:\/\/www.granapadano.it\/de-de\/rezepte\/kombinationen\/aceto-balsamico-di-modena-igp-und-grana-padano\/"},{"@type":"ListItem","position":3,"name":"Grana Padano DOP \u201eRiserva\u201c \u00fcber 24 Monate und Aceto Balsamico di Modena IGP"}]},{"@type":"WebSite","@id":"https:\/\/www.granapadano.it\/de-de\/#website","url":"https:\/\/www.granapadano.it\/de-de\/","name":"Grana Padano","description":"","potentialAction":[{"@type":"SearchAction","target":{"@type":"EntryPoint","urlTemplate":"https:\/\/www.granapadano.it\/de-de\/?s={search_term_string}"},"query-input":{"@type":"PropertyValueSpecification","valueRequired":true,"valueName":"search_term_string"}}],"inLanguage":"de-de"}]}},"_links":{"self":[{"href":"https:\/\/www.granapadano.it\/de-de\/wp-json\/wp\/v2\/pages\/119409","targetHints":{"allow":["GET"]}}],"collection":[{"href":"https:\/\/www.granapadano.it\/de-de\/wp-json\/wp\/v2\/pages"}],"about":[{"href":"https:\/\/www.granapadano.it\/de-de\/wp-json\/wp\/v2\/types\/page"}],"author":[{"embeddable":true,"href":"https:\/\/www.granapadano.it\/de-de\/wp-json\/wp\/v2\/users\/21"}],"replies":[{"embeddable":true,"href":"https:\/\/www.granapadano.it\/de-de\/wp-json\/wp\/v2\/comments?post=119409"}],"version-history":[{"count":1,"href":"https:\/\/www.granapadano.it\/de-de\/wp-json\/wp\/v2\/pages\/119409\/revisions"}],"predecessor-version":[{"id":120133,"href":"https:\/\/www.granapadano.it\/de-de\/wp-json\/wp\/v2\/pages\/119409\/revisions\/120133"}],"up":[{"embeddable":true,"href":"https:\/\/www.granapadano.it\/de-de\/wp-json\/wp\/v2\/pages\/119065"}],"wp:attachment":[{"href":"https:\/\/www.granapadano.it\/de-de\/wp-json\/wp\/v2\/media?parent=119409"}],"curies":[{"name":"wp","href":"https:\/\/api.w.org\/{rel}","templated":true}]}}