{"id":119386,"date":"2024-04-17T12:35:10","date_gmt":"2024-04-17T12:35:10","guid":{"rendered":"https:\/\/www.granapadano.it\/vorschlage-zum-servieren\/kombinationen\/come-abbinare-laceto-balsamico-di-modena-igp-con-grana-padano\/come-abbinare-grana-padano-9-16-mesi-e-aceto-balsamico-di-modena-igp\/"},"modified":"2026-03-19T15:48:39","modified_gmt":"2026-03-19T15:48:39","slug":"grana-padano-dop-9-16-monate-und-aceto-balsamico-di-modena-igp","status":"publish","type":"page","link":"https:\/\/www.granapadano.it\/de-de\/rezepte\/kombinationen\/aceto-balsamico-di-modena-igp-und-grana-padano\/grana-padano-dop-9-16-monate-und-aceto-balsamico-di-modena-igp\/","title":{"rendered":"Grana Padano DOP 9-16 Monate und Aceto Balsamico di Modena IGP"},"content":{"rendered":"<p>[et_pb_section fb_built=&#8221;1&#8243; fullwidth=&#8221;on&#8221; _builder_version=&#8221;4.19.5&#8243; _module_preset=&#8221;default&#8221; global_colors_info=&#8221;{}&#8221;][et_pb_fullwidth_image src=&#8221;https:\/\/www.granapadano.it\/wp-content\/uploads\/2024\/04\/GP_Aceto-h.jpg&#8221; title_text=&#8221;GP_Aceto-m&#8221; src_tablet=&#8221;https:\/\/www.granapadano.it\/wp-content\/uploads\/2024\/04\/GP_Aceto-h.jpg&#8221; src_phone=&#8221;https:\/\/www.granapadano.it\/wp-content\/uploads\/2024\/04\/GP_Aceto-m.jpg&#8221; src_last_edited=&#8221;on|phone&#8221; _builder_version=&#8221;4.24.3&#8243; _module_preset=&#8221;default&#8221; locked=&#8221;off&#8221; global_colors_info=&#8221;{}&#8221;][\/et_pb_fullwidth_image][\/et_pb_section][et_pb_section fb_built=&#8221;1&#8243; module_class=&#8221;production_sub_hub_main_wrapper&#8221; _builder_version=&#8221;4.19.4&#8243; _module_preset=&#8221;default&#8221; custom_padding=&#8221;13px||0px|||&#8221; locked=&#8221;off&#8221; global_colors_info=&#8221;{}&#8221;][et_pb_row module_class=&#8221;recipe_filter_section&#8221; _builder_version=&#8221;4.19.2&#8243; _module_preset=&#8221;default&#8221; max_width=&#8221;90%&#8221; custom_padding=&#8221;||7px|||&#8221; global_colors_info=&#8221;{}&#8221;][et_pb_column type=&#8221;4_4&#8243; _builder_version=&#8221;4.19.2&#8243; _module_preset=&#8221;default&#8221; global_colors_info=&#8221;{}&#8221;][et_pb_code _builder_version=&#8221;4.19.2&#8243; _module_preset=&#8221;default&#8221; custom_margin=&#8221;||16px|||&#8221; global_colors_info=&#8221;{}&#8221;]<div class=\"breadcrumb\"><a href=\"https:\/\/www.granapadano.it\/de-de\/\">Home<\/a>  <  <\/div>[\/et_pb_code][\/et_pb_column][\/et_pb_row][\/et_pb_section][et_pb_section fb_built=&#8221;1&#8243; module_class=&#8221;giovani_sub_hub_title&#8221; _builder_version=&#8221;4.19.5&#8243; _module_preset=&#8221;default&#8221; custom_padding=&#8221;0px||35px||false|false&#8221; locked=&#8221;off&#8221; global_colors_info=&#8221;{}&#8221;][et_pb_row module_class=&#8221;gp_producion_heading_wrapper&#8221; _builder_version=&#8221;4.19.5&#8243; _module_preset=&#8221;default&#8221; max_width=&#8221;90%&#8221; module_alignment=&#8221;center&#8221; custom_padding=&#8221;||||false|false&#8221; global_colors_info=&#8221;{}&#8221;][et_pb_column type=&#8221;4_4&#8243; _builder_version=&#8221;4.19.4&#8243; _module_preset=&#8221;default&#8221; global_colors_info=&#8221;{}&#8221;][et_pb_text module_class=&#8221;giovani_sub_hub_title_text&#8221; _builder_version=&#8221;4.24.3&#8243; _module_preset=&#8221;default&#8221; text_font=&#8221;Merriweather|700|||||||&#8221; text_text_color=&#8221;#0f0f0f&#8221; text_font_size=&#8221;80px&#8221; text_line_height=&#8221;70px&#8221; header_font=&#8221;Merriweather||||||||&#8221; header_text_color=&#8221;gcid-8696fd7e-29dd-4028-9d4d-981b208a53a9&#8243; header_font_size=&#8221;44px&#8221; header_line_height=&#8221;52px&#8221; text_orientation=&#8221;center&#8221; min_height=&#8221;83px&#8221; custom_margin=&#8221;||0px||false|false&#8221; custom_padding=&#8221;||0px||false|false&#8221; hover_enabled=&#8221;0&#8243; global_colors_info=&#8221;{%22gcid-8696fd7e-29dd-4028-9d4d-981b208a53a9%22:%91%22header_text_color%22%93}&#8221; sticky_enabled=&#8221;0&#8243;]<\/p>\n<h1>Grana Padano DOP 9-16 Monate<\/h1>\n<p>[\/et_pb_text][\/et_pb_column][\/et_pb_row][et_pb_row column_structure=&#8221;1_4,3_4&#8243; module_class=&#8221;article_dates&#8221; _builder_version=&#8221;4.19.4&#8243; _module_preset=&#8221;default&#8221; max_width=&#8221;90%&#8221; custom_padding=&#8221;2px||6px||false|false&#8221; global_colors_info=&#8221;{}&#8221;][et_pb_column type=&#8221;1_4&#8243; _builder_version=&#8221;4.19.3&#8243; _module_preset=&#8221;default&#8221; global_colors_info=&#8221;{}&#8221;][et_pb_text module_class=&#8221;button_look&#8221; _builder_version=&#8221;4.24.3&#8243; _module_preset=&#8221;default&#8221; text_font=&#8221;FontPadano-Bold||||||||&#8221; text_text_color=&#8221;#000000&#8243; text_font_size=&#8221;26px&#8221; background_color=&#8221;RGBA(255,255,255,0)&#8221; locked=&#8221;off&#8221; global_colors_info=&#8221;{}&#8221;]<\/p>\n<p>Aceto Balsamico di Modena IGP<\/p>\n<p>[\/et_pb_text][\/et_pb_column][et_pb_column type=&#8221;3_4&#8243; _builder_version=&#8221;4.19.4&#8243; _module_preset=&#8221;default&#8221; global_colors_info=&#8221;{}&#8221;][\/et_pb_column][\/et_pb_row][et_pb_row column_structure=&#8221;2_5,3_5&#8243; module_class=&#8221;article_sub_img_text_content &#8221; _builder_version=&#8221;4.24.3&#8243; _module_preset=&#8221;default&#8221; max_width=&#8221;90%&#8221; module_alignment=&#8221;center&#8221; min_height=&#8221;591.9px&#8221; custom_margin=&#8221;0px||0px||false|false&#8221; custom_padding=&#8221;0px||0px||false|false&#8221; global_colors_info=&#8221;{}&#8221;][et_pb_column type=&#8221;2_5&#8243; module_class=&#8221;article_sub_img_wrap&#8221; _builder_version=&#8221;4.20.2&#8243; _module_preset=&#8221;default&#8221; global_colors_info=&#8221;{}&#8221;][et_pb_image src=&#8221;https:\/\/www.granapadano.it\/wp-content\/uploads\/2024\/04\/grana-e-aceto-thumb.png&#8221; title_text=&#8221;grana-e-aceto-thumb&#8221; align=&#8221;center&#8221; _builder_version=&#8221;4.24.3&#8243; _module_preset=&#8221;default&#8221; positioning=&#8221;relative&#8221; vertical_offset=&#8221;63px&#8221; module_alignment=&#8221;center&#8221; border_radii=&#8221;on|20px|20px|20px|20px&#8221; global_colors_info=&#8221;{}&#8221;][\/et_pb_image][\/et_pb_column][et_pb_column type=&#8221;3_5&#8243; module_class=&#8221;article_sub_text_wrap&#8221; _builder_version=&#8221;4.20.2&#8243; _module_preset=&#8221;default&#8221; global_colors_info=&#8221;{}&#8221;][et_pb_text _builder_version=&#8221;4.24.3&#8243; _module_preset=&#8221;default&#8221; text_text_color=&#8221;#0f0f0f&#8221; text_font_size=&#8221;18px&#8221; text_line_height=&#8221;26px&#8221; width=&#8221;100%&#8221; custom_margin=&#8221;||0px||false|false&#8221; hover_enabled=&#8221;0&#8243; global_colors_info=&#8221;{}&#8221; sticky_enabled=&#8221;0&#8243;]<\/p>\n<h3><strong>Grana Padano DOP 9-16 Monate und Aceto Balsamico di Modena IGP 4 sigilli<\/strong><\/h3>\n<p>Der Grana Padano 9-16 Monate ist noch ein relativ junges Produkt, bei dem sich am Gaumen Noten von gekochter Milch, gekochter Butter und Panna Cotta finden, begleitet von leichten pflanzlichen Noten von Heu. Der Geschmack ist stets ausgewogen: Es \u00fcberwiegen s\u00fc\u00dfe Milchnoten, die sich angenehm mit diesem Aceto Balsamico di Modena verbinden, der angenehm vollmundig ist, einen mittleren K\u00f6rper und eine nicht \u00fcberm\u00e4\u00dfig komplexe Struktur aufweist; die Noten von gekochtem Most unterstreichen die S\u00fc\u00dfe und Weichheit des Produkts, die gut zur Struktur dieses Grana Padano passen und eine angenehme Geschmackskombination ergeben. <\/p>\n<p>Die Kombination ist besonders interessant bez\u00fcglich der taktilen Bewertung und dem Nachgeschmack nach dem Verzehr der Produkte. Die auftauchenden Aromen sind anhaltend, die Noten von s\u00fc\u00dfen Gew\u00fcrzen \u00fcberwiegen die fruchtigen, w\u00e4hrend angenehme Noten von R\u00f6stung und aromatischem Holz den Abgang begleiten.<br \/>\nInsgesamt ist die Kombination ansprechend und angenehm, jung und lebendig wie die hervorragenden Produkte, die sie erm\u00f6glicht \u2013 ideal f\u00fcr einen Aperitif mit Freunden oder einen k\u00f6stlichen Snack.<br \/>\nDer Aceto Balsamico di Modena, den wir in Kombination empfehlen, ist im System des Consortium Profile mit 4 Siegeln vertreten.<br \/>\n<\/strong><\/p>\n<p>&nbsp;<\/p>\n<p>[\/et_pb_text][\/et_pb_column][\/et_pb_row][\/et_pb_section]<\/p>\n","protected":false},"excerpt":{"rendered":"<p><div class=\"breadcrumb\"><a href=\"https:\/\/www.granapadano.it\/de-de\/\">Home<\/a>  <  <\/div>Grana Padano DOP 9-16 MonateAceto Balsamico di Modena IGPGrana Padano DOP 9-16 Monate und Aceto Balsamico di Modena IGP 4 sigilli Der Grana Padano 9-16 Monate ist noch ein relativ junges Produkt, bei dem sich am Gaumen Noten von gekochter Milch, gekochter Butter und Panna Cotta finden, begleitet von leichten pflanzlichen Noten von Heu. Der [&hellip;]<\/p>\n","protected":false},"author":21,"featured_media":0,"parent":119065,"menu_order":311,"comment_status":"closed","ping_status":"closed","template":"","meta":{"_acf_changed":false,"_et_pb_use_builder":"on","_et_pb_old_content":"","_et_gb_content_width":"","footnotes":""},"class_list":["post-119386","page","type-page","status-publish","hentry"],"acf":[],"yoast_head":"<!-- This site is optimized with the Yoast SEO plugin v27.4 - https:\/\/yoast.com\/product\/yoast-seo-wordpress\/ -->\n<title>Grana Padano DOP 9-16 Monate und Aceto Balsamico di Modena IGP - Grana Padano<\/title>\n<meta name=\"robots\" content=\"index, follow, max-snippet:-1, max-image-preview:large, max-video-preview:-1\" \/>\n<link rel=\"canonical\" href=\"https:\/\/www.granapadano.it\/de-de\/rezepte\/kombinationen\/aceto-balsamico-di-modena-igp-und-grana-padano\/grana-padano-dop-9-16-monate-und-aceto-balsamico-di-modena-igp\/\" \/>\n<meta property=\"og:locale\" content=\"de_DE\" \/>\n<meta property=\"og:type\" content=\"article\" \/>\n<meta property=\"og:title\" content=\"Grana Padano DOP 9-16 Monate und Aceto Balsamico di Modena IGP - Grana Padano\" \/>\n<meta property=\"og:description\" content=\"Grana Padano DOP 9-16 MonateAceto Balsamico di Modena IGPGrana Padano DOP 9-16 Monate und Aceto Balsamico di Modena IGP 4 sigilli Der Grana Padano 9-16 Monate ist noch ein relativ junges Produkt, bei dem sich am Gaumen Noten von gekochter Milch, gekochter Butter und Panna Cotta finden, begleitet von leichten pflanzlichen Noten von Heu. Der [&hellip;]\" \/>\n<meta property=\"og:url\" content=\"https:\/\/www.granapadano.it\/de-de\/rezepte\/kombinationen\/aceto-balsamico-di-modena-igp-und-grana-padano\/grana-padano-dop-9-16-monate-und-aceto-balsamico-di-modena-igp\/\" \/>\n<meta property=\"og:site_name\" content=\"Grana Padano\" \/>\n<meta property=\"article:modified_time\" content=\"2026-03-19T15:48:39+00:00\" \/>\n<meta name=\"twitter:card\" content=\"summary_large_image\" \/>\n<meta name=\"twitter:label1\" content=\"Est. reading time\" \/>\n\t<meta name=\"twitter:data1\" content=\"2 minutes\" \/>\n<script type=\"application\/ld+json\" class=\"yoast-schema-graph\">{\"@context\":\"https:\\\/\\\/schema.org\",\"@graph\":[{\"@type\":\"WebPage\",\"@id\":\"https:\\\/\\\/www.granapadano.it\\\/de-de\\\/rezepte\\\/kombinationen\\\/aceto-balsamico-di-modena-igp-und-grana-padano\\\/grana-padano-dop-9-16-monate-und-aceto-balsamico-di-modena-igp\\\/\",\"url\":\"https:\\\/\\\/www.granapadano.it\\\/de-de\\\/rezepte\\\/kombinationen\\\/aceto-balsamico-di-modena-igp-und-grana-padano\\\/grana-padano-dop-9-16-monate-und-aceto-balsamico-di-modena-igp\\\/\",\"name\":\"Grana Padano DOP 9-16 Monate und Aceto Balsamico di Modena IGP - Grana Padano\",\"isPartOf\":{\"@id\":\"https:\\\/\\\/www.granapadano.it\\\/de-de\\\/#website\"},\"datePublished\":\"2024-04-17T12:35:10+00:00\",\"dateModified\":\"2026-03-19T15:48:39+00:00\",\"breadcrumb\":{\"@id\":\"https:\\\/\\\/www.granapadano.it\\\/de-de\\\/rezepte\\\/kombinationen\\\/aceto-balsamico-di-modena-igp-und-grana-padano\\\/grana-padano-dop-9-16-monate-und-aceto-balsamico-di-modena-igp\\\/#breadcrumb\"},\"inLanguage\":\"de-de\",\"potentialAction\":[{\"@type\":\"ReadAction\",\"target\":[\"https:\\\/\\\/www.granapadano.it\\\/de-de\\\/rezepte\\\/kombinationen\\\/aceto-balsamico-di-modena-igp-und-grana-padano\\\/grana-padano-dop-9-16-monate-und-aceto-balsamico-di-modena-igp\\\/\"]}]},{\"@type\":\"BreadcrumbList\",\"@id\":\"https:\\\/\\\/www.granapadano.it\\\/de-de\\\/rezepte\\\/kombinationen\\\/aceto-balsamico-di-modena-igp-und-grana-padano\\\/grana-padano-dop-9-16-monate-und-aceto-balsamico-di-modena-igp\\\/#breadcrumb\",\"itemListElement\":[{\"@type\":\"ListItem\",\"position\":1,\"name\":\"Home\",\"item\":\"https:\\\/\\\/www.granapadano.it\\\/de-de\\\/\"},{\"@type\":\"ListItem\",\"position\":2,\"name\":\"Aceto Balsamico di Modena IGP und Grana Padano\",\"item\":\"https:\\\/\\\/www.granapadano.it\\\/de-de\\\/rezepte\\\/kombinationen\\\/aceto-balsamico-di-modena-igp-und-grana-padano\\\/\"},{\"@type\":\"ListItem\",\"position\":3,\"name\":\"Grana Padano DOP 9-16 Monate und Aceto Balsamico di Modena IGP\"}]},{\"@type\":\"WebSite\",\"@id\":\"https:\\\/\\\/www.granapadano.it\\\/de-de\\\/#website\",\"url\":\"https:\\\/\\\/www.granapadano.it\\\/de-de\\\/\",\"name\":\"Grana Padano\",\"description\":\"\",\"potentialAction\":[{\"@type\":\"SearchAction\",\"target\":{\"@type\":\"EntryPoint\",\"urlTemplate\":\"https:\\\/\\\/www.granapadano.it\\\/de-de\\\/?s={search_term_string}\"},\"query-input\":{\"@type\":\"PropertyValueSpecification\",\"valueRequired\":true,\"valueName\":\"search_term_string\"}}],\"inLanguage\":\"de-de\"}]}<\/script>\n<!-- \/ Yoast SEO plugin. -->","yoast_head_json":{"title":"Grana Padano DOP 9-16 Monate und Aceto Balsamico di Modena IGP - Grana Padano","robots":{"index":"index","follow":"follow","max-snippet":"max-snippet:-1","max-image-preview":"max-image-preview:large","max-video-preview":"max-video-preview:-1"},"canonical":"https:\/\/www.granapadano.it\/de-de\/rezepte\/kombinationen\/aceto-balsamico-di-modena-igp-und-grana-padano\/grana-padano-dop-9-16-monate-und-aceto-balsamico-di-modena-igp\/","og_locale":"de_DE","og_type":"article","og_title":"Grana Padano DOP 9-16 Monate und Aceto Balsamico di Modena IGP - Grana Padano","og_description":"Grana Padano DOP 9-16 MonateAceto Balsamico di Modena IGPGrana Padano DOP 9-16 Monate und Aceto Balsamico di Modena IGP 4 sigilli Der Grana Padano 9-16 Monate ist noch ein relativ junges Produkt, bei dem sich am Gaumen Noten von gekochter Milch, gekochter Butter und Panna Cotta finden, begleitet von leichten pflanzlichen Noten von Heu. Der [&hellip;]","og_url":"https:\/\/www.granapadano.it\/de-de\/rezepte\/kombinationen\/aceto-balsamico-di-modena-igp-und-grana-padano\/grana-padano-dop-9-16-monate-und-aceto-balsamico-di-modena-igp\/","og_site_name":"Grana Padano","article_modified_time":"2026-03-19T15:48:39+00:00","twitter_card":"summary_large_image","twitter_misc":{"Est. reading time":"2 minutes"},"schema":{"@context":"https:\/\/schema.org","@graph":[{"@type":"WebPage","@id":"https:\/\/www.granapadano.it\/de-de\/rezepte\/kombinationen\/aceto-balsamico-di-modena-igp-und-grana-padano\/grana-padano-dop-9-16-monate-und-aceto-balsamico-di-modena-igp\/","url":"https:\/\/www.granapadano.it\/de-de\/rezepte\/kombinationen\/aceto-balsamico-di-modena-igp-und-grana-padano\/grana-padano-dop-9-16-monate-und-aceto-balsamico-di-modena-igp\/","name":"Grana Padano DOP 9-16 Monate und Aceto Balsamico di Modena IGP - Grana Padano","isPartOf":{"@id":"https:\/\/www.granapadano.it\/de-de\/#website"},"datePublished":"2024-04-17T12:35:10+00:00","dateModified":"2026-03-19T15:48:39+00:00","breadcrumb":{"@id":"https:\/\/www.granapadano.it\/de-de\/rezepte\/kombinationen\/aceto-balsamico-di-modena-igp-und-grana-padano\/grana-padano-dop-9-16-monate-und-aceto-balsamico-di-modena-igp\/#breadcrumb"},"inLanguage":"de-de","potentialAction":[{"@type":"ReadAction","target":["https:\/\/www.granapadano.it\/de-de\/rezepte\/kombinationen\/aceto-balsamico-di-modena-igp-und-grana-padano\/grana-padano-dop-9-16-monate-und-aceto-balsamico-di-modena-igp\/"]}]},{"@type":"BreadcrumbList","@id":"https:\/\/www.granapadano.it\/de-de\/rezepte\/kombinationen\/aceto-balsamico-di-modena-igp-und-grana-padano\/grana-padano-dop-9-16-monate-und-aceto-balsamico-di-modena-igp\/#breadcrumb","itemListElement":[{"@type":"ListItem","position":1,"name":"Home","item":"https:\/\/www.granapadano.it\/de-de\/"},{"@type":"ListItem","position":2,"name":"Aceto Balsamico di Modena IGP und Grana Padano","item":"https:\/\/www.granapadano.it\/de-de\/rezepte\/kombinationen\/aceto-balsamico-di-modena-igp-und-grana-padano\/"},{"@type":"ListItem","position":3,"name":"Grana Padano DOP 9-16 Monate und Aceto Balsamico di Modena IGP"}]},{"@type":"WebSite","@id":"https:\/\/www.granapadano.it\/de-de\/#website","url":"https:\/\/www.granapadano.it\/de-de\/","name":"Grana Padano","description":"","potentialAction":[{"@type":"SearchAction","target":{"@type":"EntryPoint","urlTemplate":"https:\/\/www.granapadano.it\/de-de\/?s={search_term_string}"},"query-input":{"@type":"PropertyValueSpecification","valueRequired":true,"valueName":"search_term_string"}}],"inLanguage":"de-de"}]}},"_links":{"self":[{"href":"https:\/\/www.granapadano.it\/de-de\/wp-json\/wp\/v2\/pages\/119386","targetHints":{"allow":["GET"]}}],"collection":[{"href":"https:\/\/www.granapadano.it\/de-de\/wp-json\/wp\/v2\/pages"}],"about":[{"href":"https:\/\/www.granapadano.it\/de-de\/wp-json\/wp\/v2\/types\/page"}],"author":[{"embeddable":true,"href":"https:\/\/www.granapadano.it\/de-de\/wp-json\/wp\/v2\/users\/21"}],"replies":[{"embeddable":true,"href":"https:\/\/www.granapadano.it\/de-de\/wp-json\/wp\/v2\/comments?post=119386"}],"version-history":[{"count":2,"href":"https:\/\/www.granapadano.it\/de-de\/wp-json\/wp\/v2\/pages\/119386\/revisions"}],"predecessor-version":[{"id":120128,"href":"https:\/\/www.granapadano.it\/de-de\/wp-json\/wp\/v2\/pages\/119386\/revisions\/120128"}],"up":[{"embeddable":true,"href":"https:\/\/www.granapadano.it\/de-de\/wp-json\/wp\/v2\/pages\/119065"}],"wp:attachment":[{"href":"https:\/\/www.granapadano.it\/de-de\/wp-json\/wp\/v2\/media?parent=119386"}],"curies":[{"name":"wp","href":"https:\/\/api.w.org\/{rel}","templated":true}]}}