{"id":119174,"date":"2024-04-16T13:57:53","date_gmt":"2024-04-16T13:57:53","guid":{"rendered":"https:\/\/www.granapadano.it\/vorschlage-zum-servieren\/kombinationen\/con-quale-cioccolato-abbinare-grana-padano\/come-abbinare-grana-padano-riserva-oltre-24-mesi-con-il-cioccolato\/"},"modified":"2024-07-04T17:40:07","modified_gmt":"2024-07-04T17:40:07","slug":"grana-padano-dop-riserva-uber-24-monate-und-schokolade","status":"publish","type":"page","link":"https:\/\/www.granapadano.it\/de-de\/vorschlage-zum-servieren\/welche-schokolade-passt-zu-grana-padano-dop\/grana-padano-dop-riserva-uber-24-monate-und-schokolade\/","title":{"rendered":"Grana Padano DOP \u201eRiserva\u201c \u00fcber 24 Monate und Schokolade"},"content":{"rendered":"<p>[et_pb_section fb_built=&#8221;1&#8243; fullwidth=&#8221;on&#8221; _builder_version=&#8221;4.19.5&#8243; _module_preset=&#8221;default&#8221; global_colors_info=&#8221;{}&#8221;][et_pb_fullwidth_image src=&#8221;https:\/\/www.granapadano.it\/wp-content\/uploads\/2024\/04\/Grana-Padano-e-Cioccolato-h.jpg&#8221; title_text=&#8221;Grana-Padano-e-Cioccolato-m&#8221; src_tablet=&#8221;https:\/\/www.granapadano.it\/wp-content\/uploads\/2024\/04\/Grana-Padano-e-Cioccolato-h.jpg&#8221; src_phone=&#8221;https:\/\/www.granapadano.it\/wp-content\/uploads\/2024\/04\/Grana-Padano-e-Cioccolato-m.jpg&#8221; src_last_edited=&#8221;on|phone&#8221; _builder_version=&#8221;4.24.3&#8243; _module_preset=&#8221;default&#8221; locked=&#8221;off&#8221; global_colors_info=&#8221;{}&#8221;][\/et_pb_fullwidth_image][\/et_pb_section][et_pb_section fb_built=&#8221;1&#8243; module_class=&#8221;production_sub_hub_main_wrapper&#8221; _builder_version=&#8221;4.19.4&#8243; _module_preset=&#8221;default&#8221; custom_padding=&#8221;13px||0px|||&#8221; locked=&#8221;off&#8221; global_colors_info=&#8221;{}&#8221;][et_pb_row module_class=&#8221;recipe_filter_section&#8221; _builder_version=&#8221;4.19.2&#8243; _module_preset=&#8221;default&#8221; max_width=&#8221;90%&#8221; custom_padding=&#8221;||7px|||&#8221; global_colors_info=&#8221;{}&#8221;][et_pb_column type=&#8221;4_4&#8243; _builder_version=&#8221;4.19.2&#8243; _module_preset=&#8221;default&#8221; global_colors_info=&#8221;{}&#8221;][et_pb_code _builder_version=&#8221;4.19.2&#8243; _module_preset=&#8221;default&#8221; custom_margin=&#8221;||16px|||&#8221; global_colors_info=&#8221;{}&#8221;]<div class=\"breadcrumb\"><a href=\"https:\/\/www.granapadano.it\/de-de\/\">Home<\/a>  <  <\/div>[\/et_pb_code][\/et_pb_column][\/et_pb_row][\/et_pb_section][et_pb_section fb_built=&#8221;1&#8243; module_class=&#8221;giovani_sub_hub_title&#8221; _builder_version=&#8221;4.19.5&#8243; _module_preset=&#8221;default&#8221; custom_padding=&#8221;0px||35px||false|false&#8221; locked=&#8221;off&#8221; global_colors_info=&#8221;{}&#8221;][et_pb_row module_class=&#8221;gp_producion_heading_wrapper&#8221; _builder_version=&#8221;4.19.5&#8243; _module_preset=&#8221;default&#8221; max_width=&#8221;90%&#8221; module_alignment=&#8221;center&#8221; custom_padding=&#8221;||||false|false&#8221; global_colors_info=&#8221;{}&#8221;][et_pb_column type=&#8221;4_4&#8243; _builder_version=&#8221;4.19.4&#8243; _module_preset=&#8221;default&#8221; global_colors_info=&#8221;{}&#8221;][et_pb_text module_class=&#8221;giovani_sub_hub_title_text&#8221; _builder_version=&#8221;4.24.3&#8243; _module_preset=&#8221;default&#8221; text_font=&#8221;Merriweather|700|||||||&#8221; text_text_color=&#8221;#0f0f0f&#8221; text_font_size=&#8221;80px&#8221; text_line_height=&#8221;70px&#8221; header_font=&#8221;Merriweather||||||||&#8221; header_text_color=&#8221;gcid-8696fd7e-29dd-4028-9d4d-981b208a53a9&#8243; header_font_size=&#8221;44px&#8221; header_line_height=&#8221;52px&#8221; text_orientation=&#8221;center&#8221; min_height=&#8221;83px&#8221; custom_margin=&#8221;||0px||false|false&#8221; custom_padding=&#8221;||0px||false|false&#8221; hover_enabled=&#8221;0&#8243; global_colors_info=&#8221;{%22gcid-8696fd7e-29dd-4028-9d4d-981b208a53a9%22:%91%22header_text_color%22%93}&#8221; sticky_enabled=&#8221;0&#8243;]<\/p>\n<h1>Grana Padano DOP \u201eRiserva\u201c \u00fcber 24 Monate<\/h1>\n<p>[\/et_pb_text][\/et_pb_column][\/et_pb_row][et_pb_row column_structure=&#8221;1_4,3_4&#8243; module_class=&#8221;article_dates&#8221; _builder_version=&#8221;4.19.4&#8243; _module_preset=&#8221;default&#8221; max_width=&#8221;90%&#8221; custom_padding=&#8221;2px||6px||false|false&#8221; global_colors_info=&#8221;{}&#8221;][et_pb_column type=&#8221;1_4&#8243; _builder_version=&#8221;4.19.3&#8243; _module_preset=&#8221;default&#8221; global_colors_info=&#8221;{}&#8221;][et_pb_text module_class=&#8221;button_look&#8221; _builder_version=&#8221;4.24.3&#8243; _module_preset=&#8221;default&#8221; text_font=&#8221;FontPadano-Bold||||||||&#8221; text_text_color=&#8221;#000000&#8243; text_font_size=&#8221;26px&#8221; background_color=&#8221;RGBA(255,255,255,0)&#8221; locked=&#8221;off&#8221; global_colors_info=&#8221;{}&#8221;]<\/p>\n<p>Cacao<\/p>\n<p>[\/et_pb_text][\/et_pb_column][et_pb_column type=&#8221;3_4&#8243; _builder_version=&#8221;4.19.4&#8243; _module_preset=&#8221;default&#8221; global_colors_info=&#8221;{}&#8221;][\/et_pb_column][\/et_pb_row][et_pb_row column_structure=&#8221;2_5,3_5&#8243; module_class=&#8221;article_sub_img_text_content &#8221; _builder_version=&#8221;4.24.3&#8243; _module_preset=&#8221;default&#8221; max_width=&#8221;90%&#8221; module_alignment=&#8221;center&#8221; min_height=&#8221;791.9px&#8221; custom_margin=&#8221;0px|auto|0px|auto|false|false&#8221; custom_padding=&#8221;0px||40px||false|false&#8221; global_colors_info=&#8221;{}&#8221;][et_pb_column type=&#8221;2_5&#8243; module_class=&#8221;article_sub_img_wrap&#8221; _builder_version=&#8221;4.20.2&#8243; _module_preset=&#8221;default&#8221; global_colors_info=&#8221;{}&#8221;][et_pb_image src=&#8221;https:\/\/www.granapadano.it\/wp-content\/uploads\/2024\/04\/GP-ZENZERO.jpg&#8221; title_text=&#8221;GP-ZENZERO&#8221; align=&#8221;center&#8221; _builder_version=&#8221;4.24.3&#8243; _module_preset=&#8221;default&#8221; positioning=&#8221;relative&#8221; vertical_offset=&#8221;63px&#8221; module_alignment=&#8221;center&#8221; border_radii=&#8221;on|20px|20px|20px|20px&#8221; global_colors_info=&#8221;{}&#8221;][\/et_pb_image][\/et_pb_column][et_pb_column type=&#8221;3_5&#8243; module_class=&#8221;article_sub_text_wrap&#8221; _builder_version=&#8221;4.20.2&#8243; _module_preset=&#8221;default&#8221; global_colors_info=&#8221;{}&#8221;][et_pb_text _builder_version=&#8221;4.24.3&#8243; _module_preset=&#8221;default&#8221; text_text_color=&#8221;#0f0f0f&#8221; text_font_size=&#8221;18px&#8221; text_line_height=&#8221;26px&#8221; width=&#8221;100%&#8221; custom_margin=&#8221;||0px||false|false&#8221; hover_enabled=&#8221;0&#8243; global_colors_info=&#8221;{}&#8221; sticky_enabled=&#8221;0&#8243;]<\/p>\n<h3>Grana Padano DOP \u201eRiserva\u201c \u00fcber 24 Monate und Kandierte Ingwerst\u00fcckchen mit Kakaopulver<\/h3>\n<\/p>\n<p>Das Kandieren von Fr\u00fcchten und Bl\u00fcten ist ein komplexes und zeitaufw\u00e4ndiges Verfahren, das jedoch sehr n\u00fctzlich ist, da es die organoleptischen Eigenschaften des Produkts bewahrt und \u00fcber lange Zeitr\u00e4ume hinweg intakt h\u00e4lt.<br \/>\nF\u00fcr die Herstellung von kandierten Fr\u00fcchten &#8211; die heute in S\u00fc\u00dfwaren und Schokolade weit verbreitet sind &#8211; k\u00f6nnen ganze Fr\u00fcchte oder deren Schalen (z. B. Zitrusschalen) oder, wie in unserem Fall, kleine St\u00fccke (\u201ebocconcini\u201c) der Ingwerwurzel verwendet werden. Es ist wichtig, dass die Verarbeitung die urspr\u00fcngliche aromatische Komponente nicht ver\u00e4ndert, die von Frucht zu Frucht deutlich unterscheidbar sein muss und immer noch an den Duft frischer Fr\u00fcchte erinnern kann.<\/p>\n<p>Unser Vorschlag ist die Kombination von 24 Monate gereiftem Grana Padano DOP \u201eRiserva\u201c mit Ingwerst\u00fcckchen, die mit Kakaopulver \u00fcberzogen sind: Sie bieten ein interessantes sensorisches Erlebnis, da die Struktur der kandierten Fr\u00fcchte von dem Kakao begleitet wird, der schmilzt und den Mund umh\u00fcllt, w\u00e4hrend gleichzeitig das typische Aroma des Ingwers auf die kaum wahrnehmbare Bitterkeit des Kakaopulvers trifft.<br \/>\nWir sind der \u00dcberzeugung, dass diese Kombination der schwierigen Herausforderung gewachsen ist, sich mit dem mehr als 24 Monate gereiften Grana Padano DOP \u201eRiserva\u201c zu paaren, dessen organoleptische Eigenschaften sehr intensiv und komplex sind. In der Tat wird der aromatische Reichtum dieser Art von Grana Padano DOP, der an die Aromen von Trockenfr\u00fcchten erinnert, perfekt von den typischen Ingwernoten begleitet, die wiederum an die f\u00fcr den Grana Padano DOP \u201eRiserva\u201c \u00fcber 24 Monate typische angenehme und feine Sch\u00e4rfe erinnern.<br \/>\nZusammenfassend kann man sagen, dass es sich um eine besondere Kombination handelt, die dank des Ingwers \u201eFrische\u201c vermittelt und die es nach dem Schlucken erm\u00f6glicht, den mehr als 24 Monate gereiften Grana Padano DOP \u201eRiserva\u201c zu verst\u00e4rken und seine \u201eAromen\u201c und seinen Nachhall im Mund zu verl\u00e4ngern.\n<\/p>\n<p><strong>Besonderheit<br \/>\n<\/strong><\/p>\n<ul>\n<li>Die Geschichte der \u201ekandierten Fr\u00fcchte\u201c beginnt vor mehr als tausend Jahren: Jahrhunderte lang galt es ausschlie\u00dflich als wertvolle Medizin, und erst sp\u00e4ter begann man im Osten, insbesondere in Mesopotamien und China, das \u201eKandieren\u201c zur Konservierung von Wurzeln und Pflanzen zu verwenden. Der Name \u201ekandiert\u201c leitet sich vom arabischen Begriff \u201eqandi\u201c ab, der den Saft des Zuckerrohrs bezeichnete. Im Laufe der Zeit nahmen kandierte Fr\u00fcchte zwei unterschiedliche Rollen ein: Einerseits war es die einzige M\u00f6glichkeit, Obst lange haltbar zu machen, und wurde daher f\u00fcr Seeleute auf langen Reisen unentbehrlich, um eine ausgewogene Ern\u00e4hrung aufrechtzuerhalten; andererseits wurde es zu einer Delikatesse, einem wichtigen Bestandteil von S\u00fc\u00dfwaren und einer rein szenischen Laune der Aristokraten, die es liebten, ihre Tische mit pr\u00e4chtigen Kompositionen aus verschiedenen Formen kandierter Fr\u00fcchte zu schm\u00fccken. <\/li>\n<li>Die Einf\u00fchrung von kandierten Fr\u00fcchten auf der italienischen Halbinsel erfolgte zun\u00e4chst \u00fcber Sizilien &#8211; damals ein \u201earabisches Lehen\u201c -, das als Br\u00fccke zwischen Ost und West fungierte; das erste dokumentierte Auftreten von kandierten Fr\u00fcchten in Italien geht auf die Barockzeit zur\u00fcck, als 1513 zu Ehren des Besuchs der Medici Tabletts mit sizilianischen kandierten Fr\u00fcchten auf den reichen Tafeln des Campidoglio erschienen. Aufgrund der Komplexit\u00e4t des Kandierens sind heute leider viele Unternehmen dazu \u00fcbergegangen, kandierte Fr\u00fcchte industriell herzustellen, was h\u00e4ufig dazu gef\u00fchrt hat, dass der urspr\u00fcngliche Geschmack, die Besonderheit und vor allem die Qualit\u00e4t des kandierten Produkts verloren gegangen sind.<\/li>\n<\/ul>\n<p>[\/et_pb_text][\/et_pb_column][\/et_pb_row][et_pb_row column_structure=&#8221;2_5,3_5&#8243; module_class=&#8221;article_sub_img_text_content_left&#8221; _builder_version=&#8221;4.24.3&#8243; _module_preset=&#8221;default&#8221; max_width=&#8221;94%&#8221; min_height=&#8221;624.9px&#8221; custom_padding=&#8221;20px||30px||false|false&#8221; border_color_top=&#8221;RGBA(255,255,255,0)&#8221; locked=&#8221;off&#8221; global_colors_info=&#8221;{}&#8221;][et_pb_column type=&#8221;2_5&#8243; module_class=&#8221;article_sub_img_wrap_left&#8221; _builder_version=&#8221;4.20.2&#8243; _module_preset=&#8221;default&#8221; global_colors_info=&#8221;{}&#8221;][et_pb_image src=&#8221;https:\/\/www.granapadano.it\/wp-content\/uploads\/2024\/04\/gp-dark-chocolate.jpg&#8221; title_text=&#8221;gp-dark-chocolate&#8221; align=&#8221;center&#8221; show_bottom_space_tablet=&#8221;on&#8221; show_bottom_space_last_edited=&#8221;off|phone&#8221; _builder_version=&#8221;4.24.3&#8243; _module_preset=&#8221;default&#8221; custom_margin=&#8221;||0px||false|false&#8221; custom_margin_tablet=&#8221;30px||||false|false&#8221; custom_margin_phone=&#8221;30px||||false|false&#8221; custom_margin_last_edited=&#8221;on|desktop&#8221; custom_padding=&#8221;0px||0px||false|false&#8221; border_radii=&#8221;on|20px|20px|20px|20px&#8221; global_colors_info=&#8221;{}&#8221;][\/et_pb_image][\/et_pb_column][et_pb_column type=&#8221;3_5&#8243; module_class=&#8221;article_sub_text_wrap_left&#8221; _builder_version=&#8221;4.20.2&#8243; _module_preset=&#8221;default&#8221; global_colors_info=&#8221;{}&#8221;][et_pb_text _builder_version=&#8221;4.24.3&#8243; _module_preset=&#8221;default&#8221; text_font=&#8221;Merriweather|300|||||||&#8221; text_text_color=&#8221;#0f0f0f&#8221; text_font_size=&#8221;18px&#8221; text_line_height=&#8221;26px&#8221; width=&#8221;97.1%&#8221; custom_margin=&#8221;|||0px|false|false&#8221; hover_enabled=&#8221;0&#8243; global_colors_info=&#8221;{}&#8221; sticky_enabled=&#8221;0&#8243;]<\/p>\n<h3>Grana Padano DOP \u201eRiserva\u201c \u00fcber 24 Monate und Bitterschokolade mit 90 % Kakao<\/h3>\n<\/p>\n<p>Die Tafel Schokolade mit 90 % Kakao ist sicherlich f\u00fcr diejenigen bestimmt, die einen entschiedenen und kr\u00e4ftigen, aber nicht unbedingt bitteren Geschmack lieben; es ist n\u00e4mlich zu bedenken, dass die \u00fcberm\u00e4\u00dfige Pr\u00e4senz von Bitterkeit in Wirklichkeit ein Synonym f\u00fcr schlechte Qualit\u00e4t ist; der Hauch von Bitterkeit, der mit dem h\u00f6heren Kakaoanteil verbunden ist, muss immer angenehm sein und h\u00e4ngt von der Qualit\u00e4t der Kakaobohnen und vor allem von den Verarbeitungsphasen ab.<\/p>\n<p>Der \u00fcber 24 Monate gereifte Grana Padano DOP \u201eRiserva\u201c und die Schokolade mit 90 % Kakao sind zwei Produkte, die beide eine gro\u00dfe Pers\u00f6nlichkeit haben: Es ist mehr als ein Wettkampf, es ist ein \u201eKampf im Ring\u201c, bei dem die Kontrahenten ihre Qualit\u00e4ten und ihren Charakter abwechselnd zeigen, bei dem sie einander ausweichen, aber keiner den anderen dominiert, bis sie sich schlie\u00dflich in einem Strudel der Gef\u00fchle die Hand geben.<br \/>\nIn dieser Kombination kommen die intensiven aromatischen Komponenten beider Produkte auf anregende Weise zusammen. Nach dem Schlucken spielt das vom Kakao mitgebrachte Tannin eine wichtige Rolle bei der \u201eReinigung\u201c des Mundes und bereitet ihn auf einen weiteren Geschmack vor, der demjenigen, der die Geduld hat, \u201ezuzuh\u00f6ren\u201c, sicherlich immer neue und \u00fcberraschende Empfindungen bietet.<br \/>\nSicherlich ist die vorgeschlagene Kombination ein verlockendes Angebot f\u00fcr diejenigen, die auf der Suche nach neuen, besonderen und faszinierenden M\u00f6glichkeiten sind.<\/p>\n<p><strong>Besonderheit:<br \/>\n<\/strong><\/p>\n<ul>\n<li>Es ist nicht ungew\u00f6hnlich, dass sich unter den Inhaltsstoffen von Sch\u00f6nheitsprodukten ein Anteil an dunkler Schokolade befindet. Man hat n\u00e4mlich herausgefunden, dass ihre Eigenschaften die Haut weicher und elastischer machen und so die ersten F\u00e4ltchen verhindern.<\/li>\n<\/ul>\n<p>[\/et_pb_text][\/et_pb_column][\/et_pb_row][\/et_pb_section]<\/p>\n","protected":false},"excerpt":{"rendered":"<p><div class=\"breadcrumb\"><a href=\"https:\/\/www.granapadano.it\/de-de\/\">Home<\/a>  <  <\/div>Grana Padano DOP \u201eRiserva\u201c \u00fcber 24 MonateCacaoGrana Padano DOP \u201eRiserva\u201c \u00fcber 24 Monate und Kandierte Ingwerst\u00fcckchen mit Kakaopulver Das Kandieren von Fr\u00fcchten und Bl\u00fcten ist ein komplexes und zeitaufw\u00e4ndiges Verfahren, das jedoch sehr n\u00fctzlich ist, da es die organoleptischen Eigenschaften des Produkts bewahrt und \u00fcber lange Zeitr\u00e4ume hinweg intakt h\u00e4lt. F\u00fcr die Herstellung von kandierten [&hellip;]<\/p>\n","protected":false},"author":21,"featured_media":0,"parent":119061,"menu_order":328,"comment_status":"closed","ping_status":"closed","template":"","meta":{"_acf_changed":false,"_et_pb_use_builder":"on","_et_pb_old_content":"","_et_gb_content_width":"","footnotes":""},"class_list":["post-119174","page","type-page","status-publish","hentry"],"acf":[],"yoast_head":"<!-- This site is optimized with the Yoast SEO plugin v27.3 - https:\/\/yoast.com\/product\/yoast-seo-wordpress\/ -->\n<title>Grana Padano DOP \u201eRiserva\u201c \u00fcber 24 Monate und Schokolade - Grana Padano<\/title>\n<meta name=\"robots\" content=\"index, follow, max-snippet:-1, max-image-preview:large, max-video-preview:-1\" \/>\n<link rel=\"canonical\" href=\"https:\/\/www.granapadano.it\/de-de\/vorschlage-zum-servieren\/welche-schokolade-passt-zu-grana-padano-dop\/grana-padano-dop-riserva-uber-24-monate-und-schokolade\/\" \/>\n<meta property=\"og:locale\" content=\"de_DE\" \/>\n<meta property=\"og:type\" content=\"article\" \/>\n<meta property=\"og:title\" content=\"Grana Padano DOP \u201eRiserva\u201c \u00fcber 24 Monate und Schokolade - Grana Padano\" \/>\n<meta property=\"og:description\" content=\"Grana Padano DOP \u201eRiserva\u201c \u00fcber 24 MonateCacaoGrana Padano DOP \u201eRiserva\u201c \u00fcber 24 Monate und Kandierte Ingwerst\u00fcckchen mit Kakaopulver Das Kandieren von Fr\u00fcchten und Bl\u00fcten ist ein komplexes und zeitaufw\u00e4ndiges Verfahren, das jedoch sehr n\u00fctzlich ist, da es die organoleptischen Eigenschaften des Produkts bewahrt und \u00fcber lange Zeitr\u00e4ume hinweg intakt h\u00e4lt. F\u00fcr die Herstellung von kandierten [&hellip;]\" \/>\n<meta property=\"og:url\" content=\"https:\/\/www.granapadano.it\/de-de\/vorschlage-zum-servieren\/welche-schokolade-passt-zu-grana-padano-dop\/grana-padano-dop-riserva-uber-24-monate-und-schokolade\/\" \/>\n<meta property=\"og:site_name\" content=\"Grana Padano\" \/>\n<meta property=\"article:modified_time\" content=\"2024-07-04T17:40:07+00:00\" \/>\n<meta name=\"twitter:card\" content=\"summary_large_image\" \/>\n<meta name=\"twitter:label1\" content=\"Est. reading time\" \/>\n\t<meta name=\"twitter:data1\" content=\"5 minutes\" \/>\n<script type=\"application\/ld+json\" class=\"yoast-schema-graph\">{\"@context\":\"https:\\\/\\\/schema.org\",\"@graph\":[{\"@type\":\"WebPage\",\"@id\":\"https:\\\/\\\/www.granapadano.it\\\/de-de\\\/vorschlage-zum-servieren\\\/welche-schokolade-passt-zu-grana-padano-dop\\\/grana-padano-dop-riserva-uber-24-monate-und-schokolade\\\/\",\"url\":\"https:\\\/\\\/www.granapadano.it\\\/de-de\\\/vorschlage-zum-servieren\\\/welche-schokolade-passt-zu-grana-padano-dop\\\/grana-padano-dop-riserva-uber-24-monate-und-schokolade\\\/\",\"name\":\"Grana Padano DOP \u201eRiserva\u201c \u00fcber 24 Monate und Schokolade - Grana Padano\",\"isPartOf\":{\"@id\":\"https:\\\/\\\/www.granapadano.it\\\/de-de\\\/#website\"},\"datePublished\":\"2024-04-16T13:57:53+00:00\",\"dateModified\":\"2024-07-04T17:40:07+00:00\",\"breadcrumb\":{\"@id\":\"https:\\\/\\\/www.granapadano.it\\\/de-de\\\/vorschlage-zum-servieren\\\/welche-schokolade-passt-zu-grana-padano-dop\\\/grana-padano-dop-riserva-uber-24-monate-und-schokolade\\\/#breadcrumb\"},\"inLanguage\":\"de-de\",\"potentialAction\":[{\"@type\":\"ReadAction\",\"target\":[\"https:\\\/\\\/www.granapadano.it\\\/de-de\\\/vorschlage-zum-servieren\\\/welche-schokolade-passt-zu-grana-padano-dop\\\/grana-padano-dop-riserva-uber-24-monate-und-schokolade\\\/\"]}]},{\"@type\":\"BreadcrumbList\",\"@id\":\"https:\\\/\\\/www.granapadano.it\\\/de-de\\\/vorschlage-zum-servieren\\\/welche-schokolade-passt-zu-grana-padano-dop\\\/grana-padano-dop-riserva-uber-24-monate-und-schokolade\\\/#breadcrumb\",\"itemListElement\":[{\"@type\":\"ListItem\",\"position\":1,\"name\":\"Home\",\"item\":\"https:\\\/\\\/www.granapadano.it\\\/de-de\\\/\"},{\"@type\":\"ListItem\",\"position\":2,\"name\":\"Rezepte\",\"item\":\"https:\\\/\\\/www.granapadano.it\\\/de-de\\\/rezepte\\\/\"},{\"@type\":\"ListItem\",\"position\":3,\"name\":\"Welche Schokolade passt zu Grana Padano DOP\",\"item\":\"https:\\\/\\\/www.granapadano.it\\\/de-de\\\/vorschlage-zum-servieren\\\/welche-schokolade-passt-zu-grana-padano-dop\\\/\"},{\"@type\":\"ListItem\",\"position\":4,\"name\":\"Grana Padano DOP \u201eRiserva\u201c \u00fcber 24 Monate und Schokolade\"}]},{\"@type\":\"WebSite\",\"@id\":\"https:\\\/\\\/www.granapadano.it\\\/de-de\\\/#website\",\"url\":\"https:\\\/\\\/www.granapadano.it\\\/de-de\\\/\",\"name\":\"Grana Padano\",\"description\":\"\",\"potentialAction\":[{\"@type\":\"SearchAction\",\"target\":{\"@type\":\"EntryPoint\",\"urlTemplate\":\"https:\\\/\\\/www.granapadano.it\\\/de-de\\\/?s={search_term_string}\"},\"query-input\":{\"@type\":\"PropertyValueSpecification\",\"valueRequired\":true,\"valueName\":\"search_term_string\"}}],\"inLanguage\":\"de-de\"}]}<\/script>\n<!-- \/ Yoast SEO plugin. -->","yoast_head_json":{"title":"Grana Padano DOP \u201eRiserva\u201c \u00fcber 24 Monate und Schokolade - Grana Padano","robots":{"index":"index","follow":"follow","max-snippet":"max-snippet:-1","max-image-preview":"max-image-preview:large","max-video-preview":"max-video-preview:-1"},"canonical":"https:\/\/www.granapadano.it\/de-de\/vorschlage-zum-servieren\/welche-schokolade-passt-zu-grana-padano-dop\/grana-padano-dop-riserva-uber-24-monate-und-schokolade\/","og_locale":"de_DE","og_type":"article","og_title":"Grana Padano DOP \u201eRiserva\u201c \u00fcber 24 Monate und Schokolade - Grana Padano","og_description":"Grana Padano DOP \u201eRiserva\u201c \u00fcber 24 MonateCacaoGrana Padano DOP \u201eRiserva\u201c \u00fcber 24 Monate und Kandierte Ingwerst\u00fcckchen mit Kakaopulver Das Kandieren von Fr\u00fcchten und Bl\u00fcten ist ein komplexes und zeitaufw\u00e4ndiges Verfahren, das jedoch sehr n\u00fctzlich ist, da es die organoleptischen Eigenschaften des Produkts bewahrt und \u00fcber lange Zeitr\u00e4ume hinweg intakt h\u00e4lt. F\u00fcr die Herstellung von kandierten [&hellip;]","og_url":"https:\/\/www.granapadano.it\/de-de\/vorschlage-zum-servieren\/welche-schokolade-passt-zu-grana-padano-dop\/grana-padano-dop-riserva-uber-24-monate-und-schokolade\/","og_site_name":"Grana Padano","article_modified_time":"2024-07-04T17:40:07+00:00","twitter_card":"summary_large_image","twitter_misc":{"Est. reading time":"5 minutes"},"schema":{"@context":"https:\/\/schema.org","@graph":[{"@type":"WebPage","@id":"https:\/\/www.granapadano.it\/de-de\/vorschlage-zum-servieren\/welche-schokolade-passt-zu-grana-padano-dop\/grana-padano-dop-riserva-uber-24-monate-und-schokolade\/","url":"https:\/\/www.granapadano.it\/de-de\/vorschlage-zum-servieren\/welche-schokolade-passt-zu-grana-padano-dop\/grana-padano-dop-riserva-uber-24-monate-und-schokolade\/","name":"Grana Padano DOP \u201eRiserva\u201c \u00fcber 24 Monate und Schokolade - Grana Padano","isPartOf":{"@id":"https:\/\/www.granapadano.it\/de-de\/#website"},"datePublished":"2024-04-16T13:57:53+00:00","dateModified":"2024-07-04T17:40:07+00:00","breadcrumb":{"@id":"https:\/\/www.granapadano.it\/de-de\/vorschlage-zum-servieren\/welche-schokolade-passt-zu-grana-padano-dop\/grana-padano-dop-riserva-uber-24-monate-und-schokolade\/#breadcrumb"},"inLanguage":"de-de","potentialAction":[{"@type":"ReadAction","target":["https:\/\/www.granapadano.it\/de-de\/vorschlage-zum-servieren\/welche-schokolade-passt-zu-grana-padano-dop\/grana-padano-dop-riserva-uber-24-monate-und-schokolade\/"]}]},{"@type":"BreadcrumbList","@id":"https:\/\/www.granapadano.it\/de-de\/vorschlage-zum-servieren\/welche-schokolade-passt-zu-grana-padano-dop\/grana-padano-dop-riserva-uber-24-monate-und-schokolade\/#breadcrumb","itemListElement":[{"@type":"ListItem","position":1,"name":"Home","item":"https:\/\/www.granapadano.it\/de-de\/"},{"@type":"ListItem","position":2,"name":"Rezepte","item":"https:\/\/www.granapadano.it\/de-de\/rezepte\/"},{"@type":"ListItem","position":3,"name":"Welche Schokolade passt zu Grana Padano DOP","item":"https:\/\/www.granapadano.it\/de-de\/vorschlage-zum-servieren\/welche-schokolade-passt-zu-grana-padano-dop\/"},{"@type":"ListItem","position":4,"name":"Grana Padano DOP \u201eRiserva\u201c \u00fcber 24 Monate und Schokolade"}]},{"@type":"WebSite","@id":"https:\/\/www.granapadano.it\/de-de\/#website","url":"https:\/\/www.granapadano.it\/de-de\/","name":"Grana Padano","description":"","potentialAction":[{"@type":"SearchAction","target":{"@type":"EntryPoint","urlTemplate":"https:\/\/www.granapadano.it\/de-de\/?s={search_term_string}"},"query-input":{"@type":"PropertyValueSpecification","valueRequired":true,"valueName":"search_term_string"}}],"inLanguage":"de-de"}]}},"_links":{"self":[{"href":"https:\/\/www.granapadano.it\/de-de\/wp-json\/wp\/v2\/pages\/119174","targetHints":{"allow":["GET"]}}],"collection":[{"href":"https:\/\/www.granapadano.it\/de-de\/wp-json\/wp\/v2\/pages"}],"about":[{"href":"https:\/\/www.granapadano.it\/de-de\/wp-json\/wp\/v2\/types\/page"}],"author":[{"embeddable":true,"href":"https:\/\/www.granapadano.it\/de-de\/wp-json\/wp\/v2\/users\/21"}],"replies":[{"embeddable":true,"href":"https:\/\/www.granapadano.it\/de-de\/wp-json\/wp\/v2\/comments?post=119174"}],"version-history":[{"count":2,"href":"https:\/\/www.granapadano.it\/de-de\/wp-json\/wp\/v2\/pages\/119174\/revisions"}],"predecessor-version":[{"id":121873,"href":"https:\/\/www.granapadano.it\/de-de\/wp-json\/wp\/v2\/pages\/119174\/revisions\/121873"}],"up":[{"embeddable":true,"href":"https:\/\/www.granapadano.it\/de-de\/wp-json\/wp\/v2\/pages\/119061"}],"wp:attachment":[{"href":"https:\/\/www.granapadano.it\/de-de\/wp-json\/wp\/v2\/media?parent=119174"}],"curies":[{"name":"wp","href":"https:\/\/api.w.org\/{rel}","templated":true}]}}