{"id":119157,"date":"2024-04-16T12:53:43","date_gmt":"2024-04-16T12:53:43","guid":{"rendered":"https:\/\/www.granapadano.it\/vorschlage-zum-servieren\/kombinationen\/con-quale-cioccolato-abbinare-grana-padano\/come-abbinare-grana-padano-16-20-mesi-e-il-cioccolato\/"},"modified":"2024-07-04T17:35:07","modified_gmt":"2024-07-04T17:35:07","slug":"grana-padano-dop-16-20-monate-und-schokolade","status":"publish","type":"page","link":"https:\/\/www.granapadano.it\/de-de\/vorschlage-zum-servieren\/welche-schokolade-passt-zu-grana-padano-dop\/grana-padano-dop-16-20-monate-und-schokolade\/","title":{"rendered":"Grana Padano DOP 16-20 Monate und Schokolade"},"content":{"rendered":"<p>[et_pb_section fb_built=&#8221;1&#8243; fullwidth=&#8221;on&#8221; _builder_version=&#8221;4.19.5&#8243; _module_preset=&#8221;default&#8221; global_colors_info=&#8221;{}&#8221;][et_pb_fullwidth_image src=&#8221;https:\/\/www.granapadano.it\/wp-content\/uploads\/2024\/04\/Grana-Padano-e-Cioccolato-h.jpg&#8221; title_text=&#8221;Grana-Padano-e-Cioccolato-m&#8221; src_tablet=&#8221;https:\/\/www.granapadano.it\/wp-content\/uploads\/2024\/04\/Grana-Padano-e-Cioccolato-h.jpg&#8221; src_phone=&#8221;https:\/\/www.granapadano.it\/wp-content\/uploads\/2024\/04\/Grana-Padano-e-Cioccolato-m.jpg&#8221; src_last_edited=&#8221;on|phone&#8221; _builder_version=&#8221;4.24.3&#8243; _module_preset=&#8221;default&#8221; locked=&#8221;off&#8221; global_colors_info=&#8221;{}&#8221;][\/et_pb_fullwidth_image][\/et_pb_section][et_pb_section fb_built=&#8221;1&#8243; module_class=&#8221;production_sub_hub_main_wrapper&#8221; _builder_version=&#8221;4.19.4&#8243; _module_preset=&#8221;default&#8221; custom_padding=&#8221;13px||0px|||&#8221; locked=&#8221;off&#8221; global_colors_info=&#8221;{}&#8221;][et_pb_row module_class=&#8221;recipe_filter_section&#8221; _builder_version=&#8221;4.19.2&#8243; _module_preset=&#8221;default&#8221; max_width=&#8221;90%&#8221; custom_padding=&#8221;||7px|||&#8221; global_colors_info=&#8221;{}&#8221;][et_pb_column type=&#8221;4_4&#8243; _builder_version=&#8221;4.19.2&#8243; _module_preset=&#8221;default&#8221; global_colors_info=&#8221;{}&#8221;][et_pb_code _builder_version=&#8221;4.19.2&#8243; _module_preset=&#8221;default&#8221; custom_margin=&#8221;||16px|||&#8221; global_colors_info=&#8221;{}&#8221;]<div class=\"breadcrumb\"><a href=\"https:\/\/www.granapadano.it\/de-de\/\">Home<\/a>  <  <\/div>[\/et_pb_code][\/et_pb_column][\/et_pb_row][\/et_pb_section][et_pb_section fb_built=&#8221;1&#8243; module_class=&#8221;giovani_sub_hub_title&#8221; _builder_version=&#8221;4.19.5&#8243; _module_preset=&#8221;default&#8221; custom_padding=&#8221;0px||35px||false|false&#8221; locked=&#8221;off&#8221; global_colors_info=&#8221;{}&#8221;][et_pb_row module_class=&#8221;gp_producion_heading_wrapper&#8221; _builder_version=&#8221;4.19.5&#8243; _module_preset=&#8221;default&#8221; max_width=&#8221;90%&#8221; module_alignment=&#8221;center&#8221; custom_padding=&#8221;||||false|false&#8221; global_colors_info=&#8221;{}&#8221;][et_pb_column type=&#8221;4_4&#8243; _builder_version=&#8221;4.19.4&#8243; _module_preset=&#8221;default&#8221; global_colors_info=&#8221;{}&#8221;][et_pb_text module_class=&#8221;giovani_sub_hub_title_text&#8221; _builder_version=&#8221;4.24.3&#8243; _module_preset=&#8221;default&#8221; text_font=&#8221;Merriweather|700|||||||&#8221; text_text_color=&#8221;#0f0f0f&#8221; text_font_size=&#8221;80px&#8221; text_line_height=&#8221;70px&#8221; header_font=&#8221;Merriweather||||||||&#8221; header_text_color=&#8221;gcid-8696fd7e-29dd-4028-9d4d-981b208a53a9&#8243; header_font_size=&#8221;44px&#8221; header_line_height=&#8221;52px&#8221; text_orientation=&#8221;center&#8221; min_height=&#8221;83px&#8221; custom_margin=&#8221;||0px||false|false&#8221; custom_padding=&#8221;||0px||false|false&#8221; hover_enabled=&#8221;0&#8243; global_colors_info=&#8221;{%22gcid-8696fd7e-29dd-4028-9d4d-981b208a53a9%22:%91%22header_text_color%22%93}&#8221; sticky_enabled=&#8221;0&#8243;]<\/p>\n<h1>Grana Padano DOP 16-20 Monate<\/h1>\n<p>[\/et_pb_text][\/et_pb_column][\/et_pb_row][et_pb_row column_structure=&#8221;1_4,3_4&#8243; module_class=&#8221;article_dates&#8221; _builder_version=&#8221;4.19.4&#8243; _module_preset=&#8221;default&#8221; max_width=&#8221;90%&#8221; custom_padding=&#8221;2px||6px||false|false&#8221; global_colors_info=&#8221;{}&#8221;][et_pb_column type=&#8221;1_4&#8243; _builder_version=&#8221;4.19.3&#8243; _module_preset=&#8221;default&#8221; global_colors_info=&#8221;{}&#8221;][et_pb_text module_class=&#8221;button_look&#8221; _builder_version=&#8221;4.24.3&#8243; _module_preset=&#8221;default&#8221; text_font=&#8221;FontPadano-Bold||||||||&#8221; text_text_color=&#8221;#000000&#8243; text_font_size=&#8221;26px&#8221; background_color=&#8221;RGBA(255,255,255,0)&#8221; locked=&#8221;off&#8221; global_colors_info=&#8221;{}&#8221;]<\/p>\n<p>Cacao<\/p>\n<p>[\/et_pb_text][\/et_pb_column][et_pb_column type=&#8221;3_4&#8243; _builder_version=&#8221;4.19.4&#8243; _module_preset=&#8221;default&#8221; global_colors_info=&#8221;{}&#8221;][\/et_pb_column][\/et_pb_row][et_pb_row column_structure=&#8221;2_5,3_5&#8243; module_class=&#8221;article_sub_img_text_content &#8221; _builder_version=&#8221;4.24.3&#8243; _module_preset=&#8221;default&#8221; max_width=&#8221;90%&#8221; module_alignment=&#8221;center&#8221; min_height=&#8221;902.9px&#8221; custom_margin=&#8221;0px||0px||false|false&#8221; custom_padding=&#8221;0px||0px||false|false&#8221; global_colors_info=&#8221;{}&#8221;][et_pb_column type=&#8221;2_5&#8243; module_class=&#8221;article_sub_img_wrap&#8221; _builder_version=&#8221;4.20.2&#8243; _module_preset=&#8221;default&#8221; global_colors_info=&#8221;{}&#8221;][et_pb_image src=&#8221;https:\/\/www.granapadano.it\/wp-content\/uploads\/2024\/04\/GP-CIOCCOLATO-ARANCIA-16-20.jpg&#8221; title_text=&#8221;GP-CIOCCOLATO-ARANCIA-16-20&#8243; align=&#8221;center&#8221; _builder_version=&#8221;4.24.3&#8243; _module_preset=&#8221;default&#8221; positioning=&#8221;relative&#8221; vertical_offset=&#8221;63px&#8221; module_alignment=&#8221;center&#8221; border_radii=&#8221;on|20px|20px|20px|20px&#8221; global_colors_info=&#8221;{}&#8221;][\/et_pb_image][\/et_pb_column][et_pb_column type=&#8221;3_5&#8243; module_class=&#8221;article_sub_text_wrap&#8221; _builder_version=&#8221;4.20.2&#8243; _module_preset=&#8221;default&#8221; global_colors_info=&#8221;{}&#8221;][et_pb_text _builder_version=&#8221;4.24.3&#8243; _module_preset=&#8221;default&#8221; text_text_color=&#8221;#0f0f0f&#8221; text_font_size=&#8221;18px&#8221; text_line_height=&#8221;26px&#8221; width=&#8221;100%&#8221; custom_margin=&#8221;||0px||false|false&#8221; hover_enabled=&#8221;0&#8243; global_colors_info=&#8221;{}&#8221; sticky_enabled=&#8221;0&#8243;]<\/p>\n<h3>Grana Padano DOP 16-20 Monate und Schokolade aus Modica IGP (50 %) mit Orangenschalen<\/h3>\n<\/p>\n<p>Die Herstellung von Schokolade aus Modica basiert auf einem speziellen Rezept mit Grundzutaten wie bitterer Kakaomasse und Zuckerkristallen, die ihr ihre typische und leicht erkennbare k\u00f6rnige Textur verleihen.<br \/>\nDank ihrer unerwarteten Br\u00fcchigkeit bietet die Modica Schokolade angenehme Empfindungen beim Kauen: Ihre \u201egrobe und inhomogene Struktur bewirkt, dass sich die bitteren und ger\u00f6steten Noten des Kakaos im Mund mit den s\u00fc\u00dfen Noten abwechseln, die langsam von den Zuckerkristallen freigesetzt werden.<\/p>\n<p>Bei dieser Gelegenheit wollten wir den 16-20 Monate gereiften Grana Padano DOP mit Schokolade aus Modica begleiten, die mit kleinen St\u00fccken kandierter Orangenschalen aromatisiert ist. Diese von frischen Zitrusfr\u00fcchten, getrockneten Fr\u00fcchten und exotischen Aromen gepr\u00e4gte Zutat ist zusammen mit Kakao und Zucker nicht nur in der Lage, die Eigenschaften des 16-20 Monate gereiften Grana Padano DOP aufrechtzuerhalten, sondern unterstreicht auch die milderen Aromen von Butter und gekochter Milch.<br \/>\nDie Kombination ist auch aus struktureller Sicht sehr geeignet, da die noch nicht sehr k\u00f6rnigen Flocken des Grana Padano DOP 16-20 Monate in einem Wechselspiel mit den Zuckerkristallen lebendig werden: In diesem Fall stellt der K\u00e4se die \u201eweiche\u201c Komponente dar, die im Kontrast zur \u201e\u00fcberwiegenden\u201c Struktur der Schokolade steht.<br \/>\nAbschlie\u00dfend l\u00e4sst sich sagen, dass es sich um eine Kombination handelt, bei der die zitrusartige Frische der kandierten Fr\u00fcchte die entschiedeneren Noten des Grana Padano DOP begleitet und unterst\u00fctzt; keines der beiden Produkte verliert, sondern sie verst\u00e4rken sich gegenseitig.<br \/>\n<\/strong>.<\/p>\n<p><strong>Besonderheit:<\/strong><\/p>\n<ul>\n<li>Die Schokolade aus Modica  wird entsprechend des verwendenden Kakaoanteils definiert:<br \/>\n&#8211; Dunkle Modica Schokolade (von mindestens 50 % bis zu 75 %)<br \/>\n&#8211; Extra dunkle Modica Schokolade (zwischen 75 % und 85 %)<br \/>\n&#8211; Extrabittere Modica Schokolade (zwischen 85 % und 95 %)<br \/>\n&#8211; Reine Modica Schokolade mit mehr als 95 % Kakaoanteil\n<\/li>\n<li>Die erste Version der Schokolade, die sp\u00e4ter \u201eCioccolato di Modica\u201c genannt werden sollte, wurde 1519 dank der Spanier hergestellt, die die ersten Kakaobohnen nach Sizilien einf\u00fchrten. Damals f\u00fchrten die Spanier in der damaligen \u201eContea di Modica\u201c (Grafschaft von Modica) die alten aztekischen Br\u00e4uche der Kakaoverarbeitung ein. Im Jahr 1880 er\u00f6ffnete Francesco Bonajuto die erste Konditorei, die sich auf die Herstellung von Modica Schokolade spezialisierte und dabei die alte Verarbeitungsmethode beibehielt.<\/li>\n<li>Die Schokolade aus Modica wird auch heute noch nach der alten aztekischen Technik durch Kaltverarbeitung ohne \u201eConchieren\u201c hergestellt: Die Kakaomasse wird bei \u201eniedriger Temperatur\u201c (zwischen 35 \u00b0C und 45 \u00b0C) unter Zusatz von Streuzucker verarbeitet, der nicht schmelzen kann und f\u00fcr das charakteristische \u201eraue\u201c Gef\u00fchl im Mund verantwortlich ist.<\/li>\n<\/ul>\n<p>[\/et_pb_text][\/et_pb_column][\/et_pb_row][et_pb_row column_structure=&#8221;2_5,3_5&#8243; module_class=&#8221;article_sub_img_text_content_left&#8221; _builder_version=&#8221;4.24.3&#8243; _module_preset=&#8221;default&#8221; max_width=&#8221;94%&#8221; custom_padding=&#8221;20px||30px||false|false&#8221; border_color_top=&#8221;RGBA(255,255,255,0)&#8221; locked=&#8221;off&#8221; global_colors_info=&#8221;{}&#8221;][et_pb_column type=&#8221;2_5&#8243; module_class=&#8221;article_sub_img_wrap_left&#8221; _builder_version=&#8221;4.20.2&#8243; _module_preset=&#8221;default&#8221; global_colors_info=&#8221;{}&#8221;][et_pb_image src=&#8221;https:\/\/www.granapadano.it\/wp-content\/uploads\/2024\/04\/gp-dark-chocolate.jpg&#8221; title_text=&#8221;gp-dark-chocolate&#8221; align=&#8221;center&#8221; show_bottom_space_tablet=&#8221;on&#8221; show_bottom_space_last_edited=&#8221;off|phone&#8221; _builder_version=&#8221;4.24.3&#8243; _module_preset=&#8221;default&#8221; custom_margin=&#8221;||0px||false|false&#8221; custom_margin_tablet=&#8221;30px||||false|false&#8221; custom_margin_phone=&#8221;30px||||false|false&#8221; custom_margin_last_edited=&#8221;on|desktop&#8221; custom_padding=&#8221;0px||0px||false|false&#8221; border_radii=&#8221;on|20px|20px|20px|20px&#8221; global_colors_info=&#8221;{}&#8221;][\/et_pb_image][\/et_pb_column][et_pb_column type=&#8221;3_5&#8243; module_class=&#8221;article_sub_text_wrap_left&#8221; _builder_version=&#8221;4.20.2&#8243; _module_preset=&#8221;default&#8221; global_colors_info=&#8221;{}&#8221;][et_pb_text _builder_version=&#8221;4.24.3&#8243; _module_preset=&#8221;default&#8221; text_font=&#8221;Merriweather|300|||||||&#8221; text_text_color=&#8221;#0f0f0f&#8221; text_font_size=&#8221;18px&#8221; text_line_height=&#8221;26px&#8221; width=&#8221;97.1%&#8221; custom_margin=&#8221;|||0px|false|false&#8221; hover_enabled=&#8221;0&#8243; global_colors_info=&#8221;{}&#8221; sticky_enabled=&#8221;0&#8243;]<\/p>\n<h3><strong>Grana Padano DOP 16-20 Monate und Bitterschokolade mit 70 % Kakao<\/strong><\/h3>\n<\/p>\n<p>F\u00fcr den richtigen Kompromiss, aber vor allem f\u00fcr diejenigen, die die Tradition lieben, empfehlen wir die Kombination von 16-20 Monate gereiftem Grana Padano DOP mit einer Tafel dunkler Schokolade (70 % Kakaoanteil), die einen starken, aber nicht zu bitteren Geschmack aufweist.<br \/>\nExperimentierfreudige k\u00f6nnen auch eine sortenreine Schokolade mit \u201eCriollo\u201c-Kakao aus Venezuela kaufen: Dieser Kakao zeichnet sich durch ein reichhaltiges Aromaspektrum aus, das im Mund leichte Noten von geschmolzener Butter und Trockenfr\u00fcchten freisetzen kann, die in einigen F\u00e4llen auch von zarten Aromen leicht gew\u00fcrzter Vanille begleitet werden.<br \/>\nW\u00e4hrend der gesamten Kombination bewahren diese Schokolade und der 16-20 Monate gereifte Grana Padano DOP ihre eigene Identit\u00e4t in einem angenehmen Wechselspiel von abwechselnd bitteren und buttrigen Noten; auch nach dem Schlucken &#8211; auf der Nachgeschmacksebene &#8211; folgt die bittere Komponente des Kakaos und wechselt auf faszinierende Weise mit der salzigen Komponente des Grana Padano DOP. Strukturell gesehen umh\u00fcllt und begleitet die schmelzende Schokolade den Grana Padano DOP, der sich durch seine typische K\u00f6rnigkeit auszeichnet, auf angenehme Weise. Alles in allem eine gelungene Kombination, die beide Produkte zur Geltung bringt.<br \/>\n[\/et_pb_text][\/et_pb_column][\/et_pb_row][\/et_pb_section]<\/p>\n","protected":false},"excerpt":{"rendered":"<p><div class=\"breadcrumb\"><a href=\"https:\/\/www.granapadano.it\/de-de\/\">Home<\/a>  <  <\/div>Grana Padano DOP 16-20 MonateCacaoGrana Padano DOP 16-20 Monate und Schokolade aus Modica IGP (50 %) mit Orangenschalen Die Herstellung von Schokolade aus Modica basiert auf einem speziellen Rezept mit Grundzutaten wie bitterer Kakaomasse und Zuckerkristallen, die ihr ihre typische und leicht erkennbare k\u00f6rnige Textur verleihen. Dank ihrer unerwarteten Br\u00fcchigkeit bietet die Modica Schokolade angenehme [&hellip;]<\/p>\n","protected":false},"author":21,"featured_media":0,"parent":119061,"menu_order":336,"comment_status":"closed","ping_status":"closed","template":"","meta":{"_acf_changed":false,"_et_pb_use_builder":"on","_et_pb_old_content":"","_et_gb_content_width":"","footnotes":""},"class_list":["post-119157","page","type-page","status-publish","hentry"],"acf":[],"yoast_head":"<!-- This site is optimized with the Yoast SEO plugin v27.2 - https:\/\/yoast.com\/product\/yoast-seo-wordpress\/ -->\n<title>Grana Padano DOP 16-20 Monate und Schokolade - Grana Padano<\/title>\n<meta name=\"robots\" content=\"index, follow, max-snippet:-1, max-image-preview:large, max-video-preview:-1\" \/>\n<link rel=\"canonical\" href=\"https:\/\/www.granapadano.it\/de-de\/vorschlage-zum-servieren\/welche-schokolade-passt-zu-grana-padano-dop\/grana-padano-dop-16-20-monate-und-schokolade\/\" \/>\n<meta property=\"og:locale\" content=\"de_DE\" \/>\n<meta property=\"og:type\" content=\"article\" \/>\n<meta property=\"og:title\" content=\"Grana Padano DOP 16-20 Monate und Schokolade - Grana Padano\" \/>\n<meta property=\"og:description\" content=\"Grana Padano DOP 16-20 MonateCacaoGrana Padano DOP 16-20 Monate und Schokolade aus Modica IGP (50 %) mit Orangenschalen Die Herstellung von Schokolade aus Modica basiert auf einem speziellen Rezept mit Grundzutaten wie bitterer Kakaomasse und Zuckerkristallen, die ihr ihre typische und leicht erkennbare k\u00f6rnige Textur verleihen. Dank ihrer unerwarteten Br\u00fcchigkeit bietet die Modica Schokolade angenehme [&hellip;]\" \/>\n<meta property=\"og:url\" content=\"https:\/\/www.granapadano.it\/de-de\/vorschlage-zum-servieren\/welche-schokolade-passt-zu-grana-padano-dop\/grana-padano-dop-16-20-monate-und-schokolade\/\" \/>\n<meta property=\"og:site_name\" content=\"Grana Padano\" \/>\n<meta property=\"article:modified_time\" content=\"2024-07-04T17:35:07+00:00\" \/>\n<meta name=\"twitter:card\" content=\"summary_large_image\" \/>\n<meta name=\"twitter:label1\" content=\"Est. reading time\" \/>\n\t<meta name=\"twitter:data1\" content=\"4 minutes\" \/>\n<script type=\"application\/ld+json\" class=\"yoast-schema-graph\">{\"@context\":\"https:\/\/schema.org\",\"@graph\":[{\"@type\":\"WebPage\",\"@id\":\"https:\/\/www.granapadano.it\/de-de\/vorschlage-zum-servieren\/welche-schokolade-passt-zu-grana-padano-dop\/grana-padano-dop-16-20-monate-und-schokolade\/\",\"url\":\"https:\/\/www.granapadano.it\/de-de\/vorschlage-zum-servieren\/welche-schokolade-passt-zu-grana-padano-dop\/grana-padano-dop-16-20-monate-und-schokolade\/\",\"name\":\"Grana Padano DOP 16-20 Monate und Schokolade - Grana Padano\",\"isPartOf\":{\"@id\":\"https:\/\/www.granapadano.it\/de-de\/#website\"},\"datePublished\":\"2024-04-16T12:53:43+00:00\",\"dateModified\":\"2024-07-04T17:35:07+00:00\",\"breadcrumb\":{\"@id\":\"https:\/\/www.granapadano.it\/de-de\/vorschlage-zum-servieren\/welche-schokolade-passt-zu-grana-padano-dop\/grana-padano-dop-16-20-monate-und-schokolade\/#breadcrumb\"},\"inLanguage\":\"de-de\",\"potentialAction\":[{\"@type\":\"ReadAction\",\"target\":[\"https:\/\/www.granapadano.it\/de-de\/vorschlage-zum-servieren\/welche-schokolade-passt-zu-grana-padano-dop\/grana-padano-dop-16-20-monate-und-schokolade\/\"]}]},{\"@type\":\"BreadcrumbList\",\"@id\":\"https:\/\/www.granapadano.it\/de-de\/vorschlage-zum-servieren\/welche-schokolade-passt-zu-grana-padano-dop\/grana-padano-dop-16-20-monate-und-schokolade\/#breadcrumb\",\"itemListElement\":[{\"@type\":\"ListItem\",\"position\":1,\"name\":\"Home\",\"item\":\"https:\/\/www.granapadano.it\/de-de\/\"},{\"@type\":\"ListItem\",\"position\":2,\"name\":\"Rezepte\",\"item\":\"https:\/\/www.granapadano.it\/de-de\/rezepte\/\"},{\"@type\":\"ListItem\",\"position\":3,\"name\":\"Welche Schokolade passt zu Grana Padano DOP\",\"item\":\"https:\/\/www.granapadano.it\/de-de\/vorschlage-zum-servieren\/welche-schokolade-passt-zu-grana-padano-dop\/\"},{\"@type\":\"ListItem\",\"position\":4,\"name\":\"Grana Padano DOP 16-20 Monate und Schokolade\"}]},{\"@type\":\"WebSite\",\"@id\":\"https:\/\/www.granapadano.it\/de-de\/#website\",\"url\":\"https:\/\/www.granapadano.it\/de-de\/\",\"name\":\"Grana Padano\",\"description\":\"\",\"potentialAction\":[{\"@type\":\"SearchAction\",\"target\":{\"@type\":\"EntryPoint\",\"urlTemplate\":\"https:\/\/www.granapadano.it\/de-de\/?s={search_term_string}\"},\"query-input\":{\"@type\":\"PropertyValueSpecification\",\"valueRequired\":true,\"valueName\":\"search_term_string\"}}],\"inLanguage\":\"de-de\"}]}<\/script>\n<!-- \/ Yoast SEO plugin. -->","yoast_head_json":{"title":"Grana Padano DOP 16-20 Monate und Schokolade - Grana Padano","robots":{"index":"index","follow":"follow","max-snippet":"max-snippet:-1","max-image-preview":"max-image-preview:large","max-video-preview":"max-video-preview:-1"},"canonical":"https:\/\/www.granapadano.it\/de-de\/vorschlage-zum-servieren\/welche-schokolade-passt-zu-grana-padano-dop\/grana-padano-dop-16-20-monate-und-schokolade\/","og_locale":"de_DE","og_type":"article","og_title":"Grana Padano DOP 16-20 Monate und Schokolade - Grana Padano","og_description":"Grana Padano DOP 16-20 MonateCacaoGrana Padano DOP 16-20 Monate und Schokolade aus Modica IGP (50 %) mit Orangenschalen Die Herstellung von Schokolade aus Modica basiert auf einem speziellen Rezept mit Grundzutaten wie bitterer Kakaomasse und Zuckerkristallen, die ihr ihre typische und leicht erkennbare k\u00f6rnige Textur verleihen. Dank ihrer unerwarteten Br\u00fcchigkeit bietet die Modica Schokolade angenehme [&hellip;]","og_url":"https:\/\/www.granapadano.it\/de-de\/vorschlage-zum-servieren\/welche-schokolade-passt-zu-grana-padano-dop\/grana-padano-dop-16-20-monate-und-schokolade\/","og_site_name":"Grana Padano","article_modified_time":"2024-07-04T17:35:07+00:00","twitter_card":"summary_large_image","twitter_misc":{"Est. reading time":"4 minutes"},"schema":{"@context":"https:\/\/schema.org","@graph":[{"@type":"WebPage","@id":"https:\/\/www.granapadano.it\/de-de\/vorschlage-zum-servieren\/welche-schokolade-passt-zu-grana-padano-dop\/grana-padano-dop-16-20-monate-und-schokolade\/","url":"https:\/\/www.granapadano.it\/de-de\/vorschlage-zum-servieren\/welche-schokolade-passt-zu-grana-padano-dop\/grana-padano-dop-16-20-monate-und-schokolade\/","name":"Grana Padano DOP 16-20 Monate und Schokolade - Grana Padano","isPartOf":{"@id":"https:\/\/www.granapadano.it\/de-de\/#website"},"datePublished":"2024-04-16T12:53:43+00:00","dateModified":"2024-07-04T17:35:07+00:00","breadcrumb":{"@id":"https:\/\/www.granapadano.it\/de-de\/vorschlage-zum-servieren\/welche-schokolade-passt-zu-grana-padano-dop\/grana-padano-dop-16-20-monate-und-schokolade\/#breadcrumb"},"inLanguage":"de-de","potentialAction":[{"@type":"ReadAction","target":["https:\/\/www.granapadano.it\/de-de\/vorschlage-zum-servieren\/welche-schokolade-passt-zu-grana-padano-dop\/grana-padano-dop-16-20-monate-und-schokolade\/"]}]},{"@type":"BreadcrumbList","@id":"https:\/\/www.granapadano.it\/de-de\/vorschlage-zum-servieren\/welche-schokolade-passt-zu-grana-padano-dop\/grana-padano-dop-16-20-monate-und-schokolade\/#breadcrumb","itemListElement":[{"@type":"ListItem","position":1,"name":"Home","item":"https:\/\/www.granapadano.it\/de-de\/"},{"@type":"ListItem","position":2,"name":"Rezepte","item":"https:\/\/www.granapadano.it\/de-de\/rezepte\/"},{"@type":"ListItem","position":3,"name":"Welche Schokolade passt zu Grana Padano DOP","item":"https:\/\/www.granapadano.it\/de-de\/vorschlage-zum-servieren\/welche-schokolade-passt-zu-grana-padano-dop\/"},{"@type":"ListItem","position":4,"name":"Grana Padano DOP 16-20 Monate und Schokolade"}]},{"@type":"WebSite","@id":"https:\/\/www.granapadano.it\/de-de\/#website","url":"https:\/\/www.granapadano.it\/de-de\/","name":"Grana Padano","description":"","potentialAction":[{"@type":"SearchAction","target":{"@type":"EntryPoint","urlTemplate":"https:\/\/www.granapadano.it\/de-de\/?s={search_term_string}"},"query-input":{"@type":"PropertyValueSpecification","valueRequired":true,"valueName":"search_term_string"}}],"inLanguage":"de-de"}]}},"_links":{"self":[{"href":"https:\/\/www.granapadano.it\/de-de\/wp-json\/wp\/v2\/pages\/119157","targetHints":{"allow":["GET"]}}],"collection":[{"href":"https:\/\/www.granapadano.it\/de-de\/wp-json\/wp\/v2\/pages"}],"about":[{"href":"https:\/\/www.granapadano.it\/de-de\/wp-json\/wp\/v2\/types\/page"}],"author":[{"embeddable":true,"href":"https:\/\/www.granapadano.it\/de-de\/wp-json\/wp\/v2\/users\/21"}],"replies":[{"embeddable":true,"href":"https:\/\/www.granapadano.it\/de-de\/wp-json\/wp\/v2\/comments?post=119157"}],"version-history":[{"count":3,"href":"https:\/\/www.granapadano.it\/de-de\/wp-json\/wp\/v2\/pages\/119157\/revisions"}],"predecessor-version":[{"id":121870,"href":"https:\/\/www.granapadano.it\/de-de\/wp-json\/wp\/v2\/pages\/119157\/revisions\/121870"}],"up":[{"embeddable":true,"href":"https:\/\/www.granapadano.it\/de-de\/wp-json\/wp\/v2\/pages\/119061"}],"wp:attachment":[{"href":"https:\/\/www.granapadano.it\/de-de\/wp-json\/wp\/v2\/media?parent=119157"}],"curies":[{"name":"wp","href":"https:\/\/api.w.org\/{rel}","templated":true}]}}