{"id":119131,"date":"2024-04-16T10:27:28","date_gmt":"2024-04-16T10:27:28","guid":{"rendered":"https:\/\/www.granapadano.it\/vorschlage-zum-servieren\/kombinationen\/con-quale-cioccolato-abbinare-grana-padano\/come-abbinare-grana-padano-9-16-mesi-e-il-cioccolato\/"},"modified":"2024-07-04T17:34:30","modified_gmt":"2024-07-04T17:34:30","slug":"grana-padano-dop-9-16-monate-und-schokolade","status":"publish","type":"page","link":"https:\/\/www.granapadano.it\/de-de\/vorschlage-zum-servieren\/welche-schokolade-passt-zu-grana-padano-dop\/grana-padano-dop-9-16-monate-und-schokolade\/","title":{"rendered":"Grana Padano DOP 9-16 Monate und Schokolade"},"content":{"rendered":"<p>[et_pb_section fb_built=&#8221;1&#8243; fullwidth=&#8221;on&#8221; _builder_version=&#8221;4.19.5&#8243; _module_preset=&#8221;default&#8221; global_colors_info=&#8221;{}&#8221;][et_pb_fullwidth_image src=&#8221;https:\/\/www.granapadano.it\/wp-content\/uploads\/2024\/04\/Grana-Padano-e-Cioccolato-h.jpg&#8221; title_text=&#8221;Grana-Padano-e-Cioccolato-m&#8221; src_tablet=&#8221;https:\/\/www.granapadano.it\/wp-content\/uploads\/2024\/04\/Grana-Padano-e-Cioccolato-h.jpg&#8221; src_phone=&#8221;https:\/\/www.granapadano.it\/wp-content\/uploads\/2024\/04\/Grana-Padano-e-Cioccolato-m.jpg&#8221; src_last_edited=&#8221;on|phone&#8221; _builder_version=&#8221;4.24.3&#8243; _module_preset=&#8221;default&#8221; locked=&#8221;off&#8221; global_colors_info=&#8221;{}&#8221;][\/et_pb_fullwidth_image][\/et_pb_section][et_pb_section fb_built=&#8221;1&#8243; module_class=&#8221;production_sub_hub_main_wrapper&#8221; _builder_version=&#8221;4.19.4&#8243; _module_preset=&#8221;default&#8221; custom_padding=&#8221;13px||0px|||&#8221; locked=&#8221;off&#8221; global_colors_info=&#8221;{}&#8221;][et_pb_row module_class=&#8221;recipe_filter_section&#8221; _builder_version=&#8221;4.19.2&#8243; _module_preset=&#8221;default&#8221; max_width=&#8221;90%&#8221; custom_padding=&#8221;||7px|||&#8221; global_colors_info=&#8221;{}&#8221;][et_pb_column type=&#8221;4_4&#8243; _builder_version=&#8221;4.19.2&#8243; _module_preset=&#8221;default&#8221; global_colors_info=&#8221;{}&#8221;][et_pb_code _builder_version=&#8221;4.19.2&#8243; _module_preset=&#8221;default&#8221; custom_margin=&#8221;||16px|||&#8221; global_colors_info=&#8221;{}&#8221;]<div class=\"breadcrumb\"><a href=\"https:\/\/www.granapadano.it\/de-de\/\">Home<\/a>  <  <\/div>[\/et_pb_code][\/et_pb_column][\/et_pb_row][\/et_pb_section][et_pb_section fb_built=&#8221;1&#8243; module_class=&#8221;giovani_sub_hub_title&#8221; _builder_version=&#8221;4.19.5&#8243; _module_preset=&#8221;default&#8221; custom_padding=&#8221;0px||35px||false|false&#8221; locked=&#8221;off&#8221; global_colors_info=&#8221;{}&#8221;][et_pb_row module_class=&#8221;gp_producion_heading_wrapper&#8221; _builder_version=&#8221;4.19.5&#8243; _module_preset=&#8221;default&#8221; max_width=&#8221;90%&#8221; module_alignment=&#8221;center&#8221; custom_padding=&#8221;||||false|false&#8221; global_colors_info=&#8221;{}&#8221;][et_pb_column type=&#8221;4_4&#8243; _builder_version=&#8221;4.19.4&#8243; _module_preset=&#8221;default&#8221; global_colors_info=&#8221;{}&#8221;][et_pb_text module_class=&#8221;giovani_sub_hub_title_text&#8221; _builder_version=&#8221;4.24.3&#8243; _module_preset=&#8221;default&#8221; text_font=&#8221;Merriweather|700|||||||&#8221; text_text_color=&#8221;#0f0f0f&#8221; text_font_size=&#8221;80px&#8221; text_line_height=&#8221;70px&#8221; header_font=&#8221;Merriweather||||||||&#8221; header_text_color=&#8221;gcid-8696fd7e-29dd-4028-9d4d-981b208a53a9&#8243; header_font_size=&#8221;44px&#8221; header_line_height=&#8221;52px&#8221; text_orientation=&#8221;center&#8221; min_height=&#8221;83px&#8221; custom_margin=&#8221;||0px||false|false&#8221; custom_padding=&#8221;||0px||false|false&#8221; hover_enabled=&#8221;0&#8243; global_colors_info=&#8221;{%22gcid-8696fd7e-29dd-4028-9d4d-981b208a53a9%22:%91%22header_text_color%22%93}&#8221; sticky_enabled=&#8221;0&#8243;]<\/p>\n<h1>Grana Padano DOP 9-16 Monate<\/h1>\n<p>[\/et_pb_text][\/et_pb_column][\/et_pb_row][et_pb_row column_structure=&#8221;1_4,3_4&#8243; module_class=&#8221;article_dates&#8221; _builder_version=&#8221;4.19.4&#8243; _module_preset=&#8221;default&#8221; max_width=&#8221;90%&#8221; custom_padding=&#8221;2px||6px||false|false&#8221; global_colors_info=&#8221;{}&#8221;][et_pb_column type=&#8221;1_4&#8243; _builder_version=&#8221;4.19.3&#8243; _module_preset=&#8221;default&#8221; global_colors_info=&#8221;{}&#8221;][et_pb_text module_class=&#8221;button_look&#8221; _builder_version=&#8221;4.24.3&#8243; _module_preset=&#8221;default&#8221; text_font=&#8221;FontPadano-Bold||||||||&#8221; text_text_color=&#8221;#000000&#8243; text_font_size=&#8221;26px&#8221; background_color=&#8221;RGBA(255,255,255,0)&#8221; locked=&#8221;off&#8221; global_colors_info=&#8221;{}&#8221;]<\/p>\n<p>Cacao<\/p>\n<p>[\/et_pb_text][\/et_pb_column][et_pb_column type=&#8221;3_4&#8243; _builder_version=&#8221;4.19.4&#8243; _module_preset=&#8221;default&#8221; global_colors_info=&#8221;{}&#8221;][\/et_pb_column][\/et_pb_row][et_pb_row column_structure=&#8221;2_5,3_5&#8243; module_class=&#8221;article_sub_img_text_content &#8221; _builder_version=&#8221;4.24.3&#8243; _module_preset=&#8221;default&#8221; max_width=&#8221;90%&#8221; module_alignment=&#8221;center&#8221; min_height=&#8221;817.9px&#8221; custom_margin=&#8221;0px||0px||false|false&#8221; custom_padding=&#8221;0px||1px||false|false&#8221; global_colors_info=&#8221;{}&#8221;][et_pb_column type=&#8221;2_5&#8243; module_class=&#8221;article_sub_img_wrap&#8221; _builder_version=&#8221;4.20.2&#8243; _module_preset=&#8221;default&#8221; global_colors_info=&#8221;{}&#8221;][et_pb_image src=&#8221;https:\/\/www.granapadano.it\/wp-content\/uploads\/2024\/04\/GP_CIOCCOLATO-BIANCO-9-16.jpg&#8221; title_text=&#8221;GP_CIOCCOLATO-BIANCO-9-16&#8243; align=&#8221;center&#8221; _builder_version=&#8221;4.24.3&#8243; _module_preset=&#8221;default&#8221; positioning=&#8221;relative&#8221; vertical_offset=&#8221;63px&#8221; module_alignment=&#8221;center&#8221; border_radii=&#8221;on|20px|20px|20px|20px&#8221; global_colors_info=&#8221;{}&#8221;][\/et_pb_image][\/et_pb_column][et_pb_column type=&#8221;3_5&#8243; module_class=&#8221;article_sub_text_wrap&#8221; _builder_version=&#8221;4.20.2&#8243; _module_preset=&#8221;default&#8221; global_colors_info=&#8221;{}&#8221;][et_pb_text _builder_version=&#8221;4.24.3&#8243; _module_preset=&#8221;default&#8221; text_text_color=&#8221;#0f0f0f&#8221; text_font_size=&#8221;18px&#8221; text_line_height=&#8221;26px&#8221; width=&#8221;100%&#8221; custom_margin=&#8221;||0px||false|false&#8221; hover_enabled=&#8221;0&#8243; global_colors_info=&#8221;{}&#8221; sticky_enabled=&#8221;0&#8243;]<\/p>\n<h3><strong>Grana Padano DOP 9-16 Monate und Wei\u00dfe Schokolade mit Lakritzst\u00fcckchen (und Mikrosalzkristallen)<\/strong><\/h3>\n<p>Wei\u00dfe Schokolade wird aus drei einfachen Zutaten hergestellt: Kakaobutter mit einem Anteil von mindestens 20 %, Zucker und mindestens 14 % Milch.<br \/>\nIhr Name r\u00fchrt daher, dass der Mischung ohne Kakaomasse die \u201ebraune\u201c Komponente fehlt, die ihr ihre typische Farbe verleiht. Sie wird als \u201ewei\u00df\u201c bezeichnet, aber ihre Farbe variiert von blass bis elfenbeinfarben mit m\u00f6glichen Nuancen, die von gelblich bis sandfarben reichen.<br \/>\nDie vorgeschlagene Schokolade hat einen zarten Geruch nach Milch und Butter mit einem Hauch von Lakritz. Aus aromatischer und geschmacklicher Sicht nimmt man einen zarten Hauch von Milchcreme und eine nicht aufdringliche S\u00fc\u00dfe wahr, die sich perfekt mit dem kaum wahrnehmbaren Aroma von Lakritz vermischt; letzteres kehrt in Nase und Mund als geschmacklich-olfaktorische Note oder im Nachgeschmack zur\u00fcck. <\/p>\n<p>Beim Probieren dieser Kombination empfiehlt es sich, zuerst die Schokolade zu probieren, indem man sie sanft im Mund zergehen l\u00e4sst, wodurch die cremigen und buttrigen Aromen freigesetzt werden, und dann ein St\u00fcckchen 9-16 Monate gereiften Grana Padano DOP zu kauen, der dank seiner typischen S\u00fc\u00dfe die wei\u00dfe Schokolade harmonisch begleitet.<br \/>\nBeim Genuss kann man die Knusprigkeit und das Aroma der Lakritzst\u00fcckchen wahrnehmen, die hervorstechen und \u00fcberraschen und dem Ganzen Lebendigkeit verleihen; au\u00dferdem werden die Aromen im Mund durch die winzigen Salzkristalle verst\u00e4rkt, deren Struktur an die des 9-16 Monate gereiften Grana Padano DOP erinnert, der, obwohl er noch jung ist, bereits eine gewisse K\u00f6rnigkeit aufweist.<br \/>\nDie vorgeschlagene Kombination scheint eine unm\u00f6gliche Herausforderung zu sein, aber sie zeigt, wie der Grana Padano DOP dieses Typs tats\u00e4chlich eine Symbiose mit wei\u00dfer Schokolade eingehen kann, indem er eine Harmonie von zarten D\u00fcften schafft, die von Noten von gekochter Milch \u00fcber Sahne bis hin zu leicht geschmolzener Butter reichen.\n<\/p>\n<p><strong>Besonderheit:<br \/><\/strong><\/p>\n<ul>\n<li>Die Geschichte der wei\u00dfen Schokolade begann in den 30er Jahren in der Schweiz kurz nach dem Ersten Weltkrieg. Damals stellte sich das Problem, die \u00fcbersch\u00fcssige Kakaobutter aus der Kakaoverarbeitung zu entsorgen. So kam man auf die Idee, Kakaobutter mit Milchpulver und Zucker zu mischen und \u201eerfand\u201c damit das heutige Grundrezept f\u00fcr wei\u00dfe Schokolade, deren erste Tafel 1967 (unter dem Namen \u201eAlpin chocolate bar\u201c) auf den Markt kam. <\/li>\n<li>\u201eLakritz\u201c, eine ungew\u00f6hnliche Zutat, kann als die Seele der ionischen K\u00fcste Kalabriens bezeichnet werden. Die urspr\u00fcnglich aus dem Mittelmeerraum stammende Pflanze w\u00e4chst wild an der kalabrischen K\u00fcste, wo 80 % der nationalen Produktion konzentriert sind und wo sie ihren ganz besonderen Geschmack und ihre Eigenschaften erh\u00e4lt. Es gibt unterschiedliche Lakritzsorten, aber die beliebteste ist \u201eglabra\u201c. Die Anerkennung \u201eLiquirizia di Calabria DOP\u201c wurde 2011 zuteil und ist ausschlie\u00dflich frischer, getrockneter Lakritze und ihrem Extrakt vorbehalten.<\/li>\n<\/ul>\n<p>[\/et_pb_text][\/et_pb_column][\/et_pb_row][et_pb_row column_structure=&#8221;2_5,3_5&#8243; module_class=&#8221;article_sub_img_text_content_left&#8221; _builder_version=&#8221;4.24.3&#8243; _module_preset=&#8221;default&#8221; max_width=&#8221;94%&#8221; custom_padding=&#8221;20px||30px||false|false&#8221; border_color_top=&#8221;RGBA(255,255,255,0)&#8221; locked=&#8221;off&#8221; global_colors_info=&#8221;{}&#8221;][et_pb_column type=&#8221;2_5&#8243; module_class=&#8221;article_sub_img_wrap_left&#8221; _builder_version=&#8221;4.20.2&#8243; _module_preset=&#8221;default&#8221; global_colors_info=&#8221;{}&#8221;][et_pb_image src=&#8221;https:\/\/www.granapadano.it\/wp-content\/uploads\/2024\/04\/GP_Cioccolato-menta-9-16.jpg&#8221; title_text=&#8221;GP_Cioccolato-menta-9-16&#8243; align=&#8221;center&#8221; show_bottom_space_tablet=&#8221;on&#8221; show_bottom_space_last_edited=&#8221;off|phone&#8221; _builder_version=&#8221;4.24.3&#8243; _module_preset=&#8221;default&#8221; custom_margin=&#8221;||0px||false|false&#8221; custom_margin_tablet=&#8221;30px||||false|false&#8221; custom_margin_phone=&#8221;30px||||false|false&#8221; custom_margin_last_edited=&#8221;on|desktop&#8221; custom_padding=&#8221;0px||0px||false|false&#8221; border_radii=&#8221;on|20px|20px|20px|20px&#8221; global_colors_info=&#8221;{}&#8221;][\/et_pb_image][\/et_pb_column][et_pb_column type=&#8221;3_5&#8243; module_class=&#8221;article_sub_text_wrap_left&#8221; _builder_version=&#8221;4.20.2&#8243; _module_preset=&#8221;default&#8221; global_colors_info=&#8221;{}&#8221;][et_pb_text _builder_version=&#8221;4.24.3&#8243; _module_preset=&#8221;default&#8221; text_font=&#8221;Merriweather|300|||||||&#8221; text_text_color=&#8221;#0f0f0f&#8221; text_font_size=&#8221;18px&#8221; text_line_height=&#8221;26px&#8221; width=&#8221;97.1%&#8221; custom_margin=&#8221;|||0px|false|false&#8221; hover_enabled=&#8221;0&#8243; global_colors_info=&#8221;{}&#8221; sticky_enabled=&#8221;0&#8243;]<\/p>\n<h3><strong> Grana Padano DOP 9-16 Monate und Zartbitterschokolade mit Minzcremef\u00fcllung <\/strong><\/h3>\n<\/p>\n<p>Schwarz, bitter oder dunkel sind alles Synonyme f\u00fcr eine Schokolade mit einem Kakaoanteil von mindestens 45 %; wenn auf der Verpackung \u201eextra dunkel\u201c oder \u201edark\u201c steht, erh\u00f6ht sich der Anteil mit Sicherheit auf 70 % und mehr, bis hin zu 100 %.<br \/>\nF\u00fcr welche Schokolade sollte man sich also entscheiden, um den eigenen Anspr\u00fcchen gerecht zu werden?<br \/>\nNat\u00fcrlich sollte der Verbraucher in erster Linie eine Qualit\u00e4tsschokolade bevorzugen, aber die endg\u00fcltige Wahl h\u00e4ngt vom pers\u00f6nlichen Geschmack ab: Wenn ein hoher Kakaoanteil f\u00fcr den Gaumen vielleicht etwas zu bitter ist, empfehlen wir, mit einem geringeren Kakaoanteil zu beginnen und vielleicht zu einer Schokolade mit einer \u201eungew\u00f6hnlichen\u201c Zutat \u00fcberzugehen, um die bittere Note zu mildern.<br \/>\nWir schlagen daher eine sehr frische Minzf\u00fcllung vor, die von einer knusprigen, sehr feinen Schicht aus Zartbitterschokolade umh\u00fcllt ist, die mit Sicherheit einen \u201eHauch von Frische\u201c in den Mund bringt; die Zartheit der Minz-Ganache wird beim Biss freigesetzt und vermischt sich mit der d\u00fcnnen Schokoladenh\u00fclle, die sanft zerbr\u00f6ckelt, um ganz neue Aromen zu erzeugen und ein erfrischendes Pfefferminzgef\u00fchl im Mund zu hinterlassen.<\/p>\n<p>Beim Probieren dieser Kombination empfiehlt es sich, zuerst die Schokolade zu probieren, indem man in ein kleines St\u00fcckchen der Tafel bei\u00dft, um die F\u00fcllung herauszulassen und dann ein wenig des Grana Padano DOP: Auf diese Weise entsteht eine Kombination von Empfindungen zwischen dem sehr zarten Kakao, der durch die d\u00fcnne Umh\u00fcllung entsteht, und der Minzcreme, die niemals aufdringlich ist und die Eigenschaften des 9-16 Monate gereiften Grana Padano DOP hervorheben kann.<br \/>\nDar\u00fcber hinaus umh\u00fcllt und begleitet die anf\u00e4ngliche Struktur der Schokolade, unterst\u00fctzt durch die Weichheit der F\u00fcllung, allm\u00e4hlich den K\u00e4se, dessen Noten von Milch und geschmolzener Butter langsam hervortreten, begleitet am Ende von den pflanzlichen Noten, die diesen kurz gereiften Grana Padano DOP kennzeichnen.<br \/>\n[\/et_pb_text][\/et_pb_column][\/et_pb_row][et_pb_row _builder_version=&#8221;4.24.3&#8243; _module_preset=&#8221;default&#8221; max_width=&#8221;90%&#8221; module_alignment=&#8221;center&#8221; custom_margin=&#8221;0px||||false|false&#8221; custom_padding=&#8221;0px||0px||false|false&#8221; border_color_bottom=&#8221;RGBA(255,255,255,0)&#8221; locked=&#8221;off&#8221; global_colors_info=&#8221;{}&#8221;][et_pb_column type=&#8221;4_4&#8243; _builder_version=&#8221;4.19.5&#8243; _module_preset=&#8221;default&#8221; global_colors_info=&#8221;{}&#8221;][et_pb_text _builder_version=&#8221;4.24.3&#8243; _module_preset=&#8221;default&#8221; text_text_color=&#8221;#0f0f0f&#8221; text_font_size=&#8221;18px&#8221; text_line_height=&#8221;26px&#8221; width=&#8221;100%&#8221; custom_padding=&#8221;|33px||||&#8221; hover_enabled=&#8221;0&#8243; global_colors_info=&#8221;{}&#8221; sticky_enabled=&#8221;0&#8243;]<strong>Besonderheit: <\/strong><\/p>\n<ul>\n<li>Pfefferminze, bzw. \u201eMentha piperita\u201c, ist eine in den gem\u00e4\u00dfigten Zonen weit verbreitete Kr\u00e4uterpflanze, die sowohl im Flachland als auch im Gebirge, in der N\u00e4he von Flussl\u00e4ufen oder in Feuchtgebieten vorkommt. Die Pflanze ist seit der Antike f\u00fcr ihre medizinischen Eigenschaften bekannt: Fr\u00fcher wurde sie als Muskelrelaxans verwendet. <\/li>\n<li>Der aus ihr gewonnene Wirkstoff hei\u00dft \u201eMenthol\u201c.<\/li>\n<\/ul>\n<p>&nbsp;<\/p>\n<p>&nbsp;[\/et_pb_text][\/et_pb_column][\/et_pb_row][\/et_pb_section]<\/p>\n","protected":false},"excerpt":{"rendered":"<p><div class=\"breadcrumb\"><a href=\"https:\/\/www.granapadano.it\/de-de\/\">Home<\/a>  <  <\/div>Grana Padano DOP 9-16 MonateCacaoGrana Padano DOP 9-16 Monate und Wei\u00dfe Schokolade mit Lakritzst\u00fcckchen (und Mikrosalzkristallen) Wei\u00dfe Schokolade wird aus drei einfachen Zutaten hergestellt: Kakaobutter mit einem Anteil von mindestens 20 %, Zucker und mindestens 14 % Milch. Ihr Name r\u00fchrt daher, dass der Mischung ohne Kakaomasse die \u201ebraune\u201c Komponente fehlt, die ihr ihre typische [&hellip;]<\/p>\n","protected":false},"author":21,"featured_media":0,"parent":119061,"menu_order":306,"comment_status":"closed","ping_status":"closed","template":"","meta":{"_acf_changed":false,"_et_pb_use_builder":"on","_et_pb_old_content":"","_et_gb_content_width":"","footnotes":""},"class_list":["post-119131","page","type-page","status-publish","hentry"],"acf":[],"yoast_head":"<!-- This site is optimized with the Yoast SEO plugin v27.4 - https:\/\/yoast.com\/product\/yoast-seo-wordpress\/ -->\n<title>Grana Padano DOP 9-16 Monate und Schokolade - Grana Padano<\/title>\n<meta name=\"robots\" content=\"index, follow, max-snippet:-1, max-image-preview:large, max-video-preview:-1\" \/>\n<link rel=\"canonical\" href=\"https:\/\/www.granapadano.it\/de-de\/vorschlage-zum-servieren\/welche-schokolade-passt-zu-grana-padano-dop\/grana-padano-dop-9-16-monate-und-schokolade\/\" \/>\n<meta property=\"og:locale\" content=\"de_DE\" \/>\n<meta property=\"og:type\" content=\"article\" \/>\n<meta property=\"og:title\" content=\"Grana Padano DOP 9-16 Monate und Schokolade - Grana Padano\" \/>\n<meta property=\"og:description\" content=\"Grana Padano DOP 9-16 MonateCacaoGrana Padano DOP 9-16 Monate und Wei\u00dfe Schokolade mit Lakritzst\u00fcckchen (und Mikrosalzkristallen) Wei\u00dfe Schokolade wird aus drei einfachen Zutaten hergestellt: Kakaobutter mit einem Anteil von mindestens 20 %, Zucker und mindestens 14 % Milch. Ihr Name r\u00fchrt daher, dass der Mischung ohne Kakaomasse die \u201ebraune\u201c Komponente fehlt, die ihr ihre typische [&hellip;]\" \/>\n<meta property=\"og:url\" content=\"https:\/\/www.granapadano.it\/de-de\/vorschlage-zum-servieren\/welche-schokolade-passt-zu-grana-padano-dop\/grana-padano-dop-9-16-monate-und-schokolade\/\" \/>\n<meta property=\"og:site_name\" content=\"Grana Padano\" \/>\n<meta property=\"article:modified_time\" content=\"2024-07-04T17:34:30+00:00\" \/>\n<meta name=\"twitter:card\" content=\"summary_large_image\" \/>\n<meta name=\"twitter:label1\" content=\"Est. reading time\" \/>\n\t<meta name=\"twitter:data1\" content=\"5 minutes\" \/>\n<script type=\"application\/ld+json\" class=\"yoast-schema-graph\">{\"@context\":\"https:\\\/\\\/schema.org\",\"@graph\":[{\"@type\":\"WebPage\",\"@id\":\"https:\\\/\\\/www.granapadano.it\\\/de-de\\\/vorschlage-zum-servieren\\\/welche-schokolade-passt-zu-grana-padano-dop\\\/grana-padano-dop-9-16-monate-und-schokolade\\\/\",\"url\":\"https:\\\/\\\/www.granapadano.it\\\/de-de\\\/vorschlage-zum-servieren\\\/welche-schokolade-passt-zu-grana-padano-dop\\\/grana-padano-dop-9-16-monate-und-schokolade\\\/\",\"name\":\"Grana Padano DOP 9-16 Monate und Schokolade - Grana Padano\",\"isPartOf\":{\"@id\":\"https:\\\/\\\/www.granapadano.it\\\/de-de\\\/#website\"},\"datePublished\":\"2024-04-16T10:27:28+00:00\",\"dateModified\":\"2024-07-04T17:34:30+00:00\",\"breadcrumb\":{\"@id\":\"https:\\\/\\\/www.granapadano.it\\\/de-de\\\/vorschlage-zum-servieren\\\/welche-schokolade-passt-zu-grana-padano-dop\\\/grana-padano-dop-9-16-monate-und-schokolade\\\/#breadcrumb\"},\"inLanguage\":\"de-de\",\"potentialAction\":[{\"@type\":\"ReadAction\",\"target\":[\"https:\\\/\\\/www.granapadano.it\\\/de-de\\\/vorschlage-zum-servieren\\\/welche-schokolade-passt-zu-grana-padano-dop\\\/grana-padano-dop-9-16-monate-und-schokolade\\\/\"]}]},{\"@type\":\"BreadcrumbList\",\"@id\":\"https:\\\/\\\/www.granapadano.it\\\/de-de\\\/vorschlage-zum-servieren\\\/welche-schokolade-passt-zu-grana-padano-dop\\\/grana-padano-dop-9-16-monate-und-schokolade\\\/#breadcrumb\",\"itemListElement\":[{\"@type\":\"ListItem\",\"position\":1,\"name\":\"Home\",\"item\":\"https:\\\/\\\/www.granapadano.it\\\/de-de\\\/\"},{\"@type\":\"ListItem\",\"position\":2,\"name\":\"Rezepte\",\"item\":\"https:\\\/\\\/www.granapadano.it\\\/de-de\\\/rezepte\\\/\"},{\"@type\":\"ListItem\",\"position\":3,\"name\":\"Welche Schokolade passt zu Grana Padano DOP\",\"item\":\"https:\\\/\\\/www.granapadano.it\\\/de-de\\\/vorschlage-zum-servieren\\\/welche-schokolade-passt-zu-grana-padano-dop\\\/\"},{\"@type\":\"ListItem\",\"position\":4,\"name\":\"Grana Padano DOP 9-16 Monate und Schokolade\"}]},{\"@type\":\"WebSite\",\"@id\":\"https:\\\/\\\/www.granapadano.it\\\/de-de\\\/#website\",\"url\":\"https:\\\/\\\/www.granapadano.it\\\/de-de\\\/\",\"name\":\"Grana Padano\",\"description\":\"\",\"potentialAction\":[{\"@type\":\"SearchAction\",\"target\":{\"@type\":\"EntryPoint\",\"urlTemplate\":\"https:\\\/\\\/www.granapadano.it\\\/de-de\\\/?s={search_term_string}\"},\"query-input\":{\"@type\":\"PropertyValueSpecification\",\"valueRequired\":true,\"valueName\":\"search_term_string\"}}],\"inLanguage\":\"de-de\"}]}<\/script>\n<!-- \/ Yoast SEO plugin. -->","yoast_head_json":{"title":"Grana Padano DOP 9-16 Monate und Schokolade - Grana Padano","robots":{"index":"index","follow":"follow","max-snippet":"max-snippet:-1","max-image-preview":"max-image-preview:large","max-video-preview":"max-video-preview:-1"},"canonical":"https:\/\/www.granapadano.it\/de-de\/vorschlage-zum-servieren\/welche-schokolade-passt-zu-grana-padano-dop\/grana-padano-dop-9-16-monate-und-schokolade\/","og_locale":"de_DE","og_type":"article","og_title":"Grana Padano DOP 9-16 Monate und Schokolade - Grana Padano","og_description":"Grana Padano DOP 9-16 MonateCacaoGrana Padano DOP 9-16 Monate und Wei\u00dfe Schokolade mit Lakritzst\u00fcckchen (und Mikrosalzkristallen) Wei\u00dfe Schokolade wird aus drei einfachen Zutaten hergestellt: Kakaobutter mit einem Anteil von mindestens 20 %, Zucker und mindestens 14 % Milch. Ihr Name r\u00fchrt daher, dass der Mischung ohne Kakaomasse die \u201ebraune\u201c Komponente fehlt, die ihr ihre typische [&hellip;]","og_url":"https:\/\/www.granapadano.it\/de-de\/vorschlage-zum-servieren\/welche-schokolade-passt-zu-grana-padano-dop\/grana-padano-dop-9-16-monate-und-schokolade\/","og_site_name":"Grana Padano","article_modified_time":"2024-07-04T17:34:30+00:00","twitter_card":"summary_large_image","twitter_misc":{"Est. reading time":"5 minutes"},"schema":{"@context":"https:\/\/schema.org","@graph":[{"@type":"WebPage","@id":"https:\/\/www.granapadano.it\/de-de\/vorschlage-zum-servieren\/welche-schokolade-passt-zu-grana-padano-dop\/grana-padano-dop-9-16-monate-und-schokolade\/","url":"https:\/\/www.granapadano.it\/de-de\/vorschlage-zum-servieren\/welche-schokolade-passt-zu-grana-padano-dop\/grana-padano-dop-9-16-monate-und-schokolade\/","name":"Grana Padano DOP 9-16 Monate und Schokolade - Grana Padano","isPartOf":{"@id":"https:\/\/www.granapadano.it\/de-de\/#website"},"datePublished":"2024-04-16T10:27:28+00:00","dateModified":"2024-07-04T17:34:30+00:00","breadcrumb":{"@id":"https:\/\/www.granapadano.it\/de-de\/vorschlage-zum-servieren\/welche-schokolade-passt-zu-grana-padano-dop\/grana-padano-dop-9-16-monate-und-schokolade\/#breadcrumb"},"inLanguage":"de-de","potentialAction":[{"@type":"ReadAction","target":["https:\/\/www.granapadano.it\/de-de\/vorschlage-zum-servieren\/welche-schokolade-passt-zu-grana-padano-dop\/grana-padano-dop-9-16-monate-und-schokolade\/"]}]},{"@type":"BreadcrumbList","@id":"https:\/\/www.granapadano.it\/de-de\/vorschlage-zum-servieren\/welche-schokolade-passt-zu-grana-padano-dop\/grana-padano-dop-9-16-monate-und-schokolade\/#breadcrumb","itemListElement":[{"@type":"ListItem","position":1,"name":"Home","item":"https:\/\/www.granapadano.it\/de-de\/"},{"@type":"ListItem","position":2,"name":"Rezepte","item":"https:\/\/www.granapadano.it\/de-de\/rezepte\/"},{"@type":"ListItem","position":3,"name":"Welche Schokolade passt zu Grana Padano DOP","item":"https:\/\/www.granapadano.it\/de-de\/vorschlage-zum-servieren\/welche-schokolade-passt-zu-grana-padano-dop\/"},{"@type":"ListItem","position":4,"name":"Grana Padano DOP 9-16 Monate und Schokolade"}]},{"@type":"WebSite","@id":"https:\/\/www.granapadano.it\/de-de\/#website","url":"https:\/\/www.granapadano.it\/de-de\/","name":"Grana Padano","description":"","potentialAction":[{"@type":"SearchAction","target":{"@type":"EntryPoint","urlTemplate":"https:\/\/www.granapadano.it\/de-de\/?s={search_term_string}"},"query-input":{"@type":"PropertyValueSpecification","valueRequired":true,"valueName":"search_term_string"}}],"inLanguage":"de-de"}]}},"_links":{"self":[{"href":"https:\/\/www.granapadano.it\/de-de\/wp-json\/wp\/v2\/pages\/119131","targetHints":{"allow":["GET"]}}],"collection":[{"href":"https:\/\/www.granapadano.it\/de-de\/wp-json\/wp\/v2\/pages"}],"about":[{"href":"https:\/\/www.granapadano.it\/de-de\/wp-json\/wp\/v2\/types\/page"}],"author":[{"embeddable":true,"href":"https:\/\/www.granapadano.it\/de-de\/wp-json\/wp\/v2\/users\/21"}],"replies":[{"embeddable":true,"href":"https:\/\/www.granapadano.it\/de-de\/wp-json\/wp\/v2\/comments?post=119131"}],"version-history":[{"count":8,"href":"https:\/\/www.granapadano.it\/de-de\/wp-json\/wp\/v2\/pages\/119131\/revisions"}],"predecessor-version":[{"id":121871,"href":"https:\/\/www.granapadano.it\/de-de\/wp-json\/wp\/v2\/pages\/119131\/revisions\/121871"}],"up":[{"embeddable":true,"href":"https:\/\/www.granapadano.it\/de-de\/wp-json\/wp\/v2\/pages\/119061"}],"wp:attachment":[{"href":"https:\/\/www.granapadano.it\/de-de\/wp-json\/wp\/v2\/media?parent=119131"}],"curies":[{"name":"wp","href":"https:\/\/api.w.org\/{rel}","templated":true}]}}