{"id":119114,"date":"2024-04-16T16:35:34","date_gmt":"2024-04-16T16:35:34","guid":{"rendered":"https:\/\/www.granapadano.it\/vorschlage-zum-servieren\/kombinationen\/con-quale-mostarda-abbinare-grana-padano\/come-abbinare-grana-padano-riserva-oltre-24-mesi-con-la-mostarda\/"},"modified":"2024-05-08T14:21:35","modified_gmt":"2024-05-08T14:21:35","slug":"come-abbinare-grana-padano-riserva-oltre-24-mesi-con-la-mostarda","status":"publish","type":"page","link":"https:\/\/www.granapadano.it\/de-de\/vorschlage-zum-servieren\/con-quale-mostarda-abbinare-grana-padano\/come-abbinare-grana-padano-riserva-oltre-24-mesi-con-la-mostarda\/","title":{"rendered":"Come abbinare Grana Padano &#8220;Riserva&#8221; oltre 24 mesi con la mostarda"},"content":{"rendered":"<p>[et_pb_section fb_built=&#8221;1&#8243; fullwidth=&#8221;on&#8221; _builder_version=&#8221;4.19.5&#8243; _module_preset=&#8221;default&#8221; global_colors_info=&#8221;{}&#8221;][et_pb_fullwidth_image src=&#8221;https:\/\/www.granapadano.it\/wp-content\/uploads\/2024\/04\/GP_Mostarda-h.jpg&#8221; title_text=&#8221;GP_Mostarda-m&#8221; src_tablet=&#8221;https:\/\/www.granapadano.it\/wp-content\/uploads\/2024\/04\/GP_Mostarda-h.jpg&#8221; src_phone=&#8221;https:\/\/www.granapadano.it\/wp-content\/uploads\/2024\/04\/GP_Mostarda-m.jpg&#8221; src_last_edited=&#8221;on|phone&#8221; _builder_version=&#8221;4.24.3&#8243; _module_preset=&#8221;default&#8221; locked=&#8221;off&#8221; global_colors_info=&#8221;{}&#8221;][\/et_pb_fullwidth_image][\/et_pb_section][et_pb_section fb_built=&#8221;1&#8243; module_class=&#8221;production_sub_hub_main_wrapper&#8221; _builder_version=&#8221;4.19.4&#8243; _module_preset=&#8221;default&#8221; custom_padding=&#8221;13px||0px|||&#8221; locked=&#8221;off&#8221; global_colors_info=&#8221;{}&#8221;][et_pb_row module_class=&#8221;recipe_filter_section&#8221; _builder_version=&#8221;4.19.2&#8243; _module_preset=&#8221;default&#8221; max_width=&#8221;90%&#8221; custom_padding=&#8221;||7px|||&#8221; global_colors_info=&#8221;{}&#8221;][et_pb_column type=&#8221;4_4&#8243; _builder_version=&#8221;4.19.2&#8243; _module_preset=&#8221;default&#8221; global_colors_info=&#8221;{}&#8221;][et_pb_code _builder_version=&#8221;4.19.2&#8243; _module_preset=&#8221;default&#8221; custom_margin=&#8221;||16px|||&#8221; global_colors_info=&#8221;{}&#8221;]<div class=\"breadcrumb\"><a href=\"https:\/\/www.granapadano.it\/de-de\/\">Home<\/a>  <  <\/div>[\/et_pb_code][\/et_pb_column][\/et_pb_row][\/et_pb_section][et_pb_section fb_built=&#8221;1&#8243; module_class=&#8221;giovani_sub_hub_title&#8221; _builder_version=&#8221;4.19.5&#8243; _module_preset=&#8221;default&#8221; custom_padding=&#8221;0px||35px||false|false&#8221; locked=&#8221;off&#8221; global_colors_info=&#8221;{}&#8221;][et_pb_row module_class=&#8221;gp_producion_heading_wrapper&#8221; _builder_version=&#8221;4.19.5&#8243; _module_preset=&#8221;default&#8221; max_width=&#8221;90%&#8221; module_alignment=&#8221;center&#8221; custom_padding=&#8221;||||false|false&#8221; global_colors_info=&#8221;{}&#8221;][et_pb_column type=&#8221;4_4&#8243; _builder_version=&#8221;4.19.4&#8243; _module_preset=&#8221;default&#8221; global_colors_info=&#8221;{}&#8221;][et_pb_text module_class=&#8221;giovani_sub_hub_title_text&#8221; _builder_version=&#8221;4.24.3&#8243; _module_preset=&#8221;default&#8221; text_font=&#8221;Merriweather|700|||||||&#8221; text_text_color=&#8221;#0f0f0f&#8221; text_font_size=&#8221;80px&#8221; text_line_height=&#8221;70px&#8221; header_font=&#8221;Merriweather||||||||&#8221; header_text_color=&#8221;gcid-8696fd7e-29dd-4028-9d4d-981b208a53a9&#8243; header_font_size=&#8221;44px&#8221; header_line_height=&#8221;52px&#8221; text_orientation=&#8221;center&#8221; min_height=&#8221;38px&#8221; custom_margin=&#8221;||0px||false|false&#8221; custom_padding=&#8221;||0px||false|false&#8221; hover_enabled=&#8221;0&#8243; global_colors_info=&#8221;{%22gcid-8696fd7e-29dd-4028-9d4d-981b208a53a9%22:%91%22header_text_color%22%93}&#8221; sticky_enabled=&#8221;0&#8243;]<\/p>\n<h1>Grana Padano DOP \u201eRiserva\u201c \u00fcber 24 Monate<\/h1>\n<p>[\/et_pb_text][\/et_pb_column][\/et_pb_row][et_pb_row column_structure=&#8221;1_4,3_4&#8243; module_class=&#8221;article_dates&#8221; _builder_version=&#8221;4.19.4&#8243; _module_preset=&#8221;default&#8221; max_width=&#8221;90%&#8221; custom_padding=&#8221;2px||6px||false|false&#8221; global_colors_info=&#8221;{}&#8221;][et_pb_column type=&#8221;1_4&#8243; _builder_version=&#8221;4.19.3&#8243; _module_preset=&#8221;default&#8221; global_colors_info=&#8221;{}&#8221;][et_pb_text module_class=&#8221;button_look&#8221; _builder_version=&#8221;4.24.3&#8243; _module_preset=&#8221;default&#8221; text_font=&#8221;FontPadano-Bold||||||||&#8221; text_text_color=&#8221;#000000&#8243; text_font_size=&#8221;26px&#8221; background_color=&#8221;RGBA(255,255,255,0)&#8221; locked=&#8221;off&#8221; global_colors_info=&#8221;{}&#8221;]<\/p>\n<p>Mostarda<\/p>\n<p>[\/et_pb_text][\/et_pb_column][et_pb_column type=&#8221;3_4&#8243; _builder_version=&#8221;4.19.4&#8243; _module_preset=&#8221;default&#8221; global_colors_info=&#8221;{}&#8221;][\/et_pb_column][\/et_pb_row][et_pb_row _builder_version=&#8221;4.24.3&#8243; _module_preset=&#8221;default&#8221; global_colors_info=&#8221;{}&#8221;][et_pb_column type=&#8221;4_4&#8243; module_class=&#8221;article_sub_img_wrap&#8221; _builder_version=&#8221;4.20.2&#8243; _module_preset=&#8221;default&#8221; global_colors_info=&#8221;{}&#8221;][et_pb_text _builder_version=&#8221;4.24.3&#8243; _module_preset=&#8221;default&#8221; text_text_color=&#8221;#0f0f0f&#8221; text_font_size=&#8221;18px&#8221; text_line_height=&#8221;26px&#8221; width=&#8221;100%&#8221; custom_margin=&#8221;||0px||false|false&#8221; hover_enabled=&#8221;0&#8243; global_colors_info=&#8221;{}&#8221; sticky_enabled=&#8221;0&#8243;]<\/p>\n<h3><strong>Grana Padano DOP \u201eRiserva\u201c \u00fcber 24 Monate und Mostarda Veneta mit \u00c4pfeln und kandierten Fr\u00fcchten<\/strong><\/h3>\n<p>Diese Mostarda Veneta ist ein Rezept nach alter Tradition, das Quitten, Apfelp\u00fcree, kandierte Fr\u00fcchte in unterschiedlichen Anteilen (Orange und Zitrone, Glukose-Fruktose-Sirup, Schwefeldioxid) und Senf als nat\u00fcrliches Aroma verwendet.<br \/>\nIn der Nase hat er einen fruchtigen Duft nach Bratapfel und eine starke Zitrusnote; am Gaumen erinnert seine Textur an ein s\u00fc\u00dfes P\u00fcree, das von einer angenehmen Sch\u00e4rfe begleitet wird; diese Eigenschaften machen sie au\u00dferordentlich ausgewogen und geeignet f\u00fcr die Kombination mit K\u00e4sesorten, auch solchen, die lange gereift sind, wie der mehr als 24 Monate gereifte Grana Padano \u201eRiserva\u201c.<br \/>\nDer Wert dieser Kombination liegt in der Ausgewogenheit der Sch\u00e4rfe, die die beiden Produkte &#8211; wenn auch in unterschiedlicher Intensit\u00e4t &#8211; kennzeichnet. Aus aromatischer Sicht bieten die Zitrusnoten von Orange und Zitrone ein leicht erfrischendes Gef\u00fchl und verleihen einem so \u201ekr\u00e4ftigen\u201c K\u00e4se ein Gleichgewicht, w\u00e4hrend aus taktiler Sicht das Apfelp\u00fcree in der Lage ist, die stark k\u00f6rnige Struktur des K\u00e4ses zu umh\u00fcllen, ihn im Mund auf angenehme Weise zu begleiten und seinen Geschmack zu f\u00f6rdern.\n<\/p>\n<p>[\/et_pb_text][\/et_pb_column][\/et_pb_row][et_pb_row column_structure=&#8221;2_5,3_5&#8243; module_class=&#8221;article_sub_img_text_content_left&#8221; _builder_version=&#8221;4.24.3&#8243; _module_preset=&#8221;default&#8221; max_width=&#8221;94%&#8221; custom_padding=&#8221;20px||30px||false|false&#8221; border_color_top=&#8221;RGBA(255,255,255,0)&#8221; locked=&#8221;off&#8221; global_colors_info=&#8221;{}&#8221;][et_pb_column type=&#8221;2_5&#8243; module_class=&#8221;article_sub_img_wrap_left&#8221; _builder_version=&#8221;4.20.2&#8243; _module_preset=&#8221;default&#8221; global_colors_info=&#8221;{}&#8221;][et_pb_image src=&#8221;https:\/\/www.granapadano.it\/wp-content\/uploads\/2024\/04\/GP_MOSTARDA-DI-CIPOLLA.jpg&#8221; title_text=&#8221;GP_MOSTARDA-DI-CIPOLLA&#8221; align=&#8221;center&#8221; show_bottom_space_tablet=&#8221;on&#8221; show_bottom_space_last_edited=&#8221;off|phone&#8221; _builder_version=&#8221;4.24.3&#8243; _module_preset=&#8221;default&#8221; custom_margin=&#8221;||0px||false|false&#8221; custom_margin_tablet=&#8221;30px||||false|false&#8221; custom_margin_phone=&#8221;30px||||false|false&#8221; custom_margin_last_edited=&#8221;on|desktop&#8221; custom_padding=&#8221;0px||0px||false|false&#8221; border_radii=&#8221;on|20px|20px|20px|20px&#8221; global_colors_info=&#8221;{}&#8221;][\/et_pb_image][\/et_pb_column][et_pb_column type=&#8221;3_5&#8243; module_class=&#8221;article_sub_text_wrap_left&#8221; _builder_version=&#8221;4.20.2&#8243; _module_preset=&#8221;default&#8221; global_colors_info=&#8221;{}&#8221;][et_pb_text _builder_version=&#8221;4.24.3&#8243; _module_preset=&#8221;default&#8221; text_font=&#8221;Merriweather|300|||||||&#8221; text_text_color=&#8221;#0f0f0f&#8221; text_font_size=&#8221;18px&#8221; text_line_height=&#8221;26px&#8221; width=&#8221;97.1%&#8221; custom_margin=&#8221;|||0px|false|false&#8221; hover_enabled=&#8221;0&#8243; global_colors_info=&#8221;{}&#8221; sticky_enabled=&#8221;0&#8243;]<\/p>\n<h3><strong>Grana Padano DOP \u201eRiserva\u201c \u00fcber 24 Monate und Mostarda Mantovana mit gelben Zwiebeln.<\/strong><\/h3>\n<p>Die Herstellung von Senffr\u00fcchten und -gem\u00fcse ist eine hohe Kunst, die nur wenige beherrschen, vor allem, wenn es sich um Gem\u00fcse handelt. In den b\u00e4uerlichen Familien und in der l\u00e4ndlichen Kultur Mantuas war die F\u00e4higkeit, Produkte das ganze Jahr \u00fcber aufzubewahren, jedoch eine wesentliche und lebenswichtige Praxis, weshalb die Techniken dieser Verarbeitung verfeinert wurden.<br \/>\nZwiebeln konnten lange aufbewahrt werden, aber die Natur erwacht zu bestimmten Zeiten, und wenn der Keim erscheint, empfiehlt es sich nicht mehr, sie zum Kochen zu verwenden. Daher wird die Zwiebel, nachdem sie in Ringe geschnitten und gekocht wurde, zur Herstellung von Mostarda verwendet.<br \/>\nDiese Mostarda mit Zwiebeln hat in der Regel eine goldgelbe Farbe (es gibt auch eine dunkelrot-violette Variante), die durch die Karamellisierung mit Kristall- oder Rohrzucker ins Kupfrige tendiert.<br \/>\nDas Aroma dieser Mostarda erinnert deutlich an karamellisierte Zwiebeln, w\u00e4hrend die s\u00fc\u00dfe Zwiebel am Gaumen wahrgenommen wird; die taktile Textur und die aromatischen Noten des Gem\u00fcses sind noch deutlich zu erkennen.<br \/>\nEs handelt sich um eine etwas raffinierte Kombination f\u00fcr Liebhaber kr\u00e4ftiger Aromen, die sich durch ein angenehmes Zusammentreffen zweier Produkte mit gro\u00dfem Charakter auszeichnet.<br \/>\nDie S\u00fc\u00dfe und das karamellisierte Zwiebelaroma behaupten sich gegen\u00fcber der herzhaften Komponente und der Intensit\u00e4t und der geschmacklich-aromatischen Komplexit\u00e4t des mehr als 24 Monate gereiften Grana Padano \u201eRiserva\u201c.<br \/>\nAus taktiler Sicht weisen beide Produkte wichtige, deutlich wahrnehmbare Texturen auf, die sich w\u00e4hrend des Kauens im Mund abwechseln. Auch nach der Verkostung ist der Nachhall im Geschmack und Geruch langanhaltend, ohne dass das eine dem anderen den Vorzug gibt.<br \/>\nJedem Verbraucher wird empfohlen, die Mengen sorgf\u00e4ltig zu dosieren, um das richtige Gleichgewicht f\u00fcr seinen Geschmack zu finden.\n<\/p>\n<p>[\/et_pb_text][\/et_pb_column][\/et_pb_row][\/et_pb_section]<\/p>\n","protected":false},"excerpt":{"rendered":"<p><div class=\"breadcrumb\"><a href=\"https:\/\/www.granapadano.it\/de-de\/\">Home<\/a>  <  <\/div>Grana Padano DOP \u201eRiserva\u201c \u00fcber 24 MonateMostardaGrana Padano DOP \u201eRiserva\u201c \u00fcber 24 Monate und Mostarda Veneta mit \u00c4pfeln und kandierten Fr\u00fcchten Diese Mostarda Veneta ist ein Rezept nach alter Tradition, das Quitten, Apfelp\u00fcree, kandierte Fr\u00fcchte in unterschiedlichen Anteilen (Orange und Zitrone, Glukose-Fruktose-Sirup, Schwefeldioxid) und Senf als nat\u00fcrliches Aroma verwendet. In der Nase hat er einen [&hellip;]<\/p>\n","protected":false},"author":21,"featured_media":0,"parent":119057,"menu_order":385,"comment_status":"closed","ping_status":"closed","template":"","meta":{"_acf_changed":false,"_et_pb_use_builder":"on","_et_pb_old_content":"","_et_gb_content_width":"","footnotes":""},"class_list":["post-119114","page","type-page","status-publish","hentry"],"acf":[],"yoast_head":"<!-- This site is optimized with the Yoast SEO plugin v27.3 - https:\/\/yoast.com\/product\/yoast-seo-wordpress\/ -->\n<title>Come abbinare Grana Padano &quot;Riserva&quot; oltre 24 mesi con la mostarda - Grana Padano<\/title>\n<meta name=\"robots\" content=\"index, follow, max-snippet:-1, max-image-preview:large, max-video-preview:-1\" \/>\n<link rel=\"canonical\" href=\"https:\/\/www.granapadano.it\/de-de\/vorschlage-zum-servieren\/con-quale-mostarda-abbinare-grana-padano\/come-abbinare-grana-padano-riserva-oltre-24-mesi-con-la-mostarda\/\" \/>\n<meta property=\"og:locale\" content=\"de_DE\" \/>\n<meta property=\"og:type\" content=\"article\" \/>\n<meta property=\"og:title\" content=\"Come abbinare Grana Padano &quot;Riserva&quot; oltre 24 mesi con la mostarda - Grana Padano\" \/>\n<meta property=\"og:description\" content=\"Grana Padano DOP \u201eRiserva\u201c \u00fcber 24 MonateMostardaGrana Padano DOP \u201eRiserva\u201c \u00fcber 24 Monate und Mostarda Veneta mit \u00c4pfeln und kandierten Fr\u00fcchten Diese Mostarda Veneta ist ein Rezept nach alter Tradition, das Quitten, Apfelp\u00fcree, kandierte Fr\u00fcchte in unterschiedlichen Anteilen (Orange und Zitrone, Glukose-Fruktose-Sirup, Schwefeldioxid) und Senf als nat\u00fcrliches Aroma verwendet. In der Nase hat er einen [&hellip;]\" \/>\n<meta property=\"og:url\" content=\"https:\/\/www.granapadano.it\/de-de\/vorschlage-zum-servieren\/con-quale-mostarda-abbinare-grana-padano\/come-abbinare-grana-padano-riserva-oltre-24-mesi-con-la-mostarda\/\" \/>\n<meta property=\"og:site_name\" content=\"Grana Padano\" \/>\n<meta property=\"article:modified_time\" content=\"2024-05-08T14:21:35+00:00\" \/>\n<meta name=\"twitter:card\" content=\"summary_large_image\" \/>\n<meta name=\"twitter:label1\" content=\"Est. reading time\" \/>\n\t<meta name=\"twitter:data1\" content=\"3 minutes\" \/>\n<script type=\"application\/ld+json\" class=\"yoast-schema-graph\">{\"@context\":\"https:\\\/\\\/schema.org\",\"@graph\":[{\"@type\":\"WebPage\",\"@id\":\"https:\\\/\\\/www.granapadano.it\\\/de-de\\\/vorschlage-zum-servieren\\\/con-quale-mostarda-abbinare-grana-padano\\\/come-abbinare-grana-padano-riserva-oltre-24-mesi-con-la-mostarda\\\/\",\"url\":\"https:\\\/\\\/www.granapadano.it\\\/de-de\\\/vorschlage-zum-servieren\\\/con-quale-mostarda-abbinare-grana-padano\\\/come-abbinare-grana-padano-riserva-oltre-24-mesi-con-la-mostarda\\\/\",\"name\":\"Come abbinare Grana Padano \\\"Riserva\\\" oltre 24 mesi con la mostarda - Grana Padano\",\"isPartOf\":{\"@id\":\"https:\\\/\\\/www.granapadano.it\\\/de-de\\\/#website\"},\"datePublished\":\"2024-04-16T16:35:34+00:00\",\"dateModified\":\"2024-05-08T14:21:35+00:00\",\"breadcrumb\":{\"@id\":\"https:\\\/\\\/www.granapadano.it\\\/de-de\\\/vorschlage-zum-servieren\\\/con-quale-mostarda-abbinare-grana-padano\\\/come-abbinare-grana-padano-riserva-oltre-24-mesi-con-la-mostarda\\\/#breadcrumb\"},\"inLanguage\":\"de-de\",\"potentialAction\":[{\"@type\":\"ReadAction\",\"target\":[\"https:\\\/\\\/www.granapadano.it\\\/de-de\\\/vorschlage-zum-servieren\\\/con-quale-mostarda-abbinare-grana-padano\\\/come-abbinare-grana-padano-riserva-oltre-24-mesi-con-la-mostarda\\\/\"]}]},{\"@type\":\"BreadcrumbList\",\"@id\":\"https:\\\/\\\/www.granapadano.it\\\/de-de\\\/vorschlage-zum-servieren\\\/con-quale-mostarda-abbinare-grana-padano\\\/come-abbinare-grana-padano-riserva-oltre-24-mesi-con-la-mostarda\\\/#breadcrumb\",\"itemListElement\":[{\"@type\":\"ListItem\",\"position\":1,\"name\":\"Home\",\"item\":\"https:\\\/\\\/www.granapadano.it\\\/de-de\\\/\"},{\"@type\":\"ListItem\",\"position\":2,\"name\":\"Rezepte\",\"item\":\"https:\\\/\\\/www.granapadano.it\\\/de-de\\\/rezepte\\\/\"},{\"@type\":\"ListItem\",\"position\":3,\"name\":\"Con quale mostarda abbinare Grana Padano\",\"item\":\"https:\\\/\\\/www.granapadano.it\\\/de-de\\\/vorschlage-zum-servieren\\\/con-quale-mostarda-abbinare-grana-padano\\\/\"},{\"@type\":\"ListItem\",\"position\":4,\"name\":\"Come abbinare Grana Padano &#8220;Riserva&#8221; oltre 24 mesi con la mostarda\"}]},{\"@type\":\"WebSite\",\"@id\":\"https:\\\/\\\/www.granapadano.it\\\/de-de\\\/#website\",\"url\":\"https:\\\/\\\/www.granapadano.it\\\/de-de\\\/\",\"name\":\"Grana Padano\",\"description\":\"\",\"potentialAction\":[{\"@type\":\"SearchAction\",\"target\":{\"@type\":\"EntryPoint\",\"urlTemplate\":\"https:\\\/\\\/www.granapadano.it\\\/de-de\\\/?s={search_term_string}\"},\"query-input\":{\"@type\":\"PropertyValueSpecification\",\"valueRequired\":true,\"valueName\":\"search_term_string\"}}],\"inLanguage\":\"de-de\"}]}<\/script>\n<!-- \/ Yoast SEO plugin. -->","yoast_head_json":{"title":"Come abbinare Grana Padano \"Riserva\" oltre 24 mesi con la mostarda - Grana Padano","robots":{"index":"index","follow":"follow","max-snippet":"max-snippet:-1","max-image-preview":"max-image-preview:large","max-video-preview":"max-video-preview:-1"},"canonical":"https:\/\/www.granapadano.it\/de-de\/vorschlage-zum-servieren\/con-quale-mostarda-abbinare-grana-padano\/come-abbinare-grana-padano-riserva-oltre-24-mesi-con-la-mostarda\/","og_locale":"de_DE","og_type":"article","og_title":"Come abbinare Grana Padano \"Riserva\" oltre 24 mesi con la mostarda - Grana Padano","og_description":"Grana Padano DOP \u201eRiserva\u201c \u00fcber 24 MonateMostardaGrana Padano DOP \u201eRiserva\u201c \u00fcber 24 Monate und Mostarda Veneta mit \u00c4pfeln und kandierten Fr\u00fcchten Diese Mostarda Veneta ist ein Rezept nach alter Tradition, das Quitten, Apfelp\u00fcree, kandierte Fr\u00fcchte in unterschiedlichen Anteilen (Orange und Zitrone, Glukose-Fruktose-Sirup, Schwefeldioxid) und Senf als nat\u00fcrliches Aroma verwendet. In der Nase hat er einen [&hellip;]","og_url":"https:\/\/www.granapadano.it\/de-de\/vorschlage-zum-servieren\/con-quale-mostarda-abbinare-grana-padano\/come-abbinare-grana-padano-riserva-oltre-24-mesi-con-la-mostarda\/","og_site_name":"Grana Padano","article_modified_time":"2024-05-08T14:21:35+00:00","twitter_card":"summary_large_image","twitter_misc":{"Est. reading time":"3 minutes"},"schema":{"@context":"https:\/\/schema.org","@graph":[{"@type":"WebPage","@id":"https:\/\/www.granapadano.it\/de-de\/vorschlage-zum-servieren\/con-quale-mostarda-abbinare-grana-padano\/come-abbinare-grana-padano-riserva-oltre-24-mesi-con-la-mostarda\/","url":"https:\/\/www.granapadano.it\/de-de\/vorschlage-zum-servieren\/con-quale-mostarda-abbinare-grana-padano\/come-abbinare-grana-padano-riserva-oltre-24-mesi-con-la-mostarda\/","name":"Come abbinare Grana Padano \"Riserva\" oltre 24 mesi con la mostarda - Grana Padano","isPartOf":{"@id":"https:\/\/www.granapadano.it\/de-de\/#website"},"datePublished":"2024-04-16T16:35:34+00:00","dateModified":"2024-05-08T14:21:35+00:00","breadcrumb":{"@id":"https:\/\/www.granapadano.it\/de-de\/vorschlage-zum-servieren\/con-quale-mostarda-abbinare-grana-padano\/come-abbinare-grana-padano-riserva-oltre-24-mesi-con-la-mostarda\/#breadcrumb"},"inLanguage":"de-de","potentialAction":[{"@type":"ReadAction","target":["https:\/\/www.granapadano.it\/de-de\/vorschlage-zum-servieren\/con-quale-mostarda-abbinare-grana-padano\/come-abbinare-grana-padano-riserva-oltre-24-mesi-con-la-mostarda\/"]}]},{"@type":"BreadcrumbList","@id":"https:\/\/www.granapadano.it\/de-de\/vorschlage-zum-servieren\/con-quale-mostarda-abbinare-grana-padano\/come-abbinare-grana-padano-riserva-oltre-24-mesi-con-la-mostarda\/#breadcrumb","itemListElement":[{"@type":"ListItem","position":1,"name":"Home","item":"https:\/\/www.granapadano.it\/de-de\/"},{"@type":"ListItem","position":2,"name":"Rezepte","item":"https:\/\/www.granapadano.it\/de-de\/rezepte\/"},{"@type":"ListItem","position":3,"name":"Con quale mostarda abbinare Grana Padano","item":"https:\/\/www.granapadano.it\/de-de\/vorschlage-zum-servieren\/con-quale-mostarda-abbinare-grana-padano\/"},{"@type":"ListItem","position":4,"name":"Come abbinare Grana Padano &#8220;Riserva&#8221; oltre 24 mesi con la mostarda"}]},{"@type":"WebSite","@id":"https:\/\/www.granapadano.it\/de-de\/#website","url":"https:\/\/www.granapadano.it\/de-de\/","name":"Grana Padano","description":"","potentialAction":[{"@type":"SearchAction","target":{"@type":"EntryPoint","urlTemplate":"https:\/\/www.granapadano.it\/de-de\/?s={search_term_string}"},"query-input":{"@type":"PropertyValueSpecification","valueRequired":true,"valueName":"search_term_string"}}],"inLanguage":"de-de"}]}},"_links":{"self":[{"href":"https:\/\/www.granapadano.it\/de-de\/wp-json\/wp\/v2\/pages\/119114","targetHints":{"allow":["GET"]}}],"collection":[{"href":"https:\/\/www.granapadano.it\/de-de\/wp-json\/wp\/v2\/pages"}],"about":[{"href":"https:\/\/www.granapadano.it\/de-de\/wp-json\/wp\/v2\/types\/page"}],"author":[{"embeddable":true,"href":"https:\/\/www.granapadano.it\/de-de\/wp-json\/wp\/v2\/users\/21"}],"replies":[{"embeddable":true,"href":"https:\/\/www.granapadano.it\/de-de\/wp-json\/wp\/v2\/comments?post=119114"}],"version-history":[{"count":3,"href":"https:\/\/www.granapadano.it\/de-de\/wp-json\/wp\/v2\/pages\/119114\/revisions"}],"predecessor-version":[{"id":119759,"href":"https:\/\/www.granapadano.it\/de-de\/wp-json\/wp\/v2\/pages\/119114\/revisions\/119759"}],"up":[{"embeddable":true,"href":"https:\/\/www.granapadano.it\/de-de\/wp-json\/wp\/v2\/pages\/119057"}],"wp:attachment":[{"href":"https:\/\/www.granapadano.it\/de-de\/wp-json\/wp\/v2\/media?parent=119114"}],"curies":[{"name":"wp","href":"https:\/\/api.w.org\/{rel}","templated":true}]}}