{"id":119084,"date":"2024-04-16T16:05:39","date_gmt":"2024-04-16T16:05:39","guid":{"rendered":"https:\/\/www.granapadano.it\/vorschlage-zum-servieren\/kombinationen\/con-quale-mostarda-abbinare-grana-padano\/come-abbinare-grana-padano-16-20-mesi-e-la-mostarda\/"},"modified":"2024-05-08T14:15:48","modified_gmt":"2024-05-08T14:15:48","slug":"come-abbinare-grana-padano-16-20-mesi-e-la-mostarda","status":"publish","type":"page","link":"https:\/\/www.granapadano.it\/de-de\/vorschlage-zum-servieren\/con-quale-mostarda-abbinare-grana-padano\/come-abbinare-grana-padano-16-20-mesi-e-la-mostarda\/","title":{"rendered":"Come abbinare Grana Padano 16-20 mesi e la mostarda"},"content":{"rendered":"<p>[et_pb_section fb_built=&#8221;1&#8243; fullwidth=&#8221;on&#8221; _builder_version=&#8221;4.19.5&#8243; _module_preset=&#8221;default&#8221; global_colors_info=&#8221;{}&#8221;][et_pb_fullwidth_image src=&#8221;https:\/\/www.granapadano.it\/wp-content\/uploads\/2024\/04\/GP_Mostarda-h.jpg&#8221; title_text=&#8221;GP_Mostarda-m&#8221; src_tablet=&#8221;https:\/\/www.granapadano.it\/wp-content\/uploads\/2024\/04\/GP_Mostarda-h.jpg&#8221; src_phone=&#8221;https:\/\/www.granapadano.it\/wp-content\/uploads\/2024\/04\/GP_Mostarda-m.jpg&#8221; src_last_edited=&#8221;on|phone&#8221; _builder_version=&#8221;4.24.3&#8243; _module_preset=&#8221;default&#8221; locked=&#8221;off&#8221; global_colors_info=&#8221;{}&#8221;][\/et_pb_fullwidth_image][\/et_pb_section][et_pb_section fb_built=&#8221;1&#8243; module_class=&#8221;production_sub_hub_main_wrapper&#8221; _builder_version=&#8221;4.19.4&#8243; _module_preset=&#8221;default&#8221; custom_padding=&#8221;13px||0px|||&#8221; locked=&#8221;off&#8221; global_colors_info=&#8221;{}&#8221;][et_pb_row module_class=&#8221;recipe_filter_section&#8221; _builder_version=&#8221;4.19.2&#8243; _module_preset=&#8221;default&#8221; max_width=&#8221;90%&#8221; custom_padding=&#8221;||7px|||&#8221; global_colors_info=&#8221;{}&#8221;][et_pb_column type=&#8221;4_4&#8243; _builder_version=&#8221;4.19.2&#8243; _module_preset=&#8221;default&#8221; global_colors_info=&#8221;{}&#8221;][et_pb_code _builder_version=&#8221;4.19.2&#8243; _module_preset=&#8221;default&#8221; custom_margin=&#8221;||16px|||&#8221; global_colors_info=&#8221;{}&#8221;]<div class=\"breadcrumb\"><a href=\"https:\/\/www.granapadano.it\/de-de\/\">Home<\/a>  <  <\/div>[\/et_pb_code][\/et_pb_column][\/et_pb_row][\/et_pb_section][et_pb_section fb_built=&#8221;1&#8243; module_class=&#8221;giovani_sub_hub_title&#8221; _builder_version=&#8221;4.19.5&#8243; _module_preset=&#8221;default&#8221; custom_padding=&#8221;0px||35px||false|false&#8221; locked=&#8221;off&#8221; global_colors_info=&#8221;{}&#8221;][et_pb_row module_class=&#8221;gp_producion_heading_wrapper&#8221; _builder_version=&#8221;4.19.5&#8243; _module_preset=&#8221;default&#8221; max_width=&#8221;90%&#8221; module_alignment=&#8221;center&#8221; custom_padding=&#8221;||||false|false&#8221; global_colors_info=&#8221;{}&#8221;][et_pb_column type=&#8221;4_4&#8243; _builder_version=&#8221;4.19.4&#8243; _module_preset=&#8221;default&#8221; global_colors_info=&#8221;{}&#8221;][et_pb_text module_class=&#8221;giovani_sub_hub_title_text&#8221; _builder_version=&#8221;4.24.3&#8243; _module_preset=&#8221;default&#8221; text_font=&#8221;Merriweather|700|||||||&#8221; text_text_color=&#8221;#0f0f0f&#8221; text_font_size=&#8221;80px&#8221; text_line_height=&#8221;70px&#8221; header_font=&#8221;Merriweather||||||||&#8221; header_text_color=&#8221;gcid-8696fd7e-29dd-4028-9d4d-981b208a53a9&#8243; header_font_size=&#8221;44px&#8221; header_line_height=&#8221;52px&#8221; text_orientation=&#8221;center&#8221; min_height=&#8221;83px&#8221; custom_margin=&#8221;||0px||false|false&#8221; custom_padding=&#8221;||0px||false|false&#8221; hover_enabled=&#8221;0&#8243; global_colors_info=&#8221;{%22gcid-8696fd7e-29dd-4028-9d4d-981b208a53a9%22:%91%22header_text_color%22%93}&#8221; sticky_enabled=&#8221;0&#8243;]<\/p>\n<h1>Grana Padano DOP 16-20 Monate<\/h1>\n<p>[\/et_pb_text][\/et_pb_column][\/et_pb_row][et_pb_row column_structure=&#8221;1_4,3_4&#8243; module_class=&#8221;article_dates&#8221; _builder_version=&#8221;4.19.4&#8243; _module_preset=&#8221;default&#8221; max_width=&#8221;90%&#8221; custom_padding=&#8221;2px||6px||false|false&#8221; global_colors_info=&#8221;{}&#8221;][et_pb_column type=&#8221;1_4&#8243; _builder_version=&#8221;4.19.3&#8243; _module_preset=&#8221;default&#8221; global_colors_info=&#8221;{}&#8221;][et_pb_text module_class=&#8221;button_look&#8221; _builder_version=&#8221;4.24.3&#8243; _module_preset=&#8221;default&#8221; text_font=&#8221;FontPadano-Bold||||||||&#8221; text_text_color=&#8221;#000000&#8243; text_font_size=&#8221;26px&#8221; background_color=&#8221;RGBA(255,255,255,0)&#8221; global_colors_info=&#8221;{}&#8221;]<\/p>\n<p>Mostarda<\/p>\n<p>[\/et_pb_text][\/et_pb_column][et_pb_column type=&#8221;3_4&#8243; _builder_version=&#8221;4.19.4&#8243; _module_preset=&#8221;default&#8221; global_colors_info=&#8221;{}&#8221;][\/et_pb_column][\/et_pb_row][et_pb_row _builder_version=&#8221;4.24.3&#8243; _module_preset=&#8221;default&#8221; global_colors_info=&#8221;{}&#8221;][et_pb_column type=&#8221;4_4&#8243; module_class=&#8221;article_sub_img_wrap&#8221; _builder_version=&#8221;4.20.2&#8243; _module_preset=&#8221;default&#8221; global_colors_info=&#8221;{}&#8221;][et_pb_text _builder_version=&#8221;4.24.3&#8243; _module_preset=&#8221;default&#8221; text_text_color=&#8221;#0f0f0f&#8221; text_font_size=&#8221;18px&#8221; text_line_height=&#8221;26px&#8221; width=&#8221;100%&#8221; custom_margin=&#8221;||0px||false|false&#8221; hover_enabled=&#8221;0&#8243; global_colors_info=&#8221;{}&#8221; sticky_enabled=&#8221;0&#8243;]<\/p>\n<h3><strong>Grana Padano DOP 16-20 Monate und Mostarda mit Quitten<\/strong><\/h3>\n<p>Sie kann als die Mutter aller Mostarde betrachtet werden und wird seit jeher in den Haushalten von Mantua hergestellt.<br \/>\nSie hat eine eher festere Textur und einen intensiven Geschmack; sie hat die F\u00e4higkeit, viele \u00e4therische Senf\u00f6le zu absorbieren, daher sollte man die Verpackung etwa zehn Minuten vor dem Servieren \u00f6ffnen, damit sie atmen kann und ihre Intensit\u00e4t in der Nase abnimmt.<br \/>\nWir empfehlen, ihn mit 16-20 Monate altem Grana Padano zu kombinieren, aber sie passt auch gut zu einer fortgeschrittenen Reifung, die \u00fcber 24 Monate hinausgeht.<br \/>\nIn dieser Kombination kommt die festere Textur der Quitte zur Geltung, die sich an die h\u00e4rtere und k\u00f6rnigere Struktur dieser K\u00e4sesorte anpasst und ihr standh\u00e4lt; die Sch\u00e4rfe der Zubereitung ist sehr wichtig, aber die beiden Produkte folgen sich dennoch auf angenehme Weise und die Geschmacksintensit\u00e4t des Grana Padano wechselt sich mit der der Mostarda ab, so dass man beide genie\u00dfen kann.\n<\/p>\n<p><strong>Besonderheit:<\/strong><\/p>\n<ul>\n<li>Die Quitte (Cydonia oblunga) geh\u00f6rt weder zu den Apfel- noch zu den Birnb\u00e4umen, sondern ist eine eigene Art. Es handelt sich eigentlich um sehr eng verwandte Arten: Sie geh\u00f6ren alle zur Familie der Rosengew\u00e4chse (Rosaceae) und zur Unterfamilie der Pomoideae, deren Frucht (Kernobst) aus dem Bl\u00fctenboden (dem vergr\u00f6\u00dferten Endst\u00fcck des Bl\u00fctenstiels) hervorgeht. Es handelt sich also um eine \u201eScheinfrucht\u201c, d. h. um ein Gebilde, das nicht aus dem Stempel (weiblicher Teil der Bl\u00fcte) hervorgegangen ist. Im Inneren des Fruchtfleisches befinden sich f\u00fcnf knorpelige Kammern, die die Samen enthalten.<br \/>\nDie Form der Fr\u00fcchte der verschiedenen Quittensorten f\u00fchrt oft zu Verwechslungen, da sie der eines Apfel- oder Birnbaums \u00e4hneln k\u00f6nnen. Die Quitte kann mit Fug und Recht in die Kategorie der \u201evergessenen Fr\u00fcchte\u201c eingeordnet werden. Sie wird seit der Antike angebaut &#8211; nicht zuf\u00e4llig leitet sich der botanische Name der Gattung von dem einer Stadt im alten Griechenland ab &#8211; und war nicht so weit verbreitet wie andere Obstarten. Heutzutage ist sie kaum bekannt, so dass sie oft mit einer Apfel- oder Birnbaumsorte verwechselt wird, obwohl sie in Wirklichkeit zu einer anderen Art geh\u00f6rt und in eine andere Gattung eingeordnet wird.\n<\/li>\n<\/ul>\n<p>[\/et_pb_text][\/et_pb_column][\/et_pb_row][et_pb_row column_structure=&#8221;2_5,3_5&#8243; module_class=&#8221;article_sub_img_text_content_left&#8221; _builder_version=&#8221;4.24.3&#8243; _module_preset=&#8221;default&#8221; max_width=&#8221;94%&#8221; custom_padding=&#8221;20px||30px||false|false&#8221; border_color_top=&#8221;RGBA(255,255,255,0)&#8221; locked=&#8221;off&#8221; global_colors_info=&#8221;{}&#8221;][et_pb_column type=&#8221;2_5&#8243; module_class=&#8221;article_sub_img_wrap_left&#8221; _builder_version=&#8221;4.20.2&#8243; _module_preset=&#8221;default&#8221; global_colors_info=&#8221;{}&#8221;][et_pb_image src=&#8221;https:\/\/www.granapadano.it\/wp-content\/uploads\/2024\/04\/GP_Mostarda-di-zucca.jpg&#8221; title_text=&#8221;GP_Mostarda-di-zucca&#8221; align=&#8221;center&#8221; show_bottom_space_tablet=&#8221;on&#8221; show_bottom_space_last_edited=&#8221;off|phone&#8221; _builder_version=&#8221;4.24.3&#8243; _module_preset=&#8221;default&#8221; custom_margin=&#8221;||0px||false|false&#8221; custom_margin_tablet=&#8221;30px||||false|false&#8221; custom_margin_phone=&#8221;30px||||false|false&#8221; custom_margin_last_edited=&#8221;on|desktop&#8221; custom_padding=&#8221;0px||0px||false|false&#8221; border_radii=&#8221;on|20px|20px|20px|20px&#8221; global_colors_info=&#8221;{}&#8221;][\/et_pb_image][\/et_pb_column][et_pb_column type=&#8221;3_5&#8243; module_class=&#8221;article_sub_text_wrap_left&#8221; _builder_version=&#8221;4.20.2&#8243; _module_preset=&#8221;default&#8221; global_colors_info=&#8221;{}&#8221;][et_pb_text _builder_version=&#8221;4.24.3&#8243; _module_preset=&#8221;default&#8221; text_font=&#8221;Merriweather|300|||||||&#8221; text_text_color=&#8221;#0f0f0f&#8221; text_font_size=&#8221;18px&#8221; text_line_height=&#8221;26px&#8221; width=&#8221;97.1%&#8221; custom_margin=&#8221;|||0px|false|false&#8221; hover_enabled=&#8221;0&#8243; global_colors_info=&#8221;{}&#8221; sticky_enabled=&#8221;0&#8243;]<\/p>\n<h3><strong>Grana Padano DOP 16-20 Monate und Mostarda mit K\u00fcrbis<\/strong><\/h3>\n<p>Der K\u00fcrbis ist eines der Symbole Mantuas, wird in der Region Mantua in gro\u00dfen Mengen angebaut und gilt als das \u201eGartenschwein\u201c, weil von ihm nichts weggeworfen wird. Die am h\u00e4ufigsten angebauten Sorten sind die Violina, die Marina di Chioggia oder die f\u00fcr den Handel au\u00dferhalb der Provinz bestimmte Variante der amerikanischen K\u00fcrbisse. In der Region Mantua wird heute vor allem die alte Sorte \u201eCappello del prete\u201c oder die neue Sorte \u201eDelica\u201c verwendet, die in der K\u00fcche f\u00fcr die Zubereitung von cremigen Suppen, gebraten oder als Zutat f\u00fcr die ber\u00fchmten \u201eTortelli di zucca alla mantovana\u201c, sowie f\u00fcr die Zubereitung von \u201eMostarda di zucca senapata\u201c verwendet wird.<br \/>\nDie Kunst der Herstellung von Senffr\u00fcchten und -gem\u00fcse erfordert besonderes Geschick, und einige Mantuaner Familien, die diese Technik noch immer pflegen, verstehen es, den K\u00fcrbis mit gro\u00dfer Geschicklichkeit und Exzellenz zu verarbeiten: ein einzigartiges Beispiel, das seit Jahrzehnten in der Welt der Mostarda nur in Mantua realisiert wird.<br \/>\nDer K\u00fcrbis ist nach der Verarbeitung zu Mostarda von kr\u00e4ftiger orangefarbener Farbe, in d\u00fcnne Scheiben oder W\u00fcrfel geschnitten, leicht knackig und mit einem zarten Kern; in einigen F\u00e4llen wird er auch mit \u00c4pfeln gemischt verwendet, man findet ihn jedoch haupts\u00e4chlich pur. Er l\u00e4sst sich am besten mit Grana Padano DOP mit einer mittleren Reifezeit von 16 bis 20 Monaten kombinieren. In diesem Fall beruht die Kombination auf dem Kontrast zwischen dem Geschmack des K\u00e4ses und der S\u00fc\u00dfe des K\u00fcrbisses; au\u00dferdem hat die Textur des K\u00fcrbisses, die je nach Schnittart variiert, immer ein knackigeres \u00c4u\u00dferes, das von einem weicheren begleitet wird; diese Eigenschaft f\u00fchrt zu einem faszinierenden Wechselspiel im Mund mit der Textur des 16-20 Monate alten Grana Padano-St\u00fccke.\n<\/p>\n<p>[\/et_pb_text][\/et_pb_column][\/et_pb_row][\/et_pb_section]<\/p>\n","protected":false},"excerpt":{"rendered":"<p><div class=\"breadcrumb\"><a href=\"https:\/\/www.granapadano.it\/de-de\/\">Home<\/a>  <  <\/div>Grana Padano DOP 16-20 MonateMostardaGrana Padano DOP 16-20 Monate und Mostarda mit Quitten Sie kann als die Mutter aller Mostarde betrachtet werden und wird seit jeher in den Haushalten von Mantua hergestellt. Sie hat eine eher festere Textur und einen intensiven Geschmack; sie hat die F\u00e4higkeit, viele \u00e4therische Senf\u00f6le zu absorbieren, daher sollte man die [&hellip;]<\/p>\n","protected":false},"author":21,"featured_media":0,"parent":119057,"menu_order":428,"comment_status":"closed","ping_status":"closed","template":"","meta":{"_acf_changed":false,"_et_pb_use_builder":"on","_et_pb_old_content":"","_et_gb_content_width":"","footnotes":""},"class_list":["post-119084","page","type-page","status-publish","hentry"],"acf":[],"yoast_head":"<!-- This site is optimized with the Yoast SEO plugin v27.3 - https:\/\/yoast.com\/product\/yoast-seo-wordpress\/ -->\n<title>Come abbinare Grana Padano 16-20 mesi e la mostarda - Grana Padano<\/title>\n<meta name=\"robots\" content=\"index, follow, max-snippet:-1, max-image-preview:large, max-video-preview:-1\" \/>\n<link rel=\"canonical\" href=\"https:\/\/www.granapadano.it\/de-de\/vorschlage-zum-servieren\/con-quale-mostarda-abbinare-grana-padano\/come-abbinare-grana-padano-16-20-mesi-e-la-mostarda\/\" \/>\n<meta property=\"og:locale\" content=\"de_DE\" \/>\n<meta property=\"og:type\" content=\"article\" \/>\n<meta property=\"og:title\" content=\"Come abbinare Grana Padano 16-20 mesi e la mostarda - Grana Padano\" \/>\n<meta property=\"og:description\" content=\"Grana Padano DOP 16-20 MonateMostardaGrana Padano DOP 16-20 Monate und Mostarda mit Quitten Sie kann als die Mutter aller Mostarde betrachtet werden und wird seit jeher in den Haushalten von Mantua hergestellt. Sie hat eine eher festere Textur und einen intensiven Geschmack; sie hat die F\u00e4higkeit, viele \u00e4therische Senf\u00f6le zu absorbieren, daher sollte man die [&hellip;]\" \/>\n<meta property=\"og:url\" content=\"https:\/\/www.granapadano.it\/de-de\/vorschlage-zum-servieren\/con-quale-mostarda-abbinare-grana-padano\/come-abbinare-grana-padano-16-20-mesi-e-la-mostarda\/\" \/>\n<meta property=\"og:site_name\" content=\"Grana Padano\" \/>\n<meta property=\"article:modified_time\" content=\"2024-05-08T14:15:48+00:00\" \/>\n<meta name=\"twitter:card\" content=\"summary_large_image\" \/>\n<meta name=\"twitter:label1\" content=\"Est. reading time\" \/>\n\t<meta name=\"twitter:data1\" content=\"4 minutes\" \/>\n<script type=\"application\/ld+json\" class=\"yoast-schema-graph\">{\"@context\":\"https:\\\/\\\/schema.org\",\"@graph\":[{\"@type\":\"WebPage\",\"@id\":\"https:\\\/\\\/www.granapadano.it\\\/de-de\\\/vorschlage-zum-servieren\\\/con-quale-mostarda-abbinare-grana-padano\\\/come-abbinare-grana-padano-16-20-mesi-e-la-mostarda\\\/\",\"url\":\"https:\\\/\\\/www.granapadano.it\\\/de-de\\\/vorschlage-zum-servieren\\\/con-quale-mostarda-abbinare-grana-padano\\\/come-abbinare-grana-padano-16-20-mesi-e-la-mostarda\\\/\",\"name\":\"Come abbinare Grana Padano 16-20 mesi e la mostarda - Grana Padano\",\"isPartOf\":{\"@id\":\"https:\\\/\\\/www.granapadano.it\\\/de-de\\\/#website\"},\"datePublished\":\"2024-04-16T16:05:39+00:00\",\"dateModified\":\"2024-05-08T14:15:48+00:00\",\"breadcrumb\":{\"@id\":\"https:\\\/\\\/www.granapadano.it\\\/de-de\\\/vorschlage-zum-servieren\\\/con-quale-mostarda-abbinare-grana-padano\\\/come-abbinare-grana-padano-16-20-mesi-e-la-mostarda\\\/#breadcrumb\"},\"inLanguage\":\"de-de\",\"potentialAction\":[{\"@type\":\"ReadAction\",\"target\":[\"https:\\\/\\\/www.granapadano.it\\\/de-de\\\/vorschlage-zum-servieren\\\/con-quale-mostarda-abbinare-grana-padano\\\/come-abbinare-grana-padano-16-20-mesi-e-la-mostarda\\\/\"]}]},{\"@type\":\"BreadcrumbList\",\"@id\":\"https:\\\/\\\/www.granapadano.it\\\/de-de\\\/vorschlage-zum-servieren\\\/con-quale-mostarda-abbinare-grana-padano\\\/come-abbinare-grana-padano-16-20-mesi-e-la-mostarda\\\/#breadcrumb\",\"itemListElement\":[{\"@type\":\"ListItem\",\"position\":1,\"name\":\"Home\",\"item\":\"https:\\\/\\\/www.granapadano.it\\\/de-de\\\/\"},{\"@type\":\"ListItem\",\"position\":2,\"name\":\"Rezepte\",\"item\":\"https:\\\/\\\/www.granapadano.it\\\/de-de\\\/rezepte\\\/\"},{\"@type\":\"ListItem\",\"position\":3,\"name\":\"Con quale mostarda abbinare Grana Padano\",\"item\":\"https:\\\/\\\/www.granapadano.it\\\/de-de\\\/vorschlage-zum-servieren\\\/con-quale-mostarda-abbinare-grana-padano\\\/\"},{\"@type\":\"ListItem\",\"position\":4,\"name\":\"Come abbinare Grana Padano 16-20 mesi e la mostarda\"}]},{\"@type\":\"WebSite\",\"@id\":\"https:\\\/\\\/www.granapadano.it\\\/de-de\\\/#website\",\"url\":\"https:\\\/\\\/www.granapadano.it\\\/de-de\\\/\",\"name\":\"Grana Padano\",\"description\":\"\",\"potentialAction\":[{\"@type\":\"SearchAction\",\"target\":{\"@type\":\"EntryPoint\",\"urlTemplate\":\"https:\\\/\\\/www.granapadano.it\\\/de-de\\\/?s={search_term_string}\"},\"query-input\":{\"@type\":\"PropertyValueSpecification\",\"valueRequired\":true,\"valueName\":\"search_term_string\"}}],\"inLanguage\":\"de-de\"}]}<\/script>\n<!-- \/ Yoast SEO plugin. -->","yoast_head_json":{"title":"Come abbinare Grana Padano 16-20 mesi e la mostarda - Grana Padano","robots":{"index":"index","follow":"follow","max-snippet":"max-snippet:-1","max-image-preview":"max-image-preview:large","max-video-preview":"max-video-preview:-1"},"canonical":"https:\/\/www.granapadano.it\/de-de\/vorschlage-zum-servieren\/con-quale-mostarda-abbinare-grana-padano\/come-abbinare-grana-padano-16-20-mesi-e-la-mostarda\/","og_locale":"de_DE","og_type":"article","og_title":"Come abbinare Grana Padano 16-20 mesi e la mostarda - Grana Padano","og_description":"Grana Padano DOP 16-20 MonateMostardaGrana Padano DOP 16-20 Monate und Mostarda mit Quitten Sie kann als die Mutter aller Mostarde betrachtet werden und wird seit jeher in den Haushalten von Mantua hergestellt. Sie hat eine eher festere Textur und einen intensiven Geschmack; sie hat die F\u00e4higkeit, viele \u00e4therische Senf\u00f6le zu absorbieren, daher sollte man die [&hellip;]","og_url":"https:\/\/www.granapadano.it\/de-de\/vorschlage-zum-servieren\/con-quale-mostarda-abbinare-grana-padano\/come-abbinare-grana-padano-16-20-mesi-e-la-mostarda\/","og_site_name":"Grana Padano","article_modified_time":"2024-05-08T14:15:48+00:00","twitter_card":"summary_large_image","twitter_misc":{"Est. reading time":"4 minutes"},"schema":{"@context":"https:\/\/schema.org","@graph":[{"@type":"WebPage","@id":"https:\/\/www.granapadano.it\/de-de\/vorschlage-zum-servieren\/con-quale-mostarda-abbinare-grana-padano\/come-abbinare-grana-padano-16-20-mesi-e-la-mostarda\/","url":"https:\/\/www.granapadano.it\/de-de\/vorschlage-zum-servieren\/con-quale-mostarda-abbinare-grana-padano\/come-abbinare-grana-padano-16-20-mesi-e-la-mostarda\/","name":"Come abbinare Grana Padano 16-20 mesi e la mostarda - Grana Padano","isPartOf":{"@id":"https:\/\/www.granapadano.it\/de-de\/#website"},"datePublished":"2024-04-16T16:05:39+00:00","dateModified":"2024-05-08T14:15:48+00:00","breadcrumb":{"@id":"https:\/\/www.granapadano.it\/de-de\/vorschlage-zum-servieren\/con-quale-mostarda-abbinare-grana-padano\/come-abbinare-grana-padano-16-20-mesi-e-la-mostarda\/#breadcrumb"},"inLanguage":"de-de","potentialAction":[{"@type":"ReadAction","target":["https:\/\/www.granapadano.it\/de-de\/vorschlage-zum-servieren\/con-quale-mostarda-abbinare-grana-padano\/come-abbinare-grana-padano-16-20-mesi-e-la-mostarda\/"]}]},{"@type":"BreadcrumbList","@id":"https:\/\/www.granapadano.it\/de-de\/vorschlage-zum-servieren\/con-quale-mostarda-abbinare-grana-padano\/come-abbinare-grana-padano-16-20-mesi-e-la-mostarda\/#breadcrumb","itemListElement":[{"@type":"ListItem","position":1,"name":"Home","item":"https:\/\/www.granapadano.it\/de-de\/"},{"@type":"ListItem","position":2,"name":"Rezepte","item":"https:\/\/www.granapadano.it\/de-de\/rezepte\/"},{"@type":"ListItem","position":3,"name":"Con quale mostarda abbinare Grana Padano","item":"https:\/\/www.granapadano.it\/de-de\/vorschlage-zum-servieren\/con-quale-mostarda-abbinare-grana-padano\/"},{"@type":"ListItem","position":4,"name":"Come abbinare Grana Padano 16-20 mesi e la mostarda"}]},{"@type":"WebSite","@id":"https:\/\/www.granapadano.it\/de-de\/#website","url":"https:\/\/www.granapadano.it\/de-de\/","name":"Grana Padano","description":"","potentialAction":[{"@type":"SearchAction","target":{"@type":"EntryPoint","urlTemplate":"https:\/\/www.granapadano.it\/de-de\/?s={search_term_string}"},"query-input":{"@type":"PropertyValueSpecification","valueRequired":true,"valueName":"search_term_string"}}],"inLanguage":"de-de"}]}},"_links":{"self":[{"href":"https:\/\/www.granapadano.it\/de-de\/wp-json\/wp\/v2\/pages\/119084","targetHints":{"allow":["GET"]}}],"collection":[{"href":"https:\/\/www.granapadano.it\/de-de\/wp-json\/wp\/v2\/pages"}],"about":[{"href":"https:\/\/www.granapadano.it\/de-de\/wp-json\/wp\/v2\/types\/page"}],"author":[{"embeddable":true,"href":"https:\/\/www.granapadano.it\/de-de\/wp-json\/wp\/v2\/users\/21"}],"replies":[{"embeddable":true,"href":"https:\/\/www.granapadano.it\/de-de\/wp-json\/wp\/v2\/comments?post=119084"}],"version-history":[{"count":4,"href":"https:\/\/www.granapadano.it\/de-de\/wp-json\/wp\/v2\/pages\/119084\/revisions"}],"predecessor-version":[{"id":119754,"href":"https:\/\/www.granapadano.it\/de-de\/wp-json\/wp\/v2\/pages\/119084\/revisions\/119754"}],"up":[{"embeddable":true,"href":"https:\/\/www.granapadano.it\/de-de\/wp-json\/wp\/v2\/pages\/119057"}],"wp:attachment":[{"href":"https:\/\/www.granapadano.it\/de-de\/wp-json\/wp\/v2\/media?parent=119084"}],"curies":[{"name":"wp","href":"https:\/\/api.w.org\/{rel}","templated":true}]}}