{"id":119076,"date":"2024-04-16T16:13:24","date_gmt":"2024-04-16T16:13:24","guid":{"rendered":"https:\/\/www.granapadano.it\/vorschlage-zum-servieren\/kombinationen\/con-quale-mostarda-abbinare-grana-padano\/come-abbinare-grana-padano-9-16-mesi-e-la-mostarda\/"},"modified":"2024-05-08T14:17:09","modified_gmt":"2024-05-08T14:17:09","slug":"come-abbinare-grana-padano-9-16-mesi-e-la-mostarda","status":"publish","type":"page","link":"https:\/\/www.granapadano.it\/de-de\/vorschlage-zum-servieren\/con-quale-mostarda-abbinare-grana-padano\/come-abbinare-grana-padano-9-16-mesi-e-la-mostarda\/","title":{"rendered":"Come abbinare Grana Padano 9-16 mesi e la mostarda"},"content":{"rendered":"<p>[et_pb_section fb_built=&#8221;1&#8243; fullwidth=&#8221;on&#8221; _builder_version=&#8221;4.19.5&#8243; _module_preset=&#8221;default&#8221; global_colors_info=&#8221;{}&#8221;][et_pb_fullwidth_image src=&#8221;https:\/\/www.granapadano.it\/wp-content\/uploads\/2024\/04\/GP_Mostarda-h.jpg&#8221; title_text=&#8221;GP_Mostarda-m&#8221; src_tablet=&#8221;https:\/\/www.granapadano.it\/wp-content\/uploads\/2024\/04\/GP_Mostarda-h.jpg&#8221; src_phone=&#8221;https:\/\/www.granapadano.it\/wp-content\/uploads\/2024\/04\/GP_Mostarda-m.jpg&#8221; src_last_edited=&#8221;on|phone&#8221; _builder_version=&#8221;4.24.3&#8243; _module_preset=&#8221;default&#8221; locked=&#8221;off&#8221; global_colors_info=&#8221;{}&#8221;][\/et_pb_fullwidth_image][\/et_pb_section][et_pb_section fb_built=&#8221;1&#8243; module_class=&#8221;production_sub_hub_main_wrapper&#8221; _builder_version=&#8221;4.19.4&#8243; _module_preset=&#8221;default&#8221; custom_padding=&#8221;13px||0px|||&#8221; locked=&#8221;off&#8221; global_colors_info=&#8221;{}&#8221;][et_pb_row module_class=&#8221;recipe_filter_section&#8221; _builder_version=&#8221;4.19.2&#8243; _module_preset=&#8221;default&#8221; max_width=&#8221;90%&#8221; custom_padding=&#8221;||7px|||&#8221; global_colors_info=&#8221;{}&#8221;][et_pb_column type=&#8221;4_4&#8243; _builder_version=&#8221;4.19.2&#8243; _module_preset=&#8221;default&#8221; global_colors_info=&#8221;{}&#8221;][et_pb_code _builder_version=&#8221;4.19.2&#8243; _module_preset=&#8221;default&#8221; custom_margin=&#8221;||16px|||&#8221; global_colors_info=&#8221;{}&#8221;]<div class=\"breadcrumb\"><a href=\"https:\/\/www.granapadano.it\/de-de\/\">Home<\/a>  <  <\/div>[\/et_pb_code][\/et_pb_column][\/et_pb_row][\/et_pb_section][et_pb_section fb_built=&#8221;1&#8243; module_class=&#8221;giovani_sub_hub_title&#8221; _builder_version=&#8221;4.19.5&#8243; _module_preset=&#8221;default&#8221; custom_padding=&#8221;0px||35px||false|false&#8221; locked=&#8221;off&#8221; global_colors_info=&#8221;{}&#8221;][et_pb_row module_class=&#8221;gp_producion_heading_wrapper&#8221; _builder_version=&#8221;4.19.5&#8243; _module_preset=&#8221;default&#8221; max_width=&#8221;90%&#8221; module_alignment=&#8221;center&#8221; custom_padding=&#8221;||||false|false&#8221; global_colors_info=&#8221;{}&#8221;][et_pb_column type=&#8221;4_4&#8243; _builder_version=&#8221;4.19.4&#8243; _module_preset=&#8221;default&#8221; global_colors_info=&#8221;{}&#8221;][et_pb_text module_class=&#8221;giovani_sub_hub_title_text&#8221; _builder_version=&#8221;4.24.3&#8243; _module_preset=&#8221;default&#8221; text_font=&#8221;Merriweather|700|||||||&#8221; text_text_color=&#8221;#0f0f0f&#8221; text_font_size=&#8221;80px&#8221; text_line_height=&#8221;70px&#8221; header_font=&#8221;Merriweather||||||||&#8221; header_text_color=&#8221;gcid-8696fd7e-29dd-4028-9d4d-981b208a53a9&#8243; header_font_size=&#8221;44px&#8221; header_line_height=&#8221;52px&#8221; text_orientation=&#8221;center&#8221; min_height=&#8221;83px&#8221; custom_margin=&#8221;||0px||false|false&#8221; custom_padding=&#8221;||0px||false|false&#8221; hover_enabled=&#8221;0&#8243; global_colors_info=&#8221;{%22gcid-8696fd7e-29dd-4028-9d4d-981b208a53a9%22:%91%22header_text_color%22%93}&#8221; sticky_enabled=&#8221;0&#8243;]<\/p>\n<h1>Grana Padano DOP 9-16 Monate<\/h1>\n<p>[\/et_pb_text][\/et_pb_column][\/et_pb_row][et_pb_row column_structure=&#8221;1_4,3_4&#8243; module_class=&#8221;article_dates&#8221; _builder_version=&#8221;4.19.4&#8243; _module_preset=&#8221;default&#8221; max_width=&#8221;90%&#8221; custom_padding=&#8221;2px||6px||false|false&#8221; global_colors_info=&#8221;{}&#8221;][et_pb_column type=&#8221;1_4&#8243; _builder_version=&#8221;4.19.3&#8243; _module_preset=&#8221;default&#8221; global_colors_info=&#8221;{}&#8221;][et_pb_text module_class=&#8221;button_look&#8221; _builder_version=&#8221;4.24.3&#8243; _module_preset=&#8221;default&#8221; text_font=&#8221;FontPadano-Bold||||||||&#8221; text_text_color=&#8221;#000000&#8243; text_font_size=&#8221;26px&#8221; background_color=&#8221;RGBA(255,255,255,0)&#8221; locked=&#8221;off&#8221; global_colors_info=&#8221;{}&#8221;]<\/p>\n<p>Mostarda<\/p>\n<p>[\/et_pb_text][\/et_pb_column][et_pb_column type=&#8221;3_4&#8243; _builder_version=&#8221;4.19.4&#8243; _module_preset=&#8221;default&#8221; global_colors_info=&#8221;{}&#8221;][\/et_pb_column][\/et_pb_row][et_pb_row _builder_version=&#8221;4.24.3&#8243; _module_preset=&#8221;default&#8221; global_colors_info=&#8221;{}&#8221;][et_pb_column type=&#8221;4_4&#8243; module_class=&#8221;article_sub_img_wrap&#8221; _builder_version=&#8221;4.20.2&#8243; _module_preset=&#8221;default&#8221; global_colors_info=&#8221;{}&#8221;][et_pb_text _builder_version=&#8221;4.24.3&#8243; _module_preset=&#8221;default&#8221; text_font=&#8221;||||||||&#8221; text_text_color=&#8221;#0f0f0f&#8221; text_font_size=&#8221;18px&#8221; text_line_height=&#8221;26px&#8221; width=&#8221;100%&#8221; custom_margin=&#8221;||0px||false|false&#8221; global_colors_info=&#8221;{}&#8221;]<\/p>\n<h3><strong>Grana Padano DOP 9-16 Monate und Mantovana mit Abate Birnen und anderen Sorten<\/strong><\/h3>\n<p>Die Mostarda mit Birnen ist der klassischste aller Mostarde Mantovane; die Senfspezialit\u00e4t wird heute in einigen wenigen Betrieben hergestellt, die die alten Rezepte eifers\u00fcchtig bewahren. Angebaut werden die Birnen Abate Fetel, Conference, Decana del Comizio, Kaiser, Max Red Bartlett, William, Carmen und Santa Maria sowie die \u00e4u\u00dferst seltene Passacrassana, ein Erbe der Signoria dei Gonzaga, sowohl f\u00fcr den Verzehr als auch f\u00fcr Mostarda. Der Mostarda di Pera ist je nach Sorte leicht karamellfarben oder fast bernsteinfarben, leicht knackig und duftet nach gekochter Birne und knusprigen Mandeln. Sie ist nicht sehr intensiv und hat keinen langen Nachgeschmack und l\u00e4sst sich daher gut mit dem zwischen 9 und 16 Monaten gereiften Grana Padano DOP kombinieren. <\/p>\n<p>Bei dieser Kombination sch\u00e4tzten wir die relative Milde der Mostarda, die gut mit dem 9-16 Monate gereiften Grana Padano harmoniert, der in dieser Form s\u00fc\u00dfe, buttrige, gekochte Milch- und Sahnenoten aufweist. Die leichte S\u00e4ure und der Geschmack des K\u00e4ses bilden ein Gegengewicht zu der leichten Sch\u00e4rfe und S\u00fc\u00dfe der Mostarda. Von der Struktur her ist der Mostarda di Pera Abate knackig, aber nicht fleischig und hat eine gewisse K\u00f6rnigkeit, die im Mund \u201ezu sp\u00fcren\u201c ist und einen angenehmen strukturellen Kontrast zu diesem noch relativ jungen Grana Padano bildet. Abschlie\u00dfend k\u00f6nnen wir sagen, dass Eleganz und Feinheit die charakteristischen Elemente dieser Kombination sind.<\/p>\n<p><strong>Besonderheit: <\/strong><\/p>\n<p><span style=\"font-size: 18px;\">Der Anbau von Birnen, insbesondere im Gebiet von Viadanese und Oltrep\u00f2 Mantovano, hat eine au\u00dferordentlich alte Tradition. Im Jahr 1475 war sie eine weit verbreitete und wichtige Kulturpflanze, obwohl sie in den G\u00e4rten der Kl\u00f6ster und in den Obstg\u00e4rten der Adelsh\u00f6fe angebaut wurde, wo auch Kreuzungen zwischen verschiedenen Sorten vorgenommen wurden, um Fr\u00fcchte mit immer wertvolleren Eigenschaften zu erhalten.<\/span><\/p>\n<p><span style=\"font-size: 18px;\">Die fr\u00fchesten Aufzeichnungen \u00fcber die \u201ePera Mantovana\u201c stammen von keinem Geringeren als Plinius dem \u00c4lteren (dem anerkanntesten Naturforscher bis zum 16. Jahrhundert) und Columella (r\u00f6mischer Agrarwissenschaftler). Zu dieser Zeit und auch im Mittelalter war es jedoch \u00fcblich, die Birnen nach dem Kochen zu essen und vor dem Servieren Senf oder w\u00fcrzigen Agrest hinzuzugeben. Nach der Vereinigung Italiens und in der ersten Nachkriegszeit, als die Produktion neu organisiert wurde, um die bestehenden Aktivit\u00e4ten zu verbessern, erlebte der Birnenanbau eine besondere Entwicklung, auch dank technologischer Innovationen in den Bereichen Lagerung und Transport. <\/span>[\/et_pb_text][\/et_pb_column][\/et_pb_row][et_pb_row column_structure=&#8221;2_5,3_5&#8243; module_class=&#8221;article_sub_img_text_content_left&#8221; _builder_version=&#8221;4.24.3&#8243; _module_preset=&#8221;default&#8221; max_width=&#8221;94%&#8221; custom_padding=&#8221;20px||30px||false|false&#8221; border_color_top=&#8221;RGBA(255,255,255,0)&#8221; locked=&#8221;off&#8221; global_colors_info=&#8221;{}&#8221;][et_pb_column type=&#8221;2_5&#8243; module_class=&#8221;article_sub_img_wrap_left&#8221; _builder_version=&#8221;4.20.2&#8243; _module_preset=&#8221;default&#8221; global_colors_info=&#8221;{}&#8221;][et_pb_image src=&#8221;https:\/\/www.granapadano.it\/wp-content\/uploads\/2024\/04\/GP_Thumb-mostarda.jpg&#8221; title_text=&#8221;GP_Thumb-mostarda&#8221; align=&#8221;center&#8221; show_bottom_space_tablet=&#8221;on&#8221; show_bottom_space_last_edited=&#8221;off|phone&#8221; _builder_version=&#8221;4.24.3&#8243; _module_preset=&#8221;default&#8221; custom_margin=&#8221;||0px||false|false&#8221; custom_margin_tablet=&#8221;30px||||false|false&#8221; custom_margin_phone=&#8221;30px||||false|false&#8221; custom_margin_last_edited=&#8221;on|desktop&#8221; custom_padding=&#8221;0px||0px||false|false&#8221; border_radii=&#8221;on|20px|20px|20px|20px&#8221; global_colors_info=&#8221;{}&#8221;][\/et_pb_image][\/et_pb_column][et_pb_column type=&#8221;3_5&#8243; module_class=&#8221;article_sub_text_wrap_left&#8221; _builder_version=&#8221;4.20.2&#8243; _module_preset=&#8221;default&#8221; global_colors_info=&#8221;{}&#8221;][et_pb_text _builder_version=&#8221;4.24.3&#8243; _module_preset=&#8221;default&#8221; text_font=&#8221;Merriweather|300|||||||&#8221; text_text_color=&#8221;#0f0f0f&#8221; text_font_size=&#8221;18px&#8221; text_line_height=&#8221;26px&#8221; width=&#8221;97.1%&#8221; custom_margin=&#8221;|||0px|false|false&#8221; global_colors_info=&#8221;{}&#8221;]<\/p>\n<h3><strong> Grana Padano DOP 9-16 Monate und Mostarda Cremonese mit gemischten Fr\u00fcchten<\/strong><\/h3>\n<p>Diese Art von Mostarda wird mit ganzen kandierten Fr\u00fcchten, Saccharose und Fruktose zubereitet.<br \/>\nSie kann mit verschiedenen Obstsorten zubereitet werden, die oft ganz belassen, aber auch zerkleinert werden, was je nach Saison und Geschmack variieren kann. Sie wird in kleine St\u00fccke geschnitten verzehrt, wobei das Schnuppern aufgrund des starken Senfanteils, der einem vor\u00fcbergehend Tr\u00e4nen in die Augen reiben  k\u00f6nnte, vermieden wird. Sie sollte nie allein verzehrt werden, sondern immer mit einem Teil eines Gerichts, das ihre Sch\u00e4rfe mildert. Ihre Textur ist beim Kauen leicht fleischig, was auch auf die unterschiedliche Gr\u00f6\u00dfe der verwendeten Fr\u00fcchte und das spezielle Kandierverfahren zur\u00fcckzuf\u00fchren ist. In der K\u00fcche passt sie gut zu 9-16 Monate gereiftem Grana Padano DOP. <\/p>\n<p>Die vorgeschlagene Kombination stellt einen Kontrast zwischen Intensit\u00e4t und Textur dar: In diesem Fall weist die Mostarda eine variable, aber deutlich wahrnehmbare Textur auf. Sie ist sehr intensiv, weshalb wir vorschlagen, die Grana Padano-St\u00fcckchen mit einem kleinen St\u00fcck Mostarda zu kombinieren und sie mit verschiedenen Fr\u00fcchten zu probieren, von denen jede ihre eigene Textur hat. Auch bei der Sch\u00e4rfe\/S\u00fc\u00dfe gibt es eine gro\u00dfe Unterschiede, mit denen man experimentieren kann: Kirschen, Birnen, Feigen, Pfirsiche und Zitronen sind s\u00fc\u00dfer und weniger scharf, w\u00e4hrend Zitrusfr\u00fcchte, vor allem Mandarinen, eine \u201eLebendigkeit\u201c und Intensit\u00e4t aufweisen, die einen \u201eangenehm um den Verstand bringen\u201c k\u00f6nnen; dies liegt daran, dass die in den Zitrusfr\u00fcchten enthaltenen \u00e4therischen \u00d6le die Sch\u00e4rfe des Senf\u00f6ls verst\u00e4rken und vervielfachen.<br \/>\nBei dieser Kombination kommt es darauf an, das richtige Verh\u00e4ltnis zwischen dem 9-16 Monate alten Grana Padano, der sich durch s\u00fc\u00dfe, milchige Noten von geschmolzener Butter und gekochter Milch auszeichnet, und der Mostarda, die intensiv und \u201ekr\u00e4ftig\u201c ist, zu finden.\n<\/p>\n<p>[\/et_pb_text][\/et_pb_column][\/et_pb_row][\/et_pb_section]<\/p>\n","protected":false},"excerpt":{"rendered":"<p><div class=\"breadcrumb\"><a href=\"https:\/\/www.granapadano.it\/de-de\/\">Home<\/a>  <  <\/div>Grana Padano DOP 9-16 MonateMostardaGrana Padano DOP 9-16 Monate und Mantovana mit Abate Birnen und anderen Sorten Die Mostarda mit Birnen ist der klassischste aller Mostarde Mantovane; die Senfspezialit\u00e4t wird heute in einigen wenigen Betrieben hergestellt, die die alten Rezepte eifers\u00fcchtig bewahren. Angebaut werden die Birnen Abate Fetel, Conference, Decana del Comizio, Kaiser, Max Red [&hellip;]<\/p>\n","protected":false},"author":21,"featured_media":0,"parent":119057,"menu_order":353,"comment_status":"closed","ping_status":"closed","template":"","meta":{"_acf_changed":false,"_et_pb_use_builder":"on","_et_pb_old_content":"","_et_gb_content_width":"","footnotes":""},"class_list":["post-119076","page","type-page","status-publish","hentry"],"acf":[],"yoast_head":"<!-- This site is optimized with the Yoast SEO plugin v27.3 - https:\/\/yoast.com\/product\/yoast-seo-wordpress\/ -->\n<title>Come abbinare Grana Padano 9-16 mesi e la mostarda - Grana Padano<\/title>\n<meta name=\"robots\" content=\"index, follow, max-snippet:-1, max-image-preview:large, max-video-preview:-1\" \/>\n<link rel=\"canonical\" href=\"https:\/\/www.granapadano.it\/de-de\/vorschlage-zum-servieren\/con-quale-mostarda-abbinare-grana-padano\/come-abbinare-grana-padano-9-16-mesi-e-la-mostarda\/\" \/>\n<meta property=\"og:locale\" content=\"de_DE\" \/>\n<meta property=\"og:type\" content=\"article\" \/>\n<meta property=\"og:title\" content=\"Come abbinare Grana Padano 9-16 mesi e la mostarda - Grana Padano\" \/>\n<meta property=\"og:description\" content=\"Grana Padano DOP 9-16 MonateMostardaGrana Padano DOP 9-16 Monate und Mantovana mit Abate Birnen und anderen Sorten Die Mostarda mit Birnen ist der klassischste aller Mostarde Mantovane; die Senfspezialit\u00e4t wird heute in einigen wenigen Betrieben hergestellt, die die alten Rezepte eifers\u00fcchtig bewahren. Angebaut werden die Birnen Abate Fetel, Conference, Decana del Comizio, Kaiser, Max Red [&hellip;]\" \/>\n<meta property=\"og:url\" content=\"https:\/\/www.granapadano.it\/de-de\/vorschlage-zum-servieren\/con-quale-mostarda-abbinare-grana-padano\/come-abbinare-grana-padano-9-16-mesi-e-la-mostarda\/\" \/>\n<meta property=\"og:site_name\" content=\"Grana Padano\" \/>\n<meta property=\"article:modified_time\" content=\"2024-05-08T14:17:09+00:00\" \/>\n<meta name=\"twitter:card\" content=\"summary_large_image\" \/>\n<meta name=\"twitter:label1\" content=\"Est. reading time\" \/>\n\t<meta name=\"twitter:data1\" content=\"4 minutes\" \/>\n<script type=\"application\/ld+json\" class=\"yoast-schema-graph\">{\"@context\":\"https:\\\/\\\/schema.org\",\"@graph\":[{\"@type\":\"WebPage\",\"@id\":\"https:\\\/\\\/www.granapadano.it\\\/de-de\\\/vorschlage-zum-servieren\\\/con-quale-mostarda-abbinare-grana-padano\\\/come-abbinare-grana-padano-9-16-mesi-e-la-mostarda\\\/\",\"url\":\"https:\\\/\\\/www.granapadano.it\\\/de-de\\\/vorschlage-zum-servieren\\\/con-quale-mostarda-abbinare-grana-padano\\\/come-abbinare-grana-padano-9-16-mesi-e-la-mostarda\\\/\",\"name\":\"Come abbinare Grana Padano 9-16 mesi e la mostarda - Grana Padano\",\"isPartOf\":{\"@id\":\"https:\\\/\\\/www.granapadano.it\\\/de-de\\\/#website\"},\"datePublished\":\"2024-04-16T16:13:24+00:00\",\"dateModified\":\"2024-05-08T14:17:09+00:00\",\"breadcrumb\":{\"@id\":\"https:\\\/\\\/www.granapadano.it\\\/de-de\\\/vorschlage-zum-servieren\\\/con-quale-mostarda-abbinare-grana-padano\\\/come-abbinare-grana-padano-9-16-mesi-e-la-mostarda\\\/#breadcrumb\"},\"inLanguage\":\"de-de\",\"potentialAction\":[{\"@type\":\"ReadAction\",\"target\":[\"https:\\\/\\\/www.granapadano.it\\\/de-de\\\/vorschlage-zum-servieren\\\/con-quale-mostarda-abbinare-grana-padano\\\/come-abbinare-grana-padano-9-16-mesi-e-la-mostarda\\\/\"]}]},{\"@type\":\"BreadcrumbList\",\"@id\":\"https:\\\/\\\/www.granapadano.it\\\/de-de\\\/vorschlage-zum-servieren\\\/con-quale-mostarda-abbinare-grana-padano\\\/come-abbinare-grana-padano-9-16-mesi-e-la-mostarda\\\/#breadcrumb\",\"itemListElement\":[{\"@type\":\"ListItem\",\"position\":1,\"name\":\"Home\",\"item\":\"https:\\\/\\\/www.granapadano.it\\\/de-de\\\/\"},{\"@type\":\"ListItem\",\"position\":2,\"name\":\"Rezepte\",\"item\":\"https:\\\/\\\/www.granapadano.it\\\/de-de\\\/rezepte\\\/\"},{\"@type\":\"ListItem\",\"position\":3,\"name\":\"Con quale mostarda abbinare Grana Padano\",\"item\":\"https:\\\/\\\/www.granapadano.it\\\/de-de\\\/vorschlage-zum-servieren\\\/con-quale-mostarda-abbinare-grana-padano\\\/\"},{\"@type\":\"ListItem\",\"position\":4,\"name\":\"Come abbinare Grana Padano 9-16 mesi e la mostarda\"}]},{\"@type\":\"WebSite\",\"@id\":\"https:\\\/\\\/www.granapadano.it\\\/de-de\\\/#website\",\"url\":\"https:\\\/\\\/www.granapadano.it\\\/de-de\\\/\",\"name\":\"Grana Padano\",\"description\":\"\",\"potentialAction\":[{\"@type\":\"SearchAction\",\"target\":{\"@type\":\"EntryPoint\",\"urlTemplate\":\"https:\\\/\\\/www.granapadano.it\\\/de-de\\\/?s={search_term_string}\"},\"query-input\":{\"@type\":\"PropertyValueSpecification\",\"valueRequired\":true,\"valueName\":\"search_term_string\"}}],\"inLanguage\":\"de-de\"}]}<\/script>\n<!-- \/ Yoast SEO plugin. -->","yoast_head_json":{"title":"Come abbinare Grana Padano 9-16 mesi e la mostarda - Grana Padano","robots":{"index":"index","follow":"follow","max-snippet":"max-snippet:-1","max-image-preview":"max-image-preview:large","max-video-preview":"max-video-preview:-1"},"canonical":"https:\/\/www.granapadano.it\/de-de\/vorschlage-zum-servieren\/con-quale-mostarda-abbinare-grana-padano\/come-abbinare-grana-padano-9-16-mesi-e-la-mostarda\/","og_locale":"de_DE","og_type":"article","og_title":"Come abbinare Grana Padano 9-16 mesi e la mostarda - Grana Padano","og_description":"Grana Padano DOP 9-16 MonateMostardaGrana Padano DOP 9-16 Monate und Mantovana mit Abate Birnen und anderen Sorten Die Mostarda mit Birnen ist der klassischste aller Mostarde Mantovane; die Senfspezialit\u00e4t wird heute in einigen wenigen Betrieben hergestellt, die die alten Rezepte eifers\u00fcchtig bewahren. Angebaut werden die Birnen Abate Fetel, Conference, Decana del Comizio, Kaiser, Max Red [&hellip;]","og_url":"https:\/\/www.granapadano.it\/de-de\/vorschlage-zum-servieren\/con-quale-mostarda-abbinare-grana-padano\/come-abbinare-grana-padano-9-16-mesi-e-la-mostarda\/","og_site_name":"Grana Padano","article_modified_time":"2024-05-08T14:17:09+00:00","twitter_card":"summary_large_image","twitter_misc":{"Est. reading time":"4 minutes"},"schema":{"@context":"https:\/\/schema.org","@graph":[{"@type":"WebPage","@id":"https:\/\/www.granapadano.it\/de-de\/vorschlage-zum-servieren\/con-quale-mostarda-abbinare-grana-padano\/come-abbinare-grana-padano-9-16-mesi-e-la-mostarda\/","url":"https:\/\/www.granapadano.it\/de-de\/vorschlage-zum-servieren\/con-quale-mostarda-abbinare-grana-padano\/come-abbinare-grana-padano-9-16-mesi-e-la-mostarda\/","name":"Come abbinare Grana Padano 9-16 mesi e la mostarda - Grana Padano","isPartOf":{"@id":"https:\/\/www.granapadano.it\/de-de\/#website"},"datePublished":"2024-04-16T16:13:24+00:00","dateModified":"2024-05-08T14:17:09+00:00","breadcrumb":{"@id":"https:\/\/www.granapadano.it\/de-de\/vorschlage-zum-servieren\/con-quale-mostarda-abbinare-grana-padano\/come-abbinare-grana-padano-9-16-mesi-e-la-mostarda\/#breadcrumb"},"inLanguage":"de-de","potentialAction":[{"@type":"ReadAction","target":["https:\/\/www.granapadano.it\/de-de\/vorschlage-zum-servieren\/con-quale-mostarda-abbinare-grana-padano\/come-abbinare-grana-padano-9-16-mesi-e-la-mostarda\/"]}]},{"@type":"BreadcrumbList","@id":"https:\/\/www.granapadano.it\/de-de\/vorschlage-zum-servieren\/con-quale-mostarda-abbinare-grana-padano\/come-abbinare-grana-padano-9-16-mesi-e-la-mostarda\/#breadcrumb","itemListElement":[{"@type":"ListItem","position":1,"name":"Home","item":"https:\/\/www.granapadano.it\/de-de\/"},{"@type":"ListItem","position":2,"name":"Rezepte","item":"https:\/\/www.granapadano.it\/de-de\/rezepte\/"},{"@type":"ListItem","position":3,"name":"Con quale mostarda abbinare Grana Padano","item":"https:\/\/www.granapadano.it\/de-de\/vorschlage-zum-servieren\/con-quale-mostarda-abbinare-grana-padano\/"},{"@type":"ListItem","position":4,"name":"Come abbinare Grana Padano 9-16 mesi e la mostarda"}]},{"@type":"WebSite","@id":"https:\/\/www.granapadano.it\/de-de\/#website","url":"https:\/\/www.granapadano.it\/de-de\/","name":"Grana Padano","description":"","potentialAction":[{"@type":"SearchAction","target":{"@type":"EntryPoint","urlTemplate":"https:\/\/www.granapadano.it\/de-de\/?s={search_term_string}"},"query-input":{"@type":"PropertyValueSpecification","valueRequired":true,"valueName":"search_term_string"}}],"inLanguage":"de-de"}]}},"_links":{"self":[{"href":"https:\/\/www.granapadano.it\/de-de\/wp-json\/wp\/v2\/pages\/119076","targetHints":{"allow":["GET"]}}],"collection":[{"href":"https:\/\/www.granapadano.it\/de-de\/wp-json\/wp\/v2\/pages"}],"about":[{"href":"https:\/\/www.granapadano.it\/de-de\/wp-json\/wp\/v2\/types\/page"}],"author":[{"embeddable":true,"href":"https:\/\/www.granapadano.it\/de-de\/wp-json\/wp\/v2\/users\/21"}],"replies":[{"embeddable":true,"href":"https:\/\/www.granapadano.it\/de-de\/wp-json\/wp\/v2\/comments?post=119076"}],"version-history":[{"count":2,"href":"https:\/\/www.granapadano.it\/de-de\/wp-json\/wp\/v2\/pages\/119076\/revisions"}],"predecessor-version":[{"id":119755,"href":"https:\/\/www.granapadano.it\/de-de\/wp-json\/wp\/v2\/pages\/119076\/revisions\/119755"}],"up":[{"embeddable":true,"href":"https:\/\/www.granapadano.it\/de-de\/wp-json\/wp\/v2\/pages\/119057"}],"wp:attachment":[{"href":"https:\/\/www.granapadano.it\/de-de\/wp-json\/wp\/v2\/media?parent=119076"}],"curies":[{"name":"wp","href":"https:\/\/api.w.org\/{rel}","templated":true}]}}