{"id":108478,"date":"2022-12-28T10:38:47","date_gmt":"2022-12-28T10:38:47","guid":{"rendered":"https:\/\/www.granapadano.it\/informationen-und-veranstaltungen\/notizie-sala-stampa\/"},"modified":"2026-04-10T08:11:01","modified_gmt":"2026-04-10T08:11:01","slug":"i-nostri-comunicati-stampa","status":"publish","type":"page","link":"https:\/\/www.granapadano.it\/de-de\/die-welt-von-grana-padano\/unsere-pressemitteilungen\/","title":{"rendered":"Unsere Pressemitteilungen"},"content":{"rendered":"<p>[et_pb_section fb_built=&#8221;1&#8243; fullwidth=&#8221;on&#8221; _builder_version=&#8221;4.19.0&#8243; _module_preset=&#8221;default&#8221; locked=&#8221;off&#8221; collapsed=&#8221;off&#8221; global_colors_info=&#8221;{}&#8221;][et_pb_fullwidth_image src=&#8221;https:\/\/www.granapadano.it\/wp-content\/uploads\/2023\/03\/Visore-Eventi-h-1.jpg&#8221; title_text=&#8221;Visore-Eventi-m&#8221; src_tablet=&#8221;https:\/\/www.granapadano.it\/wp-content\/uploads\/2023\/03\/Visore-Eventi-h-1.jpg&#8221; src_phone=&#8221;https:\/\/www.granapadano.it\/wp-content\/uploads\/2023\/03\/Visore-Eventi-m-1.jpg&#8221; src_last_edited=&#8221;on|phone&#8221; _builder_version=&#8221;4.27.6&#8243; _module_preset=&#8221;default&#8221; global_colors_info=&#8221;{}&#8221;][\/et_pb_fullwidth_image][\/et_pb_section][et_pb_section fb_built=&#8221;1&#8243; module_class=&#8221;single_recipe_content&#8221; _builder_version=&#8221;4.19.2&#8243; _module_preset=&#8221;default&#8221; custom_padding=&#8221;||||false|false&#8221; global_colors_info=&#8221;{}&#8221;][et_pb_row _builder_version=&#8221;4.19.2&#8243; _module_preset=&#8221;default&#8221; max_width=&#8221;90%&#8221; custom_padding=&#8221;0px||0px||false|false&#8221; global_colors_info=&#8221;{}&#8221;][et_pb_column type=&#8221;4_4&#8243; _builder_version=&#8221;4.19.2&#8243; _module_preset=&#8221;default&#8221; global_colors_info=&#8221;{}&#8221;][et_pb_code disabled_on=&#8221;off|off|off&#8221; _builder_version=&#8221;4.19.2&#8243; _module_preset=&#8221;default&#8221; global_colors_info=&#8221;{}&#8221;]<div class=\"breadcrumb\"><a href=\"https:\/\/www.granapadano.it\/de-de\/\">Home<\/a>  <  <\/div>[\/et_pb_code][\/et_pb_column][\/et_pb_row][\/et_pb_section][et_pb_section fb_built=&#8221;1&#8243; _builder_version=&#8221;4.19.4&#8243; _module_preset=&#8221;default&#8221; custom_padding=&#8221;0px||0px|||&#8221; locked=&#8221;off&#8221; global_colors_info=&#8221;{}&#8221;][et_pb_row module_class=&#8221;gp_curiosita_ed_eventi_title&#8221; _builder_version=&#8221;4.19.5&#8243; _module_preset=&#8221;default&#8221; custom_padding=&#8221;||0px|||&#8221; global_colors_info=&#8221;{}&#8221;][et_pb_column type=&#8221;4_4&#8243; _builder_version=&#8221;4.19.4&#8243; _module_preset=&#8221;default&#8221; global_colors_info=&#8221;{}&#8221;][et_pb_text _builder_version=&#8221;4.27.6&#8243; _module_preset=&#8221;default&#8221; text_font=&#8221;Merriweather|700|||||||&#8221; text_text_color=&#8221;#0f0f0f&#8221; text_font_size=&#8221;56px&#8221; text_line_height=&#8221;62px&#8221; text_orientation=&#8221;center&#8221; width=&#8221;90%&#8221; custom_margin=&#8221;-12px||7px|||&#8221; global_colors_info=&#8221;{}&#8221;]<\/p>\n<p style=\"text-align: center;\">\n<h1 style=\"text-align: center; font-size: 38px;\">Unsere Pressemitteilungen<\/h1>\n<p>&nbsp;<\/p>\n<p>[\/et_pb_text][\/et_pb_column][\/et_pb_row][\/et_pb_section][et_pb_section fb_built=&#8221;1&#8243; module_class=&#8221;categories_main_wrap&#8221; _builder_version=&#8221;4.19.2&#8243; _module_preset=&#8221;default&#8221; global_colors_info=&#8221;{}&#8221;][et_pb_row module_class=&#8221;recipe_category_page&#8221; _builder_version=&#8221;4.19.2&#8243; _module_preset=&#8221;default&#8221; max_width=&#8221;90%&#8221; min_height=&#8221;813.4px&#8221; global_colors_info=&#8221;{}&#8221;][et_pb_column type=&#8221;4_4&#8243; _builder_version=&#8221;4.19.2&#8243; _module_preset=&#8221;default&#8221; global_colors_info=&#8221;{}&#8221;][et_pb_text disabled_on=&#8221;on|on|on&#8221; _builder_version=&#8221;4.19.5&#8243; _dynamic_attributes=&#8221;content&#8221; _module_preset=&#8221;default&#8221; text_text_color=&#8221;gcid-8696fd7e-29dd-4028-9d4d-981b208a53a9&#8243; text_font_size=&#8221;44px&#8221; text_line_height=&#8221;52px&#8221; header_text_color=&#8221;#000000&#8243; header_2_font=&#8221;Merriweather|700|||||||&#8221; header_2_text_align=&#8221;center&#8221; header_2_text_color=&#8221;#000000&#8243; header_2_font_size=&#8221;80px&#8221; text_orientation=&#8221;center&#8221; custom_margin=&#8221;-11px|||||&#8221; custom_padding=&#8221;0px|||||&#8221; disabled=&#8221;on&#8221; global_colors_info=&#8221;{%22gcid-8696fd7e-29dd-4028-9d4d-981b208a53a9%22:%91%22text_text_color%22%93}&#8221;]@ET-DC@eyJkeW5hbWljIjp0cnVlLCJjb250ZW50IjoicG9zdF90aXRsZSIsInNldHRpbmdzIjp7ImJlZm9yZSI6IiIsImFmdGVyIjoiIn19@[\/et_pb_text][et_pb_text _builder_version=&#8221;4.19.2&#8243; _dynamic_attributes=&#8221;content&#8221; _module_preset=&#8221;default&#8221; global_colors_info=&#8221;{}&#8221;]@ET-DC@eyJkeW5hbWljIjp0cnVlLCJjb250ZW50IjoidGVybV9kZXNjcmlwdGlvbiIsInNldHRpbmdzIjp7ImJlZm9yZSI6IiIsImFmdGVyIjoiIn19@[\/et_pb_text][et_pb_code _builder_version=&#8221;4.27.6&#8243; _module_preset=&#8221;default&#8221; global_colors_info=&#8221;{}&#8221;]<!--<HR><PRE>WP_Term Object\n(\n    [term_id] => 3386\n    [name] => Unsere Pressemitteilungen\n    [slug] => unsere-pressemitteilungen\n    [term_group] => 0\n    [term_taxonomy_id] => 3386\n    [taxonomy] => article_cat\n    [description] => \n    [parent] => 0\n    [count] => 0\n    [filter] => raw\n    [term_order] => 23\n)\n<\/PRE><HR>--><div class=\"gp_pagination_area top_pagination_area \"><div class=\"gp_pagination top_pagination article_pagination\"><div class=\"gp_year_filter top\"><\/div><div class=\"gp_all_recipe_area\"><span class=\"all_recipe_link\"><a href=\"https:\/\/www.granapadano.it\/de-de\/die-welt-von-grana-padano\/unsere-pressemitteilungen\/\">Alle anzeigen<\/a><\/span><\/div><\/div><\/div><div><h3>Kein Artikel gefunden<\/h3><\/div><div class=\"gp_pagination_area\"><div class=\"gp_pagination article_pagination\"><div class=\"gp_year_filter bottom\"><\/div><div class=\"gp_all_recipe_area\"><span class=\"all_recipe_link\"><a href=\"https:\/\/www.granapadano.it\/de-de\/die-welt-von-grana-padano\/unsere-pressemitteilungen\/\">Alle anzeigen<\/a><\/span><\/div><\/div><\/div>[\/et_pb_code][\/et_pb_column][\/et_pb_row][\/et_pb_section][et_pb_section fb_built=&#8221;1&#8243; _builder_version=&#8221;4.27.6&#8243; _module_preset=&#8221;default&#8221; locked=&#8221;off&#8221; global_colors_info=&#8221;{}&#8221;][et_pb_row use_custom_gutter=&#8221;on&#8221; gutter_width=&#8221;3&#8243; _builder_version=&#8221;4.27.6&#8243; _module_preset=&#8221;default&#8221; custom_padding=&#8221;0px||||false|false&#8221; global_colors_info=&#8221;{}&#8221;][et_pb_column type=&#8221;4_4&#8243; _builder_version=&#8221;4.27.6&#8243; _module_preset=&#8221;default&#8221; global_colors_info=&#8221;{}&#8221;][et_pb_accordion open_toggle_text_color=&#8221;#44392b&#8221; closed_toggle_background_color=&#8221;RGBA(255,255,255,0)&#8221; toggle_icon=&#8221;&#x33;||divi||400&#8243; icon_color=&#8221;gcid-46a7fd9b-e7e5-4c0a-b621-f5f3bcee3ed6&#8243; use_icon_font_size=&#8221;on&#8221; icon_font_size=&#8221;24px&#8221; module_class=&#8221;gp-new-faqs&#8221; _builder_version=&#8221;4.27.6&#8243; _module_preset=&#8221;default&#8221; toggle_text_color=&#8221;#876346&#8243; toggle_level=&#8221;h4&#8243; toggle_font=&#8221;&#8211;et_global_heading_font||||||||&#8221; body_font=&#8221;&#8211;et_global_heading_font||||||||&#8221; body_text_color=&#8221;#201d19&#8243; text_orientation=&#8221;left&#8221; border_width_top=&#8221;0px&#8221; border_color_right=&#8221;RGBA(255,255,255,0)&#8221; border_color_bottom=&#8221;gcid-46a7fd9b-e7e5-4c0a-b621-f5f3bcee3ed6&#8243; border_width_left=&#8221;0px&#8221; global_colors_info=&#8221;{%22gcid-46a7fd9b-e7e5-4c0a-b621-f5f3bcee3ed6%22:%91%22border_color_bottom%22,%22icon_color%22%93}&#8221; custom_padding__hover_enabled=&#8221;off|desktop&#8221; closed_toggle_background_color__hover_enabled=&#8221;on|hover&#8221; closed_toggle_background_color__hover=&#8221;RGBA(255,255,255,0)&#8221; toggle_icon__hover_enabled=&#8221;off|desktop&#8221; toggle_icon__hover=&#8221;2||divi||400&#8243;][et_pb_accordion_item title=&#8221;Grana Padano \u00e8 il formaggio DOP pi\u00f9 consumato al mondo&#8221; open=&#8221;on&#8221; _builder_version=&#8221;4.27.6&#8243; _module_preset=&#8221;default&#8221; background_color=&#8221;RGBA(255,255,255,0)&#8221; background_enable_color=&#8221;on&#8221; global_colors_info=&#8221;{}&#8221; closed_toggle_font_size=&#8221;14px&#8221;]<\/p>\n<p><strong>Qual \u00e8 il formaggio DOP pi\u00f9 consumato al mondo? Grana Padano!<\/strong><\/p>\n<p>Nomisma, societ\u00e0 di consulenza strategica e aziendale, ha realizzato una ricerca che mira a fornire dati accurati sul consumo stimato dei formaggi a denominazione di origine protetta, al fine di valutare quale dei 201 prodotti registrati nell\u2019Unione Europea \u00e8 il pi\u00f9 consumato.<\/p>\n<p>La ricerca evidenzia come Grana Padano sia il formaggio DOP pi\u00f9 venduto, e quindi consumato, al mondo dal 2020.<\/p>\n<p><span class=\"faq-btn-wrap\"><a class=\"faq-in-btn\" href=\"https:\/\/granapadano.kleecks-cdn.com\/wp-content\/uploads\/2025\/01\/Nomisma-REPORT-GP-NEL-MONDO-2024.pdf\">Report 2024<\/a><\/span><\/p>\n<p>[\/et_pb_accordion_item][\/et_pb_accordion][\/et_pb_column][\/et_pb_row][\/et_pb_section][et_pb_section fb_built=&#8221;1&#8243; module_class=&#8221;abbinarlo_banner_section&#8221; _builder_version=&#8221;4.20.0&#8243; _module_preset=&#8221;default&#8221; background_image=&#8221;https:\/\/www.granapadano.it\/wp-content\/uploads\/2023\/02\/Il-disciplinare-2.jpg&#8221; custom_padding=&#8221;50px||50px||false|false&#8221; locked=&#8221;off&#8221; global_colors_info=&#8221;{}&#8221;][et_pb_row module_class=&#8221;gp_hero_section&#8221; _builder_version=&#8221;4.19.5&#8243; _module_preset=&#8221;default&#8221; custom_margin=&#8221;|auto||auto|false|false&#8221; custom_padding=&#8221;5px||10px||false|false&#8221; global_colors_info=&#8221;{}&#8221;][et_pb_column type=&#8221;4_4&#8243; _builder_version=&#8221;4.19.1&#8243; _module_preset=&#8221;default&#8221; custom_padding=&#8221;||||false|false&#8221; global_colors_info=&#8221;{}&#8221;][et_pb_text _builder_version=&#8221;4.20.0&#8243; _module_preset=&#8221;default&#8221; text_font=&#8221;Merriweather|700|||||||&#8221; text_text_color=&#8221;#ffffff&#8221; header_font=&#8221;Merriweather|700|||||||&#8221; header_text_align=&#8221;center&#8221; header_text_color=&#8221;#FFFFFF&#8221; header_font_size=&#8221;44px&#8221; header_line_height=&#8221;52px&#8221; header_2_font=&#8221;Merriweather||||||||&#8221; header_2_font_size=&#8221;56px&#8221; header_2_line_height=&#8221;62em&#8221; custom_margin=&#8221;5px|||||&#8221; custom_padding=&#8221;||22px||false|false&#8221; global_colors_info=&#8221;{}&#8221;]<\/p>\n<h1>Cartella stampa<\/h1>\n<p>[\/et_pb_text][et_pb_button button_url=&#8221;https:\/\/www.granapadano.it\/il-mondo-di-grana-padano\/i-nostri-comunicati-stampa\/cartella-stampa&#8221; url_new_window=&#8221;on&#8221; button_text=&#8221;Marzo 2026&#8243; button_alignment=&#8221;center&#8221; module_class=&#8221;common_button&#8221; _builder_version=&#8221;4.27.6&#8243; _module_preset=&#8221;default&#8221; custom_button=&#8221;on&#8221; button_text_size=&#8221;22px&#8221; button_text_color=&#8221;#ffffff&#8221; button_border_color=&#8221;#ffdc00&#8243; button_border_radius=&#8221;40px&#8221; button_font=&#8221;Merriweather|700||on|||||&#8221; button_icon=&#8221;&#x35;||divi||400&#8243; button_icon_color=&#8221;#ffffff&#8221; button_on_hover=&#8221;off&#8221; global_colors_info=&#8221;{}&#8221;][\/et_pb_button][\/et_pb_column][\/et_pb_row][\/et_pb_section]<\/p>\n","protected":false},"excerpt":{"rendered":"<p><div class=\"breadcrumb\"><a href=\"https:\/\/www.granapadano.it\/de-de\/\">Home<\/a>  <  <\/div> Unsere Pressemitteilungen &nbsp;<!--<HR><PRE>WP_Term Object\n(\n    [term_id] => 3386\n    [name] => Unsere Pressemitteilungen\n    [slug] => unsere-pressemitteilungen\n    [term_group] => 0\n    [term_taxonomy_id] => 3386\n    [taxonomy] => article_cat\n    [description] => \n    [parent] => 0\n    [count] => 0\n    [filter] => raw\n    [term_order] => 23\n)\n<\/PRE><HR>--><div class=\"gp_pagination_area top_pagination_area \"><div class=\"gp_pagination top_pagination article_pagination\"><div class=\"gp_year_filter top\"><\/div><div class=\"gp_all_recipe_area\"><span class=\"all_recipe_link\"><a href=\"https:\/\/www.granapadano.it\/de-de\/die-welt-von-grana-padano\/unsere-pressemitteilungen\/\">Alle anzeigen<\/a><\/span><\/div><\/div><\/div><div><h3>Kein Artikel gefunden<\/h3><\/div><div class=\"gp_pagination_area\"><div class=\"gp_pagination article_pagination\"><div class=\"gp_year_filter bottom\"><\/div><div class=\"gp_all_recipe_area\"><span class=\"all_recipe_link\"><a href=\"https:\/\/www.granapadano.it\/de-de\/die-welt-von-grana-padano\/unsere-pressemitteilungen\/\">Alle anzeigen<\/a><\/span><\/div><\/div><\/div>Qual \u00e8 il formaggio DOP pi\u00f9 consumato al mondo? Grana Padano! Nomisma, societ\u00e0 di consulenza strategica e aziendale, ha realizzato una ricerca che mira a fornire dati accurati sul consumo stimato dei formaggi a denominazione di origine protetta, al fine di valutare quale dei 201 prodotti registrati nell\u2019Unione Europea \u00e8 il [&hellip;]<\/p>\n","protected":false},"author":2,"featured_media":0,"parent":147950,"menu_order":756,"comment_status":"closed","ping_status":"closed","template":"","meta":{"_acf_changed":false,"_et_pb_use_builder":"on","_et_pb_old_content":"[et_pb_section fb_built=\"1\" module_class=\"single_recipe_content\" _builder_version=\"4.19.2\" _module_preset=\"default\" custom_padding=\"||||false|false\" global_colors_info=\"{}\" theme_builder_area=\"post_content\"][et_pb_row _builder_version=\"4.19.2\" _module_preset=\"default\" width=\"90%\" max_width=\"90%\" custom_padding=\"0px||0px||false|false\" global_colors_info=\"{}\" theme_builder_area=\"post_content\"][et_pb_column type=\"4_4\" _builder_version=\"4.19.2\" _module_preset=\"default\" global_colors_info=\"{}\" theme_builder_area=\"post_content\"][et_pb_code _builder_version=\"4.19.2\" _module_preset=\"default\" global_colors_info=\"{}\" theme_builder_area=\"post_content\"][custom_breadcrumbs][\/et_pb_code][\/et_pb_column][\/et_pb_row][\/et_pb_section][et_pb_section fb_built=\"1\" module_class=\"categories_main_wrap\" _builder_version=\"4.19.2\" _module_preset=\"default\" global_colors_info=\"{}\" theme_builder_area=\"post_content\"][et_pb_row module_class=\"recipe_category_page\" _builder_version=\"4.19.2\" _module_preset=\"default\" width=\"90%\" max_width=\"90%\" min_height=\"813.4px\" global_colors_info=\"{}\" theme_builder_area=\"post_content\"][et_pb_column type=\"4_4\" _builder_version=\"4.19.2\" _module_preset=\"default\" global_colors_info=\"{}\" theme_builder_area=\"post_content\"][et_pb_text _builder_version=\"4.19.2\" _dynamic_attributes=\"content\" _module_preset=\"default\" text_font=\"Merriweather||||||||\" text_text_color=\"gcid-8696fd7e-29dd-4028-9d4d-981b208a53a9\" text_font_size=\"80px\" text_line_height=\"74px\" header_text_color=\"#000000\" header_2_font=\"Merriweather|700|||||||\" header_2_text_align=\"center\" header_2_text_color=\"#000000\" header_2_font_size=\"80px\" text_orientation=\"center\" custom_margin=\"-11px|||||\" custom_padding=\"0px|||||\" global_colors_info=\"{%22gcid-8696fd7e-29dd-4028-9d4d-981b208a53a9%22:%91%22text_text_color%22%93}\" theme_builder_area=\"post_content\"]@ET-DC@eyJkeW5hbWljIjp0cnVlLCJjb250ZW50IjoicG9zdF90aXRsZSIsInNldHRpbmdzIjp7ImJlZm9yZSI6IiIsImFmdGVyIjoiIn19@[\/et_pb_text][et_pb_text _builder_version=\"4.19.2\" _dynamic_attributes=\"content\" _module_preset=\"default\" global_colors_info=\"{}\" theme_builder_area=\"post_content\"]@ET-DC@eyJkeW5hbWljIjp0cnVlLCJjb250ZW50IjoidGVybV9kZXNjcmlwdGlvbiIsInNldHRpbmdzIjp7ImJlZm9yZSI6IiIsImFmdGVyIjoiIn19@[\/et_pb_text][et_pb_code _builder_version=\"4.19.4\" _module_preset=\"default\" hover_enabled=\"0\" global_colors_info=\"{}\" theme_builder_area=\"post_content\" sticky_enabled=\"0\"][gp_display_articles cat=\"ambasciatore-del-gusto\"][\/et_pb_code][\/et_pb_column][\/et_pb_row][\/et_pb_section]","_et_gb_content_width":"","footnotes":""},"class_list":["post-108478","page","type-page","status-publish","hentry"],"acf":[],"yoast_head":"<!-- This site is optimized with the Yoast SEO plugin v27.3 - https:\/\/yoast.com\/product\/yoast-seo-wordpress\/ -->\n<title>Unsere Pressemitteilungen - Grana Padano<\/title>\n<meta name=\"robots\" content=\"index, follow, max-snippet:-1, max-image-preview:large, max-video-preview:-1\" \/>\n<link rel=\"canonical\" href=\"https:\/\/www.granapadano.it\/de-de\/die-welt-von-grana-padano\/unsere-pressemitteilungen\/\" \/>\n<meta property=\"og:locale\" content=\"de_DE\" \/>\n<meta property=\"og:type\" content=\"article\" \/>\n<meta property=\"og:title\" content=\"Unsere Pressemitteilungen - Grana Padano\" \/>\n<meta property=\"og:description\" content=\"Unsere Pressemitteilungen &nbsp;Qual \u00e8 il formaggio DOP pi\u00f9 consumato al mondo? Grana Padano! Nomisma, societ\u00e0 di consulenza strategica e aziendale, ha realizzato una ricerca che mira a fornire dati accurati sul consumo stimato dei formaggi a denominazione di origine protetta, al fine di valutare quale dei 201 prodotti registrati nell\u2019Unione Europea \u00e8 il [&hellip;]\" \/>\n<meta property=\"og:url\" content=\"https:\/\/www.granapadano.it\/de-de\/die-welt-von-grana-padano\/unsere-pressemitteilungen\/\" \/>\n<meta property=\"og:site_name\" content=\"Grana Padano\" \/>\n<meta property=\"article:modified_time\" content=\"2026-04-10T08:11:01+00:00\" \/>\n<meta name=\"twitter:card\" content=\"summary_large_image\" \/>\n<meta name=\"twitter:label1\" content=\"Est. reading time\" \/>\n\t<meta name=\"twitter:data1\" content=\"1 minute\" \/>\n<script type=\"application\/ld+json\" class=\"yoast-schema-graph\">{\"@context\":\"https:\\\/\\\/schema.org\",\"@graph\":[{\"@type\":\"WebPage\",\"@id\":\"https:\\\/\\\/www.granapadano.it\\\/de-de\\\/die-welt-von-grana-padano\\\/unsere-pressemitteilungen\\\/\",\"url\":\"https:\\\/\\\/www.granapadano.it\\\/de-de\\\/die-welt-von-grana-padano\\\/unsere-pressemitteilungen\\\/\",\"name\":\"Unsere Pressemitteilungen - Grana Padano\",\"isPartOf\":{\"@id\":\"https:\\\/\\\/www.granapadano.it\\\/de-de\\\/#website\"},\"datePublished\":\"2022-12-28T10:38:47+00:00\",\"dateModified\":\"2026-04-10T08:11:01+00:00\",\"breadcrumb\":{\"@id\":\"https:\\\/\\\/www.granapadano.it\\\/de-de\\\/die-welt-von-grana-padano\\\/unsere-pressemitteilungen\\\/#breadcrumb\"},\"inLanguage\":\"de-de\",\"potentialAction\":[{\"@type\":\"ReadAction\",\"target\":[\"https:\\\/\\\/www.granapadano.it\\\/de-de\\\/die-welt-von-grana-padano\\\/unsere-pressemitteilungen\\\/\"]}]},{\"@type\":\"BreadcrumbList\",\"@id\":\"https:\\\/\\\/www.granapadano.it\\\/de-de\\\/die-welt-von-grana-padano\\\/unsere-pressemitteilungen\\\/#breadcrumb\",\"itemListElement\":[{\"@type\":\"ListItem\",\"position\":1,\"name\":\"Home\",\"item\":\"https:\\\/\\\/www.granapadano.it\\\/de-de\\\/\"},{\"@type\":\"ListItem\",\"position\":2,\"name\":\"Die Welt von Grana Padano\",\"item\":\"https:\\\/\\\/www.granapadano.it\\\/de-de\\\/ricette-copy-4\\\/\"},{\"@type\":\"ListItem\",\"position\":3,\"name\":\"Unsere Pressemitteilungen\"}]},{\"@type\":\"WebSite\",\"@id\":\"https:\\\/\\\/www.granapadano.it\\\/de-de\\\/#website\",\"url\":\"https:\\\/\\\/www.granapadano.it\\\/de-de\\\/\",\"name\":\"Grana Padano\",\"description\":\"\",\"potentialAction\":[{\"@type\":\"SearchAction\",\"target\":{\"@type\":\"EntryPoint\",\"urlTemplate\":\"https:\\\/\\\/www.granapadano.it\\\/de-de\\\/?s={search_term_string}\"},\"query-input\":{\"@type\":\"PropertyValueSpecification\",\"valueRequired\":true,\"valueName\":\"search_term_string\"}}],\"inLanguage\":\"de-de\"}]}<\/script>\n<!-- \/ Yoast SEO plugin. -->","yoast_head_json":{"title":"Unsere Pressemitteilungen - Grana Padano","robots":{"index":"index","follow":"follow","max-snippet":"max-snippet:-1","max-image-preview":"max-image-preview:large","max-video-preview":"max-video-preview:-1"},"canonical":"https:\/\/www.granapadano.it\/de-de\/die-welt-von-grana-padano\/unsere-pressemitteilungen\/","og_locale":"de_DE","og_type":"article","og_title":"Unsere Pressemitteilungen - Grana Padano","og_description":"Unsere Pressemitteilungen &nbsp;Qual \u00e8 il formaggio DOP pi\u00f9 consumato al mondo? Grana Padano! Nomisma, societ\u00e0 di consulenza strategica e aziendale, ha realizzato una ricerca che mira a fornire dati accurati sul consumo stimato dei formaggi a denominazione di origine protetta, al fine di valutare quale dei 201 prodotti registrati nell\u2019Unione Europea \u00e8 il [&hellip;]","og_url":"https:\/\/www.granapadano.it\/de-de\/die-welt-von-grana-padano\/unsere-pressemitteilungen\/","og_site_name":"Grana Padano","article_modified_time":"2026-04-10T08:11:01+00:00","twitter_card":"summary_large_image","twitter_misc":{"Est. reading time":"1 minute"},"schema":{"@context":"https:\/\/schema.org","@graph":[{"@type":"WebPage","@id":"https:\/\/www.granapadano.it\/de-de\/die-welt-von-grana-padano\/unsere-pressemitteilungen\/","url":"https:\/\/www.granapadano.it\/de-de\/die-welt-von-grana-padano\/unsere-pressemitteilungen\/","name":"Unsere Pressemitteilungen - Grana Padano","isPartOf":{"@id":"https:\/\/www.granapadano.it\/de-de\/#website"},"datePublished":"2022-12-28T10:38:47+00:00","dateModified":"2026-04-10T08:11:01+00:00","breadcrumb":{"@id":"https:\/\/www.granapadano.it\/de-de\/die-welt-von-grana-padano\/unsere-pressemitteilungen\/#breadcrumb"},"inLanguage":"de-de","potentialAction":[{"@type":"ReadAction","target":["https:\/\/www.granapadano.it\/de-de\/die-welt-von-grana-padano\/unsere-pressemitteilungen\/"]}]},{"@type":"BreadcrumbList","@id":"https:\/\/www.granapadano.it\/de-de\/die-welt-von-grana-padano\/unsere-pressemitteilungen\/#breadcrumb","itemListElement":[{"@type":"ListItem","position":1,"name":"Home","item":"https:\/\/www.granapadano.it\/de-de\/"},{"@type":"ListItem","position":2,"name":"Die Welt von Grana Padano","item":"https:\/\/www.granapadano.it\/de-de\/ricette-copy-4\/"},{"@type":"ListItem","position":3,"name":"Unsere Pressemitteilungen"}]},{"@type":"WebSite","@id":"https:\/\/www.granapadano.it\/de-de\/#website","url":"https:\/\/www.granapadano.it\/de-de\/","name":"Grana Padano","description":"","potentialAction":[{"@type":"SearchAction","target":{"@type":"EntryPoint","urlTemplate":"https:\/\/www.granapadano.it\/de-de\/?s={search_term_string}"},"query-input":{"@type":"PropertyValueSpecification","valueRequired":true,"valueName":"search_term_string"}}],"inLanguage":"de-de"}]}},"_links":{"self":[{"href":"https:\/\/www.granapadano.it\/de-de\/wp-json\/wp\/v2\/pages\/108478","targetHints":{"allow":["GET"]}}],"collection":[{"href":"https:\/\/www.granapadano.it\/de-de\/wp-json\/wp\/v2\/pages"}],"about":[{"href":"https:\/\/www.granapadano.it\/de-de\/wp-json\/wp\/v2\/types\/page"}],"author":[{"embeddable":true,"href":"https:\/\/www.granapadano.it\/de-de\/wp-json\/wp\/v2\/users\/2"}],"replies":[{"embeddable":true,"href":"https:\/\/www.granapadano.it\/de-de\/wp-json\/wp\/v2\/comments?post=108478"}],"version-history":[{"count":99,"href":"https:\/\/www.granapadano.it\/de-de\/wp-json\/wp\/v2\/pages\/108478\/revisions"}],"predecessor-version":[{"id":155276,"href":"https:\/\/www.granapadano.it\/de-de\/wp-json\/wp\/v2\/pages\/108478\/revisions\/155276"}],"up":[{"embeddable":true,"href":"https:\/\/www.granapadano.it\/de-de\/wp-json\/wp\/v2\/pages\/147950"}],"wp:attachment":[{"href":"https:\/\/www.granapadano.it\/de-de\/wp-json\/wp\/v2\/media?parent=108478"}],"curies":[{"name":"wp","href":"https:\/\/api.w.org\/{rel}","templated":true}]}}